{"id":19154,"date":"2019-03-20T11:58:51","date_gmt":"2019-03-20T11:58:51","guid":{"rendered":"https:\/\/www.istegroup.com\/?post_type=product&#038;p=19154"},"modified":"2024-01-03T13:43:06","modified_gmt":"2024-01-03T13:43:06","slug":"logistique-hospitaliere-et-e-gouvernance","status":"publish","type":"product","link":"https:\/\/www.istegroup.com\/fr\/produit\/logistique-hospitaliere-et-e-gouvernance\/","title":{"rendered":"Logistique hospitali\u00e8re et e-gouvernance"},"content":{"rendered":"<p>\u00c0 l\u2019heure o\u00f9 les nouvelles technologies de l\u2019information et de la communication (NTIC) bouleversent nos pratiques et influencent notre quotidien, il est n\u00e9cessaire d\u2019\u00e9tudier leur impact dans le domaine hospitalier et de s\u2019interroger sur leur usage futur.<\/p>\n<p><em>Logistique hospitali\u00e8re et e-gouvernance<\/em>\u00a0pr\u00e9sente un \u00e9tat des lieux du syst\u00e8me d\u2019information de sant\u00e9 et traite des enjeux informationnels et logistiques de l\u2019information m\u00e9dicale.<\/p>\n<p>\u00c0 travers deux cas d\u2019\u00e9tudes de collaboration avec la recherche universitaire, cet ouvrage examine la mani\u00e8re dont des outils d\u2019aide \u00e0 la d\u00e9cision performants am\u00e9liorent la qualit\u00e9 de service aux patients et l\u2019organisation logistique. Le premier traite de l\u2019afflux de patients aux urgences ainsi que de l\u2019organisation des services et le second de l\u2019optimisation des tourn\u00e9es de collecte et de distribution des flux de produits.<\/p>\n","protected":false},"excerpt":{"rendered":"<p>\u00c0 l\u2019heure o\u00f9 les nouvelles technologies de l\u2019information et de la communication (NTIC) bouleversent nos pratiques et influencent notre quotidien, il est n\u00e9cessaire d\u2019\u00e9tudier leur impact dans le domaine hospitalier et de s\u2019interroger sur leur usage futur. Logistique hospitali\u00e8re et e-gouvernance\u00a0pr\u00e9sente un \u00e9tat des lieux du syst\u00e8me d\u2019information de sant\u00e9 et traite des enjeux informationnels [&hellip;]<\/p>\n","protected":false},"featured_media":19168,"template":"","meta":{"_acf_changed":false,"_links_to":"","_links_to_target":""},"product_brand":[],"product_cat":[3262],"product_tag":[],"class_list":{"0":"post-19154","1":"product","2":"type-product","3":"status-publish","4":"has-post-thumbnail","6":"product_cat-non-classe","8":"first","9":"instock","10":"shipping-taxable","11":"purchasable","12":"product-type-variable"},"acf":[],"yoast_head":"<!-- This site is optimized with the Yoast SEO plugin v27.2 - https:\/\/yoast.com\/product\/yoast-seo-wordpress\/ -->\n<title>Logistique hospitali\u00e8re et e-gouvernance - ISTE Group<\/title>\n<meta name=\"description\" content=\"Logistique hospitali\u00e8re et e-gouvernance\u00a0pr\u00e9sente un \u00e9tat des lieux du syst\u00e8me d\u2019information de sant\u00e9 et traite des enjeux informationnels et logistiques de l\u2019information m\u00e9dicale.\" \/>\n<meta name=\"robots\" content=\"index, follow, max-snippet:-1, max-image-preview:large, max-video-preview:-1\" \/>\n<link rel=\"canonical\" href=\"https:\/\/www.istegroup.com\/fr\/produit\/logistique-hospitaliere-et-e-gouvernance\/\" \/>\n<meta property=\"og:locale\" content=\"fr_FR\" \/>\n<meta property=\"og:type\" content=\"article\" \/>\n<meta property=\"og:title\" content=\"Logistique hospitali\u00e8re et e-gouvernance - ISTE Group\" \/>\n<meta property=\"og:description\" content=\"Logistique hospitali\u00e8re et e-gouvernance\u00a0pr\u00e9sente un \u00e9tat des lieux du syst\u00e8me d\u2019information de sant\u00e9 et traite des enjeux informationnels et logistiques de l\u2019information m\u00e9dicale.\" \/>\n<meta property=\"og:url\" content=\"https:\/\/www.istegroup.com\/fr\/produit\/logistique-hospitaliere-et-e-gouvernance\/\" \/>\n<meta property=\"og:site_name\" content=\"ISTE Group\" \/>\n<meta property=\"article:modified_time\" content=\"2024-01-03T13:43:06+00:00\" \/>\n<meta property=\"og:image\" content=\"https:\/\/www.istegroup.com\/wp-content\/uploads\/2019\/03\/Blua_Front.jpg\" \/>\n\t<meta property=\"og:image:width\" content=\"614\" \/>\n\t<meta property=\"og:image:height\" content=\"925\" \/>\n\t<meta property=\"og:image:type\" content=\"image\/jpeg\" \/>\n<meta name=\"twitter:card\" content=\"summary_large_image\" \/>\n<meta name=\"twitter:label1\" content=\"Est. reading time\" \/>\n\t<meta name=\"twitter:data1\" content=\"1 minute\" \/>\n<script type=\"application\/ld+json\" class=\"yoast-schema-graph\">{\"@context\":\"https:\/\/schema.org\",\"@graph\":[{\"@type\":\"WebPage\",\"@id\":\"https:\/\/www.istegroup.com\/fr\/produit\/logistique-hospitaliere-et-e-gouvernance\/\",\"url\":\"https:\/\/www.istegroup.com\/fr\/produit\/logistique-hospitaliere-et-e-gouvernance\/\",\"name\":\"Logistique hospitali\u00e8re et e-gouvernance - ISTE Group\",\"isPartOf\":{\"@id\":\"https:\/\/www.istegroup.com\/#website\"},\"primaryImageOfPage\":{\"@id\":\"https:\/\/www.istegroup.com\/fr\/produit\/logistique-hospitaliere-et-e-gouvernance\/#primaryimage\"},\"image\":{\"@id\":\"https:\/\/www.istegroup.com\/fr\/produit\/logistique-hospitaliere-et-e-gouvernance\/#primaryimage\"},\"thumbnailUrl\":\"https:\/\/www.istegroup.com\/wp-content\/uploads\/2019\/03\/Blua_Front.jpg\",\"datePublished\":\"2019-03-20T11:58:51+00:00\",\"dateModified\":\"2024-01-03T13:43:06+00:00\",\"description\":\"Logistique hospitali\u00e8re et e-gouvernance\u00a0pr\u00e9sente un \u00e9tat des lieux du syst\u00e8me d\u2019information de sant\u00e9 et traite des enjeux informationnels et logistiques de l\u2019information m\u00e9dicale.\",\"breadcrumb\":{\"@id\":\"https:\/\/www.istegroup.com\/fr\/produit\/logistique-hospitaliere-et-e-gouvernance\/#breadcrumb\"},\"inLanguage\":\"fr-FR\",\"potentialAction\":[{\"@type\":\"ReadAction\",\"target\":[\"https:\/\/www.istegroup.com\/fr\/produit\/logistique-hospitaliere-et-e-gouvernance\/\"]}]},{\"@type\":\"ImageObject\",\"inLanguage\":\"fr-FR\",\"@id\":\"https:\/\/www.istegroup.com\/fr\/produit\/logistique-hospitaliere-et-e-gouvernance\/#primaryimage\",\"url\":\"https:\/\/www.istegroup.com\/wp-content\/uploads\/2019\/03\/Blua_Front.jpg\",\"contentUrl\":\"https:\/\/www.istegroup.com\/wp-content\/uploads\/2019\/03\/Blua_Front.jpg\",\"width\":614,\"height\":925,\"caption\":\"Transition et r\u00e9volution num\u00e9rique\"},{\"@type\":\"BreadcrumbList\",\"@id\":\"https:\/\/www.istegroup.com\/fr\/produit\/logistique-hospitaliere-et-e-gouvernance\/#breadcrumb\",\"itemListElement\":[{\"@type\":\"ListItem\",\"position\":1,\"name\":\"Home\",\"item\":\"https:\/\/www.istegroup.com\/\"},{\"@type\":\"ListItem\",\"position\":2,\"name\":\"Shop\",\"item\":\"https:\/\/www.istegroup.com\/fr\/nouveautes\/\"},{\"@type\":\"ListItem\",\"position\":3,\"name\":\"Logistique hospitali\u00e8re et e-gouvernance\"}]},{\"@type\":\"WebSite\",\"@id\":\"https:\/\/www.istegroup.com\/#website\",\"url\":\"https:\/\/www.istegroup.com\/\",\"name\":\"ISTE Group\",\"description\":\"\u00c9diteur des Sciences\",\"potentialAction\":[{\"@type\":\"SearchAction\",\"target\":{\"@type\":\"EntryPoint\",\"urlTemplate\":\"https:\/\/www.istegroup.com\/?s={search_term_string}\"},\"query-input\":{\"@type\":\"PropertyValueSpecification\",\"valueRequired\":true,\"valueName\":\"search_term_string\"}}],\"inLanguage\":\"fr-FR\"}]}<\/script>\n<!-- \/ Yoast SEO plugin. -->","yoast_head_json":{"title":"Logistique hospitali\u00e8re et e-gouvernance - ISTE Group","description":"Logistique hospitali\u00e8re et e-gouvernance\u00a0pr\u00e9sente un \u00e9tat des lieux du syst\u00e8me d\u2019information de sant\u00e9 et traite des enjeux informationnels et logistiques de l\u2019information m\u00e9dicale.","robots":{"index":"index","follow":"follow","max-snippet":"max-snippet:-1","max-image-preview":"max-image-preview:large","max-video-preview":"max-video-preview:-1"},"canonical":"https:\/\/www.istegroup.com\/fr\/produit\/logistique-hospitaliere-et-e-gouvernance\/","og_locale":"fr_FR","og_type":"article","og_title":"Logistique hospitali\u00e8re et e-gouvernance - ISTE Group","og_description":"Logistique hospitali\u00e8re et e-gouvernance\u00a0pr\u00e9sente un \u00e9tat des lieux du syst\u00e8me d\u2019information de sant\u00e9 et traite des enjeux informationnels et logistiques de l\u2019information m\u00e9dicale.","og_url":"https:\/\/www.istegroup.com\/fr\/produit\/logistique-hospitaliere-et-e-gouvernance\/","og_site_name":"ISTE Group","article_modified_time":"2024-01-03T13:43:06+00:00","og_image":[{"width":614,"height":925,"url":"https:\/\/www.istegroup.com\/wp-content\/uploads\/2019\/03\/Blua_Front.jpg","type":"image\/jpeg"}],"twitter_card":"summary_large_image","twitter_misc":{"Est. reading time":"1 minute"},"schema":{"@context":"https:\/\/schema.org","@graph":[{"@type":"WebPage","@id":"https:\/\/www.istegroup.com\/fr\/produit\/logistique-hospitaliere-et-e-gouvernance\/","url":"https:\/\/www.istegroup.com\/fr\/produit\/logistique-hospitaliere-et-e-gouvernance\/","name":"Logistique hospitali\u00e8re et e-gouvernance - ISTE Group","isPartOf":{"@id":"https:\/\/www.istegroup.com\/#website"},"primaryImageOfPage":{"@id":"https:\/\/www.istegroup.com\/fr\/produit\/logistique-hospitaliere-et-e-gouvernance\/#primaryimage"},"image":{"@id":"https:\/\/www.istegroup.com\/fr\/produit\/logistique-hospitaliere-et-e-gouvernance\/#primaryimage"},"thumbnailUrl":"https:\/\/www.istegroup.com\/wp-content\/uploads\/2019\/03\/Blua_Front.jpg","datePublished":"2019-03-20T11:58:51+00:00","dateModified":"2024-01-03T13:43:06+00:00","description":"Logistique hospitali\u00e8re et e-gouvernance\u00a0pr\u00e9sente un \u00e9tat des lieux du syst\u00e8me d\u2019information de sant\u00e9 et traite des enjeux informationnels et logistiques de l\u2019information m\u00e9dicale.","breadcrumb":{"@id":"https:\/\/www.istegroup.com\/fr\/produit\/logistique-hospitaliere-et-e-gouvernance\/#breadcrumb"},"inLanguage":"fr-FR","potentialAction":[{"@type":"ReadAction","target":["https:\/\/www.istegroup.com\/fr\/produit\/logistique-hospitaliere-et-e-gouvernance\/"]}]},{"@type":"ImageObject","inLanguage":"fr-FR","@id":"https:\/\/www.istegroup.com\/fr\/produit\/logistique-hospitaliere-et-e-gouvernance\/#primaryimage","url":"https:\/\/www.istegroup.com\/wp-content\/uploads\/2019\/03\/Blua_Front.jpg","contentUrl":"https:\/\/www.istegroup.com\/wp-content\/uploads\/2019\/03\/Blua_Front.jpg","width":614,"height":925,"caption":"Transition et r\u00e9volution num\u00e9rique"},{"@type":"BreadcrumbList","@id":"https:\/\/www.istegroup.com\/fr\/produit\/logistique-hospitaliere-et-e-gouvernance\/#breadcrumb","itemListElement":[{"@type":"ListItem","position":1,"name":"Home","item":"https:\/\/www.istegroup.com\/"},{"@type":"ListItem","position":2,"name":"Shop","item":"https:\/\/www.istegroup.com\/fr\/nouveautes\/"},{"@type":"ListItem","position":3,"name":"Logistique hospitali\u00e8re et e-gouvernance"}]},{"@type":"WebSite","@id":"https:\/\/www.istegroup.com\/#website","url":"https:\/\/www.istegroup.com\/","name":"ISTE Group","description":"\u00c9diteur des Sciences","potentialAction":[{"@type":"SearchAction","target":{"@type":"EntryPoint","urlTemplate":"https:\/\/www.istegroup.com\/?s={search_term_string}"},"query-input":{"@type":"PropertyValueSpecification","valueRequired":true,"valueName":"search_term_string"}}],"inLanguage":"fr-FR"}]}},"_links":{"self":[{"href":"https:\/\/www.istegroup.com\/fr\/wp-json\/wp\/v2\/product\/19154","targetHints":{"allow":["GET"]}}],"collection":[{"href":"https:\/\/www.istegroup.com\/fr\/wp-json\/wp\/v2\/product"}],"about":[{"href":"https:\/\/www.istegroup.com\/fr\/wp-json\/wp\/v2\/types\/product"}],"wp:featuredmedia":[{"embeddable":true,"href":"https:\/\/www.istegroup.com\/fr\/wp-json\/wp\/v2\/media\/19168"}],"wp:attachment":[{"href":"https:\/\/www.istegroup.com\/fr\/wp-json\/wp\/v2\/media?parent=19154"}],"wp:term":[{"taxonomy":"product_brand","embeddable":true,"href":"https:\/\/www.istegroup.com\/fr\/wp-json\/wp\/v2\/product_brand?post=19154"},{"taxonomy":"product_cat","embeddable":true,"href":"https:\/\/www.istegroup.com\/fr\/wp-json\/wp\/v2\/product_cat?post=19154"},{"taxonomy":"product_tag","embeddable":true,"href":"https:\/\/www.istegroup.com\/fr\/wp-json\/wp\/v2\/product_tag?post=19154"}],"curies":[{"name":"wp","href":"https:\/\/api.w.org\/{rel}","templated":true}]}}