{"id":187,"date":"2017-02-10T11:02:30","date_gmt":"2017-02-10T10:02:30","guid":{"rendered":"https:\/\/iste.yhello.co\/product\/du-concept-de-phm-a-la-maintenance-predictive-1\/"},"modified":"2024-01-03T13:38:46","modified_gmt":"2024-01-03T13:38:46","slug":"du-concept-de-phm-a-la-maintenance-predictive-1","status":"publish","type":"product","link":"https:\/\/www.istegroup.com\/fr\/produit\/du-concept-de-phm-a-la-maintenance-predictive-1\/","title":{"rendered":"Du concept de PHM \u00e0 la maintenance pr\u00e9dictive 1"},"content":{"rendered":"<p>Le maintien en condition op\u00e9rationnelle des syst\u00e8mes industriels \u00e0 moindre co\u00fbt est devenu un facteur critique.\u00a0<em>Du concept de PHM \u00e0 la maintenance pr\u00e9dictive 1<\/em>\u00a0d\u00e9crit l\u2019\u00e9mergence de cette discipline qui compl\u00e8te les activit\u00e9s traditionnelles de maintenance par une prise en compte plus proactive des d\u00e9faillances.<\/p>\n<p>Le \u00ab\u00a0Prognostics and Health Management\u00a0\u00bb a globalement pour principe de transformer un ensemble de donn\u00e9es brutes recueillies sur l\u2019\u00e9quipement surveill\u00e9 en indicateurs de sant\u00e9 dont l\u2019extrapolation dans le temps permet de d\u00e9finir une aide \u00e0 la d\u00e9cision circonstanci\u00e9e.<\/p>\n<p>Cet ouvrage pr\u00e9sente de fa\u00e7on g\u00e9n\u00e9rale le processus de PHM. Il propose une d\u00e9marche de g\u00e9n\u00e9ration des donn\u00e9es de surveillance repr\u00e9sentatives des ph\u00e9nom\u00e8nes de d\u00e9gradation des composants critiques qui serviront de base \u00e0 l\u2019\u00e9tablissement d\u2019indicateurs de sant\u00e9. Enfin, il d\u00e9taille les b\u00e9n\u00e9fices apport\u00e9s par la mise en oeuvre de solutions de PHM dans l\u2019industrie avant d\u2019aborder les probl\u00e8mes et d\u00e9fis majeurs qu\u2019elle soul\u00e8ve.<\/p>\n","protected":false},"excerpt":{"rendered":"<p>Le maintien en condition op\u00e9rationnelle des syst\u00e8mes industriels \u00e0 moindre co\u00fbt est devenu un facteur critique.\u00a0Du concept de PHM \u00e0 la maintenance pr\u00e9dictive 1\u00a0d\u00e9crit l\u2019\u00e9mergence de cette discipline qui compl\u00e8te les activit\u00e9s traditionnelles de maintenance par une prise en compte plus proactive des d\u00e9faillances. Le \u00ab\u00a0Prognostics and Health Management\u00a0\u00bb a globalement pour principe de transformer [&hellip;]<\/p>\n","protected":false},"featured_media":188,"template":"","meta":{"_acf_changed":false,"_links_to":"","_links_to_target":""},"product_brand":[],"product_cat":[664,675,692],"product_tag":[538,539,31,196,540,541,197,198,199,21,200,22,542,201,203,204,63,25,172,209,543,161,544,212,38,192,145,28,546,545,547],"class_list":{"0":"post-187","1":"product","2":"type-product","3":"status-publish","4":"has-post-thumbnail","6":"product_cat-gnie-mcanique-et-mcanique-des-solides-12506462","7":"product_cat-nouveauts-12519446","8":"product_cat-srie-fiabilit-des-systmes-multiphysiques-185854340","9":"product_tag-du-concept-de-phm-a-la-maintenance-predictive-1","10":"product_tag-duree-de-vie-residuelle","11":"product_tag-ebook","12":"product_tag-ebooks","13":"product_tag-fmds","14":"product_tag-genie-mecanique","15":"product_tag-iste","16":"product_tag-iste-edition","17":"product_tag-iste-editions","18":"product_tag-iste-group","19":"product_tag-isteedition","20":"product_tag-istegroup","21":"product_tag-kamal-medjaher","22":"product_tag-kindle","23":"product_tag-liseuse","24":"product_tag-livre","25":"product_tag-livre-electronique","26":"product_tag-livre-numerique","27":"product_tag-livre-scientifique","28":"product_tag-livres-scientifiques","29":"product_tag-maintenance-industrielle","30":"product_tag-mecanique","31":"product_tag-noureddine-zerhouni","32":"product_tag-ouvrage","33":"product_tag-ouvrage-numerique","34":"product_tag-ouvrage-science","35":"product_tag-ouvrage-scientifique","36":"product_tag-ouvrage-scientifique-francais","37":"product_tag-phenomenes-de-defaillances","38":"product_tag-phm","39":"product_tag-rafael-gouriveau","41":"first","42":"instock","43":"shipping-taxable","44":"purchasable","45":"product-type-variable"},"acf":[],"yoast_head":"<!-- This site is optimized with the Yoast SEO plugin v27.2 - https:\/\/yoast.com\/product\/yoast-seo-wordpress\/ -->\n<title>Du concept de PHM \u00e0 la maintenance pr\u00e9dictive 1 - ISTE Group<\/title>\n<meta name=\"description\" content=\"Du concept de PHM \u00e0 la maintenance pr\u00e9dictive 1\u00a0pr\u00e9sente le processus de Prognostics and Health Management, qui a pour principe de transformer des donn\u00e9es brutes en indicateurs de sant\u00e9 dont l\u2019extrapolation permet de d\u00e9finir une aide \u00e0 la d\u00e9cision circonstanci\u00e9e.\" \/>\n<meta name=\"robots\" content=\"index, follow, max-snippet:-1, max-image-preview:large, max-video-preview:-1\" \/>\n<link rel=\"canonical\" href=\"https:\/\/www.istegroup.com\/fr\/produit\/du-concept-de-phm-a-la-maintenance-predictive-1\/\" \/>\n<meta property=\"og:locale\" content=\"fr_FR\" \/>\n<meta property=\"og:type\" content=\"article\" \/>\n<meta property=\"og:title\" content=\"Du concept de PHM \u00e0 la maintenance pr\u00e9dictive 1 - ISTE Group\" \/>\n<meta property=\"og:description\" content=\"Du concept de PHM \u00e0 la maintenance pr\u00e9dictive 1\u00a0pr\u00e9sente le processus de Prognostics and Health Management, qui a pour principe de transformer des donn\u00e9es brutes en indicateurs de sant\u00e9 dont l\u2019extrapolation permet de d\u00e9finir une aide \u00e0 la d\u00e9cision circonstanci\u00e9e.\" \/>\n<meta property=\"og:url\" content=\"https:\/\/www.istegroup.com\/fr\/produit\/du-concept-de-phm-a-la-maintenance-predictive-1\/\" \/>\n<meta property=\"og:site_name\" content=\"ISTE Group\" \/>\n<meta property=\"article:modified_time\" content=\"2024-01-03T13:38:46+00:00\" \/>\n<meta property=\"og:image\" content=\"https:\/\/www.istegroup.com\/wp-content\/uploads\/2017\/07\/18392813905_8506461969-1.jpg\" \/>\n\t<meta property=\"og:image:width\" content=\"1359\" \/>\n\t<meta property=\"og:image:height\" content=\"2048\" \/>\n\t<meta property=\"og:image:type\" content=\"image\/jpeg\" \/>\n<meta name=\"twitter:card\" content=\"summary_large_image\" \/>\n<meta name=\"twitter:label1\" content=\"Est. reading time\" \/>\n\t<meta name=\"twitter:data1\" content=\"1 minute\" \/>\n<script type=\"application\/ld+json\" class=\"yoast-schema-graph\">{\"@context\":\"https:\/\/schema.org\",\"@graph\":[{\"@type\":\"WebPage\",\"@id\":\"https:\/\/www.istegroup.com\/fr\/produit\/du-concept-de-phm-a-la-maintenance-predictive-1\/\",\"url\":\"https:\/\/www.istegroup.com\/fr\/produit\/du-concept-de-phm-a-la-maintenance-predictive-1\/\",\"name\":\"Du concept de PHM \u00e0 la maintenance pr\u00e9dictive 1 - ISTE Group\",\"isPartOf\":{\"@id\":\"https:\/\/www.istegroup.com\/#website\"},\"primaryImageOfPage\":{\"@id\":\"https:\/\/www.istegroup.com\/fr\/produit\/du-concept-de-phm-a-la-maintenance-predictive-1\/#primaryimage\"},\"image\":{\"@id\":\"https:\/\/www.istegroup.com\/fr\/produit\/du-concept-de-phm-a-la-maintenance-predictive-1\/#primaryimage\"},\"thumbnailUrl\":\"https:\/\/www.istegroup.com\/wp-content\/uploads\/2017\/07\/18392813905_8506461969-1.jpg\",\"datePublished\":\"2017-02-10T10:02:30+00:00\",\"dateModified\":\"2024-01-03T13:38:46+00:00\",\"description\":\"Du concept de PHM \u00e0 la maintenance pr\u00e9dictive 1\u00a0pr\u00e9sente le processus de Prognostics and Health Management, qui a pour principe de transformer des donn\u00e9es brutes en indicateurs de sant\u00e9 dont l\u2019extrapolation permet de d\u00e9finir une aide \u00e0 la d\u00e9cision circonstanci\u00e9e.\",\"breadcrumb\":{\"@id\":\"https:\/\/www.istegroup.com\/fr\/produit\/du-concept-de-phm-a-la-maintenance-predictive-1\/#breadcrumb\"},\"inLanguage\":\"fr-FR\",\"potentialAction\":[{\"@type\":\"ReadAction\",\"target\":[\"https:\/\/www.istegroup.com\/fr\/produit\/du-concept-de-phm-a-la-maintenance-predictive-1\/\"]}]},{\"@type\":\"ImageObject\",\"inLanguage\":\"fr-FR\",\"@id\":\"https:\/\/www.istegroup.com\/fr\/produit\/du-concept-de-phm-a-la-maintenance-predictive-1\/#primaryimage\",\"url\":\"https:\/\/www.istegroup.com\/wp-content\/uploads\/2017\/07\/18392813905_8506461969-1.jpg\",\"contentUrl\":\"https:\/\/www.istegroup.com\/wp-content\/uploads\/2017\/07\/18392813905_8506461969-1.jpg\",\"width\":1359,\"height\":2048,\"caption\":\"Surveillance et pronostic\"},{\"@type\":\"BreadcrumbList\",\"@id\":\"https:\/\/www.istegroup.com\/fr\/produit\/du-concept-de-phm-a-la-maintenance-predictive-1\/#breadcrumb\",\"itemListElement\":[{\"@type\":\"ListItem\",\"position\":1,\"name\":\"Home\",\"item\":\"https:\/\/www.istegroup.com\/\"},{\"@type\":\"ListItem\",\"position\":2,\"name\":\"Shop\",\"item\":\"https:\/\/www.istegroup.com\/fr\/nouveautes\/\"},{\"@type\":\"ListItem\",\"position\":3,\"name\":\"Du concept de PHM \u00e0 la maintenance pr\u00e9dictive 1\"}]},{\"@type\":\"WebSite\",\"@id\":\"https:\/\/www.istegroup.com\/#website\",\"url\":\"https:\/\/www.istegroup.com\/\",\"name\":\"ISTE Group\",\"description\":\"\u00c9diteur des Sciences\",\"potentialAction\":[{\"@type\":\"SearchAction\",\"target\":{\"@type\":\"EntryPoint\",\"urlTemplate\":\"https:\/\/www.istegroup.com\/?s={search_term_string}\"},\"query-input\":{\"@type\":\"PropertyValueSpecification\",\"valueRequired\":true,\"valueName\":\"search_term_string\"}}],\"inLanguage\":\"fr-FR\"}]}<\/script>\n<!-- \/ Yoast SEO plugin. -->","yoast_head_json":{"title":"Du concept de PHM \u00e0 la maintenance pr\u00e9dictive 1 - ISTE Group","description":"Du concept de PHM \u00e0 la maintenance pr\u00e9dictive 1\u00a0pr\u00e9sente le processus de Prognostics and Health Management, qui a pour principe de transformer des donn\u00e9es brutes en indicateurs de sant\u00e9 dont l\u2019extrapolation permet de d\u00e9finir une aide \u00e0 la d\u00e9cision circonstanci\u00e9e.","robots":{"index":"index","follow":"follow","max-snippet":"max-snippet:-1","max-image-preview":"max-image-preview:large","max-video-preview":"max-video-preview:-1"},"canonical":"https:\/\/www.istegroup.com\/fr\/produit\/du-concept-de-phm-a-la-maintenance-predictive-1\/","og_locale":"fr_FR","og_type":"article","og_title":"Du concept de PHM \u00e0 la maintenance pr\u00e9dictive 1 - ISTE Group","og_description":"Du concept de PHM \u00e0 la maintenance pr\u00e9dictive 1\u00a0pr\u00e9sente le processus de Prognostics and Health Management, qui a pour principe de transformer des donn\u00e9es brutes en indicateurs de sant\u00e9 dont l\u2019extrapolation permet de d\u00e9finir une aide \u00e0 la d\u00e9cision circonstanci\u00e9e.","og_url":"https:\/\/www.istegroup.com\/fr\/produit\/du-concept-de-phm-a-la-maintenance-predictive-1\/","og_site_name":"ISTE Group","article_modified_time":"2024-01-03T13:38:46+00:00","og_image":[{"width":1359,"height":2048,"url":"https:\/\/www.istegroup.com\/wp-content\/uploads\/2017\/07\/18392813905_8506461969-1.jpg","type":"image\/jpeg"}],"twitter_card":"summary_large_image","twitter_misc":{"Est. reading time":"1 minute"},"schema":{"@context":"https:\/\/schema.org","@graph":[{"@type":"WebPage","@id":"https:\/\/www.istegroup.com\/fr\/produit\/du-concept-de-phm-a-la-maintenance-predictive-1\/","url":"https:\/\/www.istegroup.com\/fr\/produit\/du-concept-de-phm-a-la-maintenance-predictive-1\/","name":"Du concept de PHM \u00e0 la maintenance pr\u00e9dictive 1 - ISTE Group","isPartOf":{"@id":"https:\/\/www.istegroup.com\/#website"},"primaryImageOfPage":{"@id":"https:\/\/www.istegroup.com\/fr\/produit\/du-concept-de-phm-a-la-maintenance-predictive-1\/#primaryimage"},"image":{"@id":"https:\/\/www.istegroup.com\/fr\/produit\/du-concept-de-phm-a-la-maintenance-predictive-1\/#primaryimage"},"thumbnailUrl":"https:\/\/www.istegroup.com\/wp-content\/uploads\/2017\/07\/18392813905_8506461969-1.jpg","datePublished":"2017-02-10T10:02:30+00:00","dateModified":"2024-01-03T13:38:46+00:00","description":"Du concept de PHM \u00e0 la maintenance pr\u00e9dictive 1\u00a0pr\u00e9sente le processus de Prognostics and Health Management, qui a pour principe de transformer des donn\u00e9es brutes en indicateurs de sant\u00e9 dont l\u2019extrapolation permet de d\u00e9finir une aide \u00e0 la d\u00e9cision circonstanci\u00e9e.","breadcrumb":{"@id":"https:\/\/www.istegroup.com\/fr\/produit\/du-concept-de-phm-a-la-maintenance-predictive-1\/#breadcrumb"},"inLanguage":"fr-FR","potentialAction":[{"@type":"ReadAction","target":["https:\/\/www.istegroup.com\/fr\/produit\/du-concept-de-phm-a-la-maintenance-predictive-1\/"]}]},{"@type":"ImageObject","inLanguage":"fr-FR","@id":"https:\/\/www.istegroup.com\/fr\/produit\/du-concept-de-phm-a-la-maintenance-predictive-1\/#primaryimage","url":"https:\/\/www.istegroup.com\/wp-content\/uploads\/2017\/07\/18392813905_8506461969-1.jpg","contentUrl":"https:\/\/www.istegroup.com\/wp-content\/uploads\/2017\/07\/18392813905_8506461969-1.jpg","width":1359,"height":2048,"caption":"Surveillance et pronostic"},{"@type":"BreadcrumbList","@id":"https:\/\/www.istegroup.com\/fr\/produit\/du-concept-de-phm-a-la-maintenance-predictive-1\/#breadcrumb","itemListElement":[{"@type":"ListItem","position":1,"name":"Home","item":"https:\/\/www.istegroup.com\/"},{"@type":"ListItem","position":2,"name":"Shop","item":"https:\/\/www.istegroup.com\/fr\/nouveautes\/"},{"@type":"ListItem","position":3,"name":"Du concept de PHM \u00e0 la maintenance pr\u00e9dictive 1"}]},{"@type":"WebSite","@id":"https:\/\/www.istegroup.com\/#website","url":"https:\/\/www.istegroup.com\/","name":"ISTE Group","description":"\u00c9diteur des Sciences","potentialAction":[{"@type":"SearchAction","target":{"@type":"EntryPoint","urlTemplate":"https:\/\/www.istegroup.com\/?s={search_term_string}"},"query-input":{"@type":"PropertyValueSpecification","valueRequired":true,"valueName":"search_term_string"}}],"inLanguage":"fr-FR"}]}},"_links":{"self":[{"href":"https:\/\/www.istegroup.com\/fr\/wp-json\/wp\/v2\/product\/187","targetHints":{"allow":["GET"]}}],"collection":[{"href":"https:\/\/www.istegroup.com\/fr\/wp-json\/wp\/v2\/product"}],"about":[{"href":"https:\/\/www.istegroup.com\/fr\/wp-json\/wp\/v2\/types\/product"}],"wp:featuredmedia":[{"embeddable":true,"href":"https:\/\/www.istegroup.com\/fr\/wp-json\/wp\/v2\/media\/188"}],"wp:attachment":[{"href":"https:\/\/www.istegroup.com\/fr\/wp-json\/wp\/v2\/media?parent=187"}],"wp:term":[{"taxonomy":"product_brand","embeddable":true,"href":"https:\/\/www.istegroup.com\/fr\/wp-json\/wp\/v2\/product_brand?post=187"},{"taxonomy":"product_cat","embeddable":true,"href":"https:\/\/www.istegroup.com\/fr\/wp-json\/wp\/v2\/product_cat?post=187"},{"taxonomy":"product_tag","embeddable":true,"href":"https:\/\/www.istegroup.com\/fr\/wp-json\/wp\/v2\/product_tag?post=187"}],"curies":[{"name":"wp","href":"https:\/\/api.w.org\/{rel}","templated":true}]}}