{"id":185,"date":"2015-03-01T11:02:26","date_gmt":"2015-03-01T10:02:26","guid":{"rendered":"https:\/\/iste.yhello.co\/product\/du-big-data-au-smart-data\/"},"modified":"2024-01-03T13:38:46","modified_gmt":"2024-01-03T13:38:46","slug":"du-big-data-au-smart-data","status":"publish","type":"product","link":"https:\/\/www.istegroup.com\/fr\/produit\/du-big-data-au-smart-data\/","title":{"rendered":"Du Big Data au Smart Data"},"content":{"rendered":"<p>La s\u00e9rie\u00a0<em>Syst\u00e8mes d\u2019information avanc\u00e9s<\/em>\u00a0approfondit les nouvelles formes du SI qui est devenu, avec le num\u00e9rique, le v\u00e9ritable syst\u00e8me nerveux de toute organisation.<\/p>\n<p>La mise en relation du Big Data et sa valeur pour l\u2019entreprise, le Smart Data, permet d\u2019exprimer une grande cr\u00e9ativit\u00e9, aussi bien en termes d\u2019architecture des syst\u00e8mes, qu\u2019en termes de mise en \u0153uvre au sein des processus de l\u2019entreprise.<\/p>\n<p><em>Du Big Data au Smart Data<\/em>\u00a0analyse comment les donn\u00e9es, une fois filtr\u00e9es, organis\u00e9es et d\u00e9crypt\u00e9es vont permettre d\u2019alimenter les prises de d\u00e9cisions et d\u2019actions. La cl\u00e9 de voute de la business intelligence est ici la relation entre la donn\u00e9e (caract\u00e9ristiques, format, temporalit\u00e9\u2026) et sa valeur (capacit\u00e9 \u00e0 l\u2019analyser et \u00e0 l\u2019int\u00e9grer). Les entreprises, pour rester comp\u00e9titives, doivent accompagner ce mouvement et non le subir. La connaissance et la ma\u00eetrise de leur environnement \u00e9conomique, globalis\u00e9es depuis l\u2019av\u00e8nement d\u2019internet, deviennent aujourd\u2019hui indispensables.<\/p>\n<p>Ponctu\u00e9 d\u2019exemples concrets, cet ouvrage offre une porte d\u2019acc\u00e8s didactique \u00e0 ce nouvel \u00ab espace-temps \u00bb informationnel qui r\u00e9volutionne notre regard sur l\u2019information.<\/p>\n","protected":false},"excerpt":{"rendered":"<p>La s\u00e9rie\u00a0Syst\u00e8mes d\u2019information avanc\u00e9s\u00a0approfondit les nouvelles formes du SI qui est devenu, avec le num\u00e9rique, le v\u00e9ritable syst\u00e8me nerveux de toute organisation. La mise en relation du Big Data et sa valeur pour l\u2019entreprise, le Smart Data, permet d\u2019exprimer une grande cr\u00e9ativit\u00e9, aussi bien en termes d\u2019architecture des syst\u00e8mes, qu\u2019en termes de mise en \u0153uvre [&hellip;]<\/p>\n","protected":false},"featured_media":23284,"template":"","meta":{"_acf_changed":false,"_links_to":"","_links_to_target":""},"product_brand":[],"product_cat":[3262,722,707],"product_tag":[865,1047,1048,31,196,1049,608,197,198,199,21,200,22,201,203,204,63,25,172,209,885,1050,292,1051,212,38,192,145,28,1052],"class_list":{"0":"post-185","1":"product","2":"type-product","3":"status-publish","4":"has-post-thumbnail","6":"product_cat-non-classe","7":"product_cat-srie-systmes-dinformation-avancs-36251780","8":"product_cat-systmes-dinformation-web-et-socit-12506570","9":"product_tag-big-data","10":"product_tag-connexion","11":"product_tag-du-big-data-au-smart-data","12":"product_tag-ebook","13":"product_tag-ebooks","14":"product_tag-fernando-iafrate","15":"product_tag-informatique","16":"product_tag-iste","17":"product_tag-iste-edition","18":"product_tag-iste-editions","19":"product_tag-iste-group","20":"product_tag-isteedition","21":"product_tag-istegroup","22":"product_tag-kindle","23":"product_tag-liseuse","24":"product_tag-livre","25":"product_tag-livre-electronique","26":"product_tag-livre-numerique","27":"product_tag-livre-scientifique","28":"product_tag-livres-scientifiques","29":"product_tag-monde","30":"product_tag-monde-connecte","31":"product_tag-numerique","32":"product_tag-organisation-sans-latence","33":"product_tag-ouvrage","34":"product_tag-ouvrage-numerique","35":"product_tag-ouvrage-science","36":"product_tag-ouvrage-scientifique","37":"product_tag-ouvrage-scientifique-francais","38":"product_tag-smart-data","40":"first","41":"instock","42":"shipping-taxable","43":"purchasable","44":"product-type-variable"},"acf":[],"yoast_head":"<!-- This site is optimized with the Yoast SEO plugin v27.2 - https:\/\/yoast.com\/product\/yoast-seo-wordpress\/ -->\n<title>Du Big Data au Smart Data - ISTE Group<\/title>\n<meta name=\"robots\" content=\"index, follow, max-snippet:-1, max-image-preview:large, max-video-preview:-1\" \/>\n<link rel=\"canonical\" href=\"https:\/\/www.istegroup.com\/en\/produit\/du-big-data-au-smart-data\/\" \/>\n<meta property=\"og:locale\" content=\"fr_FR\" \/>\n<meta property=\"og:type\" content=\"article\" \/>\n<meta property=\"og:title\" content=\"Du Big Data au Smart Data - ISTE Group\" \/>\n<meta property=\"og:description\" content=\"La s\u00e9rie\u00a0Syst\u00e8mes d\u2019information avanc\u00e9s\u00a0approfondit les nouvelles formes du SI qui est devenu, avec le num\u00e9rique, le v\u00e9ritable syst\u00e8me nerveux de toute organisation. La mise en relation du Big Data et sa valeur pour l\u2019entreprise, le Smart Data, permet d\u2019exprimer une grande cr\u00e9ativit\u00e9, aussi bien en termes d\u2019architecture des syst\u00e8mes, qu\u2019en termes de mise en \u0153uvre [&hellip;]\" \/>\n<meta property=\"og:url\" content=\"https:\/\/www.istegroup.com\/en\/produit\/du-big-data-au-smart-data\/\" \/>\n<meta property=\"og:site_name\" content=\"ISTE Group\" \/>\n<meta property=\"article:modified_time\" content=\"2024-01-03T13:38:46+00:00\" \/>\n<meta property=\"og:image\" content=\"https:\/\/www.istegroup.com\/wp-content\/uploads\/2019\/10\/Du-Big-Data-au-Smart-Data.jpg\" \/>\n\t<meta property=\"og:image:width\" content=\"300\" \/>\n\t<meta property=\"og:image:height\" content=\"454\" \/>\n\t<meta property=\"og:image:type\" content=\"image\/jpeg\" \/>\n<meta name=\"twitter:card\" content=\"summary_large_image\" \/>\n<meta name=\"twitter:label1\" content=\"Est. reading time\" \/>\n\t<meta name=\"twitter:data1\" content=\"1 minute\" \/>\n<script type=\"application\/ld+json\" class=\"yoast-schema-graph\">{\"@context\":\"https:\/\/schema.org\",\"@graph\":[{\"@type\":\"WebPage\",\"@id\":\"https:\/\/www.istegroup.com\/en\/produit\/du-big-data-au-smart-data\/\",\"url\":\"https:\/\/www.istegroup.com\/en\/produit\/du-big-data-au-smart-data\/\",\"name\":\"Du Big Data au Smart Data - ISTE Group\",\"isPartOf\":{\"@id\":\"https:\/\/www.istegroup.com\/#website\"},\"primaryImageOfPage\":{\"@id\":\"https:\/\/www.istegroup.com\/en\/produit\/du-big-data-au-smart-data\/#primaryimage\"},\"image\":{\"@id\":\"https:\/\/www.istegroup.com\/en\/produit\/du-big-data-au-smart-data\/#primaryimage\"},\"thumbnailUrl\":\"https:\/\/www.istegroup.com\/wp-content\/uploads\/2019\/10\/Du-Big-Data-au-Smart-Data.jpg\",\"datePublished\":\"2015-03-01T10:02:26+00:00\",\"dateModified\":\"2024-01-03T13:38:46+00:00\",\"breadcrumb\":{\"@id\":\"https:\/\/www.istegroup.com\/en\/produit\/du-big-data-au-smart-data\/#breadcrumb\"},\"inLanguage\":\"fr-FR\",\"potentialAction\":[{\"@type\":\"ReadAction\",\"target\":[\"https:\/\/www.istegroup.com\/en\/produit\/du-big-data-au-smart-data\/\"]}]},{\"@type\":\"ImageObject\",\"inLanguage\":\"fr-FR\",\"@id\":\"https:\/\/www.istegroup.com\/en\/produit\/du-big-data-au-smart-data\/#primaryimage\",\"url\":\"https:\/\/www.istegroup.com\/wp-content\/uploads\/2019\/10\/Du-Big-Data-au-Smart-Data.jpg\",\"contentUrl\":\"https:\/\/www.istegroup.com\/wp-content\/uploads\/2019\/10\/Du-Big-Data-au-Smart-Data.jpg\",\"width\":300,\"height\":454,\"caption\":\"Au service d\u2019un monde connect\u00e9\"},{\"@type\":\"BreadcrumbList\",\"@id\":\"https:\/\/www.istegroup.com\/en\/produit\/du-big-data-au-smart-data\/#breadcrumb\",\"itemListElement\":[{\"@type\":\"ListItem\",\"position\":1,\"name\":\"Home\",\"item\":\"https:\/\/www.istegroup.com\/\"},{\"@type\":\"ListItem\",\"position\":2,\"name\":\"Shop\",\"item\":\"https:\/\/www.istegroup.com\/fr\/nouveautes\/\"},{\"@type\":\"ListItem\",\"position\":3,\"name\":\"Du Big Data au Smart Data\"}]},{\"@type\":\"WebSite\",\"@id\":\"https:\/\/www.istegroup.com\/#website\",\"url\":\"https:\/\/www.istegroup.com\/\",\"name\":\"ISTE Group\",\"description\":\"\u00c9diteur des Sciences\",\"potentialAction\":[{\"@type\":\"SearchAction\",\"target\":{\"@type\":\"EntryPoint\",\"urlTemplate\":\"https:\/\/www.istegroup.com\/?s={search_term_string}\"},\"query-input\":{\"@type\":\"PropertyValueSpecification\",\"valueRequired\":true,\"valueName\":\"search_term_string\"}}],\"inLanguage\":\"fr-FR\"}]}<\/script>\n<!-- \/ Yoast SEO plugin. -->","yoast_head_json":{"title":"Du Big Data au Smart Data - ISTE Group","robots":{"index":"index","follow":"follow","max-snippet":"max-snippet:-1","max-image-preview":"max-image-preview:large","max-video-preview":"max-video-preview:-1"},"canonical":"https:\/\/www.istegroup.com\/en\/produit\/du-big-data-au-smart-data\/","og_locale":"fr_FR","og_type":"article","og_title":"Du Big Data au Smart Data - ISTE Group","og_description":"La s\u00e9rie\u00a0Syst\u00e8mes d\u2019information avanc\u00e9s\u00a0approfondit les nouvelles formes du SI qui est devenu, avec le num\u00e9rique, le v\u00e9ritable syst\u00e8me nerveux de toute organisation. La mise en relation du Big Data et sa valeur pour l\u2019entreprise, le Smart Data, permet d\u2019exprimer une grande cr\u00e9ativit\u00e9, aussi bien en termes d\u2019architecture des syst\u00e8mes, qu\u2019en termes de mise en \u0153uvre [&hellip;]","og_url":"https:\/\/www.istegroup.com\/en\/produit\/du-big-data-au-smart-data\/","og_site_name":"ISTE Group","article_modified_time":"2024-01-03T13:38:46+00:00","og_image":[{"width":300,"height":454,"url":"https:\/\/www.istegroup.com\/wp-content\/uploads\/2019\/10\/Du-Big-Data-au-Smart-Data.jpg","type":"image\/jpeg"}],"twitter_card":"summary_large_image","twitter_misc":{"Est. reading time":"1 minute"},"schema":{"@context":"https:\/\/schema.org","@graph":[{"@type":"WebPage","@id":"https:\/\/www.istegroup.com\/en\/produit\/du-big-data-au-smart-data\/","url":"https:\/\/www.istegroup.com\/en\/produit\/du-big-data-au-smart-data\/","name":"Du Big Data au Smart Data - ISTE Group","isPartOf":{"@id":"https:\/\/www.istegroup.com\/#website"},"primaryImageOfPage":{"@id":"https:\/\/www.istegroup.com\/en\/produit\/du-big-data-au-smart-data\/#primaryimage"},"image":{"@id":"https:\/\/www.istegroup.com\/en\/produit\/du-big-data-au-smart-data\/#primaryimage"},"thumbnailUrl":"https:\/\/www.istegroup.com\/wp-content\/uploads\/2019\/10\/Du-Big-Data-au-Smart-Data.jpg","datePublished":"2015-03-01T10:02:26+00:00","dateModified":"2024-01-03T13:38:46+00:00","breadcrumb":{"@id":"https:\/\/www.istegroup.com\/en\/produit\/du-big-data-au-smart-data\/#breadcrumb"},"inLanguage":"fr-FR","potentialAction":[{"@type":"ReadAction","target":["https:\/\/www.istegroup.com\/en\/produit\/du-big-data-au-smart-data\/"]}]},{"@type":"ImageObject","inLanguage":"fr-FR","@id":"https:\/\/www.istegroup.com\/en\/produit\/du-big-data-au-smart-data\/#primaryimage","url":"https:\/\/www.istegroup.com\/wp-content\/uploads\/2019\/10\/Du-Big-Data-au-Smart-Data.jpg","contentUrl":"https:\/\/www.istegroup.com\/wp-content\/uploads\/2019\/10\/Du-Big-Data-au-Smart-Data.jpg","width":300,"height":454,"caption":"Au service d\u2019un monde connect\u00e9"},{"@type":"BreadcrumbList","@id":"https:\/\/www.istegroup.com\/en\/produit\/du-big-data-au-smart-data\/#breadcrumb","itemListElement":[{"@type":"ListItem","position":1,"name":"Home","item":"https:\/\/www.istegroup.com\/"},{"@type":"ListItem","position":2,"name":"Shop","item":"https:\/\/www.istegroup.com\/fr\/nouveautes\/"},{"@type":"ListItem","position":3,"name":"Du Big Data au Smart Data"}]},{"@type":"WebSite","@id":"https:\/\/www.istegroup.com\/#website","url":"https:\/\/www.istegroup.com\/","name":"ISTE Group","description":"\u00c9diteur des Sciences","potentialAction":[{"@type":"SearchAction","target":{"@type":"EntryPoint","urlTemplate":"https:\/\/www.istegroup.com\/?s={search_term_string}"},"query-input":{"@type":"PropertyValueSpecification","valueRequired":true,"valueName":"search_term_string"}}],"inLanguage":"fr-FR"}]}},"_links":{"self":[{"href":"https:\/\/www.istegroup.com\/fr\/wp-json\/wp\/v2\/product\/185","targetHints":{"allow":["GET"]}}],"collection":[{"href":"https:\/\/www.istegroup.com\/fr\/wp-json\/wp\/v2\/product"}],"about":[{"href":"https:\/\/www.istegroup.com\/fr\/wp-json\/wp\/v2\/types\/product"}],"wp:featuredmedia":[{"embeddable":true,"href":"https:\/\/www.istegroup.com\/fr\/wp-json\/wp\/v2\/media\/23284"}],"wp:attachment":[{"href":"https:\/\/www.istegroup.com\/fr\/wp-json\/wp\/v2\/media?parent=185"}],"wp:term":[{"taxonomy":"product_brand","embeddable":true,"href":"https:\/\/www.istegroup.com\/fr\/wp-json\/wp\/v2\/product_brand?post=185"},{"taxonomy":"product_cat","embeddable":true,"href":"https:\/\/www.istegroup.com\/fr\/wp-json\/wp\/v2\/product_cat?post=185"},{"taxonomy":"product_tag","embeddable":true,"href":"https:\/\/www.istegroup.com\/fr\/wp-json\/wp\/v2\/product_tag?post=185"}],"curies":[{"name":"wp","href":"https:\/\/api.w.org\/{rel}","templated":true}]}}