{"id":18442,"date":"2019-03-05T12:06:40","date_gmt":"2019-03-05T12:06:40","guid":{"rendered":"https:\/\/www.istegroup.com\/?post_type=product&#038;p=18442"},"modified":"2024-01-03T13:43:06","modified_gmt":"2024-01-03T13:43:06","slug":"lembarras-du-choix-des-produits-2","status":"publish","type":"product","link":"https:\/\/www.istegroup.com\/fr\/produit\/lembarras-du-choix-des-produits-2\/","title":{"rendered":"L\u2019embarras du choix des produits 2"},"content":{"rendered":"<p>L\u2019id\u00e9e de progr\u00e8s s\u2019est longtemps limit\u00e9e au perfectionnement de la technique et \u00e0 la commercialisation. Les nouvelles technologies, le num\u00e9rique ou les objets connect\u00e9s apparaissent comme des pi\u00e8ges pour bon nombre de d\u00e9cideurs et de concepteurs.<\/p>\n<p><em>L\u2019embarras du choix des produits 2<\/em>\u00a0appelle \u00e0 la r\u00e9invention d\u2019une nouvelle \u00e9conomie, bas\u00e9e sur les v\u00e9ritables exigences des usagers et non pas seulement sur le profit financier. L\u2019utilisation \u00e9tant la finalit\u00e9 d\u2019un produit, une innovation devrait en effet toujours \u00eatre une am\u00e9lioration des qualit\u00e9s d\u2019usage. L\u2019\u00e9cologie de l\u2019usage devrait ainsi devenir la principale richesse, visant la qualit\u00e9 de vie et le bien-\u00eatre, et le savoir d\u2019achat remplacer le pouvoir d\u2019achat.<\/p>\n<p>Cet ouvrage offre une m\u00e9thodologie qui permet au lecteur de disposer d\u2019une meilleure information pour choisir, acheter, installer, utiliser, entretenir et recycler ses produits, tout en se pr\u00e9occupant de son bilan carbone et de son empreinte \u00e9cologique.<\/p>\n","protected":false},"excerpt":{"rendered":"<p>L\u2019id\u00e9e de progr\u00e8s s\u2019est longtemps limit\u00e9e au perfectionnement de la technique et \u00e0 la commercialisation. Les nouvelles technologies, le num\u00e9rique ou les objets connect\u00e9s apparaissent comme des pi\u00e8ges pour bon nombre de d\u00e9cideurs et de concepteurs. L\u2019embarras du choix des produits 2\u00a0appelle \u00e0 la r\u00e9invention d\u2019une nouvelle \u00e9conomie, bas\u00e9e sur les v\u00e9ritables exigences des usagers [&hellip;]<\/p>\n","protected":false},"featured_media":18449,"template":"","meta":{"_acf_changed":false,"_links_to":"","_links_to_target":""},"product_brand":[],"product_cat":[3262],"product_tag":[],"class_list":{"0":"post-18442","1":"product","2":"type-product","3":"status-publish","4":"has-post-thumbnail","6":"product_cat-non-classe","8":"first","9":"instock","10":"shipping-taxable","11":"purchasable","12":"product-type-variable"},"acf":[],"yoast_head":"<!-- This site is optimized with the Yoast SEO plugin v27.2 - https:\/\/yoast.com\/product\/yoast-seo-wordpress\/ -->\n<title>L\u2019embarras du choix des produits 2 - ISTE Group<\/title>\n<meta name=\"description\" content=\"L\u2019embarras du choix des produits 2\u00a0appelle \u00e0 la r\u00e9invention d\u2019une nouvelle \u00e9conomie, bas\u00e9e sur les v\u00e9ritables exigences des usagers et non pas seulement sur le profit financier.\" \/>\n<meta name=\"robots\" content=\"index, follow, max-snippet:-1, max-image-preview:large, max-video-preview:-1\" \/>\n<link rel=\"canonical\" href=\"https:\/\/www.istegroup.com\/en\/produit\/lembarras-du-choix-des-produits-2\/\" \/>\n<meta property=\"og:locale\" content=\"fr_FR\" \/>\n<meta property=\"og:type\" content=\"article\" \/>\n<meta property=\"og:title\" content=\"L\u2019embarras du choix des produits 2 - ISTE Group\" \/>\n<meta property=\"og:description\" content=\"L\u2019embarras du choix des produits 2\u00a0appelle \u00e0 la r\u00e9invention d\u2019une nouvelle \u00e9conomie, bas\u00e9e sur les v\u00e9ritables exigences des usagers et non pas seulement sur le profit financier.\" \/>\n<meta property=\"og:url\" content=\"https:\/\/www.istegroup.com\/en\/produit\/lembarras-du-choix-des-produits-2\/\" \/>\n<meta property=\"og:site_name\" content=\"ISTE Group\" \/>\n<meta property=\"article:modified_time\" content=\"2024-01-03T13:43:06+00:00\" \/>\n<meta property=\"og:image\" content=\"https:\/\/www.istegroup.com\/wp-content\/uploads\/2019\/03\/Millot-2_Front-scaled.jpg\" \/>\n\t<meta property=\"og:image:width\" content=\"1708\" \/>\n\t<meta property=\"og:image:height\" content=\"2560\" \/>\n\t<meta property=\"og:image:type\" content=\"image\/jpeg\" \/>\n<meta name=\"twitter:card\" content=\"summary_large_image\" \/>\n<meta name=\"twitter:label1\" content=\"Est. reading time\" \/>\n\t<meta name=\"twitter:data1\" content=\"1 minute\" \/>\n<script type=\"application\/ld+json\" class=\"yoast-schema-graph\">{\"@context\":\"https:\/\/schema.org\",\"@graph\":[{\"@type\":\"WebPage\",\"@id\":\"https:\/\/www.istegroup.com\/en\/produit\/lembarras-du-choix-des-produits-2\/\",\"url\":\"https:\/\/www.istegroup.com\/en\/produit\/lembarras-du-choix-des-produits-2\/\",\"name\":\"L\u2019embarras du choix des produits 2 - ISTE Group\",\"isPartOf\":{\"@id\":\"https:\/\/www.istegroup.com\/#website\"},\"primaryImageOfPage\":{\"@id\":\"https:\/\/www.istegroup.com\/en\/produit\/lembarras-du-choix-des-produits-2\/#primaryimage\"},\"image\":{\"@id\":\"https:\/\/www.istegroup.com\/en\/produit\/lembarras-du-choix-des-produits-2\/#primaryimage\"},\"thumbnailUrl\":\"https:\/\/www.istegroup.com\/wp-content\/uploads\/2019\/03\/Millot-2_Front-scaled.jpg\",\"datePublished\":\"2019-03-05T12:06:40+00:00\",\"dateModified\":\"2024-01-03T13:43:06+00:00\",\"description\":\"L\u2019embarras du choix des produits 2\u00a0appelle \u00e0 la r\u00e9invention d\u2019une nouvelle \u00e9conomie, bas\u00e9e sur les v\u00e9ritables exigences des usagers et non pas seulement sur le profit financier.\",\"breadcrumb\":{\"@id\":\"https:\/\/www.istegroup.com\/en\/produit\/lembarras-du-choix-des-produits-2\/#breadcrumb\"},\"inLanguage\":\"fr-FR\",\"potentialAction\":[{\"@type\":\"ReadAction\",\"target\":[\"https:\/\/www.istegroup.com\/en\/produit\/lembarras-du-choix-des-produits-2\/\"]}]},{\"@type\":\"ImageObject\",\"inLanguage\":\"fr-FR\",\"@id\":\"https:\/\/www.istegroup.com\/en\/produit\/lembarras-du-choix-des-produits-2\/#primaryimage\",\"url\":\"https:\/\/www.istegroup.com\/wp-content\/uploads\/2019\/03\/Millot-2_Front-scaled.jpg\",\"contentUrl\":\"https:\/\/www.istegroup.com\/wp-content\/uploads\/2019\/03\/Millot-2_Front-scaled.jpg\",\"width\":1708,\"height\":2560,\"caption\":\"Pour une soci\u00e9t\u00e9 du bien-\u00eatre\"},{\"@type\":\"BreadcrumbList\",\"@id\":\"https:\/\/www.istegroup.com\/en\/produit\/lembarras-du-choix-des-produits-2\/#breadcrumb\",\"itemListElement\":[{\"@type\":\"ListItem\",\"position\":1,\"name\":\"Home\",\"item\":\"https:\/\/www.istegroup.com\/\"},{\"@type\":\"ListItem\",\"position\":2,\"name\":\"Shop\",\"item\":\"https:\/\/www.istegroup.com\/fr\/nouveautes\/\"},{\"@type\":\"ListItem\",\"position\":3,\"name\":\"L\u2019embarras du choix des produits 2\"}]},{\"@type\":\"WebSite\",\"@id\":\"https:\/\/www.istegroup.com\/#website\",\"url\":\"https:\/\/www.istegroup.com\/\",\"name\":\"ISTE Group\",\"description\":\"\u00c9diteur des Sciences\",\"potentialAction\":[{\"@type\":\"SearchAction\",\"target\":{\"@type\":\"EntryPoint\",\"urlTemplate\":\"https:\/\/www.istegroup.com\/?s={search_term_string}\"},\"query-input\":{\"@type\":\"PropertyValueSpecification\",\"valueRequired\":true,\"valueName\":\"search_term_string\"}}],\"inLanguage\":\"fr-FR\"}]}<\/script>\n<!-- \/ Yoast SEO plugin. -->","yoast_head_json":{"title":"L\u2019embarras du choix des produits 2 - ISTE Group","description":"L\u2019embarras du choix des produits 2\u00a0appelle \u00e0 la r\u00e9invention d\u2019une nouvelle \u00e9conomie, bas\u00e9e sur les v\u00e9ritables exigences des usagers et non pas seulement sur le profit financier.","robots":{"index":"index","follow":"follow","max-snippet":"max-snippet:-1","max-image-preview":"max-image-preview:large","max-video-preview":"max-video-preview:-1"},"canonical":"https:\/\/www.istegroup.com\/en\/produit\/lembarras-du-choix-des-produits-2\/","og_locale":"fr_FR","og_type":"article","og_title":"L\u2019embarras du choix des produits 2 - ISTE Group","og_description":"L\u2019embarras du choix des produits 2\u00a0appelle \u00e0 la r\u00e9invention d\u2019une nouvelle \u00e9conomie, bas\u00e9e sur les v\u00e9ritables exigences des usagers et non pas seulement sur le profit financier.","og_url":"https:\/\/www.istegroup.com\/en\/produit\/lembarras-du-choix-des-produits-2\/","og_site_name":"ISTE Group","article_modified_time":"2024-01-03T13:43:06+00:00","og_image":[{"width":1708,"height":2560,"url":"https:\/\/www.istegroup.com\/wp-content\/uploads\/2019\/03\/Millot-2_Front-scaled.jpg","type":"image\/jpeg"}],"twitter_card":"summary_large_image","twitter_misc":{"Est. reading time":"1 minute"},"schema":{"@context":"https:\/\/schema.org","@graph":[{"@type":"WebPage","@id":"https:\/\/www.istegroup.com\/en\/produit\/lembarras-du-choix-des-produits-2\/","url":"https:\/\/www.istegroup.com\/en\/produit\/lembarras-du-choix-des-produits-2\/","name":"L\u2019embarras du choix des produits 2 - ISTE Group","isPartOf":{"@id":"https:\/\/www.istegroup.com\/#website"},"primaryImageOfPage":{"@id":"https:\/\/www.istegroup.com\/en\/produit\/lembarras-du-choix-des-produits-2\/#primaryimage"},"image":{"@id":"https:\/\/www.istegroup.com\/en\/produit\/lembarras-du-choix-des-produits-2\/#primaryimage"},"thumbnailUrl":"https:\/\/www.istegroup.com\/wp-content\/uploads\/2019\/03\/Millot-2_Front-scaled.jpg","datePublished":"2019-03-05T12:06:40+00:00","dateModified":"2024-01-03T13:43:06+00:00","description":"L\u2019embarras du choix des produits 2\u00a0appelle \u00e0 la r\u00e9invention d\u2019une nouvelle \u00e9conomie, bas\u00e9e sur les v\u00e9ritables exigences des usagers et non pas seulement sur le profit financier.","breadcrumb":{"@id":"https:\/\/www.istegroup.com\/en\/produit\/lembarras-du-choix-des-produits-2\/#breadcrumb"},"inLanguage":"fr-FR","potentialAction":[{"@type":"ReadAction","target":["https:\/\/www.istegroup.com\/en\/produit\/lembarras-du-choix-des-produits-2\/"]}]},{"@type":"ImageObject","inLanguage":"fr-FR","@id":"https:\/\/www.istegroup.com\/en\/produit\/lembarras-du-choix-des-produits-2\/#primaryimage","url":"https:\/\/www.istegroup.com\/wp-content\/uploads\/2019\/03\/Millot-2_Front-scaled.jpg","contentUrl":"https:\/\/www.istegroup.com\/wp-content\/uploads\/2019\/03\/Millot-2_Front-scaled.jpg","width":1708,"height":2560,"caption":"Pour une soci\u00e9t\u00e9 du bien-\u00eatre"},{"@type":"BreadcrumbList","@id":"https:\/\/www.istegroup.com\/en\/produit\/lembarras-du-choix-des-produits-2\/#breadcrumb","itemListElement":[{"@type":"ListItem","position":1,"name":"Home","item":"https:\/\/www.istegroup.com\/"},{"@type":"ListItem","position":2,"name":"Shop","item":"https:\/\/www.istegroup.com\/fr\/nouveautes\/"},{"@type":"ListItem","position":3,"name":"L\u2019embarras du choix des produits 2"}]},{"@type":"WebSite","@id":"https:\/\/www.istegroup.com\/#website","url":"https:\/\/www.istegroup.com\/","name":"ISTE Group","description":"\u00c9diteur des Sciences","potentialAction":[{"@type":"SearchAction","target":{"@type":"EntryPoint","urlTemplate":"https:\/\/www.istegroup.com\/?s={search_term_string}"},"query-input":{"@type":"PropertyValueSpecification","valueRequired":true,"valueName":"search_term_string"}}],"inLanguage":"fr-FR"}]}},"_links":{"self":[{"href":"https:\/\/www.istegroup.com\/fr\/wp-json\/wp\/v2\/product\/18442","targetHints":{"allow":["GET"]}}],"collection":[{"href":"https:\/\/www.istegroup.com\/fr\/wp-json\/wp\/v2\/product"}],"about":[{"href":"https:\/\/www.istegroup.com\/fr\/wp-json\/wp\/v2\/types\/product"}],"wp:featuredmedia":[{"embeddable":true,"href":"https:\/\/www.istegroup.com\/fr\/wp-json\/wp\/v2\/media\/18449"}],"wp:attachment":[{"href":"https:\/\/www.istegroup.com\/fr\/wp-json\/wp\/v2\/media?parent=18442"}],"wp:term":[{"taxonomy":"product_brand","embeddable":true,"href":"https:\/\/www.istegroup.com\/fr\/wp-json\/wp\/v2\/product_brand?post=18442"},{"taxonomy":"product_cat","embeddable":true,"href":"https:\/\/www.istegroup.com\/fr\/wp-json\/wp\/v2\/product_cat?post=18442"},{"taxonomy":"product_tag","embeddable":true,"href":"https:\/\/www.istegroup.com\/fr\/wp-json\/wp\/v2\/product_tag?post=18442"}],"curies":[{"name":"wp","href":"https:\/\/api.w.org\/{rel}","templated":true}]}}