{"id":18433,"date":"2019-03-05T11:56:44","date_gmt":"2019-03-05T11:56:44","guid":{"rendered":"https:\/\/www.istegroup.com\/?post_type=product&#038;p=18433"},"modified":"2024-01-03T13:43:06","modified_gmt":"2024-01-03T13:43:06","slug":"le-partage-du-sens","status":"publish","type":"product","link":"https:\/\/www.istegroup.com\/fr\/produit\/le-partage-du-sens\/","title":{"rendered":"Le partage du sens"},"content":{"rendered":"<p>Parler, \u00e9crire, \u00e9changer, c\u2019est faire l\u2019exp\u00e9rience d\u2019un partage du sens plus ou moins r\u00e9ussi, mais toujours attendu, sur le fond d\u2019un monde de repr\u00e9sentations et de perceptions pr\u00e9sum\u00e9es communes.<\/p>\n<p>Fond\u00e9es sur des faits linguistiques empiriques circonscrits et des probl\u00e9matiques clairement d\u00e9finies, les \u00e9tudes ici rassembl\u00e9es analysent les m\u00e9canismes, r\u00e9gularit\u00e9s, strat\u00e9gies qui soustendent ou affectent une telle exp\u00e9rience. En examinant des donn\u00e9es issues de champs divers (interaction, discours, variation, etc.) dans leur relation avec la notion complexe de sens commun, l\u2019ouvrage montre combien la question du partage du sens renouvelle le regard port\u00e9 sur l\u2019intercompr\u00e9hension linguistique. Celle-ci n&rsquo;est plus consid\u00e9r\u00e9e dans cette perspective comme un postulat soustrait \u00e0 tout questionnement, mais comme le produit d\u2019une dynamique entre interlocuteurs mobilisant un commun plus ou moins stabilis\u00e9, voire parfois probl\u00e9matique.<\/p>\n<p>Le partage du sens apporte ainsi sa contribution \u00e0 une mod\u00e9lisation op\u00e9ratoire de l&rsquo;intercompr\u00e9hension dans les langues.<\/p>\n<p>&nbsp;<\/p>\n<p><strong>Compte-rendu du Bulletin de la Soci\u00e9t\u00e9 de Linguistique de Paris 115\/2 &#8211; 2020 :<\/strong><\/p>\n<p style=\"font-size: 13px\">(&#8230;)\u00a0\u00bbCela \u00e9tant, l\u2019int\u00e9r\u00eat de questionner ainsi cette probl\u00e9matique du \u2018sens commun\u2019 se d\u00e9multiplie lorsqu\u2019on comprend qu\u2019elle ne concerne pas que les linguistes dans leur pr\u00e9 carr\u00e9. Elle d\u00e9borde leur domaine en \u00e9tant pertinente pour tous les chercheurs qui se meuvent dans l\u2019ensemble des domaines des sciences humaines (s\u00e9mioticiens, anthropologues, sociologues, psychologues, philosophes, \u00ab cognitivistes \u00bb de tous bords\u2026), comme pour tous les acteurs qui s\u2019activent dans notre univers. Car, d\u00e8s lors que \u00ab l\u2019homme \u00bb est concern\u00e9, la question de la \u2018mise en signification\u2019, du \u2018sens\u2019, de son \u2018partage\u2019\u2026 et du \u2018sens commun\u2019 est pr\u00e9sente en arri\u00e8re-plan. C\u2019est sans doute l\u00e0 une raison suppl\u00e9mentaire pour lire cet excellent ouvrage qui, naturellement non exhaustif de l\u2019ensemble des approches conduites dans la perspective qu\u2019il pointe \u2013 mais peut-on l\u2019\u00eatre jamais ? \u2013, participe tr\u00e8s utilement \u00e0 leur \u00e9clairage.\u00a0\u00bb(&#8230;)<\/p>\n<p>&nbsp;<\/p>","protected":false},"excerpt":{"rendered":"<p>Parler, \u00e9crire, \u00e9changer, c\u2019est faire l\u2019exp\u00e9rience d\u2019un partage du sens plus ou moins r\u00e9ussi, mais toujours attendu, sur le fond d\u2019un monde de repr\u00e9sentations et de perceptions pr\u00e9sum\u00e9es communes. Fond\u00e9es sur des faits linguistiques empiriques circonscrits et des probl\u00e9matiques clairement d\u00e9finies, les \u00e9tudes ici rassembl\u00e9es analysent les m\u00e9canismes, r\u00e9gularit\u00e9s, strat\u00e9gies qui soustendent ou affectent une [&hellip;]<\/p>\n","protected":false},"featured_media":18441,"template":"","meta":{"_acf_changed":false,"_links_to":"","_links_to_target":""},"product_brand":[],"product_cat":[3262],"product_tag":[],"class_list":{"0":"post-18433","1":"product","2":"type-product","3":"status-publish","4":"has-post-thumbnail","6":"product_cat-non-classe","8":"first","9":"instock","10":"shipping-taxable","11":"purchasable","12":"product-type-variable"},"acf":[],"yoast_head":"<!-- This site is optimized with the Yoast SEO plugin v27.2 - https:\/\/yoast.com\/product\/yoast-seo-wordpress\/ -->\n<title>Le partage du sens - ISTE Group<\/title>\n<meta name=\"description\" content=\"Le partage du sens montre combien la question du partage du sens renouvelle le regard port\u00e9 sur l\u2019intercompr\u00e9hension linguistique.\" \/>\n<meta name=\"robots\" content=\"index, follow, max-snippet:-1, max-image-preview:large, max-video-preview:-1\" \/>\n<link rel=\"canonical\" href=\"https:\/\/www.istegroup.com\/fr\/produit\/le-partage-du-sens\/\" \/>\n<meta property=\"og:locale\" content=\"fr_FR\" \/>\n<meta property=\"og:type\" content=\"article\" \/>\n<meta property=\"og:title\" content=\"Le partage du sens - ISTE Group\" \/>\n<meta property=\"og:description\" content=\"Le partage du sens montre combien la question du partage du sens renouvelle le regard port\u00e9 sur l\u2019intercompr\u00e9hension linguistique.\" \/>\n<meta property=\"og:url\" content=\"https:\/\/www.istegroup.com\/fr\/produit\/le-partage-du-sens\/\" \/>\n<meta property=\"og:site_name\" content=\"ISTE Group\" \/>\n<meta property=\"article:modified_time\" content=\"2024-01-03T13:43:06+00:00\" \/>\n<meta property=\"og:image\" content=\"https:\/\/www.istegroup.com\/wp-content\/uploads\/2019\/03\/Nickees_Front-scaled.jpg\" \/>\n\t<meta property=\"og:image:width\" content=\"1700\" \/>\n\t<meta property=\"og:image:height\" content=\"2560\" \/>\n\t<meta property=\"og:image:type\" content=\"image\/jpeg\" \/>\n<meta name=\"twitter:card\" content=\"summary_large_image\" \/>\n<meta name=\"twitter:label1\" content=\"Est. reading time\" \/>\n\t<meta name=\"twitter:data1\" content=\"3 minutes\" \/>\n<script type=\"application\/ld+json\" class=\"yoast-schema-graph\">{\"@context\":\"https:\/\/schema.org\",\"@graph\":[{\"@type\":\"WebPage\",\"@id\":\"https:\/\/www.istegroup.com\/fr\/produit\/le-partage-du-sens\/\",\"url\":\"https:\/\/www.istegroup.com\/fr\/produit\/le-partage-du-sens\/\",\"name\":\"Le partage du sens - ISTE Group\",\"isPartOf\":{\"@id\":\"https:\/\/www.istegroup.com\/#website\"},\"primaryImageOfPage\":{\"@id\":\"https:\/\/www.istegroup.com\/fr\/produit\/le-partage-du-sens\/#primaryimage\"},\"image\":{\"@id\":\"https:\/\/www.istegroup.com\/fr\/produit\/le-partage-du-sens\/#primaryimage\"},\"thumbnailUrl\":\"https:\/\/www.istegroup.com\/wp-content\/uploads\/2019\/03\/Nickees_Front-scaled.jpg\",\"datePublished\":\"2019-03-05T11:56:44+00:00\",\"dateModified\":\"2024-01-03T13:43:06+00:00\",\"description\":\"Le partage du sens montre combien la question du partage du sens renouvelle le regard port\u00e9 sur l\u2019intercompr\u00e9hension linguistique.\",\"breadcrumb\":{\"@id\":\"https:\/\/www.istegroup.com\/fr\/produit\/le-partage-du-sens\/#breadcrumb\"},\"inLanguage\":\"fr-FR\",\"potentialAction\":[{\"@type\":\"ReadAction\",\"target\":[\"https:\/\/www.istegroup.com\/fr\/produit\/le-partage-du-sens\/\"]}]},{\"@type\":\"ImageObject\",\"inLanguage\":\"fr-FR\",\"@id\":\"https:\/\/www.istegroup.com\/fr\/produit\/le-partage-du-sens\/#primaryimage\",\"url\":\"https:\/\/www.istegroup.com\/wp-content\/uploads\/2019\/03\/Nickees_Front-scaled.jpg\",\"contentUrl\":\"https:\/\/www.istegroup.com\/wp-content\/uploads\/2019\/03\/Nickees_Front-scaled.jpg\",\"width\":1700,\"height\":2560,\"caption\":\"Approches linguistiques du sens commun\"},{\"@type\":\"BreadcrumbList\",\"@id\":\"https:\/\/www.istegroup.com\/fr\/produit\/le-partage-du-sens\/#breadcrumb\",\"itemListElement\":[{\"@type\":\"ListItem\",\"position\":1,\"name\":\"Home\",\"item\":\"https:\/\/www.istegroup.com\/\"},{\"@type\":\"ListItem\",\"position\":2,\"name\":\"Shop\",\"item\":\"https:\/\/www.istegroup.com\/fr\/nouveautes\/\"},{\"@type\":\"ListItem\",\"position\":3,\"name\":\"Le partage du sens\"}]},{\"@type\":\"WebSite\",\"@id\":\"https:\/\/www.istegroup.com\/#website\",\"url\":\"https:\/\/www.istegroup.com\/\",\"name\":\"ISTE Group\",\"description\":\"\u00c9diteur des Sciences\",\"potentialAction\":[{\"@type\":\"SearchAction\",\"target\":{\"@type\":\"EntryPoint\",\"urlTemplate\":\"https:\/\/www.istegroup.com\/?s={search_term_string}\"},\"query-input\":{\"@type\":\"PropertyValueSpecification\",\"valueRequired\":true,\"valueName\":\"search_term_string\"}}],\"inLanguage\":\"fr-FR\"}]}<\/script>\n<!-- \/ Yoast SEO plugin. -->","yoast_head_json":{"title":"Le partage du sens - ISTE Group","description":"Le partage du sens montre combien la question du partage du sens renouvelle le regard port\u00e9 sur l\u2019intercompr\u00e9hension linguistique.","robots":{"index":"index","follow":"follow","max-snippet":"max-snippet:-1","max-image-preview":"max-image-preview:large","max-video-preview":"max-video-preview:-1"},"canonical":"https:\/\/www.istegroup.com\/fr\/produit\/le-partage-du-sens\/","og_locale":"fr_FR","og_type":"article","og_title":"Le partage du sens - ISTE Group","og_description":"Le partage du sens montre combien la question du partage du sens renouvelle le regard port\u00e9 sur l\u2019intercompr\u00e9hension linguistique.","og_url":"https:\/\/www.istegroup.com\/fr\/produit\/le-partage-du-sens\/","og_site_name":"ISTE Group","article_modified_time":"2024-01-03T13:43:06+00:00","og_image":[{"width":1700,"height":2560,"url":"https:\/\/www.istegroup.com\/wp-content\/uploads\/2019\/03\/Nickees_Front-scaled.jpg","type":"image\/jpeg"}],"twitter_card":"summary_large_image","twitter_misc":{"Est. reading time":"3 minutes"},"schema":{"@context":"https:\/\/schema.org","@graph":[{"@type":"WebPage","@id":"https:\/\/www.istegroup.com\/fr\/produit\/le-partage-du-sens\/","url":"https:\/\/www.istegroup.com\/fr\/produit\/le-partage-du-sens\/","name":"Le partage du sens - ISTE Group","isPartOf":{"@id":"https:\/\/www.istegroup.com\/#website"},"primaryImageOfPage":{"@id":"https:\/\/www.istegroup.com\/fr\/produit\/le-partage-du-sens\/#primaryimage"},"image":{"@id":"https:\/\/www.istegroup.com\/fr\/produit\/le-partage-du-sens\/#primaryimage"},"thumbnailUrl":"https:\/\/www.istegroup.com\/wp-content\/uploads\/2019\/03\/Nickees_Front-scaled.jpg","datePublished":"2019-03-05T11:56:44+00:00","dateModified":"2024-01-03T13:43:06+00:00","description":"Le partage du sens montre combien la question du partage du sens renouvelle le regard port\u00e9 sur l\u2019intercompr\u00e9hension linguistique.","breadcrumb":{"@id":"https:\/\/www.istegroup.com\/fr\/produit\/le-partage-du-sens\/#breadcrumb"},"inLanguage":"fr-FR","potentialAction":[{"@type":"ReadAction","target":["https:\/\/www.istegroup.com\/fr\/produit\/le-partage-du-sens\/"]}]},{"@type":"ImageObject","inLanguage":"fr-FR","@id":"https:\/\/www.istegroup.com\/fr\/produit\/le-partage-du-sens\/#primaryimage","url":"https:\/\/www.istegroup.com\/wp-content\/uploads\/2019\/03\/Nickees_Front-scaled.jpg","contentUrl":"https:\/\/www.istegroup.com\/wp-content\/uploads\/2019\/03\/Nickees_Front-scaled.jpg","width":1700,"height":2560,"caption":"Approches linguistiques du sens commun"},{"@type":"BreadcrumbList","@id":"https:\/\/www.istegroup.com\/fr\/produit\/le-partage-du-sens\/#breadcrumb","itemListElement":[{"@type":"ListItem","position":1,"name":"Home","item":"https:\/\/www.istegroup.com\/"},{"@type":"ListItem","position":2,"name":"Shop","item":"https:\/\/www.istegroup.com\/fr\/nouveautes\/"},{"@type":"ListItem","position":3,"name":"Le partage du sens"}]},{"@type":"WebSite","@id":"https:\/\/www.istegroup.com\/#website","url":"https:\/\/www.istegroup.com\/","name":"ISTE Group","description":"\u00c9diteur des Sciences","potentialAction":[{"@type":"SearchAction","target":{"@type":"EntryPoint","urlTemplate":"https:\/\/www.istegroup.com\/?s={search_term_string}"},"query-input":{"@type":"PropertyValueSpecification","valueRequired":true,"valueName":"search_term_string"}}],"inLanguage":"fr-FR"}]}},"_links":{"self":[{"href":"https:\/\/www.istegroup.com\/fr\/wp-json\/wp\/v2\/product\/18433","targetHints":{"allow":["GET"]}}],"collection":[{"href":"https:\/\/www.istegroup.com\/fr\/wp-json\/wp\/v2\/product"}],"about":[{"href":"https:\/\/www.istegroup.com\/fr\/wp-json\/wp\/v2\/types\/product"}],"wp:featuredmedia":[{"embeddable":true,"href":"https:\/\/www.istegroup.com\/fr\/wp-json\/wp\/v2\/media\/18441"}],"wp:attachment":[{"href":"https:\/\/www.istegroup.com\/fr\/wp-json\/wp\/v2\/media?parent=18433"}],"wp:term":[{"taxonomy":"product_brand","embeddable":true,"href":"https:\/\/www.istegroup.com\/fr\/wp-json\/wp\/v2\/product_brand?post=18433"},{"taxonomy":"product_cat","embeddable":true,"href":"https:\/\/www.istegroup.com\/fr\/wp-json\/wp\/v2\/product_cat?post=18433"},{"taxonomy":"product_tag","embeddable":true,"href":"https:\/\/www.istegroup.com\/fr\/wp-json\/wp\/v2\/product_tag?post=18433"}],"curies":[{"name":"wp","href":"https:\/\/api.w.org\/{rel}","templated":true}]}}