{"id":183,"date":"2017-07-28T11:02:22","date_gmt":"2017-07-28T09:02:22","guid":{"rendered":"https:\/\/iste.yhello.co\/product\/diversite-et-fonctions-de-systemes-ecologiques-marins\/"},"modified":"2024-01-03T13:38:45","modified_gmt":"2024-01-03T13:38:45","slug":"diversite-et-fonctions-de-systemes-ecologiques-marins","status":"publish","type":"product","link":"https:\/\/www.istegroup.com\/fr\/produit\/diversite-et-fonctions-de-systemes-ecologiques-marins\/","title":{"rendered":"Diversit\u00e9 et fonctions de syst\u00e8mes \u00e9cologiques marins"},"content":{"rendered":"<p>La s\u00e9rie\u00a0<em>Mer et Oc\u00e9an<\/em>\u00a0propose une approche interdisciplinaire et int\u00e9gr\u00e9e (biologique, physique, chimique) des syst\u00e8mes oc\u00e9aniques : \u00e9tat et fonctionnement des oc\u00e9ans, origine de leur vuln\u00e9rabilit\u00e9, sc\u00e9narios de gestion durable et d\u2019adaptation des soci\u00e9t\u00e9s. Une approche qui permet le passage de cette science fondamentale, bas\u00e9e sur l\u2019analyse des processus, leurs couplages \u00e0 toutes les \u00e9chelles et entre tous les compartiments, \u00e0 une science \u00ab publique \u00bb, finalisable et participative, ouverte aux d\u00e9cideurs et aux gestionnaires.<\/p>\n<p>Dans une perspective de gestion durable, les \u00e9quilibres entre dynamiques \u00e9cologiques, sociales et \u00e9conomiques sont d\u00e9sormais au c\u0153ur des strat\u00e9gies de mod\u00e9lisation \u00e9cologique et de sc\u00e9narisation environnementale.<\/p>\n<p><em>Diversit\u00e9 et fonctions de syst\u00e8mes \u00e9cologiques marins\u00a0<\/em>illustre la biodiversit\u00e9, la diversit\u00e9 des habitats, des structures et des r\u00e9seaux trophiques dans diff\u00e9rents oc\u00e9ans de la plan\u00e8te et syst\u00e8mes : \u00e9cosyst\u00e8mes p\u00e9lagiques et benthiques, r\u00e9cifs coralliens et herbiers, oasis des sources hydrothermales des dorsales ou zones riches d\u2019<em>upwelling<\/em>.<\/p>\n<p>Des m\u00e9thodes appropri\u00e9es d\u2019observations, de suivis \u00e0 long terme et de mod\u00e9lisation r\u00e9v\u00e8lent la complexit\u00e9 des syst\u00e8mes, des interactions trophiques et des dynamiques spatio-temporelles. L\u2019approche \u00e9cosyst\u00e9mique est une condition indispensable pour \u00e9valuer l\u2019\u00e9tat de ces syst\u00e8mes, de leurs ressources vivantes et des services \u00e9cologiques concern\u00e9s par les changements environnementaux locaux ou globaux.<\/p>\n","protected":false},"excerpt":{"rendered":"<p>La s\u00e9rie\u00a0Mer et Oc\u00e9an\u00a0propose une approche interdisciplinaire et int\u00e9gr\u00e9e (biologique, physique, chimique) des syst\u00e8mes oc\u00e9aniques : \u00e9tat et fonctionnement des oc\u00e9ans, origine de leur vuln\u00e9rabilit\u00e9, sc\u00e9narios de gestion durable et d\u2019adaptation des soci\u00e9t\u00e9s. Une approche qui permet le passage de cette science fondamentale, bas\u00e9e sur l\u2019analyse des processus, leurs couplages \u00e0 toutes les \u00e9chelles et [&hellip;]<\/p>\n","protected":false},"featured_media":184,"template":"","meta":{"_acf_changed":false,"_links_to":"","_links_to_target":""},"product_brand":[],"product_cat":[712,705],"product_tag":[927,881,1042,1043,1044,31,196,474,329,197,198,199,21,200,22,201,203,204,63,25,172,209,324,1045,212,38,192,145,28,939,1046],"class_list":{"0":"post-183","1":"product","2":"type-product","3":"status-publish","4":"has-post-thumbnail","6":"product_cat-srie-mer-et-ocan-189825988","7":"product_cat-systme-terre-environnement-27112280","8":"product_tag-andre-monaco","9":"product_tag-biodiversite","10":"product_tag-diversite","11":"product_tag-diversite-des-habitats","12":"product_tag-diversite-et-fonctions-de-systemes-ecologiques-marins","13":"product_tag-ebook","14":"product_tag-ebooks","15":"product_tag-ecologie","16":"product_tag-environnement","17":"product_tag-iste","18":"product_tag-iste-edition","19":"product_tag-iste-editions","20":"product_tag-iste-group","21":"product_tag-isteedition","22":"product_tag-istegroup","23":"product_tag-kindle","24":"product_tag-liseuse","25":"product_tag-livre","26":"product_tag-livre-electronique","27":"product_tag-livre-numerique","28":"product_tag-livre-scientifique","29":"product_tag-livres-scientifiques","30":"product_tag-modelisation","31":"product_tag-ocean","32":"product_tag-ouvrage","33":"product_tag-ouvrage-numerique","34":"product_tag-ouvrage-science","35":"product_tag-ouvrage-scientifique","36":"product_tag-ouvrage-scientifique-francais","37":"product_tag-patrick-prouzet","38":"product_tag-systemes-ecologiques-marins","40":"first","41":"instock","42":"shipping-taxable","43":"purchasable","44":"product-type-variable"},"acf":[],"yoast_head":"<!-- This site is optimized with the Yoast SEO plugin v27.2 - https:\/\/yoast.com\/product\/yoast-seo-wordpress\/ -->\n<title>Diversit\u00e9 et fonctions de syst\u00e8mes \u00e9cologiques marins - ISTE Group<\/title>\n<meta name=\"description\" content=\"L&#039;ouvrage\u00a0illustre la biodiversit\u00e9, la diversit\u00e9 des habitats, des structures et des r\u00e9seaux trophiques dans diff\u00e9rents oc\u00e9ans et syst\u00e8mes \u00e9cologiques marins.\" \/>\n<meta name=\"robots\" content=\"index, follow, max-snippet:-1, max-image-preview:large, max-video-preview:-1\" \/>\n<link rel=\"canonical\" href=\"https:\/\/www.istegroup.com\/fr\/produit\/diversite-et-fonctions-de-systemes-ecologiques-marins\/\" \/>\n<meta property=\"og:locale\" content=\"fr_FR\" \/>\n<meta property=\"og:type\" content=\"article\" \/>\n<meta property=\"og:title\" content=\"Diversit\u00e9 et fonctions de syst\u00e8mes \u00e9cologiques marins - ISTE Group\" \/>\n<meta property=\"og:description\" content=\"L&#039;ouvrage\u00a0illustre la biodiversit\u00e9, la diversit\u00e9 des habitats, des structures et des r\u00e9seaux trophiques dans diff\u00e9rents oc\u00e9ans et syst\u00e8mes \u00e9cologiques marins.\" \/>\n<meta property=\"og:url\" content=\"https:\/\/www.istegroup.com\/fr\/produit\/diversite-et-fonctions-de-systemes-ecologiques-marins\/\" \/>\n<meta property=\"og:site_name\" content=\"ISTE Group\" \/>\n<meta property=\"article:modified_time\" content=\"2024-01-03T13:38:45+00:00\" \/>\n<meta property=\"og:image\" content=\"https:\/\/www.istegroup.com\/wp-content\/uploads\/2017\/07\/1235215640_432171408-1.jpg\" \/>\n\t<meta property=\"og:image:width\" content=\"300\" \/>\n\t<meta property=\"og:image:height\" content=\"452\" \/>\n\t<meta property=\"og:image:type\" content=\"image\/jpeg\" \/>\n<meta name=\"twitter:card\" content=\"summary_large_image\" \/>\n<meta name=\"twitter:label1\" content=\"Est. reading time\" \/>\n\t<meta name=\"twitter:data1\" content=\"1 minute\" \/>\n<script type=\"application\/ld+json\" class=\"yoast-schema-graph\">{\"@context\":\"https:\/\/schema.org\",\"@graph\":[{\"@type\":\"WebPage\",\"@id\":\"https:\/\/www.istegroup.com\/fr\/produit\/diversite-et-fonctions-de-systemes-ecologiques-marins\/\",\"url\":\"https:\/\/www.istegroup.com\/fr\/produit\/diversite-et-fonctions-de-systemes-ecologiques-marins\/\",\"name\":\"Diversit\u00e9 et fonctions de syst\u00e8mes \u00e9cologiques marins - ISTE Group\",\"isPartOf\":{\"@id\":\"https:\/\/www.istegroup.com\/#website\"},\"primaryImageOfPage\":{\"@id\":\"https:\/\/www.istegroup.com\/fr\/produit\/diversite-et-fonctions-de-systemes-ecologiques-marins\/#primaryimage\"},\"image\":{\"@id\":\"https:\/\/www.istegroup.com\/fr\/produit\/diversite-et-fonctions-de-systemes-ecologiques-marins\/#primaryimage\"},\"thumbnailUrl\":\"https:\/\/www.istegroup.com\/wp-content\/uploads\/2017\/07\/1235215640_432171408-1.jpg\",\"datePublished\":\"2017-07-28T09:02:22+00:00\",\"dateModified\":\"2024-01-03T13:38:45+00:00\",\"description\":\"L'ouvrage\u00a0illustre la biodiversit\u00e9, la diversit\u00e9 des habitats, des structures et des r\u00e9seaux trophiques dans diff\u00e9rents oc\u00e9ans et syst\u00e8mes \u00e9cologiques marins.\",\"breadcrumb\":{\"@id\":\"https:\/\/www.istegroup.com\/fr\/produit\/diversite-et-fonctions-de-systemes-ecologiques-marins\/#breadcrumb\"},\"inLanguage\":\"fr-FR\",\"potentialAction\":[{\"@type\":\"ReadAction\",\"target\":[\"https:\/\/www.istegroup.com\/fr\/produit\/diversite-et-fonctions-de-systemes-ecologiques-marins\/\"]}]},{\"@type\":\"ImageObject\",\"inLanguage\":\"fr-FR\",\"@id\":\"https:\/\/www.istegroup.com\/fr\/produit\/diversite-et-fonctions-de-systemes-ecologiques-marins\/#primaryimage\",\"url\":\"https:\/\/www.istegroup.com\/wp-content\/uploads\/2017\/07\/1235215640_432171408-1.jpg\",\"contentUrl\":\"https:\/\/www.istegroup.com\/wp-content\/uploads\/2017\/07\/1235215640_432171408-1.jpg\",\"width\":300,\"height\":452,\"caption\":\"Diversit\u00e9 et fonctions de syst\u00e8mes \u00e9cologiques marins\"},{\"@type\":\"BreadcrumbList\",\"@id\":\"https:\/\/www.istegroup.com\/fr\/produit\/diversite-et-fonctions-de-systemes-ecologiques-marins\/#breadcrumb\",\"itemListElement\":[{\"@type\":\"ListItem\",\"position\":1,\"name\":\"Home\",\"item\":\"https:\/\/www.istegroup.com\/\"},{\"@type\":\"ListItem\",\"position\":2,\"name\":\"Shop\",\"item\":\"https:\/\/www.istegroup.com\/fr\/nouveautes\/\"},{\"@type\":\"ListItem\",\"position\":3,\"name\":\"Diversit\u00e9 et fonctions de syst\u00e8mes \u00e9cologiques marins\"}]},{\"@type\":\"WebSite\",\"@id\":\"https:\/\/www.istegroup.com\/#website\",\"url\":\"https:\/\/www.istegroup.com\/\",\"name\":\"ISTE Group\",\"description\":\"\u00c9diteur des Sciences\",\"potentialAction\":[{\"@type\":\"SearchAction\",\"target\":{\"@type\":\"EntryPoint\",\"urlTemplate\":\"https:\/\/www.istegroup.com\/?s={search_term_string}\"},\"query-input\":{\"@type\":\"PropertyValueSpecification\",\"valueRequired\":true,\"valueName\":\"search_term_string\"}}],\"inLanguage\":\"fr-FR\"}]}<\/script>\n<!-- \/ Yoast SEO plugin. -->","yoast_head_json":{"title":"Diversit\u00e9 et fonctions de syst\u00e8mes \u00e9cologiques marins - ISTE Group","description":"L'ouvrage\u00a0illustre la biodiversit\u00e9, la diversit\u00e9 des habitats, des structures et des r\u00e9seaux trophiques dans diff\u00e9rents oc\u00e9ans et syst\u00e8mes \u00e9cologiques marins.","robots":{"index":"index","follow":"follow","max-snippet":"max-snippet:-1","max-image-preview":"max-image-preview:large","max-video-preview":"max-video-preview:-1"},"canonical":"https:\/\/www.istegroup.com\/fr\/produit\/diversite-et-fonctions-de-systemes-ecologiques-marins\/","og_locale":"fr_FR","og_type":"article","og_title":"Diversit\u00e9 et fonctions de syst\u00e8mes \u00e9cologiques marins - ISTE Group","og_description":"L'ouvrage\u00a0illustre la biodiversit\u00e9, la diversit\u00e9 des habitats, des structures et des r\u00e9seaux trophiques dans diff\u00e9rents oc\u00e9ans et syst\u00e8mes \u00e9cologiques marins.","og_url":"https:\/\/www.istegroup.com\/fr\/produit\/diversite-et-fonctions-de-systemes-ecologiques-marins\/","og_site_name":"ISTE Group","article_modified_time":"2024-01-03T13:38:45+00:00","og_image":[{"width":300,"height":452,"url":"https:\/\/www.istegroup.com\/wp-content\/uploads\/2017\/07\/1235215640_432171408-1.jpg","type":"image\/jpeg"}],"twitter_card":"summary_large_image","twitter_misc":{"Est. reading time":"1 minute"},"schema":{"@context":"https:\/\/schema.org","@graph":[{"@type":"WebPage","@id":"https:\/\/www.istegroup.com\/fr\/produit\/diversite-et-fonctions-de-systemes-ecologiques-marins\/","url":"https:\/\/www.istegroup.com\/fr\/produit\/diversite-et-fonctions-de-systemes-ecologiques-marins\/","name":"Diversit\u00e9 et fonctions de syst\u00e8mes \u00e9cologiques marins - ISTE Group","isPartOf":{"@id":"https:\/\/www.istegroup.com\/#website"},"primaryImageOfPage":{"@id":"https:\/\/www.istegroup.com\/fr\/produit\/diversite-et-fonctions-de-systemes-ecologiques-marins\/#primaryimage"},"image":{"@id":"https:\/\/www.istegroup.com\/fr\/produit\/diversite-et-fonctions-de-systemes-ecologiques-marins\/#primaryimage"},"thumbnailUrl":"https:\/\/www.istegroup.com\/wp-content\/uploads\/2017\/07\/1235215640_432171408-1.jpg","datePublished":"2017-07-28T09:02:22+00:00","dateModified":"2024-01-03T13:38:45+00:00","description":"L'ouvrage\u00a0illustre la biodiversit\u00e9, la diversit\u00e9 des habitats, des structures et des r\u00e9seaux trophiques dans diff\u00e9rents oc\u00e9ans et syst\u00e8mes \u00e9cologiques marins.","breadcrumb":{"@id":"https:\/\/www.istegroup.com\/fr\/produit\/diversite-et-fonctions-de-systemes-ecologiques-marins\/#breadcrumb"},"inLanguage":"fr-FR","potentialAction":[{"@type":"ReadAction","target":["https:\/\/www.istegroup.com\/fr\/produit\/diversite-et-fonctions-de-systemes-ecologiques-marins\/"]}]},{"@type":"ImageObject","inLanguage":"fr-FR","@id":"https:\/\/www.istegroup.com\/fr\/produit\/diversite-et-fonctions-de-systemes-ecologiques-marins\/#primaryimage","url":"https:\/\/www.istegroup.com\/wp-content\/uploads\/2017\/07\/1235215640_432171408-1.jpg","contentUrl":"https:\/\/www.istegroup.com\/wp-content\/uploads\/2017\/07\/1235215640_432171408-1.jpg","width":300,"height":452,"caption":"Diversit\u00e9 et fonctions de syst\u00e8mes \u00e9cologiques marins"},{"@type":"BreadcrumbList","@id":"https:\/\/www.istegroup.com\/fr\/produit\/diversite-et-fonctions-de-systemes-ecologiques-marins\/#breadcrumb","itemListElement":[{"@type":"ListItem","position":1,"name":"Home","item":"https:\/\/www.istegroup.com\/"},{"@type":"ListItem","position":2,"name":"Shop","item":"https:\/\/www.istegroup.com\/fr\/nouveautes\/"},{"@type":"ListItem","position":3,"name":"Diversit\u00e9 et fonctions de syst\u00e8mes \u00e9cologiques marins"}]},{"@type":"WebSite","@id":"https:\/\/www.istegroup.com\/#website","url":"https:\/\/www.istegroup.com\/","name":"ISTE Group","description":"\u00c9diteur des Sciences","potentialAction":[{"@type":"SearchAction","target":{"@type":"EntryPoint","urlTemplate":"https:\/\/www.istegroup.com\/?s={search_term_string}"},"query-input":{"@type":"PropertyValueSpecification","valueRequired":true,"valueName":"search_term_string"}}],"inLanguage":"fr-FR"}]}},"_links":{"self":[{"href":"https:\/\/www.istegroup.com\/fr\/wp-json\/wp\/v2\/product\/183","targetHints":{"allow":["GET"]}}],"collection":[{"href":"https:\/\/www.istegroup.com\/fr\/wp-json\/wp\/v2\/product"}],"about":[{"href":"https:\/\/www.istegroup.com\/fr\/wp-json\/wp\/v2\/types\/product"}],"wp:featuredmedia":[{"embeddable":true,"href":"https:\/\/www.istegroup.com\/fr\/wp-json\/wp\/v2\/media\/184"}],"wp:attachment":[{"href":"https:\/\/www.istegroup.com\/fr\/wp-json\/wp\/v2\/media?parent=183"}],"wp:term":[{"taxonomy":"product_brand","embeddable":true,"href":"https:\/\/www.istegroup.com\/fr\/wp-json\/wp\/v2\/product_brand?post=183"},{"taxonomy":"product_cat","embeddable":true,"href":"https:\/\/www.istegroup.com\/fr\/wp-json\/wp\/v2\/product_cat?post=183"},{"taxonomy":"product_tag","embeddable":true,"href":"https:\/\/www.istegroup.com\/fr\/wp-json\/wp\/v2\/product_tag?post=183"}],"curies":[{"name":"wp","href":"https:\/\/api.w.org\/{rel}","templated":true}]}}