{"id":18297,"date":"2019-03-01T14:19:53","date_gmt":"2019-03-01T14:19:53","guid":{"rendered":"https:\/\/www.istegroup.com\/?post_type=product&#038;p=18297"},"modified":"2024-01-03T13:43:05","modified_gmt":"2024-01-03T13:43:05","slug":"management-creatif-des-systemes-complexes","status":"publish","type":"product","link":"https:\/\/www.istegroup.com\/fr\/produit\/management-creatif-des-systemes-complexes\/","title":{"rendered":"Management cr\u00e9atif des syst\u00e8mes complexes"},"content":{"rendered":"<p>Le propre des syst\u00e8mes complexes est de mettre en oeuvre des m\u00e9canismes interactifs en boucle qui rendent impossible toute forme de planification strat\u00e9gique, et plus largement qui d\u00e9fient la pens\u00e9e lin\u00e9aire.<\/p>\n<p>Cet ouvrage examine les syst\u00e8mes complexes du point de vue du management. Il pr\u00e9cise tout d\u2019abord les propri\u00e9t\u00e9s et l\u2019\u00e9volution de ces syst\u00e8mes. Il traite ensuite de la n\u00e9cessit\u00e9 de mettre en place des dispositions de recueil et d\u2019interpr\u00e9tation des signaux faibles dans les organisations. Il analyse la place de l\u2019entrepreneur dans les syst\u00e8mes complexes en insistant sur le r\u00f4le de la motivation, de l\u2019imagination et de l\u2019identit\u00e9 sociale de l\u2019individu. L\u2019ouvrage conclut sur la gestion des ressources humaines et le marketing des entreprises au sein des syst\u00e8mes complexes, en montrant que le comportement des managers en charge de ces fonctions doit s\u2019adapter au contexte.<\/p>\n<p>Cet ouvrage offre des exemples sectoriels concrets qui illustrent le travail sur les concepts.<\/p>\n<p>&nbsp;<\/p>\n","protected":false},"excerpt":{"rendered":"<p>Le propre des syst\u00e8mes complexes est de mettre en oeuvre des m\u00e9canismes interactifs en boucle qui rendent impossible toute forme de planification strat\u00e9gique, et plus largement qui d\u00e9fient la pens\u00e9e lin\u00e9aire. Cet ouvrage examine les syst\u00e8mes complexes du point de vue du management. Il pr\u00e9cise tout d\u2019abord les propri\u00e9t\u00e9s et l\u2019\u00e9volution de ces syst\u00e8mes. Il [&hellip;]<\/p>\n","protected":false},"featured_media":18308,"template":"","meta":{"_acf_changed":false,"_links_to":"","_links_to_target":""},"product_brand":[],"product_cat":[3262],"product_tag":[],"class_list":{"0":"post-18297","1":"product","2":"type-product","3":"status-publish","4":"has-post-thumbnail","6":"product_cat-non-classe","8":"first","9":"instock","10":"shipping-taxable","11":"purchasable","12":"product-type-variable"},"acf":[],"yoast_head":"<!-- This site is optimized with the Yoast SEO plugin v27.2 - https:\/\/yoast.com\/product\/yoast-seo-wordpress\/ -->\n<title>Management cr\u00e9atif des syst\u00e8mes complexes - ISTE Group<\/title>\n<meta name=\"description\" content=\"Management cr\u00e9atif des syst\u00e8mes complexes examine les syst\u00e8mes complexes du point de vue du management.\" \/>\n<meta name=\"robots\" content=\"index, follow, max-snippet:-1, max-image-preview:large, max-video-preview:-1\" \/>\n<link rel=\"canonical\" href=\"https:\/\/www.istegroup.com\/fr\/produit\/management-creatif-des-systemes-complexes\/\" \/>\n<meta property=\"og:locale\" content=\"fr_FR\" \/>\n<meta property=\"og:type\" content=\"article\" \/>\n<meta property=\"og:title\" content=\"Management cr\u00e9atif des syst\u00e8mes complexes - ISTE Group\" \/>\n<meta property=\"og:description\" content=\"Management cr\u00e9atif des syst\u00e8mes complexes examine les syst\u00e8mes complexes du point de vue du management.\" \/>\n<meta property=\"og:url\" content=\"https:\/\/www.istegroup.com\/fr\/produit\/management-creatif-des-systemes-complexes\/\" \/>\n<meta property=\"og:site_name\" content=\"ISTE Group\" \/>\n<meta property=\"article:modified_time\" content=\"2024-01-03T13:43:05+00:00\" \/>\n<meta property=\"og:image\" content=\"https:\/\/www.istegroup.com\/wp-content\/uploads\/2019\/03\/Heraud_Front-scaled.jpg\" \/>\n\t<meta property=\"og:image:width\" content=\"1693\" \/>\n\t<meta property=\"og:image:height\" content=\"2560\" \/>\n\t<meta property=\"og:image:type\" content=\"image\/jpeg\" \/>\n<meta name=\"twitter:card\" content=\"summary_large_image\" \/>\n<meta name=\"twitter:label1\" content=\"Est. reading time\" \/>\n\t<meta name=\"twitter:data1\" content=\"1 minute\" \/>\n<script type=\"application\/ld+json\" class=\"yoast-schema-graph\">{\"@context\":\"https:\/\/schema.org\",\"@graph\":[{\"@type\":\"WebPage\",\"@id\":\"https:\/\/www.istegroup.com\/fr\/produit\/management-creatif-des-systemes-complexes\/\",\"url\":\"https:\/\/www.istegroup.com\/fr\/produit\/management-creatif-des-systemes-complexes\/\",\"name\":\"Management cr\u00e9atif des syst\u00e8mes complexes - ISTE Group\",\"isPartOf\":{\"@id\":\"https:\/\/www.istegroup.com\/#website\"},\"primaryImageOfPage\":{\"@id\":\"https:\/\/www.istegroup.com\/fr\/produit\/management-creatif-des-systemes-complexes\/#primaryimage\"},\"image\":{\"@id\":\"https:\/\/www.istegroup.com\/fr\/produit\/management-creatif-des-systemes-complexes\/#primaryimage\"},\"thumbnailUrl\":\"https:\/\/www.istegroup.com\/wp-content\/uploads\/2019\/03\/Heraud_Front-scaled.jpg\",\"datePublished\":\"2019-03-01T14:19:53+00:00\",\"dateModified\":\"2024-01-03T13:43:05+00:00\",\"description\":\"Management cr\u00e9atif des syst\u00e8mes complexes examine les syst\u00e8mes complexes du point de vue du management.\",\"breadcrumb\":{\"@id\":\"https:\/\/www.istegroup.com\/fr\/produit\/management-creatif-des-systemes-complexes\/#breadcrumb\"},\"inLanguage\":\"fr-FR\",\"potentialAction\":[{\"@type\":\"ReadAction\",\"target\":[\"https:\/\/www.istegroup.com\/fr\/produit\/management-creatif-des-systemes-complexes\/\"]}]},{\"@type\":\"ImageObject\",\"inLanguage\":\"fr-FR\",\"@id\":\"https:\/\/www.istegroup.com\/fr\/produit\/management-creatif-des-systemes-complexes\/#primaryimage\",\"url\":\"https:\/\/www.istegroup.com\/wp-content\/uploads\/2019\/03\/Heraud_Front-scaled.jpg\",\"contentUrl\":\"https:\/\/www.istegroup.com\/wp-content\/uploads\/2019\/03\/Heraud_Front-scaled.jpg\",\"width\":1693,\"height\":2560,\"caption\":\"La gestion des risques dans les PME\"},{\"@type\":\"BreadcrumbList\",\"@id\":\"https:\/\/www.istegroup.com\/fr\/produit\/management-creatif-des-systemes-complexes\/#breadcrumb\",\"itemListElement\":[{\"@type\":\"ListItem\",\"position\":1,\"name\":\"Home\",\"item\":\"https:\/\/www.istegroup.com\/\"},{\"@type\":\"ListItem\",\"position\":2,\"name\":\"Shop\",\"item\":\"https:\/\/www.istegroup.com\/fr\/nouveautes\/\"},{\"@type\":\"ListItem\",\"position\":3,\"name\":\"Management cr\u00e9atif des syst\u00e8mes complexes\"}]},{\"@type\":\"WebSite\",\"@id\":\"https:\/\/www.istegroup.com\/#website\",\"url\":\"https:\/\/www.istegroup.com\/\",\"name\":\"ISTE Group\",\"description\":\"\u00c9diteur des Sciences\",\"potentialAction\":[{\"@type\":\"SearchAction\",\"target\":{\"@type\":\"EntryPoint\",\"urlTemplate\":\"https:\/\/www.istegroup.com\/?s={search_term_string}\"},\"query-input\":{\"@type\":\"PropertyValueSpecification\",\"valueRequired\":true,\"valueName\":\"search_term_string\"}}],\"inLanguage\":\"fr-FR\"}]}<\/script>\n<!-- \/ Yoast SEO plugin. -->","yoast_head_json":{"title":"Management cr\u00e9atif des syst\u00e8mes complexes - ISTE Group","description":"Management cr\u00e9atif des syst\u00e8mes complexes examine les syst\u00e8mes complexes du point de vue du management.","robots":{"index":"index","follow":"follow","max-snippet":"max-snippet:-1","max-image-preview":"max-image-preview:large","max-video-preview":"max-video-preview:-1"},"canonical":"https:\/\/www.istegroup.com\/fr\/produit\/management-creatif-des-systemes-complexes\/","og_locale":"fr_FR","og_type":"article","og_title":"Management cr\u00e9atif des syst\u00e8mes complexes - ISTE Group","og_description":"Management cr\u00e9atif des syst\u00e8mes complexes examine les syst\u00e8mes complexes du point de vue du management.","og_url":"https:\/\/www.istegroup.com\/fr\/produit\/management-creatif-des-systemes-complexes\/","og_site_name":"ISTE Group","article_modified_time":"2024-01-03T13:43:05+00:00","og_image":[{"width":1693,"height":2560,"url":"https:\/\/www.istegroup.com\/wp-content\/uploads\/2019\/03\/Heraud_Front-scaled.jpg","type":"image\/jpeg"}],"twitter_card":"summary_large_image","twitter_misc":{"Est. reading time":"1 minute"},"schema":{"@context":"https:\/\/schema.org","@graph":[{"@type":"WebPage","@id":"https:\/\/www.istegroup.com\/fr\/produit\/management-creatif-des-systemes-complexes\/","url":"https:\/\/www.istegroup.com\/fr\/produit\/management-creatif-des-systemes-complexes\/","name":"Management cr\u00e9atif des syst\u00e8mes complexes - ISTE Group","isPartOf":{"@id":"https:\/\/www.istegroup.com\/#website"},"primaryImageOfPage":{"@id":"https:\/\/www.istegroup.com\/fr\/produit\/management-creatif-des-systemes-complexes\/#primaryimage"},"image":{"@id":"https:\/\/www.istegroup.com\/fr\/produit\/management-creatif-des-systemes-complexes\/#primaryimage"},"thumbnailUrl":"https:\/\/www.istegroup.com\/wp-content\/uploads\/2019\/03\/Heraud_Front-scaled.jpg","datePublished":"2019-03-01T14:19:53+00:00","dateModified":"2024-01-03T13:43:05+00:00","description":"Management cr\u00e9atif des syst\u00e8mes complexes examine les syst\u00e8mes complexes du point de vue du management.","breadcrumb":{"@id":"https:\/\/www.istegroup.com\/fr\/produit\/management-creatif-des-systemes-complexes\/#breadcrumb"},"inLanguage":"fr-FR","potentialAction":[{"@type":"ReadAction","target":["https:\/\/www.istegroup.com\/fr\/produit\/management-creatif-des-systemes-complexes\/"]}]},{"@type":"ImageObject","inLanguage":"fr-FR","@id":"https:\/\/www.istegroup.com\/fr\/produit\/management-creatif-des-systemes-complexes\/#primaryimage","url":"https:\/\/www.istegroup.com\/wp-content\/uploads\/2019\/03\/Heraud_Front-scaled.jpg","contentUrl":"https:\/\/www.istegroup.com\/wp-content\/uploads\/2019\/03\/Heraud_Front-scaled.jpg","width":1693,"height":2560,"caption":"La gestion des risques dans les PME"},{"@type":"BreadcrumbList","@id":"https:\/\/www.istegroup.com\/fr\/produit\/management-creatif-des-systemes-complexes\/#breadcrumb","itemListElement":[{"@type":"ListItem","position":1,"name":"Home","item":"https:\/\/www.istegroup.com\/"},{"@type":"ListItem","position":2,"name":"Shop","item":"https:\/\/www.istegroup.com\/fr\/nouveautes\/"},{"@type":"ListItem","position":3,"name":"Management cr\u00e9atif des syst\u00e8mes complexes"}]},{"@type":"WebSite","@id":"https:\/\/www.istegroup.com\/#website","url":"https:\/\/www.istegroup.com\/","name":"ISTE Group","description":"\u00c9diteur des Sciences","potentialAction":[{"@type":"SearchAction","target":{"@type":"EntryPoint","urlTemplate":"https:\/\/www.istegroup.com\/?s={search_term_string}"},"query-input":{"@type":"PropertyValueSpecification","valueRequired":true,"valueName":"search_term_string"}}],"inLanguage":"fr-FR"}]}},"_links":{"self":[{"href":"https:\/\/www.istegroup.com\/fr\/wp-json\/wp\/v2\/product\/18297","targetHints":{"allow":["GET"]}}],"collection":[{"href":"https:\/\/www.istegroup.com\/fr\/wp-json\/wp\/v2\/product"}],"about":[{"href":"https:\/\/www.istegroup.com\/fr\/wp-json\/wp\/v2\/types\/product"}],"wp:featuredmedia":[{"embeddable":true,"href":"https:\/\/www.istegroup.com\/fr\/wp-json\/wp\/v2\/media\/18308"}],"wp:attachment":[{"href":"https:\/\/www.istegroup.com\/fr\/wp-json\/wp\/v2\/media?parent=18297"}],"wp:term":[{"taxonomy":"product_brand","embeddable":true,"href":"https:\/\/www.istegroup.com\/fr\/wp-json\/wp\/v2\/product_brand?post=18297"},{"taxonomy":"product_cat","embeddable":true,"href":"https:\/\/www.istegroup.com\/fr\/wp-json\/wp\/v2\/product_cat?post=18297"},{"taxonomy":"product_tag","embeddable":true,"href":"https:\/\/www.istegroup.com\/fr\/wp-json\/wp\/v2\/product_tag?post=18297"}],"curies":[{"name":"wp","href":"https:\/\/api.w.org\/{rel}","templated":true}]}}