{"id":18290,"date":"2019-03-01T14:09:36","date_gmt":"2019-03-01T14:09:36","guid":{"rendered":"https:\/\/www.istegroup.com\/?post_type=product&#038;p=18290"},"modified":"2024-01-03T13:43:05","modified_gmt":"2024-01-03T13:43:05","slug":"donnees-spatiales-sur-leau","status":"publish","type":"product","link":"https:\/\/www.istegroup.com\/fr\/produit\/donnees-spatiales-sur-leau\/","title":{"rendered":"Donn\u00e9es spatiales sur l\u2019eau"},"content":{"rendered":"<p>La difficult\u00e9 d\u2019acc\u00e8s aux donn\u00e9es sur l\u2019eau constitue la limite principale lors de la r\u00e9alisation d\u2019une \u00e9tude d\u2019expertise sur le sujet. Donn\u00e9es spatiales sur l\u2019eau est le r\u00e9sultat d\u2019une exp\u00e9rience approfondie permettant de r\u00e9soudre au mieux cette probl\u00e9matique d\u2019actualit\u00e9.<\/p>\n<p>L\u2019ouvrage est divis\u00e9 en trois parties. La premi\u00e8re partie offre un aper\u00e7u global et d\u00e9taill\u00e9 des principes th\u00e9oriques et notions de base indispensables aux lecteurs. La deuxi\u00e8me partie examine les initiatives internationales du d\u00e9veloppement pilote des syst\u00e8mes d\u2019information sur l\u2019eau et instaure un mod\u00e8le architectural qui met en place une infrastructure des donn\u00e9es spatiales sur l\u2019eau. La troisi\u00e8me partie pr\u00e9sente des \u00e9tudes de cas afin d\u2019enrichir cette approche \u00e0 la fois th\u00e9orique et technique.<\/p>\n<p>Cet ouvrage est un guide pratique r\u00e9pondant aux besoins \u00e9minents des professionnels exer\u00e7ant dans le domaine de la gestion des ressources en eau.<\/p>\n<p>&nbsp;<\/p>\n","protected":false},"excerpt":{"rendered":"<p>La difficult\u00e9 d\u2019acc\u00e8s aux donn\u00e9es sur l\u2019eau constitue la limite principale lors de la r\u00e9alisation d\u2019une \u00e9tude d\u2019expertise sur le sujet. Donn\u00e9es spatiales sur l\u2019eau est le r\u00e9sultat d\u2019une exp\u00e9rience approfondie permettant de r\u00e9soudre au mieux cette probl\u00e9matique d\u2019actualit\u00e9. L\u2019ouvrage est divis\u00e9 en trois parties. La premi\u00e8re partie offre un aper\u00e7u global et d\u00e9taill\u00e9 des [&hellip;]<\/p>\n","protected":false},"featured_media":18296,"template":"","meta":{"_acf_changed":false,"_links_to":"","_links_to_target":""},"product_brand":[],"product_cat":[3262],"product_tag":[],"class_list":{"0":"post-18290","1":"product","2":"type-product","3":"status-publish","4":"has-post-thumbnail","6":"product_cat-non-classe","8":"first","9":"instock","10":"shipping-taxable","11":"purchasable","12":"product-type-variable"},"acf":[],"yoast_head":"<!-- This site is optimized with the Yoast SEO plugin v27.2 - https:\/\/yoast.com\/product\/yoast-seo-wordpress\/ -->\n<title>Donn\u00e9es spatiales sur l\u2019eau - ISTE Group<\/title>\n<meta name=\"description\" content=\"La difficult\u00e9 d\u2019acc\u00e8s aux donn\u00e9es sur l\u2019eau constitue la limite principale lors de la r\u00e9alisation d\u2019une \u00e9tude d\u2019expertise sur le sujet.\" \/>\n<meta name=\"robots\" content=\"index, follow, max-snippet:-1, max-image-preview:large, max-video-preview:-1\" \/>\n<link rel=\"canonical\" href=\"https:\/\/www.istegroup.com\/en\/produit\/donnees-spatiales-sur-leau\/\" \/>\n<meta property=\"og:locale\" content=\"fr_FR\" \/>\n<meta property=\"og:type\" content=\"article\" \/>\n<meta property=\"og:title\" content=\"Donn\u00e9es spatiales sur l\u2019eau - ISTE Group\" \/>\n<meta property=\"og:description\" content=\"La difficult\u00e9 d\u2019acc\u00e8s aux donn\u00e9es sur l\u2019eau constitue la limite principale lors de la r\u00e9alisation d\u2019une \u00e9tude d\u2019expertise sur le sujet.\" \/>\n<meta property=\"og:url\" content=\"https:\/\/www.istegroup.com\/en\/produit\/donnees-spatiales-sur-leau\/\" \/>\n<meta property=\"og:site_name\" content=\"ISTE Group\" \/>\n<meta property=\"article:modified_time\" content=\"2024-01-03T13:43:05+00:00\" \/>\n<meta property=\"og:image\" content=\"https:\/\/www.istegroup.com\/wp-content\/uploads\/2019\/03\/Jarar_Front-scaled.jpg\" \/>\n\t<meta property=\"og:image:width\" content=\"1675\" \/>\n\t<meta property=\"og:image:height\" content=\"2560\" \/>\n\t<meta property=\"og:image:type\" content=\"image\/jpeg\" \/>\n<meta name=\"twitter:card\" content=\"summary_large_image\" \/>\n<meta name=\"twitter:label1\" content=\"Est. reading time\" \/>\n\t<meta name=\"twitter:data1\" content=\"1 minute\" \/>\n<script type=\"application\/ld+json\" class=\"yoast-schema-graph\">{\"@context\":\"https:\/\/schema.org\",\"@graph\":[{\"@type\":\"WebPage\",\"@id\":\"https:\/\/www.istegroup.com\/en\/produit\/donnees-spatiales-sur-leau\/\",\"url\":\"https:\/\/www.istegroup.com\/en\/produit\/donnees-spatiales-sur-leau\/\",\"name\":\"Donn\u00e9es spatiales sur l\u2019eau - ISTE Group\",\"isPartOf\":{\"@id\":\"https:\/\/www.istegroup.com\/#website\"},\"primaryImageOfPage\":{\"@id\":\"https:\/\/www.istegroup.com\/en\/produit\/donnees-spatiales-sur-leau\/#primaryimage\"},\"image\":{\"@id\":\"https:\/\/www.istegroup.com\/en\/produit\/donnees-spatiales-sur-leau\/#primaryimage\"},\"thumbnailUrl\":\"https:\/\/www.istegroup.com\/wp-content\/uploads\/2019\/03\/Jarar_Front-scaled.jpg\",\"datePublished\":\"2019-03-01T14:09:36+00:00\",\"dateModified\":\"2024-01-03T13:43:05+00:00\",\"description\":\"La difficult\u00e9 d\u2019acc\u00e8s aux donn\u00e9es sur l\u2019eau constitue la limite principale lors de la r\u00e9alisation d\u2019une \u00e9tude d\u2019expertise sur le sujet.\",\"breadcrumb\":{\"@id\":\"https:\/\/www.istegroup.com\/en\/produit\/donnees-spatiales-sur-leau\/#breadcrumb\"},\"inLanguage\":\"fr-FR\",\"potentialAction\":[{\"@type\":\"ReadAction\",\"target\":[\"https:\/\/www.istegroup.com\/en\/produit\/donnees-spatiales-sur-leau\/\"]}]},{\"@type\":\"ImageObject\",\"inLanguage\":\"fr-FR\",\"@id\":\"https:\/\/www.istegroup.com\/en\/produit\/donnees-spatiales-sur-leau\/#primaryimage\",\"url\":\"https:\/\/www.istegroup.com\/wp-content\/uploads\/2019\/03\/Jarar_Front-scaled.jpg\",\"contentUrl\":\"https:\/\/www.istegroup.com\/wp-content\/uploads\/2019\/03\/Jarar_Front-scaled.jpg\",\"width\":1675,\"height\":2560,\"caption\":\"Technologies g\u00e9ospatiales et gestion des donn\u00e9es\"},{\"@type\":\"BreadcrumbList\",\"@id\":\"https:\/\/www.istegroup.com\/en\/produit\/donnees-spatiales-sur-leau\/#breadcrumb\",\"itemListElement\":[{\"@type\":\"ListItem\",\"position\":1,\"name\":\"Home\",\"item\":\"https:\/\/www.istegroup.com\/\"},{\"@type\":\"ListItem\",\"position\":2,\"name\":\"Shop\",\"item\":\"https:\/\/www.istegroup.com\/fr\/nouveautes\/\"},{\"@type\":\"ListItem\",\"position\":3,\"name\":\"Donn\u00e9es spatiales sur l\u2019eau\"}]},{\"@type\":\"WebSite\",\"@id\":\"https:\/\/www.istegroup.com\/#website\",\"url\":\"https:\/\/www.istegroup.com\/\",\"name\":\"ISTE Group\",\"description\":\"\u00c9diteur des Sciences\",\"potentialAction\":[{\"@type\":\"SearchAction\",\"target\":{\"@type\":\"EntryPoint\",\"urlTemplate\":\"https:\/\/www.istegroup.com\/?s={search_term_string}\"},\"query-input\":{\"@type\":\"PropertyValueSpecification\",\"valueRequired\":true,\"valueName\":\"search_term_string\"}}],\"inLanguage\":\"fr-FR\"}]}<\/script>\n<!-- \/ Yoast SEO plugin. -->","yoast_head_json":{"title":"Donn\u00e9es spatiales sur l\u2019eau - ISTE Group","description":"La difficult\u00e9 d\u2019acc\u00e8s aux donn\u00e9es sur l\u2019eau constitue la limite principale lors de la r\u00e9alisation d\u2019une \u00e9tude d\u2019expertise sur le sujet.","robots":{"index":"index","follow":"follow","max-snippet":"max-snippet:-1","max-image-preview":"max-image-preview:large","max-video-preview":"max-video-preview:-1"},"canonical":"https:\/\/www.istegroup.com\/en\/produit\/donnees-spatiales-sur-leau\/","og_locale":"fr_FR","og_type":"article","og_title":"Donn\u00e9es spatiales sur l\u2019eau - ISTE Group","og_description":"La difficult\u00e9 d\u2019acc\u00e8s aux donn\u00e9es sur l\u2019eau constitue la limite principale lors de la r\u00e9alisation d\u2019une \u00e9tude d\u2019expertise sur le sujet.","og_url":"https:\/\/www.istegroup.com\/en\/produit\/donnees-spatiales-sur-leau\/","og_site_name":"ISTE Group","article_modified_time":"2024-01-03T13:43:05+00:00","og_image":[{"width":1675,"height":2560,"url":"https:\/\/www.istegroup.com\/wp-content\/uploads\/2019\/03\/Jarar_Front-scaled.jpg","type":"image\/jpeg"}],"twitter_card":"summary_large_image","twitter_misc":{"Est. reading time":"1 minute"},"schema":{"@context":"https:\/\/schema.org","@graph":[{"@type":"WebPage","@id":"https:\/\/www.istegroup.com\/en\/produit\/donnees-spatiales-sur-leau\/","url":"https:\/\/www.istegroup.com\/en\/produit\/donnees-spatiales-sur-leau\/","name":"Donn\u00e9es spatiales sur l\u2019eau - ISTE Group","isPartOf":{"@id":"https:\/\/www.istegroup.com\/#website"},"primaryImageOfPage":{"@id":"https:\/\/www.istegroup.com\/en\/produit\/donnees-spatiales-sur-leau\/#primaryimage"},"image":{"@id":"https:\/\/www.istegroup.com\/en\/produit\/donnees-spatiales-sur-leau\/#primaryimage"},"thumbnailUrl":"https:\/\/www.istegroup.com\/wp-content\/uploads\/2019\/03\/Jarar_Front-scaled.jpg","datePublished":"2019-03-01T14:09:36+00:00","dateModified":"2024-01-03T13:43:05+00:00","description":"La difficult\u00e9 d\u2019acc\u00e8s aux donn\u00e9es sur l\u2019eau constitue la limite principale lors de la r\u00e9alisation d\u2019une \u00e9tude d\u2019expertise sur le sujet.","breadcrumb":{"@id":"https:\/\/www.istegroup.com\/en\/produit\/donnees-spatiales-sur-leau\/#breadcrumb"},"inLanguage":"fr-FR","potentialAction":[{"@type":"ReadAction","target":["https:\/\/www.istegroup.com\/en\/produit\/donnees-spatiales-sur-leau\/"]}]},{"@type":"ImageObject","inLanguage":"fr-FR","@id":"https:\/\/www.istegroup.com\/en\/produit\/donnees-spatiales-sur-leau\/#primaryimage","url":"https:\/\/www.istegroup.com\/wp-content\/uploads\/2019\/03\/Jarar_Front-scaled.jpg","contentUrl":"https:\/\/www.istegroup.com\/wp-content\/uploads\/2019\/03\/Jarar_Front-scaled.jpg","width":1675,"height":2560,"caption":"Technologies g\u00e9ospatiales et gestion des donn\u00e9es"},{"@type":"BreadcrumbList","@id":"https:\/\/www.istegroup.com\/en\/produit\/donnees-spatiales-sur-leau\/#breadcrumb","itemListElement":[{"@type":"ListItem","position":1,"name":"Home","item":"https:\/\/www.istegroup.com\/"},{"@type":"ListItem","position":2,"name":"Shop","item":"https:\/\/www.istegroup.com\/fr\/nouveautes\/"},{"@type":"ListItem","position":3,"name":"Donn\u00e9es spatiales sur l\u2019eau"}]},{"@type":"WebSite","@id":"https:\/\/www.istegroup.com\/#website","url":"https:\/\/www.istegroup.com\/","name":"ISTE Group","description":"\u00c9diteur des Sciences","potentialAction":[{"@type":"SearchAction","target":{"@type":"EntryPoint","urlTemplate":"https:\/\/www.istegroup.com\/?s={search_term_string}"},"query-input":{"@type":"PropertyValueSpecification","valueRequired":true,"valueName":"search_term_string"}}],"inLanguage":"fr-FR"}]}},"_links":{"self":[{"href":"https:\/\/www.istegroup.com\/fr\/wp-json\/wp\/v2\/product\/18290","targetHints":{"allow":["GET"]}}],"collection":[{"href":"https:\/\/www.istegroup.com\/fr\/wp-json\/wp\/v2\/product"}],"about":[{"href":"https:\/\/www.istegroup.com\/fr\/wp-json\/wp\/v2\/types\/product"}],"wp:featuredmedia":[{"embeddable":true,"href":"https:\/\/www.istegroup.com\/fr\/wp-json\/wp\/v2\/media\/18296"}],"wp:attachment":[{"href":"https:\/\/www.istegroup.com\/fr\/wp-json\/wp\/v2\/media?parent=18290"}],"wp:term":[{"taxonomy":"product_brand","embeddable":true,"href":"https:\/\/www.istegroup.com\/fr\/wp-json\/wp\/v2\/product_brand?post=18290"},{"taxonomy":"product_cat","embeddable":true,"href":"https:\/\/www.istegroup.com\/fr\/wp-json\/wp\/v2\/product_cat?post=18290"},{"taxonomy":"product_tag","embeddable":true,"href":"https:\/\/www.istegroup.com\/fr\/wp-json\/wp\/v2\/product_tag?post=18290"}],"curies":[{"name":"wp","href":"https:\/\/api.w.org\/{rel}","templated":true}]}}