{"id":18013,"date":"2019-02-25T10:33:31","date_gmt":"2019-02-25T10:33:31","guid":{"rendered":"https:\/\/www.istegroup.com\/?post_type=product&#038;p=18013"},"modified":"2024-01-03T13:43:02","modified_gmt":"2024-01-03T13:43:02","slug":"chimie-biphasique-et-le-cas-du-solvant","status":"publish","type":"product","link":"https:\/\/www.istegroup.com\/fr\/produit\/chimie-biphasique-et-le-cas-du-solvant\/","title":{"rendered":"Chimie biphasique et le cas du solvant"},"content":{"rendered":"<p><em>Chimie biphasique et le cas du solvant<\/em>\u00a0traite de l\u2019am\u00e9lioration des conditions r\u00e9actionnelles pour inscrire la chimie dans le domaine durable.<\/p>\n<p>L\u2019ouvrage montre que la chimie support\u00e9e limite l\u2019utilisation de solvants toxiques ou inflammables, puisqu\u2019elle r\u00e9sume les purifications \u00e0 de simples filtrations. Gr\u00e2ce aux scavengers commerciaux, les synth\u00e8ses sur phase solide sont d\u00e9sormais accessibles \u00e0 tous. Les techniques fluoreuses sont une alternative cr\u00e9dible et viable \u00e0 la chimie sur support solide. La catalyse biphasique fluoreuse permet un recyclage extr\u00eamement performant du catalyseur et pr\u00e9sente un fort potentiel d\u2019applicabilit\u00e9 au niveau industriel.<\/p>\n<p>L\u2019ouvrage fait \u00e9galement le tour des nombreux travaux qui ont permis de d\u00e9montrer que l\u2019eau est un solvant de choix pour la plupart des r\u00e9actions de synth\u00e8se. Des s\u00e9lectivit\u00e9s particuli\u00e8res peuvent \u00eatre obtenues et les effets sur la thermodynamique permettent d\u2019op\u00e9rer \u00e0 des temp\u00e9ratures plus basses, r\u00e9alisant ainsi une \u00e9conomie d\u2019\u00e9nergie. Enfin, la grande diversit\u00e9 d\u2019application des r\u00e9actions sans solvant est illustr\u00e9e.<\/p>\n","protected":false},"excerpt":{"rendered":"<p>Chimie biphasique et le cas du solvant\u00a0traite de l\u2019am\u00e9lioration des conditions r\u00e9actionnelles pour inscrire la chimie dans le domaine durable. L\u2019ouvrage montre que la chimie support\u00e9e limite l\u2019utilisation de solvants toxiques ou inflammables, puisqu\u2019elle r\u00e9sume les purifications \u00e0 de simples filtrations. Gr\u00e2ce aux scavengers commerciaux, les synth\u00e8ses sur phase solide sont d\u00e9sormais accessibles \u00e0 tous. [&hellip;]<\/p>\n","protected":false},"featured_media":18016,"template":"","meta":{"_acf_changed":false,"_links_to":"","_links_to_target":""},"product_brand":[],"product_cat":[3262],"product_tag":[],"class_list":{"0":"post-18013","1":"product","2":"type-product","3":"status-publish","4":"has-post-thumbnail","6":"product_cat-non-classe","8":"first","9":"instock","10":"shipping-taxable","11":"purchasable","12":"product-type-variable"},"acf":[],"yoast_head":"<!-- This site is optimized with the Yoast SEO plugin v27.2 - https:\/\/yoast.com\/product\/yoast-seo-wordpress\/ -->\n<title>Chimie biphasique et le cas du solvant - ISTE Group<\/title>\n<meta name=\"robots\" content=\"index, follow, max-snippet:-1, max-image-preview:large, max-video-preview:-1\" \/>\n<link rel=\"canonical\" href=\"https:\/\/www.istegroup.com\/en\/produit\/chimie-biphasique-et-le-cas-du-solvant\/\" \/>\n<meta property=\"og:locale\" content=\"fr_FR\" \/>\n<meta property=\"og:type\" content=\"article\" \/>\n<meta property=\"og:title\" content=\"Chimie biphasique et le cas du solvant - ISTE Group\" \/>\n<meta property=\"og:description\" content=\"Chimie biphasique et le cas du solvant\u00a0traite de l\u2019am\u00e9lioration des conditions r\u00e9actionnelles pour inscrire la chimie dans le domaine durable. L\u2019ouvrage montre que la chimie support\u00e9e limite l\u2019utilisation de solvants toxiques ou inflammables, puisqu\u2019elle r\u00e9sume les purifications \u00e0 de simples filtrations. Gr\u00e2ce aux scavengers commerciaux, les synth\u00e8ses sur phase solide sont d\u00e9sormais accessibles \u00e0 tous. [&hellip;]\" \/>\n<meta property=\"og:url\" content=\"https:\/\/www.istegroup.com\/en\/produit\/chimie-biphasique-et-le-cas-du-solvant\/\" \/>\n<meta property=\"og:site_name\" content=\"ISTE Group\" \/>\n<meta property=\"article:modified_time\" content=\"2024-01-03T13:43:02+00:00\" \/>\n<meta property=\"og:image\" content=\"https:\/\/www.istegroup.com\/wp-content\/uploads\/2019\/02\/Malacria-Goddard-3_Front.jpg\" \/>\n\t<meta property=\"og:image:width\" content=\"605\" \/>\n\t<meta property=\"og:image:height\" content=\"913\" \/>\n\t<meta property=\"og:image:type\" content=\"image\/jpeg\" \/>\n<meta name=\"twitter:card\" content=\"summary_large_image\" \/>\n<meta name=\"twitter:label1\" content=\"Est. reading time\" \/>\n\t<meta name=\"twitter:data1\" content=\"1 minute\" \/>\n<script type=\"application\/ld+json\" class=\"yoast-schema-graph\">{\"@context\":\"https:\/\/schema.org\",\"@graph\":[{\"@type\":\"WebPage\",\"@id\":\"https:\/\/www.istegroup.com\/en\/produit\/chimie-biphasique-et-le-cas-du-solvant\/\",\"url\":\"https:\/\/www.istegroup.com\/en\/produit\/chimie-biphasique-et-le-cas-du-solvant\/\",\"name\":\"Chimie biphasique et le cas du solvant - ISTE Group\",\"isPartOf\":{\"@id\":\"https:\/\/www.istegroup.com\/#website\"},\"primaryImageOfPage\":{\"@id\":\"https:\/\/www.istegroup.com\/en\/produit\/chimie-biphasique-et-le-cas-du-solvant\/#primaryimage\"},\"image\":{\"@id\":\"https:\/\/www.istegroup.com\/en\/produit\/chimie-biphasique-et-le-cas-du-solvant\/#primaryimage\"},\"thumbnailUrl\":\"https:\/\/www.istegroup.com\/wp-content\/uploads\/2019\/02\/Malacria-Goddard-3_Front.jpg\",\"datePublished\":\"2019-02-25T10:33:31+00:00\",\"dateModified\":\"2024-01-03T13:43:02+00:00\",\"breadcrumb\":{\"@id\":\"https:\/\/www.istegroup.com\/en\/produit\/chimie-biphasique-et-le-cas-du-solvant\/#breadcrumb\"},\"inLanguage\":\"fr-FR\",\"potentialAction\":[{\"@type\":\"ReadAction\",\"target\":[\"https:\/\/www.istegroup.com\/en\/produit\/chimie-biphasique-et-le-cas-du-solvant\/\"]}]},{\"@type\":\"ImageObject\",\"inLanguage\":\"fr-FR\",\"@id\":\"https:\/\/www.istegroup.com\/en\/produit\/chimie-biphasique-et-le-cas-du-solvant\/#primaryimage\",\"url\":\"https:\/\/www.istegroup.com\/wp-content\/uploads\/2019\/02\/Malacria-Goddard-3_Front.jpg\",\"contentUrl\":\"https:\/\/www.istegroup.com\/wp-content\/uploads\/2019\/02\/Malacria-Goddard-3_Front.jpg\",\"width\":605,\"height\":913,\"caption\":\"Chimie biphasique et le cas du solvant\"},{\"@type\":\"BreadcrumbList\",\"@id\":\"https:\/\/www.istegroup.com\/en\/produit\/chimie-biphasique-et-le-cas-du-solvant\/#breadcrumb\",\"itemListElement\":[{\"@type\":\"ListItem\",\"position\":1,\"name\":\"Home\",\"item\":\"https:\/\/www.istegroup.com\/\"},{\"@type\":\"ListItem\",\"position\":2,\"name\":\"Shop\",\"item\":\"https:\/\/www.istegroup.com\/fr\/nouveautes\/\"},{\"@type\":\"ListItem\",\"position\":3,\"name\":\"Chimie biphasique et le cas du solvant\"}]},{\"@type\":\"WebSite\",\"@id\":\"https:\/\/www.istegroup.com\/#website\",\"url\":\"https:\/\/www.istegroup.com\/\",\"name\":\"ISTE Group\",\"description\":\"\u00c9diteur des Sciences\",\"potentialAction\":[{\"@type\":\"SearchAction\",\"target\":{\"@type\":\"EntryPoint\",\"urlTemplate\":\"https:\/\/www.istegroup.com\/?s={search_term_string}\"},\"query-input\":{\"@type\":\"PropertyValueSpecification\",\"valueRequired\":true,\"valueName\":\"search_term_string\"}}],\"inLanguage\":\"fr-FR\"}]}<\/script>\n<!-- \/ Yoast SEO plugin. -->","yoast_head_json":{"title":"Chimie biphasique et le cas du solvant - ISTE Group","robots":{"index":"index","follow":"follow","max-snippet":"max-snippet:-1","max-image-preview":"max-image-preview:large","max-video-preview":"max-video-preview:-1"},"canonical":"https:\/\/www.istegroup.com\/en\/produit\/chimie-biphasique-et-le-cas-du-solvant\/","og_locale":"fr_FR","og_type":"article","og_title":"Chimie biphasique et le cas du solvant - ISTE Group","og_description":"Chimie biphasique et le cas du solvant\u00a0traite de l\u2019am\u00e9lioration des conditions r\u00e9actionnelles pour inscrire la chimie dans le domaine durable. L\u2019ouvrage montre que la chimie support\u00e9e limite l\u2019utilisation de solvants toxiques ou inflammables, puisqu\u2019elle r\u00e9sume les purifications \u00e0 de simples filtrations. Gr\u00e2ce aux scavengers commerciaux, les synth\u00e8ses sur phase solide sont d\u00e9sormais accessibles \u00e0 tous. [&hellip;]","og_url":"https:\/\/www.istegroup.com\/en\/produit\/chimie-biphasique-et-le-cas-du-solvant\/","og_site_name":"ISTE Group","article_modified_time":"2024-01-03T13:43:02+00:00","og_image":[{"width":605,"height":913,"url":"https:\/\/www.istegroup.com\/wp-content\/uploads\/2019\/02\/Malacria-Goddard-3_Front.jpg","type":"image\/jpeg"}],"twitter_card":"summary_large_image","twitter_misc":{"Est. reading time":"1 minute"},"schema":{"@context":"https:\/\/schema.org","@graph":[{"@type":"WebPage","@id":"https:\/\/www.istegroup.com\/en\/produit\/chimie-biphasique-et-le-cas-du-solvant\/","url":"https:\/\/www.istegroup.com\/en\/produit\/chimie-biphasique-et-le-cas-du-solvant\/","name":"Chimie biphasique et le cas du solvant - ISTE Group","isPartOf":{"@id":"https:\/\/www.istegroup.com\/#website"},"primaryImageOfPage":{"@id":"https:\/\/www.istegroup.com\/en\/produit\/chimie-biphasique-et-le-cas-du-solvant\/#primaryimage"},"image":{"@id":"https:\/\/www.istegroup.com\/en\/produit\/chimie-biphasique-et-le-cas-du-solvant\/#primaryimage"},"thumbnailUrl":"https:\/\/www.istegroup.com\/wp-content\/uploads\/2019\/02\/Malacria-Goddard-3_Front.jpg","datePublished":"2019-02-25T10:33:31+00:00","dateModified":"2024-01-03T13:43:02+00:00","breadcrumb":{"@id":"https:\/\/www.istegroup.com\/en\/produit\/chimie-biphasique-et-le-cas-du-solvant\/#breadcrumb"},"inLanguage":"fr-FR","potentialAction":[{"@type":"ReadAction","target":["https:\/\/www.istegroup.com\/en\/produit\/chimie-biphasique-et-le-cas-du-solvant\/"]}]},{"@type":"ImageObject","inLanguage":"fr-FR","@id":"https:\/\/www.istegroup.com\/en\/produit\/chimie-biphasique-et-le-cas-du-solvant\/#primaryimage","url":"https:\/\/www.istegroup.com\/wp-content\/uploads\/2019\/02\/Malacria-Goddard-3_Front.jpg","contentUrl":"https:\/\/www.istegroup.com\/wp-content\/uploads\/2019\/02\/Malacria-Goddard-3_Front.jpg","width":605,"height":913,"caption":"Chimie biphasique et le cas du solvant"},{"@type":"BreadcrumbList","@id":"https:\/\/www.istegroup.com\/en\/produit\/chimie-biphasique-et-le-cas-du-solvant\/#breadcrumb","itemListElement":[{"@type":"ListItem","position":1,"name":"Home","item":"https:\/\/www.istegroup.com\/"},{"@type":"ListItem","position":2,"name":"Shop","item":"https:\/\/www.istegroup.com\/fr\/nouveautes\/"},{"@type":"ListItem","position":3,"name":"Chimie biphasique et le cas du solvant"}]},{"@type":"WebSite","@id":"https:\/\/www.istegroup.com\/#website","url":"https:\/\/www.istegroup.com\/","name":"ISTE Group","description":"\u00c9diteur des Sciences","potentialAction":[{"@type":"SearchAction","target":{"@type":"EntryPoint","urlTemplate":"https:\/\/www.istegroup.com\/?s={search_term_string}"},"query-input":{"@type":"PropertyValueSpecification","valueRequired":true,"valueName":"search_term_string"}}],"inLanguage":"fr-FR"}]}},"_links":{"self":[{"href":"https:\/\/www.istegroup.com\/fr\/wp-json\/wp\/v2\/product\/18013","targetHints":{"allow":["GET"]}}],"collection":[{"href":"https:\/\/www.istegroup.com\/fr\/wp-json\/wp\/v2\/product"}],"about":[{"href":"https:\/\/www.istegroup.com\/fr\/wp-json\/wp\/v2\/types\/product"}],"wp:featuredmedia":[{"embeddable":true,"href":"https:\/\/www.istegroup.com\/fr\/wp-json\/wp\/v2\/media\/18016"}],"wp:attachment":[{"href":"https:\/\/www.istegroup.com\/fr\/wp-json\/wp\/v2\/media?parent=18013"}],"wp:term":[{"taxonomy":"product_brand","embeddable":true,"href":"https:\/\/www.istegroup.com\/fr\/wp-json\/wp\/v2\/product_brand?post=18013"},{"taxonomy":"product_cat","embeddable":true,"href":"https:\/\/www.istegroup.com\/fr\/wp-json\/wp\/v2\/product_cat?post=18013"},{"taxonomy":"product_tag","embeddable":true,"href":"https:\/\/www.istegroup.com\/fr\/wp-json\/wp\/v2\/product_tag?post=18013"}],"curies":[{"name":"wp","href":"https:\/\/api.w.org\/{rel}","templated":true}]}}