{"id":17586,"date":"2019-02-12T15:22:14","date_gmt":"2019-02-12T15:22:14","guid":{"rendered":"https:\/\/www.istegroup.com\/?post_type=product&#038;p=17586"},"modified":"2024-01-03T13:43:01","modified_gmt":"2024-01-03T13:43:01","slug":"statistiques-pour-les-sciences-environnementales","status":"publish","type":"product","link":"https:\/\/www.istegroup.com\/fr\/produit\/statistiques-pour-les-sciences-environnementales\/","title":{"rendered":"Statistiques pour les sciences environnementales"},"content":{"rendered":"<p>L\u2019outil statistique est devenu indispensable pour les sciences environnementales. Il s\u2019ins\u00e8re \u00e0 part enti\u00e8re dans la d\u00e9marche scientifique depuis l\u2019\u00e9laboration du plan d\u2019\u00e9chantillonnage jusqu\u2019\u00e0 l\u2019obtention des r\u00e9sultats.<\/p>\n<p><em>Statistiques pour les sciences environnementales<\/em>\u00a0pr\u00e9sente les notions fondamentales en statistiques (vocabulaire de base, principales lois de probabilit\u00e9s, etc.), et d\u00e9crit la conception de plans d\u2019\u00e9chantillonnage et de plans exp\u00e9rimentaux. Il introduit \u00e9galement les grands principes des tests statistiques tels que la th\u00e9orie de la d\u00e9cision, et offre des clefs permettant de choisir un test en ad\u00e9quation avec les objectifs \u00e9tablis.<\/p>\n<p>Cet ouvrage traite des statistiques les plus usit\u00e9es dans le domaine des sciences environnementales. Leur description est d\u00e9taill\u00e9e \u00e0 partir d\u2019exemples concrets et \u00e0 travers l\u2019utilisation du logiciel libre R dont l\u2019utilisation est \u00e9galement pr\u00e9sent\u00e9e.<\/p>\n","protected":false},"excerpt":{"rendered":"<p>L\u2019outil statistique est devenu indispensable pour les sciences environnementales. Il s\u2019ins\u00e8re \u00e0 part enti\u00e8re dans la d\u00e9marche scientifique depuis l\u2019\u00e9laboration du plan d\u2019\u00e9chantillonnage jusqu\u2019\u00e0 l\u2019obtention des r\u00e9sultats. Statistiques pour les sciences environnementales\u00a0pr\u00e9sente les notions fondamentales en statistiques (vocabulaire de base, principales lois de probabilit\u00e9s, etc.), et d\u00e9crit la conception de plans d\u2019\u00e9chantillonnage et de plans [&hellip;]<\/p>\n","protected":false},"featured_media":17590,"template":"","meta":{"_acf_changed":false,"_links_to":"","_links_to_target":""},"product_brand":[],"product_cat":[3262],"product_tag":[],"class_list":{"0":"post-17586","1":"product","2":"type-product","3":"status-publish","4":"has-post-thumbnail","6":"product_cat-non-classe","8":"first","9":"instock","10":"shipping-taxable","11":"purchasable","12":"product-type-variable"},"acf":[],"yoast_head":"<!-- This site is optimized with the Yoast SEO plugin v27.2 - https:\/\/yoast.com\/product\/yoast-seo-wordpress\/ -->\n<title>Statistiques pour les sciences environnementales - ISTE Group<\/title>\n<meta name=\"description\" content=\"Statistiques pour les sciences environnementales\u00a0pr\u00e9sente les notions fondamentales en statistiques, et d\u00e9crit la conception de plans d\u2019\u00e9chantillonnage et de plans exp\u00e9rimentaux.\" \/>\n<meta name=\"robots\" content=\"index, follow, max-snippet:-1, max-image-preview:large, max-video-preview:-1\" \/>\n<link rel=\"canonical\" href=\"https:\/\/www.istegroup.com\/fr\/produit\/statistiques-pour-les-sciences-environnementales\/\" \/>\n<meta property=\"og:locale\" content=\"fr_FR\" \/>\n<meta property=\"og:type\" content=\"article\" \/>\n<meta property=\"og:title\" content=\"Statistiques pour les sciences environnementales - ISTE Group\" \/>\n<meta property=\"og:description\" content=\"Statistiques pour les sciences environnementales\u00a0pr\u00e9sente les notions fondamentales en statistiques, et d\u00e9crit la conception de plans d\u2019\u00e9chantillonnage et de plans exp\u00e9rimentaux.\" \/>\n<meta property=\"og:url\" content=\"https:\/\/www.istegroup.com\/fr\/produit\/statistiques-pour-les-sciences-environnementales\/\" \/>\n<meta property=\"og:site_name\" content=\"ISTE Group\" \/>\n<meta property=\"article:modified_time\" content=\"2024-01-03T13:43:01+00:00\" \/>\n<meta property=\"og:image\" content=\"https:\/\/www.istegroup.com\/wp-content\/uploads\/2019\/02\/David_Front-scaled.jpg\" \/>\n\t<meta property=\"og:image:width\" content=\"1709\" \/>\n\t<meta property=\"og:image:height\" content=\"2560\" \/>\n\t<meta property=\"og:image:type\" content=\"image\/jpeg\" \/>\n<meta name=\"twitter:card\" content=\"summary_large_image\" \/>\n<meta name=\"twitter:label1\" content=\"Est. reading time\" \/>\n\t<meta name=\"twitter:data1\" content=\"1 minute\" \/>\n<script type=\"application\/ld+json\" class=\"yoast-schema-graph\">{\"@context\":\"https:\/\/schema.org\",\"@graph\":[{\"@type\":\"WebPage\",\"@id\":\"https:\/\/www.istegroup.com\/fr\/produit\/statistiques-pour-les-sciences-environnementales\/\",\"url\":\"https:\/\/www.istegroup.com\/fr\/produit\/statistiques-pour-les-sciences-environnementales\/\",\"name\":\"Statistiques pour les sciences environnementales - ISTE Group\",\"isPartOf\":{\"@id\":\"https:\/\/www.istegroup.com\/#website\"},\"primaryImageOfPage\":{\"@id\":\"https:\/\/www.istegroup.com\/fr\/produit\/statistiques-pour-les-sciences-environnementales\/#primaryimage\"},\"image\":{\"@id\":\"https:\/\/www.istegroup.com\/fr\/produit\/statistiques-pour-les-sciences-environnementales\/#primaryimage\"},\"thumbnailUrl\":\"https:\/\/www.istegroup.com\/wp-content\/uploads\/2019\/02\/David_Front-scaled.jpg\",\"datePublished\":\"2019-02-12T15:22:14+00:00\",\"dateModified\":\"2024-01-03T13:43:01+00:00\",\"description\":\"Statistiques pour les sciences environnementales\u00a0pr\u00e9sente les notions fondamentales en statistiques, et d\u00e9crit la conception de plans d\u2019\u00e9chantillonnage et de plans exp\u00e9rimentaux.\",\"breadcrumb\":{\"@id\":\"https:\/\/www.istegroup.com\/fr\/produit\/statistiques-pour-les-sciences-environnementales\/#breadcrumb\"},\"inLanguage\":\"fr-FR\",\"potentialAction\":[{\"@type\":\"ReadAction\",\"target\":[\"https:\/\/www.istegroup.com\/fr\/produit\/statistiques-pour-les-sciences-environnementales\/\"]}]},{\"@type\":\"ImageObject\",\"inLanguage\":\"fr-FR\",\"@id\":\"https:\/\/www.istegroup.com\/fr\/produit\/statistiques-pour-les-sciences-environnementales\/#primaryimage\",\"url\":\"https:\/\/www.istegroup.com\/wp-content\/uploads\/2019\/02\/David_Front-scaled.jpg\",\"contentUrl\":\"https:\/\/www.istegroup.com\/wp-content\/uploads\/2019\/02\/David_Front-scaled.jpg\",\"width\":1709,\"height\":2560,\"caption\":\"Statistiques pour les sciences environnementales\"},{\"@type\":\"BreadcrumbList\",\"@id\":\"https:\/\/www.istegroup.com\/fr\/produit\/statistiques-pour-les-sciences-environnementales\/#breadcrumb\",\"itemListElement\":[{\"@type\":\"ListItem\",\"position\":1,\"name\":\"Home\",\"item\":\"https:\/\/www.istegroup.com\/\"},{\"@type\":\"ListItem\",\"position\":2,\"name\":\"Shop\",\"item\":\"https:\/\/www.istegroup.com\/fr\/nouveautes\/\"},{\"@type\":\"ListItem\",\"position\":3,\"name\":\"Statistiques pour les sciences environnementales\"}]},{\"@type\":\"WebSite\",\"@id\":\"https:\/\/www.istegroup.com\/#website\",\"url\":\"https:\/\/www.istegroup.com\/\",\"name\":\"ISTE Group\",\"description\":\"\u00c9diteur des Sciences\",\"potentialAction\":[{\"@type\":\"SearchAction\",\"target\":{\"@type\":\"EntryPoint\",\"urlTemplate\":\"https:\/\/www.istegroup.com\/?s={search_term_string}\"},\"query-input\":{\"@type\":\"PropertyValueSpecification\",\"valueRequired\":true,\"valueName\":\"search_term_string\"}}],\"inLanguage\":\"fr-FR\"}]}<\/script>\n<!-- \/ Yoast SEO plugin. -->","yoast_head_json":{"title":"Statistiques pour les sciences environnementales - ISTE Group","description":"Statistiques pour les sciences environnementales\u00a0pr\u00e9sente les notions fondamentales en statistiques, et d\u00e9crit la conception de plans d\u2019\u00e9chantillonnage et de plans exp\u00e9rimentaux.","robots":{"index":"index","follow":"follow","max-snippet":"max-snippet:-1","max-image-preview":"max-image-preview:large","max-video-preview":"max-video-preview:-1"},"canonical":"https:\/\/www.istegroup.com\/fr\/produit\/statistiques-pour-les-sciences-environnementales\/","og_locale":"fr_FR","og_type":"article","og_title":"Statistiques pour les sciences environnementales - ISTE Group","og_description":"Statistiques pour les sciences environnementales\u00a0pr\u00e9sente les notions fondamentales en statistiques, et d\u00e9crit la conception de plans d\u2019\u00e9chantillonnage et de plans exp\u00e9rimentaux.","og_url":"https:\/\/www.istegroup.com\/fr\/produit\/statistiques-pour-les-sciences-environnementales\/","og_site_name":"ISTE Group","article_modified_time":"2024-01-03T13:43:01+00:00","og_image":[{"width":1709,"height":2560,"url":"https:\/\/www.istegroup.com\/wp-content\/uploads\/2019\/02\/David_Front-scaled.jpg","type":"image\/jpeg"}],"twitter_card":"summary_large_image","twitter_misc":{"Est. reading time":"1 minute"},"schema":{"@context":"https:\/\/schema.org","@graph":[{"@type":"WebPage","@id":"https:\/\/www.istegroup.com\/fr\/produit\/statistiques-pour-les-sciences-environnementales\/","url":"https:\/\/www.istegroup.com\/fr\/produit\/statistiques-pour-les-sciences-environnementales\/","name":"Statistiques pour les sciences environnementales - ISTE Group","isPartOf":{"@id":"https:\/\/www.istegroup.com\/#website"},"primaryImageOfPage":{"@id":"https:\/\/www.istegroup.com\/fr\/produit\/statistiques-pour-les-sciences-environnementales\/#primaryimage"},"image":{"@id":"https:\/\/www.istegroup.com\/fr\/produit\/statistiques-pour-les-sciences-environnementales\/#primaryimage"},"thumbnailUrl":"https:\/\/www.istegroup.com\/wp-content\/uploads\/2019\/02\/David_Front-scaled.jpg","datePublished":"2019-02-12T15:22:14+00:00","dateModified":"2024-01-03T13:43:01+00:00","description":"Statistiques pour les sciences environnementales\u00a0pr\u00e9sente les notions fondamentales en statistiques, et d\u00e9crit la conception de plans d\u2019\u00e9chantillonnage et de plans exp\u00e9rimentaux.","breadcrumb":{"@id":"https:\/\/www.istegroup.com\/fr\/produit\/statistiques-pour-les-sciences-environnementales\/#breadcrumb"},"inLanguage":"fr-FR","potentialAction":[{"@type":"ReadAction","target":["https:\/\/www.istegroup.com\/fr\/produit\/statistiques-pour-les-sciences-environnementales\/"]}]},{"@type":"ImageObject","inLanguage":"fr-FR","@id":"https:\/\/www.istegroup.com\/fr\/produit\/statistiques-pour-les-sciences-environnementales\/#primaryimage","url":"https:\/\/www.istegroup.com\/wp-content\/uploads\/2019\/02\/David_Front-scaled.jpg","contentUrl":"https:\/\/www.istegroup.com\/wp-content\/uploads\/2019\/02\/David_Front-scaled.jpg","width":1709,"height":2560,"caption":"Statistiques pour les sciences environnementales"},{"@type":"BreadcrumbList","@id":"https:\/\/www.istegroup.com\/fr\/produit\/statistiques-pour-les-sciences-environnementales\/#breadcrumb","itemListElement":[{"@type":"ListItem","position":1,"name":"Home","item":"https:\/\/www.istegroup.com\/"},{"@type":"ListItem","position":2,"name":"Shop","item":"https:\/\/www.istegroup.com\/fr\/nouveautes\/"},{"@type":"ListItem","position":3,"name":"Statistiques pour les sciences environnementales"}]},{"@type":"WebSite","@id":"https:\/\/www.istegroup.com\/#website","url":"https:\/\/www.istegroup.com\/","name":"ISTE Group","description":"\u00c9diteur des Sciences","potentialAction":[{"@type":"SearchAction","target":{"@type":"EntryPoint","urlTemplate":"https:\/\/www.istegroup.com\/?s={search_term_string}"},"query-input":{"@type":"PropertyValueSpecification","valueRequired":true,"valueName":"search_term_string"}}],"inLanguage":"fr-FR"}]}},"_links":{"self":[{"href":"https:\/\/www.istegroup.com\/fr\/wp-json\/wp\/v2\/product\/17586","targetHints":{"allow":["GET"]}}],"collection":[{"href":"https:\/\/www.istegroup.com\/fr\/wp-json\/wp\/v2\/product"}],"about":[{"href":"https:\/\/www.istegroup.com\/fr\/wp-json\/wp\/v2\/types\/product"}],"wp:featuredmedia":[{"embeddable":true,"href":"https:\/\/www.istegroup.com\/fr\/wp-json\/wp\/v2\/media\/17590"}],"wp:attachment":[{"href":"https:\/\/www.istegroup.com\/fr\/wp-json\/wp\/v2\/media?parent=17586"}],"wp:term":[{"taxonomy":"product_brand","embeddable":true,"href":"https:\/\/www.istegroup.com\/fr\/wp-json\/wp\/v2\/product_brand?post=17586"},{"taxonomy":"product_cat","embeddable":true,"href":"https:\/\/www.istegroup.com\/fr\/wp-json\/wp\/v2\/product_cat?post=17586"},{"taxonomy":"product_tag","embeddable":true,"href":"https:\/\/www.istegroup.com\/fr\/wp-json\/wp\/v2\/product_tag?post=17586"}],"curies":[{"name":"wp","href":"https:\/\/api.w.org\/{rel}","templated":true}]}}