{"id":175,"date":"2015-05-10T10:42:59","date_gmt":"2015-05-10T08:42:59","guid":{"rendered":"https:\/\/iste.yhello.co\/product\/decision-et-systeme-dinformation\/"},"modified":"2025-03-04T09:19:40","modified_gmt":"2025-03-04T09:19:40","slug":"decision-et-systeme-dinformation","status":"publish","type":"product","link":"https:\/\/www.istegroup.com\/fr\/produit\/decision-et-systeme-dinformation\/","title":{"rendered":"D\u00e9cision et syst\u00e8me d\u2019information"},"content":{"rendered":"<p>La s\u00e9rie\u00a0<em>Syst\u00e8mes d\u2019information avanc\u00e9s<\/em>\u00a0approfondit les nouvelles formes du SI qui est devenu, avec le num\u00e9rique, le v\u00e9ritable syst\u00e8me nerveux de toute organisation.<\/p>\n<p><em>D\u00e9cision et syst\u00e8me d\u2019information<\/em>\u00a0analyse la probl\u00e9matique de l\u2019ing\u00e9nierie des\u00a0syst\u00e8mes d\u2019aide \u00e0 la d\u00e9cision (SAD) en s\u2019interrogeant sur les rapports qu\u2019entretiennent ces outils avec la d\u00e9cision, le d\u00e9cideur et l\u2019organisation. Tout en pr\u00e9sentant les \u00e9l\u00e9ments-cl\u00e9s des SAD (d\u00e9finitions, composants, typologies, \u00e9volution, march\u00e9, outils, m\u00e9thodes d\u2019ing\u00e9nierie), l\u2019ouvrage explore la d\u00e9cision au travers de son processus, ses r\u00f4les dans la vie des organisations et l\u2019impact des mutations de l\u2019environnement \u00e9conomique.<\/p>\n<p>Devant l\u2019importance des enjeux auxquels les d\u00e9cideurs font face, la question de l\u2019influence des SAD sur les d\u00e9cisions est particuli\u00e8rement \u00e9tudi\u00e9e. La reconnaissance du caract\u00e8re potentiellement restrictif, voire n\u00e9gatif, de cette influence conduit \u00e0 souligner la responsabilit\u00e9 \u00e9conomique et sociale des concepteurs de ces syst\u00e8mes et \u00e0 prendre en compte sp\u00e9cifiquement la dimension \u00e9thique de l\u2019ing\u00e9nierie des SAD.<\/p>\n","protected":false},"excerpt":{"rendered":"<p>Version papier \u00e9puis\u00e9e<\/p>\n","protected":false},"featured_media":176,"template":"","meta":{"_acf_changed":false,"_links_to":"","_links_to_target":""},"product_brand":[],"product_cat":[722,707],"product_tag":[1016,1017,1018,31,196,329,197,198,199,21,200,22,201,203,204,63,25,172,209,1019,1020,212,38,192,145,28,1021,1022,1023,598,253],"class_list":{"0":"post-175","1":"product","2":"type-product","3":"status-publish","4":"has-post-thumbnail","6":"product_cat-srie-systmes-dinformation-avancs-36251780","7":"product_cat-systmes-dinformation-web-et-socit-12506570","8":"product_tag-decideurs","9":"product_tag-decision","10":"product_tag-decision-et-systeme-dinformation","11":"product_tag-ebook","12":"product_tag-ebooks","13":"product_tag-environnement","14":"product_tag-iste","15":"product_tag-iste-edition","16":"product_tag-iste-editions","17":"product_tag-iste-group","18":"product_tag-isteedition","19":"product_tag-istegroup","20":"product_tag-kindle","21":"product_tag-liseuse","22":"product_tag-livre","23":"product_tag-livre-electronique","24":"product_tag-livre-numerique","25":"product_tag-livre-scientifique","26":"product_tag-livres-scientifiques","27":"product_tag-maryse-salles","28":"product_tag-outils-informatiques","29":"product_tag-ouvrage","30":"product_tag-ouvrage-numerique","31":"product_tag-ouvrage-science","32":"product_tag-ouvrage-scientifique","33":"product_tag-ouvrage-scientifique-francais","34":"product_tag-sad","35":"product_tag-systeme-dinformation","36":"product_tag-systemes-daide-a-la-decision","37":"product_tag-systemes-dinformation","38":"product_tag-technologie","40":"first","41":"instock","42":"shipping-taxable","43":"purchasable","44":"product-type-variable"},"acf":[],"yoast_head":"<!-- This site is optimized with the Yoast SEO plugin v27.2 - https:\/\/yoast.com\/product\/yoast-seo-wordpress\/ -->\n<title>D\u00e9cision et syst\u00e8me d\u2019information - ISTE Group<\/title>\n<meta name=\"description\" content=\"D\u00e9cision et syst\u00e8me d\u2019information\u00a0analyse la probl\u00e9matique de l\u2019ing\u00e9nierie des\u00a0syst\u00e8mes d\u2019aide \u00e0 la d\u00e9cision (SAD) en s\u2019interrogeant sur les rapports qu\u2019entretiennent ces outils avec la d\u00e9cision, le d\u00e9cideur et l\u2019organisation.\" \/>\n<meta name=\"robots\" content=\"index, follow, max-snippet:-1, max-image-preview:large, max-video-preview:-1\" \/>\n<link rel=\"canonical\" href=\"https:\/\/www.istegroup.com\/produit\/decision-et-systeme-dinformation\/\" \/>\n<meta property=\"og:locale\" content=\"fr_FR\" \/>\n<meta property=\"og:type\" content=\"article\" \/>\n<meta property=\"og:title\" content=\"D\u00e9cision et syst\u00e8me d\u2019information - ISTE Group\" \/>\n<meta property=\"og:description\" content=\"D\u00e9cision et syst\u00e8me d\u2019information\u00a0analyse la probl\u00e9matique de l\u2019ing\u00e9nierie des\u00a0syst\u00e8mes d\u2019aide \u00e0 la d\u00e9cision (SAD) en s\u2019interrogeant sur les rapports qu\u2019entretiennent ces outils avec la d\u00e9cision, le d\u00e9cideur et l\u2019organisation.\" \/>\n<meta property=\"og:url\" content=\"https:\/\/www.istegroup.com\/produit\/decision-et-systeme-dinformation\/\" \/>\n<meta property=\"og:site_name\" content=\"ISTE Group\" \/>\n<meta property=\"article:modified_time\" content=\"2025-03-04T09:19:40+00:00\" \/>\n<meta property=\"og:image\" content=\"https:\/\/www.istegroup.com\/wp-content\/uploads\/2017\/07\/1359514628_459753640-1.jpg\" \/>\n\t<meta property=\"og:image:width\" content=\"301\" \/>\n\t<meta property=\"og:image:height\" content=\"452\" \/>\n\t<meta property=\"og:image:type\" content=\"image\/jpeg\" \/>\n<meta name=\"twitter:card\" content=\"summary_large_image\" \/>\n<meta name=\"twitter:label1\" content=\"Est. reading time\" \/>\n\t<meta name=\"twitter:data1\" content=\"1 minute\" \/>\n<script type=\"application\/ld+json\" class=\"yoast-schema-graph\">{\"@context\":\"https:\/\/schema.org\",\"@graph\":[{\"@type\":\"WebPage\",\"@id\":\"https:\/\/www.istegroup.com\/produit\/decision-et-systeme-dinformation\/\",\"url\":\"https:\/\/www.istegroup.com\/produit\/decision-et-systeme-dinformation\/\",\"name\":\"D\u00e9cision et syst\u00e8me d\u2019information - ISTE Group\",\"isPartOf\":{\"@id\":\"https:\/\/www.istegroup.com\/#website\"},\"primaryImageOfPage\":{\"@id\":\"https:\/\/www.istegroup.com\/produit\/decision-et-systeme-dinformation\/#primaryimage\"},\"image\":{\"@id\":\"https:\/\/www.istegroup.com\/produit\/decision-et-systeme-dinformation\/#primaryimage\"},\"thumbnailUrl\":\"https:\/\/www.istegroup.com\/wp-content\/uploads\/2017\/07\/1359514628_459753640-1.jpg\",\"datePublished\":\"2015-05-10T08:42:59+00:00\",\"dateModified\":\"2025-03-04T09:19:40+00:00\",\"description\":\"D\u00e9cision et syst\u00e8me d\u2019information\u00a0analyse la probl\u00e9matique de l\u2019ing\u00e9nierie des\u00a0syst\u00e8mes d\u2019aide \u00e0 la d\u00e9cision (SAD) en s\u2019interrogeant sur les rapports qu\u2019entretiennent ces outils avec la d\u00e9cision, le d\u00e9cideur et l\u2019organisation.\",\"breadcrumb\":{\"@id\":\"https:\/\/www.istegroup.com\/produit\/decision-et-systeme-dinformation\/#breadcrumb\"},\"inLanguage\":\"fr-FR\",\"potentialAction\":[{\"@type\":\"ReadAction\",\"target\":[\"https:\/\/www.istegroup.com\/produit\/decision-et-systeme-dinformation\/\"]}]},{\"@type\":\"ImageObject\",\"inLanguage\":\"fr-FR\",\"@id\":\"https:\/\/www.istegroup.com\/produit\/decision-et-systeme-dinformation\/#primaryimage\",\"url\":\"https:\/\/www.istegroup.com\/wp-content\/uploads\/2017\/07\/1359514628_459753640-1.jpg\",\"contentUrl\":\"https:\/\/www.istegroup.com\/wp-content\/uploads\/2017\/07\/1359514628_459753640-1.jpg\",\"width\":301,\"height\":452,\"caption\":\"D\u00e9cision et syst\u00e8me d\u2019information\"},{\"@type\":\"BreadcrumbList\",\"@id\":\"https:\/\/www.istegroup.com\/produit\/decision-et-systeme-dinformation\/#breadcrumb\",\"itemListElement\":[{\"@type\":\"ListItem\",\"position\":1,\"name\":\"Home\",\"item\":\"https:\/\/www.istegroup.com\/\"},{\"@type\":\"ListItem\",\"position\":2,\"name\":\"Shop\",\"item\":\"https:\/\/www.istegroup.com\/fr\/nouveautes\/\"},{\"@type\":\"ListItem\",\"position\":3,\"name\":\"D\u00e9cision et syst\u00e8me d\u2019information\"}]},{\"@type\":\"WebSite\",\"@id\":\"https:\/\/www.istegroup.com\/#website\",\"url\":\"https:\/\/www.istegroup.com\/\",\"name\":\"ISTE Group\",\"description\":\"\u00c9diteur des Sciences\",\"potentialAction\":[{\"@type\":\"SearchAction\",\"target\":{\"@type\":\"EntryPoint\",\"urlTemplate\":\"https:\/\/www.istegroup.com\/?s={search_term_string}\"},\"query-input\":{\"@type\":\"PropertyValueSpecification\",\"valueRequired\":true,\"valueName\":\"search_term_string\"}}],\"inLanguage\":\"fr-FR\"}]}<\/script>\n<!-- \/ Yoast SEO plugin. -->","yoast_head_json":{"title":"D\u00e9cision et syst\u00e8me d\u2019information - ISTE Group","description":"D\u00e9cision et syst\u00e8me d\u2019information\u00a0analyse la probl\u00e9matique de l\u2019ing\u00e9nierie des\u00a0syst\u00e8mes d\u2019aide \u00e0 la d\u00e9cision (SAD) en s\u2019interrogeant sur les rapports qu\u2019entretiennent ces outils avec la d\u00e9cision, le d\u00e9cideur et l\u2019organisation.","robots":{"index":"index","follow":"follow","max-snippet":"max-snippet:-1","max-image-preview":"max-image-preview:large","max-video-preview":"max-video-preview:-1"},"canonical":"https:\/\/www.istegroup.com\/produit\/decision-et-systeme-dinformation\/","og_locale":"fr_FR","og_type":"article","og_title":"D\u00e9cision et syst\u00e8me d\u2019information - ISTE Group","og_description":"D\u00e9cision et syst\u00e8me d\u2019information\u00a0analyse la probl\u00e9matique de l\u2019ing\u00e9nierie des\u00a0syst\u00e8mes d\u2019aide \u00e0 la d\u00e9cision (SAD) en s\u2019interrogeant sur les rapports qu\u2019entretiennent ces outils avec la d\u00e9cision, le d\u00e9cideur et l\u2019organisation.","og_url":"https:\/\/www.istegroup.com\/produit\/decision-et-systeme-dinformation\/","og_site_name":"ISTE Group","article_modified_time":"2025-03-04T09:19:40+00:00","og_image":[{"width":301,"height":452,"url":"https:\/\/www.istegroup.com\/wp-content\/uploads\/2017\/07\/1359514628_459753640-1.jpg","type":"image\/jpeg"}],"twitter_card":"summary_large_image","twitter_misc":{"Est. reading time":"1 minute"},"schema":{"@context":"https:\/\/schema.org","@graph":[{"@type":"WebPage","@id":"https:\/\/www.istegroup.com\/produit\/decision-et-systeme-dinformation\/","url":"https:\/\/www.istegroup.com\/produit\/decision-et-systeme-dinformation\/","name":"D\u00e9cision et syst\u00e8me d\u2019information - ISTE Group","isPartOf":{"@id":"https:\/\/www.istegroup.com\/#website"},"primaryImageOfPage":{"@id":"https:\/\/www.istegroup.com\/produit\/decision-et-systeme-dinformation\/#primaryimage"},"image":{"@id":"https:\/\/www.istegroup.com\/produit\/decision-et-systeme-dinformation\/#primaryimage"},"thumbnailUrl":"https:\/\/www.istegroup.com\/wp-content\/uploads\/2017\/07\/1359514628_459753640-1.jpg","datePublished":"2015-05-10T08:42:59+00:00","dateModified":"2025-03-04T09:19:40+00:00","description":"D\u00e9cision et syst\u00e8me d\u2019information\u00a0analyse la probl\u00e9matique de l\u2019ing\u00e9nierie des\u00a0syst\u00e8mes d\u2019aide \u00e0 la d\u00e9cision (SAD) en s\u2019interrogeant sur les rapports qu\u2019entretiennent ces outils avec la d\u00e9cision, le d\u00e9cideur et l\u2019organisation.","breadcrumb":{"@id":"https:\/\/www.istegroup.com\/produit\/decision-et-systeme-dinformation\/#breadcrumb"},"inLanguage":"fr-FR","potentialAction":[{"@type":"ReadAction","target":["https:\/\/www.istegroup.com\/produit\/decision-et-systeme-dinformation\/"]}]},{"@type":"ImageObject","inLanguage":"fr-FR","@id":"https:\/\/www.istegroup.com\/produit\/decision-et-systeme-dinformation\/#primaryimage","url":"https:\/\/www.istegroup.com\/wp-content\/uploads\/2017\/07\/1359514628_459753640-1.jpg","contentUrl":"https:\/\/www.istegroup.com\/wp-content\/uploads\/2017\/07\/1359514628_459753640-1.jpg","width":301,"height":452,"caption":"D\u00e9cision et syst\u00e8me d\u2019information"},{"@type":"BreadcrumbList","@id":"https:\/\/www.istegroup.com\/produit\/decision-et-systeme-dinformation\/#breadcrumb","itemListElement":[{"@type":"ListItem","position":1,"name":"Home","item":"https:\/\/www.istegroup.com\/"},{"@type":"ListItem","position":2,"name":"Shop","item":"https:\/\/www.istegroup.com\/fr\/nouveautes\/"},{"@type":"ListItem","position":3,"name":"D\u00e9cision et syst\u00e8me d\u2019information"}]},{"@type":"WebSite","@id":"https:\/\/www.istegroup.com\/#website","url":"https:\/\/www.istegroup.com\/","name":"ISTE Group","description":"\u00c9diteur des Sciences","potentialAction":[{"@type":"SearchAction","target":{"@type":"EntryPoint","urlTemplate":"https:\/\/www.istegroup.com\/?s={search_term_string}"},"query-input":{"@type":"PropertyValueSpecification","valueRequired":true,"valueName":"search_term_string"}}],"inLanguage":"fr-FR"}]}},"_links":{"self":[{"href":"https:\/\/www.istegroup.com\/fr\/wp-json\/wp\/v2\/product\/175","targetHints":{"allow":["GET"]}}],"collection":[{"href":"https:\/\/www.istegroup.com\/fr\/wp-json\/wp\/v2\/product"}],"about":[{"href":"https:\/\/www.istegroup.com\/fr\/wp-json\/wp\/v2\/types\/product"}],"wp:featuredmedia":[{"embeddable":true,"href":"https:\/\/www.istegroup.com\/fr\/wp-json\/wp\/v2\/media\/176"}],"wp:attachment":[{"href":"https:\/\/www.istegroup.com\/fr\/wp-json\/wp\/v2\/media?parent=175"}],"wp:term":[{"taxonomy":"product_brand","embeddable":true,"href":"https:\/\/www.istegroup.com\/fr\/wp-json\/wp\/v2\/product_brand?post=175"},{"taxonomy":"product_cat","embeddable":true,"href":"https:\/\/www.istegroup.com\/fr\/wp-json\/wp\/v2\/product_cat?post=175"},{"taxonomy":"product_tag","embeddable":true,"href":"https:\/\/www.istegroup.com\/fr\/wp-json\/wp\/v2\/product_tag?post=175"}],"curies":[{"name":"wp","href":"https:\/\/api.w.org\/{rel}","templated":true}]}}