{"id":17147,"date":"2019-01-24T10:14:41","date_gmt":"2019-01-24T10:14:41","guid":{"rendered":"https:\/\/www.istegroup.com\/?post_type=product&#038;p=17147"},"modified":"2024-01-03T13:43:01","modified_gmt":"2024-01-03T13:43:01","slug":"analyse-des-structures-2","status":"publish","type":"product","link":"https:\/\/www.istegroup.com\/fr\/produit\/analyse-des-structures-2\/","title":{"rendered":"Analyse des structures 2"},"content":{"rendered":"<p>Destin\u00e9 aux ing\u00e9nieurs et \u00e9tudiants en g\u00e9nie civil, m\u00e9canique, a\u00e9ronautique ou encore maritime, cet ouvrage permet au lecteur d\u2019approfondir sa compr\u00e9hension et sa ma\u00eetrise des m\u00e9thodes d\u2019analyse des structures hyperstatiques.<\/p>\n<p>Apr\u00e8s une introduction g\u00e9n\u00e9rale \u00e0 l\u2019\u00e9tude de ces structures, cet ouvrage expose plusieurs d\u00e9marches d\u2019analyse : la m\u00e9thode des trois moments, la m\u00e9thode de Clapeyron, la m\u00e9thode des foyers, la m\u00e9thode des forces, la m\u00e9thode des rotations ou encore la m\u00e9thode de distribution des moments.<\/p>\n<p>Chaque chapitre suit un m\u00eame sch\u00e9ma didactique : une pr\u00e9sentation des objectifs, une introduction g\u00e9n\u00e9rale, une d\u00e9monstration du fondement de la m\u00e9thode envisag\u00e9e, le traitement num\u00e9rique de quelques exemples, un r\u00e9sum\u00e9 et, enfin, une s\u00e9rie de probl\u00e8mes permettant au lecteur d\u2019appliquer chaque m\u00e9thode d\u2019analyse \u00e9tudi\u00e9e.<\/p>\n","protected":false},"excerpt":{"rendered":"<p>Destin\u00e9 aux ing\u00e9nieurs et \u00e9tudiants en g\u00e9nie civil, m\u00e9canique, a\u00e9ronautique ou encore maritime, cet ouvrage permet au lecteur d\u2019approfondir sa compr\u00e9hension et sa ma\u00eetrise des m\u00e9thodes d\u2019analyse des structures hyperstatiques. Apr\u00e8s une introduction g\u00e9n\u00e9rale \u00e0 l\u2019\u00e9tude de ces structures, cet ouvrage expose plusieurs d\u00e9marches d\u2019analyse : la m\u00e9thode des trois moments, la m\u00e9thode de Clapeyron, [&hellip;]<\/p>\n","protected":false},"featured_media":17156,"template":"","meta":{"_acf_changed":false,"_links_to":"","_links_to_target":""},"product_brand":[],"product_cat":[3262],"product_tag":[],"class_list":{"0":"post-17147","1":"product","2":"type-product","3":"status-publish","4":"has-post-thumbnail","6":"product_cat-non-classe","8":"first","9":"instock","10":"shipping-taxable","11":"purchasable","12":"product-type-variable"},"acf":[],"yoast_head":"<!-- This site is optimized with the Yoast SEO plugin v27.2 - https:\/\/yoast.com\/product\/yoast-seo-wordpress\/ -->\n<title>Analyse des structures 2 - ISTE Group<\/title>\n<meta name=\"description\" content=\"Analyse des structures 2 permet au lecteur d\u2019approfondir sa compr\u00e9hension et sa ma\u00eetrise des m\u00e9thodes d\u2019analyse des structures hyperstatiques.\" \/>\n<meta name=\"robots\" content=\"index, follow, max-snippet:-1, max-image-preview:large, max-video-preview:-1\" \/>\n<link rel=\"canonical\" href=\"https:\/\/www.istegroup.com\/en\/produit\/analyse-des-structures-2\/\" \/>\n<meta property=\"og:locale\" content=\"fr_FR\" \/>\n<meta property=\"og:type\" content=\"article\" \/>\n<meta property=\"og:title\" content=\"Analyse des structures 2 - ISTE Group\" \/>\n<meta property=\"og:description\" content=\"Analyse des structures 2 permet au lecteur d\u2019approfondir sa compr\u00e9hension et sa ma\u00eetrise des m\u00e9thodes d\u2019analyse des structures hyperstatiques.\" \/>\n<meta property=\"og:url\" content=\"https:\/\/www.istegroup.com\/en\/produit\/analyse-des-structures-2\/\" \/>\n<meta property=\"og:site_name\" content=\"ISTE Group\" \/>\n<meta property=\"article:modified_time\" content=\"2024-01-03T13:43:01+00:00\" \/>\n<meta property=\"og:image\" content=\"https:\/\/www.istegroup.com\/wp-content\/uploads\/2019\/01\/Khalfallah-2_Front.jpg\" \/>\n\t<meta property=\"og:image:width\" content=\"604\" \/>\n\t<meta property=\"og:image:height\" content=\"910\" \/>\n\t<meta property=\"og:image:type\" content=\"image\/jpeg\" \/>\n<meta name=\"twitter:card\" content=\"summary_large_image\" \/>\n<meta name=\"twitter:label1\" content=\"Est. reading time\" \/>\n\t<meta name=\"twitter:data1\" content=\"1 minute\" \/>\n<script type=\"application\/ld+json\" class=\"yoast-schema-graph\">{\"@context\":\"https:\/\/schema.org\",\"@graph\":[{\"@type\":\"WebPage\",\"@id\":\"https:\/\/www.istegroup.com\/en\/produit\/analyse-des-structures-2\/\",\"url\":\"https:\/\/www.istegroup.com\/en\/produit\/analyse-des-structures-2\/\",\"name\":\"Analyse des structures 2 - ISTE Group\",\"isPartOf\":{\"@id\":\"https:\/\/www.istegroup.com\/#website\"},\"primaryImageOfPage\":{\"@id\":\"https:\/\/www.istegroup.com\/en\/produit\/analyse-des-structures-2\/#primaryimage\"},\"image\":{\"@id\":\"https:\/\/www.istegroup.com\/en\/produit\/analyse-des-structures-2\/#primaryimage\"},\"thumbnailUrl\":\"https:\/\/www.istegroup.com\/wp-content\/uploads\/2019\/01\/Khalfallah-2_Front.jpg\",\"datePublished\":\"2019-01-24T10:14:41+00:00\",\"dateModified\":\"2024-01-03T13:43:01+00:00\",\"description\":\"Analyse des structures 2 permet au lecteur d\u2019approfondir sa compr\u00e9hension et sa ma\u00eetrise des m\u00e9thodes d\u2019analyse des structures hyperstatiques.\",\"breadcrumb\":{\"@id\":\"https:\/\/www.istegroup.com\/en\/produit\/analyse-des-structures-2\/#breadcrumb\"},\"inLanguage\":\"fr-FR\",\"potentialAction\":[{\"@type\":\"ReadAction\",\"target\":[\"https:\/\/www.istegroup.com\/en\/produit\/analyse-des-structures-2\/\"]}]},{\"@type\":\"ImageObject\",\"inLanguage\":\"fr-FR\",\"@id\":\"https:\/\/www.istegroup.com\/en\/produit\/analyse-des-structures-2\/#primaryimage\",\"url\":\"https:\/\/www.istegroup.com\/wp-content\/uploads\/2019\/01\/Khalfallah-2_Front.jpg\",\"contentUrl\":\"https:\/\/www.istegroup.com\/wp-content\/uploads\/2019\/01\/Khalfallah-2_Front.jpg\",\"width\":604,\"height\":910,\"caption\":\"Structures hyperstatiques\"},{\"@type\":\"BreadcrumbList\",\"@id\":\"https:\/\/www.istegroup.com\/en\/produit\/analyse-des-structures-2\/#breadcrumb\",\"itemListElement\":[{\"@type\":\"ListItem\",\"position\":1,\"name\":\"Home\",\"item\":\"https:\/\/www.istegroup.com\/\"},{\"@type\":\"ListItem\",\"position\":2,\"name\":\"Shop\",\"item\":\"https:\/\/www.istegroup.com\/fr\/nouveautes\/\"},{\"@type\":\"ListItem\",\"position\":3,\"name\":\"Analyse des structures 2\"}]},{\"@type\":\"WebSite\",\"@id\":\"https:\/\/www.istegroup.com\/#website\",\"url\":\"https:\/\/www.istegroup.com\/\",\"name\":\"ISTE Group\",\"description\":\"\u00c9diteur des Sciences\",\"potentialAction\":[{\"@type\":\"SearchAction\",\"target\":{\"@type\":\"EntryPoint\",\"urlTemplate\":\"https:\/\/www.istegroup.com\/?s={search_term_string}\"},\"query-input\":{\"@type\":\"PropertyValueSpecification\",\"valueRequired\":true,\"valueName\":\"search_term_string\"}}],\"inLanguage\":\"fr-FR\"}]}<\/script>\n<!-- \/ Yoast SEO plugin. -->","yoast_head_json":{"title":"Analyse des structures 2 - ISTE Group","description":"Analyse des structures 2 permet au lecteur d\u2019approfondir sa compr\u00e9hension et sa ma\u00eetrise des m\u00e9thodes d\u2019analyse des structures hyperstatiques.","robots":{"index":"index","follow":"follow","max-snippet":"max-snippet:-1","max-image-preview":"max-image-preview:large","max-video-preview":"max-video-preview:-1"},"canonical":"https:\/\/www.istegroup.com\/en\/produit\/analyse-des-structures-2\/","og_locale":"fr_FR","og_type":"article","og_title":"Analyse des structures 2 - ISTE Group","og_description":"Analyse des structures 2 permet au lecteur d\u2019approfondir sa compr\u00e9hension et sa ma\u00eetrise des m\u00e9thodes d\u2019analyse des structures hyperstatiques.","og_url":"https:\/\/www.istegroup.com\/en\/produit\/analyse-des-structures-2\/","og_site_name":"ISTE Group","article_modified_time":"2024-01-03T13:43:01+00:00","og_image":[{"width":604,"height":910,"url":"https:\/\/www.istegroup.com\/wp-content\/uploads\/2019\/01\/Khalfallah-2_Front.jpg","type":"image\/jpeg"}],"twitter_card":"summary_large_image","twitter_misc":{"Est. reading time":"1 minute"},"schema":{"@context":"https:\/\/schema.org","@graph":[{"@type":"WebPage","@id":"https:\/\/www.istegroup.com\/en\/produit\/analyse-des-structures-2\/","url":"https:\/\/www.istegroup.com\/en\/produit\/analyse-des-structures-2\/","name":"Analyse des structures 2 - ISTE Group","isPartOf":{"@id":"https:\/\/www.istegroup.com\/#website"},"primaryImageOfPage":{"@id":"https:\/\/www.istegroup.com\/en\/produit\/analyse-des-structures-2\/#primaryimage"},"image":{"@id":"https:\/\/www.istegroup.com\/en\/produit\/analyse-des-structures-2\/#primaryimage"},"thumbnailUrl":"https:\/\/www.istegroup.com\/wp-content\/uploads\/2019\/01\/Khalfallah-2_Front.jpg","datePublished":"2019-01-24T10:14:41+00:00","dateModified":"2024-01-03T13:43:01+00:00","description":"Analyse des structures 2 permet au lecteur d\u2019approfondir sa compr\u00e9hension et sa ma\u00eetrise des m\u00e9thodes d\u2019analyse des structures hyperstatiques.","breadcrumb":{"@id":"https:\/\/www.istegroup.com\/en\/produit\/analyse-des-structures-2\/#breadcrumb"},"inLanguage":"fr-FR","potentialAction":[{"@type":"ReadAction","target":["https:\/\/www.istegroup.com\/en\/produit\/analyse-des-structures-2\/"]}]},{"@type":"ImageObject","inLanguage":"fr-FR","@id":"https:\/\/www.istegroup.com\/en\/produit\/analyse-des-structures-2\/#primaryimage","url":"https:\/\/www.istegroup.com\/wp-content\/uploads\/2019\/01\/Khalfallah-2_Front.jpg","contentUrl":"https:\/\/www.istegroup.com\/wp-content\/uploads\/2019\/01\/Khalfallah-2_Front.jpg","width":604,"height":910,"caption":"Structures hyperstatiques"},{"@type":"BreadcrumbList","@id":"https:\/\/www.istegroup.com\/en\/produit\/analyse-des-structures-2\/#breadcrumb","itemListElement":[{"@type":"ListItem","position":1,"name":"Home","item":"https:\/\/www.istegroup.com\/"},{"@type":"ListItem","position":2,"name":"Shop","item":"https:\/\/www.istegroup.com\/fr\/nouveautes\/"},{"@type":"ListItem","position":3,"name":"Analyse des structures 2"}]},{"@type":"WebSite","@id":"https:\/\/www.istegroup.com\/#website","url":"https:\/\/www.istegroup.com\/","name":"ISTE Group","description":"\u00c9diteur des Sciences","potentialAction":[{"@type":"SearchAction","target":{"@type":"EntryPoint","urlTemplate":"https:\/\/www.istegroup.com\/?s={search_term_string}"},"query-input":{"@type":"PropertyValueSpecification","valueRequired":true,"valueName":"search_term_string"}}],"inLanguage":"fr-FR"}]}},"_links":{"self":[{"href":"https:\/\/www.istegroup.com\/fr\/wp-json\/wp\/v2\/product\/17147","targetHints":{"allow":["GET"]}}],"collection":[{"href":"https:\/\/www.istegroup.com\/fr\/wp-json\/wp\/v2\/product"}],"about":[{"href":"https:\/\/www.istegroup.com\/fr\/wp-json\/wp\/v2\/types\/product"}],"wp:featuredmedia":[{"embeddable":true,"href":"https:\/\/www.istegroup.com\/fr\/wp-json\/wp\/v2\/media\/17156"}],"wp:attachment":[{"href":"https:\/\/www.istegroup.com\/fr\/wp-json\/wp\/v2\/media?parent=17147"}],"wp:term":[{"taxonomy":"product_brand","embeddable":true,"href":"https:\/\/www.istegroup.com\/fr\/wp-json\/wp\/v2\/product_brand?post=17147"},{"taxonomy":"product_cat","embeddable":true,"href":"https:\/\/www.istegroup.com\/fr\/wp-json\/wp\/v2\/product_cat?post=17147"},{"taxonomy":"product_tag","embeddable":true,"href":"https:\/\/www.istegroup.com\/fr\/wp-json\/wp\/v2\/product_tag?post=17147"}],"curies":[{"name":"wp","href":"https:\/\/api.w.org\/{rel}","templated":true}]}}