{"id":17104,"date":"2019-01-24T09:17:50","date_gmt":"2019-01-24T09:17:50","guid":{"rendered":"https:\/\/www.istegroup.com\/?post_type=product&#038;p=17104"},"modified":"2024-01-03T13:42:55","modified_gmt":"2024-01-03T13:42:55","slug":"defis-de-lautomatisation-des-systemes-sociotechniques","status":"publish","type":"product","link":"https:\/\/www.istegroup.com\/fr\/produit\/defis-de-lautomatisation-des-systemes-sociotechniques\/","title":{"rendered":"D\u00e9fis de l\u2019automatisation des syst\u00e8mes sociotechniques"},"content":{"rendered":"<p>Les d\u00e9fis de l\u2019automatisation des syst\u00e8mes sociotechniques sont fortement li\u00e9s \u00e0 la prise en compte des atouts et des limites des ressources techniques et humaines, tels que les caract\u00e9ristiques perceptives, les capacit\u00e9s coop\u00e9ratives, les modalit\u00e9s de partage de t\u00e2ches, la mod\u00e9lisation de comportements humains, ou l\u2019apport de d\u00e9marches de conception innovante.<\/p>\n<p><em>D\u00e9fis de l\u2019automatisation des syst\u00e8mes sociotechniques\u00a0<\/em>expose la difficult\u00e9 \u00e0 mettre en oeuvre et \u00e0 garantir, \u00e0 court, moyen et long termes, une symbiose entre humains et machines. Il pr\u00e9sente des solutions innovantes pour la r\u00e9alisation d\u2019une telle symbiose, qui n\u00e9cessitent des comp\u00e9tences \u00e0 la fois en sciences cognitives, sciences pour l\u2019ing\u00e9nieur et sciences sociales.<\/p>\n<p>Les chercheurs, enseignants-chercheurs ou les ing\u00e9nieurs de ces domaines trouveront dans cet ouvrage des \u00e9l\u00e9ments de r\u00e9ponses \u00e0 ces d\u00e9fis permanents.<\/p>\n","protected":false},"excerpt":{"rendered":"<p>Les d\u00e9fis de l\u2019automatisation des syst\u00e8mes sociotechniques sont fortement li\u00e9s \u00e0 la prise en compte des atouts et des limites des ressources techniques et humaines, tels que les caract\u00e9ristiques perceptives, les capacit\u00e9s coop\u00e9ratives, les modalit\u00e9s de partage de t\u00e2ches, la mod\u00e9lisation de comportements humains, ou l\u2019apport de d\u00e9marches de conception innovante. D\u00e9fis de l\u2019automatisation des [&hellip;]<\/p>\n","protected":false},"featured_media":17117,"template":"","meta":{"_acf_changed":false,"_links_to":"","_links_to_target":""},"product_brand":[],"product_cat":[3262],"product_tag":[],"class_list":{"0":"post-17104","1":"product","2":"type-product","3":"status-publish","4":"has-post-thumbnail","6":"product_cat-non-classe","8":"first","9":"instock","10":"shipping-taxable","11":"purchasable","12":"product-type-variable"},"acf":[],"yoast_head":"<!-- This site is optimized with the Yoast SEO plugin v27.2 - https:\/\/yoast.com\/product\/yoast-seo-wordpress\/ -->\n<title>D\u00e9fis de l\u2019automatisation des syst\u00e8mes sociotechniques - ISTE Group<\/title>\n<meta name=\"description\" content=\"D\u00e9fis de l\u2019automatisation des syst\u00e8mes sociotechniques\u00a0expose la difficult\u00e9 \u00e0 mettre en oeuvre et \u00e0 garantir une symbiose entre humains et machines.\" \/>\n<meta name=\"robots\" content=\"index, follow, max-snippet:-1, max-image-preview:large, max-video-preview:-1\" \/>\n<link rel=\"canonical\" href=\"https:\/\/www.istegroup.com\/fr\/produit\/defis-de-lautomatisation-des-systemes-sociotechniques\/\" \/>\n<meta property=\"og:locale\" content=\"fr_FR\" \/>\n<meta property=\"og:type\" content=\"article\" \/>\n<meta property=\"og:title\" content=\"D\u00e9fis de l\u2019automatisation des syst\u00e8mes sociotechniques - ISTE Group\" \/>\n<meta property=\"og:description\" content=\"D\u00e9fis de l\u2019automatisation des syst\u00e8mes sociotechniques\u00a0expose la difficult\u00e9 \u00e0 mettre en oeuvre et \u00e0 garantir une symbiose entre humains et machines.\" \/>\n<meta property=\"og:url\" content=\"https:\/\/www.istegroup.com\/fr\/produit\/defis-de-lautomatisation-des-systemes-sociotechniques\/\" \/>\n<meta property=\"og:site_name\" content=\"ISTE Group\" \/>\n<meta property=\"article:modified_time\" content=\"2024-01-03T13:42:55+00:00\" \/>\n<meta property=\"og:image\" content=\"https:\/\/www.istegroup.com\/wp-content\/uploads\/2019\/01\/Vanderhaegen_Front.jpg\" \/>\n\t<meta property=\"og:image:width\" content=\"606\" \/>\n\t<meta property=\"og:image:height\" content=\"910\" \/>\n\t<meta property=\"og:image:type\" content=\"image\/jpeg\" \/>\n<meta name=\"twitter:card\" content=\"summary_large_image\" \/>\n<meta name=\"twitter:label1\" content=\"Est. reading time\" \/>\n\t<meta name=\"twitter:data1\" content=\"1 minute\" \/>\n<script type=\"application\/ld+json\" class=\"yoast-schema-graph\">{\"@context\":\"https:\/\/schema.org\",\"@graph\":[{\"@type\":\"WebPage\",\"@id\":\"https:\/\/www.istegroup.com\/fr\/produit\/defis-de-lautomatisation-des-systemes-sociotechniques\/\",\"url\":\"https:\/\/www.istegroup.com\/fr\/produit\/defis-de-lautomatisation-des-systemes-sociotechniques\/\",\"name\":\"D\u00e9fis de l\u2019automatisation des syst\u00e8mes sociotechniques - ISTE Group\",\"isPartOf\":{\"@id\":\"https:\/\/www.istegroup.com\/#website\"},\"primaryImageOfPage\":{\"@id\":\"https:\/\/www.istegroup.com\/fr\/produit\/defis-de-lautomatisation-des-systemes-sociotechniques\/#primaryimage\"},\"image\":{\"@id\":\"https:\/\/www.istegroup.com\/fr\/produit\/defis-de-lautomatisation-des-systemes-sociotechniques\/#primaryimage\"},\"thumbnailUrl\":\"https:\/\/www.istegroup.com\/wp-content\/uploads\/2019\/01\/Vanderhaegen_Front.jpg\",\"datePublished\":\"2019-01-24T09:17:50+00:00\",\"dateModified\":\"2024-01-03T13:42:55+00:00\",\"description\":\"D\u00e9fis de l\u2019automatisation des syst\u00e8mes sociotechniques\u00a0expose la difficult\u00e9 \u00e0 mettre en oeuvre et \u00e0 garantir une symbiose entre humains et machines.\",\"breadcrumb\":{\"@id\":\"https:\/\/www.istegroup.com\/fr\/produit\/defis-de-lautomatisation-des-systemes-sociotechniques\/#breadcrumb\"},\"inLanguage\":\"fr-FR\",\"potentialAction\":[{\"@type\":\"ReadAction\",\"target\":[\"https:\/\/www.istegroup.com\/fr\/produit\/defis-de-lautomatisation-des-systemes-sociotechniques\/\"]}]},{\"@type\":\"ImageObject\",\"inLanguage\":\"fr-FR\",\"@id\":\"https:\/\/www.istegroup.com\/fr\/produit\/defis-de-lautomatisation-des-systemes-sociotechniques\/#primaryimage\",\"url\":\"https:\/\/www.istegroup.com\/wp-content\/uploads\/2019\/01\/Vanderhaegen_Front.jpg\",\"contentUrl\":\"https:\/\/www.istegroup.com\/wp-content\/uploads\/2019\/01\/Vanderhaegen_Front.jpg\",\"width\":606,\"height\":910,\"caption\":\"D\u00e9fis de l\u2019automatisation des syst\u00e8mes sociotechniques\"},{\"@type\":\"BreadcrumbList\",\"@id\":\"https:\/\/www.istegroup.com\/fr\/produit\/defis-de-lautomatisation-des-systemes-sociotechniques\/#breadcrumb\",\"itemListElement\":[{\"@type\":\"ListItem\",\"position\":1,\"name\":\"Home\",\"item\":\"https:\/\/www.istegroup.com\/\"},{\"@type\":\"ListItem\",\"position\":2,\"name\":\"Shop\",\"item\":\"https:\/\/www.istegroup.com\/fr\/nouveautes\/\"},{\"@type\":\"ListItem\",\"position\":3,\"name\":\"D\u00e9fis de l\u2019automatisation des syst\u00e8mes sociotechniques\"}]},{\"@type\":\"WebSite\",\"@id\":\"https:\/\/www.istegroup.com\/#website\",\"url\":\"https:\/\/www.istegroup.com\/\",\"name\":\"ISTE Group\",\"description\":\"\u00c9diteur des Sciences\",\"potentialAction\":[{\"@type\":\"SearchAction\",\"target\":{\"@type\":\"EntryPoint\",\"urlTemplate\":\"https:\/\/www.istegroup.com\/?s={search_term_string}\"},\"query-input\":{\"@type\":\"PropertyValueSpecification\",\"valueRequired\":true,\"valueName\":\"search_term_string\"}}],\"inLanguage\":\"fr-FR\"}]}<\/script>\n<!-- \/ Yoast SEO plugin. -->","yoast_head_json":{"title":"D\u00e9fis de l\u2019automatisation des syst\u00e8mes sociotechniques - ISTE Group","description":"D\u00e9fis de l\u2019automatisation des syst\u00e8mes sociotechniques\u00a0expose la difficult\u00e9 \u00e0 mettre en oeuvre et \u00e0 garantir une symbiose entre humains et machines.","robots":{"index":"index","follow":"follow","max-snippet":"max-snippet:-1","max-image-preview":"max-image-preview:large","max-video-preview":"max-video-preview:-1"},"canonical":"https:\/\/www.istegroup.com\/fr\/produit\/defis-de-lautomatisation-des-systemes-sociotechniques\/","og_locale":"fr_FR","og_type":"article","og_title":"D\u00e9fis de l\u2019automatisation des syst\u00e8mes sociotechniques - ISTE Group","og_description":"D\u00e9fis de l\u2019automatisation des syst\u00e8mes sociotechniques\u00a0expose la difficult\u00e9 \u00e0 mettre en oeuvre et \u00e0 garantir une symbiose entre humains et machines.","og_url":"https:\/\/www.istegroup.com\/fr\/produit\/defis-de-lautomatisation-des-systemes-sociotechniques\/","og_site_name":"ISTE Group","article_modified_time":"2024-01-03T13:42:55+00:00","og_image":[{"width":606,"height":910,"url":"https:\/\/www.istegroup.com\/wp-content\/uploads\/2019\/01\/Vanderhaegen_Front.jpg","type":"image\/jpeg"}],"twitter_card":"summary_large_image","twitter_misc":{"Est. reading time":"1 minute"},"schema":{"@context":"https:\/\/schema.org","@graph":[{"@type":"WebPage","@id":"https:\/\/www.istegroup.com\/fr\/produit\/defis-de-lautomatisation-des-systemes-sociotechniques\/","url":"https:\/\/www.istegroup.com\/fr\/produit\/defis-de-lautomatisation-des-systemes-sociotechniques\/","name":"D\u00e9fis de l\u2019automatisation des syst\u00e8mes sociotechniques - ISTE Group","isPartOf":{"@id":"https:\/\/www.istegroup.com\/#website"},"primaryImageOfPage":{"@id":"https:\/\/www.istegroup.com\/fr\/produit\/defis-de-lautomatisation-des-systemes-sociotechniques\/#primaryimage"},"image":{"@id":"https:\/\/www.istegroup.com\/fr\/produit\/defis-de-lautomatisation-des-systemes-sociotechniques\/#primaryimage"},"thumbnailUrl":"https:\/\/www.istegroup.com\/wp-content\/uploads\/2019\/01\/Vanderhaegen_Front.jpg","datePublished":"2019-01-24T09:17:50+00:00","dateModified":"2024-01-03T13:42:55+00:00","description":"D\u00e9fis de l\u2019automatisation des syst\u00e8mes sociotechniques\u00a0expose la difficult\u00e9 \u00e0 mettre en oeuvre et \u00e0 garantir une symbiose entre humains et machines.","breadcrumb":{"@id":"https:\/\/www.istegroup.com\/fr\/produit\/defis-de-lautomatisation-des-systemes-sociotechniques\/#breadcrumb"},"inLanguage":"fr-FR","potentialAction":[{"@type":"ReadAction","target":["https:\/\/www.istegroup.com\/fr\/produit\/defis-de-lautomatisation-des-systemes-sociotechniques\/"]}]},{"@type":"ImageObject","inLanguage":"fr-FR","@id":"https:\/\/www.istegroup.com\/fr\/produit\/defis-de-lautomatisation-des-systemes-sociotechniques\/#primaryimage","url":"https:\/\/www.istegroup.com\/wp-content\/uploads\/2019\/01\/Vanderhaegen_Front.jpg","contentUrl":"https:\/\/www.istegroup.com\/wp-content\/uploads\/2019\/01\/Vanderhaegen_Front.jpg","width":606,"height":910,"caption":"D\u00e9fis de l\u2019automatisation des syst\u00e8mes sociotechniques"},{"@type":"BreadcrumbList","@id":"https:\/\/www.istegroup.com\/fr\/produit\/defis-de-lautomatisation-des-systemes-sociotechniques\/#breadcrumb","itemListElement":[{"@type":"ListItem","position":1,"name":"Home","item":"https:\/\/www.istegroup.com\/"},{"@type":"ListItem","position":2,"name":"Shop","item":"https:\/\/www.istegroup.com\/fr\/nouveautes\/"},{"@type":"ListItem","position":3,"name":"D\u00e9fis de l\u2019automatisation des syst\u00e8mes sociotechniques"}]},{"@type":"WebSite","@id":"https:\/\/www.istegroup.com\/#website","url":"https:\/\/www.istegroup.com\/","name":"ISTE Group","description":"\u00c9diteur des Sciences","potentialAction":[{"@type":"SearchAction","target":{"@type":"EntryPoint","urlTemplate":"https:\/\/www.istegroup.com\/?s={search_term_string}"},"query-input":{"@type":"PropertyValueSpecification","valueRequired":true,"valueName":"search_term_string"}}],"inLanguage":"fr-FR"}]}},"_links":{"self":[{"href":"https:\/\/www.istegroup.com\/fr\/wp-json\/wp\/v2\/product\/17104","targetHints":{"allow":["GET"]}}],"collection":[{"href":"https:\/\/www.istegroup.com\/fr\/wp-json\/wp\/v2\/product"}],"about":[{"href":"https:\/\/www.istegroup.com\/fr\/wp-json\/wp\/v2\/types\/product"}],"wp:featuredmedia":[{"embeddable":true,"href":"https:\/\/www.istegroup.com\/fr\/wp-json\/wp\/v2\/media\/17117"}],"wp:attachment":[{"href":"https:\/\/www.istegroup.com\/fr\/wp-json\/wp\/v2\/media?parent=17104"}],"wp:term":[{"taxonomy":"product_brand","embeddable":true,"href":"https:\/\/www.istegroup.com\/fr\/wp-json\/wp\/v2\/product_brand?post=17104"},{"taxonomy":"product_cat","embeddable":true,"href":"https:\/\/www.istegroup.com\/fr\/wp-json\/wp\/v2\/product_cat?post=17104"},{"taxonomy":"product_tag","embeddable":true,"href":"https:\/\/www.istegroup.com\/fr\/wp-json\/wp\/v2\/product_tag?post=17104"}],"curies":[{"name":"wp","href":"https:\/\/api.w.org\/{rel}","templated":true}]}}