{"id":17087,"date":"2019-01-23T15:27:25","date_gmt":"2019-01-23T15:27:25","guid":{"rendered":"https:\/\/www.istegroup.com\/?post_type=product&#038;p=17087"},"modified":"2024-01-03T13:42:54","modified_gmt":"2024-01-03T13:42:54","slug":"introduction-aux-processus-stochastiques-et-a-la-simulation","status":"publish","type":"product","link":"https:\/\/www.istegroup.com\/fr\/produit\/introduction-aux-processus-stochastiques-et-a-la-simulation\/","title":{"rendered":"Introduction aux processus stochastiques et \u00e0 la simulation"},"content":{"rendered":"<p>Ma\u00eetriser le hasard a longtemps \u00e9t\u00e9 une pr\u00e9occupation de recherche des math\u00e9maticiens. Aujourd&rsquo;hui, nous poss\u00e9dons une approche pr\u00e9dictive de l&rsquo;\u00e9volution des syst\u00e8mes bas\u00e9e sur la th\u00e9orie des probabilit\u00e9s. Cependant, d\u00e9couvrir ce sujet est parfois complexe, car il n\u00e9cessite une bonne connaissance des math\u00e9matiques sous-jacentes.<\/p>\n<p>Cet ouvrage offre une introduction aux processus li\u00e9s aux fluctuations du hasard et \u00e0 l&#8217;emploi de m\u00e9thodes num\u00e9riques pour approcher des solutions difficiles \u00e0 obtenir par une voie analytique.<\/p>\n<p>Il reprend des exemples classiques de gestion de stocks et de files d&rsquo;attente, et aborde des sujets plus divers, comme la fiabilit\u00e9 des \u00e9quipements, la g\u00e9n\u00e9tique, la dynamique des populations, la physique et m\u00eame la finance de march\u00e9s. Il s\u2019adresse \u00e0 des \u00e9tudiants de niveau Master, d\u2019\u00e9cole d\u2019ing\u00e9nieur ou de gestion, mais aussi \u00e0 un public de formation continue, afin de faire d\u00e9couvrir le vaste domaine de l\u2019aide \u00e0 la d\u00e9cision.<\/p>\n","protected":false},"excerpt":{"rendered":"<p>Ma\u00eetriser le hasard a longtemps \u00e9t\u00e9 une pr\u00e9occupation de recherche des math\u00e9maticiens. Aujourd&rsquo;hui, nous poss\u00e9dons une approche pr\u00e9dictive de l&rsquo;\u00e9volution des syst\u00e8mes bas\u00e9e sur la th\u00e9orie des probabilit\u00e9s. Cependant, d\u00e9couvrir ce sujet est parfois complexe, car il n\u00e9cessite une bonne connaissance des math\u00e9matiques sous-jacentes. Cet ouvrage offre une introduction aux processus li\u00e9s aux fluctuations du [&hellip;]<\/p>\n","protected":false},"featured_media":17093,"template":"","meta":{"_acf_changed":false,"_links_to":"","_links_to_target":""},"product_brand":[],"product_cat":[3262],"product_tag":[],"class_list":{"0":"post-17087","1":"product","2":"type-product","3":"status-publish","4":"has-post-thumbnail","6":"product_cat-non-classe","8":"first","9":"instock","10":"shipping-taxable","11":"purchasable","12":"product-type-variable"},"acf":[],"yoast_head":"<!-- This site is optimized with the Yoast SEO plugin v27.2 - https:\/\/yoast.com\/product\/yoast-seo-wordpress\/ -->\n<title>Introduction aux processus stochastiques et \u00e0 la simulation - ISTE Group<\/title>\n<meta name=\"description\" content=\"Cet ouvrage offre une introduction aux processus li\u00e9s aux fluctuations du hasard et \u00e0 l&#039;emploi de m\u00e9thodes num\u00e9riques pour approcher des solutions difficiles \u00e0 obtenir par une voie analytique.\" \/>\n<meta name=\"robots\" content=\"index, follow, max-snippet:-1, max-image-preview:large, max-video-preview:-1\" \/>\n<link rel=\"canonical\" href=\"https:\/\/www.istegroup.com\/en\/produit\/introduction-aux-processus-stochastiques-et-a-la-simulation\/\" \/>\n<meta property=\"og:locale\" content=\"fr_FR\" \/>\n<meta property=\"og:type\" content=\"article\" \/>\n<meta property=\"og:title\" content=\"Introduction aux processus stochastiques et \u00e0 la simulation - ISTE Group\" \/>\n<meta property=\"og:description\" content=\"Cet ouvrage offre une introduction aux processus li\u00e9s aux fluctuations du hasard et \u00e0 l&#039;emploi de m\u00e9thodes num\u00e9riques pour approcher des solutions difficiles \u00e0 obtenir par une voie analytique.\" \/>\n<meta property=\"og:url\" content=\"https:\/\/www.istegroup.com\/en\/produit\/introduction-aux-processus-stochastiques-et-a-la-simulation\/\" \/>\n<meta property=\"og:site_name\" content=\"ISTE Group\" \/>\n<meta property=\"article:modified_time\" content=\"2024-01-03T13:42:54+00:00\" \/>\n<meta property=\"og:image\" content=\"https:\/\/www.istegroup.com\/wp-content\/uploads\/2019\/01\/Cochard_Front.jpg\" \/>\n\t<meta property=\"og:image:width\" content=\"605\" \/>\n\t<meta property=\"og:image:height\" content=\"911\" \/>\n\t<meta property=\"og:image:type\" content=\"image\/jpeg\" \/>\n<meta name=\"twitter:card\" content=\"summary_large_image\" \/>\n<meta name=\"twitter:label1\" content=\"Est. reading time\" \/>\n\t<meta name=\"twitter:data1\" content=\"1 minute\" \/>\n<script type=\"application\/ld+json\" class=\"yoast-schema-graph\">{\"@context\":\"https:\/\/schema.org\",\"@graph\":[{\"@type\":\"WebPage\",\"@id\":\"https:\/\/www.istegroup.com\/en\/produit\/introduction-aux-processus-stochastiques-et-a-la-simulation\/\",\"url\":\"https:\/\/www.istegroup.com\/en\/produit\/introduction-aux-processus-stochastiques-et-a-la-simulation\/\",\"name\":\"Introduction aux processus stochastiques et \u00e0 la simulation - ISTE Group\",\"isPartOf\":{\"@id\":\"https:\/\/www.istegroup.com\/#website\"},\"primaryImageOfPage\":{\"@id\":\"https:\/\/www.istegroup.com\/en\/produit\/introduction-aux-processus-stochastiques-et-a-la-simulation\/#primaryimage\"},\"image\":{\"@id\":\"https:\/\/www.istegroup.com\/en\/produit\/introduction-aux-processus-stochastiques-et-a-la-simulation\/#primaryimage\"},\"thumbnailUrl\":\"https:\/\/www.istegroup.com\/wp-content\/uploads\/2019\/01\/Cochard_Front.jpg\",\"datePublished\":\"2019-01-23T15:27:25+00:00\",\"dateModified\":\"2024-01-03T13:42:54+00:00\",\"description\":\"Cet ouvrage offre une introduction aux processus li\u00e9s aux fluctuations du hasard et \u00e0 l'emploi de m\u00e9thodes num\u00e9riques pour approcher des solutions difficiles \u00e0 obtenir par une voie analytique.\",\"breadcrumb\":{\"@id\":\"https:\/\/www.istegroup.com\/en\/produit\/introduction-aux-processus-stochastiques-et-a-la-simulation\/#breadcrumb\"},\"inLanguage\":\"fr-FR\",\"potentialAction\":[{\"@type\":\"ReadAction\",\"target\":[\"https:\/\/www.istegroup.com\/en\/produit\/introduction-aux-processus-stochastiques-et-a-la-simulation\/\"]}]},{\"@type\":\"ImageObject\",\"inLanguage\":\"fr-FR\",\"@id\":\"https:\/\/www.istegroup.com\/en\/produit\/introduction-aux-processus-stochastiques-et-a-la-simulation\/#primaryimage\",\"url\":\"https:\/\/www.istegroup.com\/wp-content\/uploads\/2019\/01\/Cochard_Front.jpg\",\"contentUrl\":\"https:\/\/www.istegroup.com\/wp-content\/uploads\/2019\/01\/Cochard_Front.jpg\",\"width\":605,\"height\":911,\"caption\":\"Introduction aux processus stochastiques et \u00e0 la simulation\"},{\"@type\":\"BreadcrumbList\",\"@id\":\"https:\/\/www.istegroup.com\/en\/produit\/introduction-aux-processus-stochastiques-et-a-la-simulation\/#breadcrumb\",\"itemListElement\":[{\"@type\":\"ListItem\",\"position\":1,\"name\":\"Home\",\"item\":\"https:\/\/www.istegroup.com\/\"},{\"@type\":\"ListItem\",\"position\":2,\"name\":\"Shop\",\"item\":\"https:\/\/www.istegroup.com\/fr\/nouveautes\/\"},{\"@type\":\"ListItem\",\"position\":3,\"name\":\"Introduction aux processus stochastiques et \u00e0 la simulation\"}]},{\"@type\":\"WebSite\",\"@id\":\"https:\/\/www.istegroup.com\/#website\",\"url\":\"https:\/\/www.istegroup.com\/\",\"name\":\"ISTE Group\",\"description\":\"\u00c9diteur des Sciences\",\"potentialAction\":[{\"@type\":\"SearchAction\",\"target\":{\"@type\":\"EntryPoint\",\"urlTemplate\":\"https:\/\/www.istegroup.com\/?s={search_term_string}\"},\"query-input\":{\"@type\":\"PropertyValueSpecification\",\"valueRequired\":true,\"valueName\":\"search_term_string\"}}],\"inLanguage\":\"fr-FR\"}]}<\/script>\n<!-- \/ Yoast SEO plugin. -->","yoast_head_json":{"title":"Introduction aux processus stochastiques et \u00e0 la simulation - ISTE Group","description":"Cet ouvrage offre une introduction aux processus li\u00e9s aux fluctuations du hasard et \u00e0 l'emploi de m\u00e9thodes num\u00e9riques pour approcher des solutions difficiles \u00e0 obtenir par une voie analytique.","robots":{"index":"index","follow":"follow","max-snippet":"max-snippet:-1","max-image-preview":"max-image-preview:large","max-video-preview":"max-video-preview:-1"},"canonical":"https:\/\/www.istegroup.com\/en\/produit\/introduction-aux-processus-stochastiques-et-a-la-simulation\/","og_locale":"fr_FR","og_type":"article","og_title":"Introduction aux processus stochastiques et \u00e0 la simulation - ISTE Group","og_description":"Cet ouvrage offre une introduction aux processus li\u00e9s aux fluctuations du hasard et \u00e0 l'emploi de m\u00e9thodes num\u00e9riques pour approcher des solutions difficiles \u00e0 obtenir par une voie analytique.","og_url":"https:\/\/www.istegroup.com\/en\/produit\/introduction-aux-processus-stochastiques-et-a-la-simulation\/","og_site_name":"ISTE Group","article_modified_time":"2024-01-03T13:42:54+00:00","og_image":[{"width":605,"height":911,"url":"https:\/\/www.istegroup.com\/wp-content\/uploads\/2019\/01\/Cochard_Front.jpg","type":"image\/jpeg"}],"twitter_card":"summary_large_image","twitter_misc":{"Est. reading time":"1 minute"},"schema":{"@context":"https:\/\/schema.org","@graph":[{"@type":"WebPage","@id":"https:\/\/www.istegroup.com\/en\/produit\/introduction-aux-processus-stochastiques-et-a-la-simulation\/","url":"https:\/\/www.istegroup.com\/en\/produit\/introduction-aux-processus-stochastiques-et-a-la-simulation\/","name":"Introduction aux processus stochastiques et \u00e0 la simulation - ISTE Group","isPartOf":{"@id":"https:\/\/www.istegroup.com\/#website"},"primaryImageOfPage":{"@id":"https:\/\/www.istegroup.com\/en\/produit\/introduction-aux-processus-stochastiques-et-a-la-simulation\/#primaryimage"},"image":{"@id":"https:\/\/www.istegroup.com\/en\/produit\/introduction-aux-processus-stochastiques-et-a-la-simulation\/#primaryimage"},"thumbnailUrl":"https:\/\/www.istegroup.com\/wp-content\/uploads\/2019\/01\/Cochard_Front.jpg","datePublished":"2019-01-23T15:27:25+00:00","dateModified":"2024-01-03T13:42:54+00:00","description":"Cet ouvrage offre une introduction aux processus li\u00e9s aux fluctuations du hasard et \u00e0 l'emploi de m\u00e9thodes num\u00e9riques pour approcher des solutions difficiles \u00e0 obtenir par une voie analytique.","breadcrumb":{"@id":"https:\/\/www.istegroup.com\/en\/produit\/introduction-aux-processus-stochastiques-et-a-la-simulation\/#breadcrumb"},"inLanguage":"fr-FR","potentialAction":[{"@type":"ReadAction","target":["https:\/\/www.istegroup.com\/en\/produit\/introduction-aux-processus-stochastiques-et-a-la-simulation\/"]}]},{"@type":"ImageObject","inLanguage":"fr-FR","@id":"https:\/\/www.istegroup.com\/en\/produit\/introduction-aux-processus-stochastiques-et-a-la-simulation\/#primaryimage","url":"https:\/\/www.istegroup.com\/wp-content\/uploads\/2019\/01\/Cochard_Front.jpg","contentUrl":"https:\/\/www.istegroup.com\/wp-content\/uploads\/2019\/01\/Cochard_Front.jpg","width":605,"height":911,"caption":"Introduction aux processus stochastiques et \u00e0 la simulation"},{"@type":"BreadcrumbList","@id":"https:\/\/www.istegroup.com\/en\/produit\/introduction-aux-processus-stochastiques-et-a-la-simulation\/#breadcrumb","itemListElement":[{"@type":"ListItem","position":1,"name":"Home","item":"https:\/\/www.istegroup.com\/"},{"@type":"ListItem","position":2,"name":"Shop","item":"https:\/\/www.istegroup.com\/fr\/nouveautes\/"},{"@type":"ListItem","position":3,"name":"Introduction aux processus stochastiques et \u00e0 la simulation"}]},{"@type":"WebSite","@id":"https:\/\/www.istegroup.com\/#website","url":"https:\/\/www.istegroup.com\/","name":"ISTE Group","description":"\u00c9diteur des Sciences","potentialAction":[{"@type":"SearchAction","target":{"@type":"EntryPoint","urlTemplate":"https:\/\/www.istegroup.com\/?s={search_term_string}"},"query-input":{"@type":"PropertyValueSpecification","valueRequired":true,"valueName":"search_term_string"}}],"inLanguage":"fr-FR"}]}},"_links":{"self":[{"href":"https:\/\/www.istegroup.com\/fr\/wp-json\/wp\/v2\/product\/17087","targetHints":{"allow":["GET"]}}],"collection":[{"href":"https:\/\/www.istegroup.com\/fr\/wp-json\/wp\/v2\/product"}],"about":[{"href":"https:\/\/www.istegroup.com\/fr\/wp-json\/wp\/v2\/types\/product"}],"wp:featuredmedia":[{"embeddable":true,"href":"https:\/\/www.istegroup.com\/fr\/wp-json\/wp\/v2\/media\/17093"}],"wp:attachment":[{"href":"https:\/\/www.istegroup.com\/fr\/wp-json\/wp\/v2\/media?parent=17087"}],"wp:term":[{"taxonomy":"product_brand","embeddable":true,"href":"https:\/\/www.istegroup.com\/fr\/wp-json\/wp\/v2\/product_brand?post=17087"},{"taxonomy":"product_cat","embeddable":true,"href":"https:\/\/www.istegroup.com\/fr\/wp-json\/wp\/v2\/product_cat?post=17087"},{"taxonomy":"product_tag","embeddable":true,"href":"https:\/\/www.istegroup.com\/fr\/wp-json\/wp\/v2\/product_tag?post=17087"}],"curies":[{"name":"wp","href":"https:\/\/api.w.org\/{rel}","templated":true}]}}