{"id":16953,"date":"2019-01-22T10:23:30","date_gmt":"2019-01-22T10:23:30","guid":{"rendered":"https:\/\/www.istegroup.com\/?post_type=product&#038;p=16953"},"modified":"2024-01-03T13:42:54","modified_gmt":"2024-01-03T13:42:54","slug":"electronique-fondamentale-2","status":"publish","type":"product","link":"https:\/\/www.istegroup.com\/fr\/produit\/electronique-fondamentale-2\/","title":{"rendered":"\u00c9lectronique fondamentale 2"},"content":{"rendered":"<p>\u00c9lectronique fondamentale pr\u00e9sente, en trois volumes, des approches unificatrices dans les domaines de base. \u00c0 travers des exercices et des applications, il traite en d\u00e9tail les concepts fondamentaux pour d\u00e9crire et analyser les m\u00e9canismes de fonctionnement des composants et des syst\u00e8mes, leurs mod\u00e8les \u00e9lectriques et leurs fonctions de traitement des signaux.<\/p>\n<p>Ce deuxi\u00e8me volume traite des syst\u00e8mes \u00e0 temps continu. Il pr\u00e9sente les transformations entre les domaines (temporel et fr\u00e9quentiel) ou dans le plan complexe et les applique aux syst\u00e8mes \u00e9lectroniques. L\u2019ouvrage se focalise \u00e9galement sur les syst\u00e8mes stables, lin\u00e9aires et stationnaires, et plus sp\u00e9cialement sur les quadrip\u00f4les et les filtres analogiques. Une large partie est d\u00e9di\u00e9e \u00e0 l\u2019\u00e9tude de plusieurs m\u00e9thodes de synth\u00e8se des filtres et leur application \u00e0 la r\u00e9alisation pratique des r\u00e9seaux de filtrage.<\/p>\n","protected":false},"excerpt":{"rendered":"<p>\u00c9lectronique fondamentale pr\u00e9sente, en trois volumes, des approches unificatrices dans les domaines de base. \u00c0 travers des exercices et des applications, il traite en d\u00e9tail les concepts fondamentaux pour d\u00e9crire et analyser les m\u00e9canismes de fonctionnement des composants et des syst\u00e8mes, leurs mod\u00e8les \u00e9lectriques et leurs fonctions de traitement des signaux. Ce deuxi\u00e8me volume traite [&hellip;]<\/p>\n","protected":false},"featured_media":16958,"template":"","meta":{"_acf_changed":false,"_links_to":"","_links_to_target":""},"product_brand":[],"product_cat":[3262],"product_tag":[],"class_list":{"0":"post-16953","1":"product","2":"type-product","3":"status-publish","4":"has-post-thumbnail","6":"product_cat-non-classe","8":"first","9":"instock","10":"shipping-taxable","11":"purchasable","12":"product-type-variable"},"acf":[],"yoast_head":"<!-- This site is optimized with the Yoast SEO plugin v27.2 - https:\/\/yoast.com\/product\/yoast-seo-wordpress\/ -->\n<title>\u00c9lectronique fondamentale 2 - ISTE Group<\/title>\n<meta name=\"description\" content=\"\u00c9lectronique fondamentale 2 traite des syst\u00e8mes \u00e0 temps continu. Il pr\u00e9sente les transformations entre les domaines ou dans le plan complexe et les applique aux syst\u00e8mes \u00e9lectroniques.\" \/>\n<meta name=\"robots\" content=\"index, follow, max-snippet:-1, max-image-preview:large, max-video-preview:-1\" \/>\n<link rel=\"canonical\" href=\"https:\/\/www.istegroup.com\/en\/produit\/electronique-fondamentale-2\/\" \/>\n<meta property=\"og:locale\" content=\"fr_FR\" \/>\n<meta property=\"og:type\" content=\"article\" \/>\n<meta property=\"og:title\" content=\"\u00c9lectronique fondamentale 2 - ISTE Group\" \/>\n<meta property=\"og:description\" content=\"\u00c9lectronique fondamentale 2 traite des syst\u00e8mes \u00e0 temps continu. Il pr\u00e9sente les transformations entre les domaines ou dans le plan complexe et les applique aux syst\u00e8mes \u00e9lectroniques.\" \/>\n<meta property=\"og:url\" content=\"https:\/\/www.istegroup.com\/en\/produit\/electronique-fondamentale-2\/\" \/>\n<meta property=\"og:site_name\" content=\"ISTE Group\" \/>\n<meta property=\"article:modified_time\" content=\"2024-01-03T13:42:54+00:00\" \/>\n<meta property=\"og:image\" content=\"https:\/\/www.istegroup.com\/wp-content\/uploads\/2019\/01\/Muret-2_Front.jpg\" \/>\n\t<meta property=\"og:image:width\" content=\"603\" \/>\n\t<meta property=\"og:image:height\" content=\"909\" \/>\n\t<meta property=\"og:image:type\" content=\"image\/jpeg\" \/>\n<meta name=\"twitter:card\" content=\"summary_large_image\" \/>\n<meta name=\"twitter:label1\" content=\"Est. reading time\" \/>\n\t<meta name=\"twitter:data1\" content=\"1 minute\" \/>\n<script type=\"application\/ld+json\" class=\"yoast-schema-graph\">{\"@context\":\"https:\/\/schema.org\",\"@graph\":[{\"@type\":\"WebPage\",\"@id\":\"https:\/\/www.istegroup.com\/en\/produit\/electronique-fondamentale-2\/\",\"url\":\"https:\/\/www.istegroup.com\/en\/produit\/electronique-fondamentale-2\/\",\"name\":\"\u00c9lectronique fondamentale 2 - ISTE Group\",\"isPartOf\":{\"@id\":\"https:\/\/www.istegroup.com\/#website\"},\"primaryImageOfPage\":{\"@id\":\"https:\/\/www.istegroup.com\/en\/produit\/electronique-fondamentale-2\/#primaryimage\"},\"image\":{\"@id\":\"https:\/\/www.istegroup.com\/en\/produit\/electronique-fondamentale-2\/#primaryimage\"},\"thumbnailUrl\":\"https:\/\/www.istegroup.com\/wp-content\/uploads\/2019\/01\/Muret-2_Front.jpg\",\"datePublished\":\"2019-01-22T10:23:30+00:00\",\"dateModified\":\"2024-01-03T13:42:54+00:00\",\"description\":\"\u00c9lectronique fondamentale 2 traite des syst\u00e8mes \u00e0 temps continu. Il pr\u00e9sente les transformations entre les domaines ou dans le plan complexe et les applique aux syst\u00e8mes \u00e9lectroniques.\",\"breadcrumb\":{\"@id\":\"https:\/\/www.istegroup.com\/en\/produit\/electronique-fondamentale-2\/#breadcrumb\"},\"inLanguage\":\"fr-FR\",\"potentialAction\":[{\"@type\":\"ReadAction\",\"target\":[\"https:\/\/www.istegroup.com\/en\/produit\/electronique-fondamentale-2\/\"]}]},{\"@type\":\"ImageObject\",\"inLanguage\":\"fr-FR\",\"@id\":\"https:\/\/www.istegroup.com\/en\/produit\/electronique-fondamentale-2\/#primaryimage\",\"url\":\"https:\/\/www.istegroup.com\/wp-content\/uploads\/2019\/01\/Muret-2_Front.jpg\",\"contentUrl\":\"https:\/\/www.istegroup.com\/wp-content\/uploads\/2019\/01\/Muret-2_Front.jpg\",\"width\":603,\"height\":909,\"caption\":\"Signaux et syst\u00e8mes \u00e0 temps continu\"},{\"@type\":\"BreadcrumbList\",\"@id\":\"https:\/\/www.istegroup.com\/en\/produit\/electronique-fondamentale-2\/#breadcrumb\",\"itemListElement\":[{\"@type\":\"ListItem\",\"position\":1,\"name\":\"Home\",\"item\":\"https:\/\/www.istegroup.com\/\"},{\"@type\":\"ListItem\",\"position\":2,\"name\":\"Shop\",\"item\":\"https:\/\/www.istegroup.com\/fr\/nouveautes\/\"},{\"@type\":\"ListItem\",\"position\":3,\"name\":\"\u00c9lectronique fondamentale 2\"}]},{\"@type\":\"WebSite\",\"@id\":\"https:\/\/www.istegroup.com\/#website\",\"url\":\"https:\/\/www.istegroup.com\/\",\"name\":\"ISTE Group\",\"description\":\"\u00c9diteur des Sciences\",\"potentialAction\":[{\"@type\":\"SearchAction\",\"target\":{\"@type\":\"EntryPoint\",\"urlTemplate\":\"https:\/\/www.istegroup.com\/?s={search_term_string}\"},\"query-input\":{\"@type\":\"PropertyValueSpecification\",\"valueRequired\":true,\"valueName\":\"search_term_string\"}}],\"inLanguage\":\"fr-FR\"}]}<\/script>\n<!-- \/ Yoast SEO plugin. -->","yoast_head_json":{"title":"\u00c9lectronique fondamentale 2 - ISTE Group","description":"\u00c9lectronique fondamentale 2 traite des syst\u00e8mes \u00e0 temps continu. Il pr\u00e9sente les transformations entre les domaines ou dans le plan complexe et les applique aux syst\u00e8mes \u00e9lectroniques.","robots":{"index":"index","follow":"follow","max-snippet":"max-snippet:-1","max-image-preview":"max-image-preview:large","max-video-preview":"max-video-preview:-1"},"canonical":"https:\/\/www.istegroup.com\/en\/produit\/electronique-fondamentale-2\/","og_locale":"fr_FR","og_type":"article","og_title":"\u00c9lectronique fondamentale 2 - ISTE Group","og_description":"\u00c9lectronique fondamentale 2 traite des syst\u00e8mes \u00e0 temps continu. Il pr\u00e9sente les transformations entre les domaines ou dans le plan complexe et les applique aux syst\u00e8mes \u00e9lectroniques.","og_url":"https:\/\/www.istegroup.com\/en\/produit\/electronique-fondamentale-2\/","og_site_name":"ISTE Group","article_modified_time":"2024-01-03T13:42:54+00:00","og_image":[{"width":603,"height":909,"url":"https:\/\/www.istegroup.com\/wp-content\/uploads\/2019\/01\/Muret-2_Front.jpg","type":"image\/jpeg"}],"twitter_card":"summary_large_image","twitter_misc":{"Est. reading time":"1 minute"},"schema":{"@context":"https:\/\/schema.org","@graph":[{"@type":"WebPage","@id":"https:\/\/www.istegroup.com\/en\/produit\/electronique-fondamentale-2\/","url":"https:\/\/www.istegroup.com\/en\/produit\/electronique-fondamentale-2\/","name":"\u00c9lectronique fondamentale 2 - ISTE Group","isPartOf":{"@id":"https:\/\/www.istegroup.com\/#website"},"primaryImageOfPage":{"@id":"https:\/\/www.istegroup.com\/en\/produit\/electronique-fondamentale-2\/#primaryimage"},"image":{"@id":"https:\/\/www.istegroup.com\/en\/produit\/electronique-fondamentale-2\/#primaryimage"},"thumbnailUrl":"https:\/\/www.istegroup.com\/wp-content\/uploads\/2019\/01\/Muret-2_Front.jpg","datePublished":"2019-01-22T10:23:30+00:00","dateModified":"2024-01-03T13:42:54+00:00","description":"\u00c9lectronique fondamentale 2 traite des syst\u00e8mes \u00e0 temps continu. Il pr\u00e9sente les transformations entre les domaines ou dans le plan complexe et les applique aux syst\u00e8mes \u00e9lectroniques.","breadcrumb":{"@id":"https:\/\/www.istegroup.com\/en\/produit\/electronique-fondamentale-2\/#breadcrumb"},"inLanguage":"fr-FR","potentialAction":[{"@type":"ReadAction","target":["https:\/\/www.istegroup.com\/en\/produit\/electronique-fondamentale-2\/"]}]},{"@type":"ImageObject","inLanguage":"fr-FR","@id":"https:\/\/www.istegroup.com\/en\/produit\/electronique-fondamentale-2\/#primaryimage","url":"https:\/\/www.istegroup.com\/wp-content\/uploads\/2019\/01\/Muret-2_Front.jpg","contentUrl":"https:\/\/www.istegroup.com\/wp-content\/uploads\/2019\/01\/Muret-2_Front.jpg","width":603,"height":909,"caption":"Signaux et syst\u00e8mes \u00e0 temps continu"},{"@type":"BreadcrumbList","@id":"https:\/\/www.istegroup.com\/en\/produit\/electronique-fondamentale-2\/#breadcrumb","itemListElement":[{"@type":"ListItem","position":1,"name":"Home","item":"https:\/\/www.istegroup.com\/"},{"@type":"ListItem","position":2,"name":"Shop","item":"https:\/\/www.istegroup.com\/fr\/nouveautes\/"},{"@type":"ListItem","position":3,"name":"\u00c9lectronique fondamentale 2"}]},{"@type":"WebSite","@id":"https:\/\/www.istegroup.com\/#website","url":"https:\/\/www.istegroup.com\/","name":"ISTE Group","description":"\u00c9diteur des Sciences","potentialAction":[{"@type":"SearchAction","target":{"@type":"EntryPoint","urlTemplate":"https:\/\/www.istegroup.com\/?s={search_term_string}"},"query-input":{"@type":"PropertyValueSpecification","valueRequired":true,"valueName":"search_term_string"}}],"inLanguage":"fr-FR"}]}},"_links":{"self":[{"href":"https:\/\/www.istegroup.com\/fr\/wp-json\/wp\/v2\/product\/16953","targetHints":{"allow":["GET"]}}],"collection":[{"href":"https:\/\/www.istegroup.com\/fr\/wp-json\/wp\/v2\/product"}],"about":[{"href":"https:\/\/www.istegroup.com\/fr\/wp-json\/wp\/v2\/types\/product"}],"wp:featuredmedia":[{"embeddable":true,"href":"https:\/\/www.istegroup.com\/fr\/wp-json\/wp\/v2\/media\/16958"}],"wp:attachment":[{"href":"https:\/\/www.istegroup.com\/fr\/wp-json\/wp\/v2\/media?parent=16953"}],"wp:term":[{"taxonomy":"product_brand","embeddable":true,"href":"https:\/\/www.istegroup.com\/fr\/wp-json\/wp\/v2\/product_brand?post=16953"},{"taxonomy":"product_cat","embeddable":true,"href":"https:\/\/www.istegroup.com\/fr\/wp-json\/wp\/v2\/product_cat?post=16953"},{"taxonomy":"product_tag","embeddable":true,"href":"https:\/\/www.istegroup.com\/fr\/wp-json\/wp\/v2\/product_tag?post=16953"}],"curies":[{"name":"wp","href":"https:\/\/api.w.org\/{rel}","templated":true}]}}