{"id":16946,"date":"2019-01-22T10:21:33","date_gmt":"2019-01-22T10:21:33","guid":{"rendered":"https:\/\/www.istegroup.com\/?post_type=product&#038;p=16946"},"modified":"2024-01-03T13:42:54","modified_gmt":"2024-01-03T13:42:54","slug":"le-discours","status":"publish","type":"product","link":"https:\/\/www.istegroup.com\/fr\/produit\/le-discours\/","title":{"rendered":"Le discours"},"content":{"rendered":"<p>Cet ouvrage a pour objectif d\u2019approfondir notre connaissance et notre compr\u00e9hension du discours, un concept sur lequel peut s\u2019appuyer toute recherche relative aux ph\u00e9nom\u00e8nes d\u2019information et de communication.<\/p>\n<p>Le discours n\u2019est pas seulement un moyen d\u2019expression de la pens\u00e9e, mais surtout une instance autonome, un acte qui vise \u00e0 un certain effet. La linguistique contemporaine offre une d\u00e9finition \u00e9largie du discours comme proc\u00e8s d\u2019\u00e9nonciation discret et unique, o\u00f9 l\u2019orateur ou l\u2019auteur actualise la langue en parole, au sens saussurien des termes, et d\u00e9crit les divers actes (locutoire, illocutoire, perlocutoire) qu\u2019accomplit un discours.<\/p>\n<p>Devenu un objet d\u2019analyse et de critique, le discours est ici examin\u00e9 sous divers angles, dont les apports de la rh\u00e9torique dans l\u2019art du discours, l\u2019\u00e9volution des multiples approches ainsi que les principales m\u00e9thodes de l\u2019analyse du discours pratiqu\u00e9es par de nombreux chercheurs.<\/p>\n","protected":false},"excerpt":{"rendered":"<p>Cet ouvrage a pour objectif d\u2019approfondir notre connaissance et notre compr\u00e9hension du discours, un concept sur lequel peut s\u2019appuyer toute recherche relative aux ph\u00e9nom\u00e8nes d\u2019information et de communication. Le discours n\u2019est pas seulement un moyen d\u2019expression de la pens\u00e9e, mais surtout une instance autonome, un acte qui vise \u00e0 un certain effet. La linguistique contemporaine [&hellip;]<\/p>\n","protected":false},"featured_media":16952,"template":"","meta":{"_acf_changed":false,"_links_to":"","_links_to_target":""},"product_brand":[],"product_cat":[3262],"product_tag":[],"class_list":{"0":"post-16946","1":"product","2":"type-product","3":"status-publish","4":"has-post-thumbnail","6":"product_cat-non-classe","8":"first","9":"instock","10":"shipping-taxable","11":"purchasable","12":"product-type-variable"},"acf":[],"yoast_head":"<!-- This site is optimized with the Yoast SEO plugin v27.2 - https:\/\/yoast.com\/product\/yoast-seo-wordpress\/ -->\n<title>Le discours - ISTE Group<\/title>\n<meta name=\"description\" content=\"Cet ouvrage a pour objectif d\u2019approfondir notre connaissance et notre compr\u00e9hension du discours, un concept sur lequel peut s\u2019appuyer toute recherche relative aux ph\u00e9nom\u00e8nes d\u2019information et de communication.\" \/>\n<meta name=\"robots\" content=\"index, follow, max-snippet:-1, max-image-preview:large, max-video-preview:-1\" \/>\n<link rel=\"canonical\" href=\"https:\/\/www.istegroup.com\/fr\/produit\/le-discours\/\" \/>\n<meta property=\"og:locale\" content=\"fr_FR\" \/>\n<meta property=\"og:type\" content=\"article\" \/>\n<meta property=\"og:title\" content=\"Le discours - ISTE Group\" \/>\n<meta property=\"og:description\" content=\"Cet ouvrage a pour objectif d\u2019approfondir notre connaissance et notre compr\u00e9hension du discours, un concept sur lequel peut s\u2019appuyer toute recherche relative aux ph\u00e9nom\u00e8nes d\u2019information et de communication.\" \/>\n<meta property=\"og:url\" content=\"https:\/\/www.istegroup.com\/fr\/produit\/le-discours\/\" \/>\n<meta property=\"og:site_name\" content=\"ISTE Group\" \/>\n<meta property=\"article:modified_time\" content=\"2024-01-03T13:42:54+00:00\" \/>\n<meta property=\"og:image\" content=\"https:\/\/www.istegroup.com\/wp-content\/uploads\/2019\/01\/Metzger_Front.jpg\" \/>\n\t<meta property=\"og:image:width\" content=\"604\" \/>\n\t<meta property=\"og:image:height\" content=\"910\" \/>\n\t<meta property=\"og:image:type\" content=\"image\/jpeg\" \/>\n<meta name=\"twitter:card\" content=\"summary_large_image\" \/>\n<meta name=\"twitter:label1\" content=\"Est. reading time\" \/>\n\t<meta name=\"twitter:data1\" content=\"1 minute\" \/>\n<script type=\"application\/ld+json\" class=\"yoast-schema-graph\">{\"@context\":\"https:\/\/schema.org\",\"@graph\":[{\"@type\":\"WebPage\",\"@id\":\"https:\/\/www.istegroup.com\/fr\/produit\/le-discours\/\",\"url\":\"https:\/\/www.istegroup.com\/fr\/produit\/le-discours\/\",\"name\":\"Le discours - ISTE Group\",\"isPartOf\":{\"@id\":\"https:\/\/www.istegroup.com\/#website\"},\"primaryImageOfPage\":{\"@id\":\"https:\/\/www.istegroup.com\/fr\/produit\/le-discours\/#primaryimage\"},\"image\":{\"@id\":\"https:\/\/www.istegroup.com\/fr\/produit\/le-discours\/#primaryimage\"},\"thumbnailUrl\":\"https:\/\/www.istegroup.com\/wp-content\/uploads\/2019\/01\/Metzger_Front.jpg\",\"datePublished\":\"2019-01-22T10:21:33+00:00\",\"dateModified\":\"2024-01-03T13:42:54+00:00\",\"description\":\"Cet ouvrage a pour objectif d\u2019approfondir notre connaissance et notre compr\u00e9hension du discours, un concept sur lequel peut s\u2019appuyer toute recherche relative aux ph\u00e9nom\u00e8nes d\u2019information et de communication.\",\"breadcrumb\":{\"@id\":\"https:\/\/www.istegroup.com\/fr\/produit\/le-discours\/#breadcrumb\"},\"inLanguage\":\"fr-FR\",\"potentialAction\":[{\"@type\":\"ReadAction\",\"target\":[\"https:\/\/www.istegroup.com\/fr\/produit\/le-discours\/\"]}]},{\"@type\":\"ImageObject\",\"inLanguage\":\"fr-FR\",\"@id\":\"https:\/\/www.istegroup.com\/fr\/produit\/le-discours\/#primaryimage\",\"url\":\"https:\/\/www.istegroup.com\/wp-content\/uploads\/2019\/01\/Metzger_Front.jpg\",\"contentUrl\":\"https:\/\/www.istegroup.com\/wp-content\/uploads\/2019\/01\/Metzger_Front.jpg\",\"width\":604,\"height\":910,\"caption\":\"Un concept pour les sciences de l\u2019information et de la communication\"},{\"@type\":\"BreadcrumbList\",\"@id\":\"https:\/\/www.istegroup.com\/fr\/produit\/le-discours\/#breadcrumb\",\"itemListElement\":[{\"@type\":\"ListItem\",\"position\":1,\"name\":\"Home\",\"item\":\"https:\/\/www.istegroup.com\/\"},{\"@type\":\"ListItem\",\"position\":2,\"name\":\"Shop\",\"item\":\"https:\/\/www.istegroup.com\/fr\/nouveautes\/\"},{\"@type\":\"ListItem\",\"position\":3,\"name\":\"Le discours\"}]},{\"@type\":\"WebSite\",\"@id\":\"https:\/\/www.istegroup.com\/#website\",\"url\":\"https:\/\/www.istegroup.com\/\",\"name\":\"ISTE Group\",\"description\":\"\u00c9diteur des Sciences\",\"potentialAction\":[{\"@type\":\"SearchAction\",\"target\":{\"@type\":\"EntryPoint\",\"urlTemplate\":\"https:\/\/www.istegroup.com\/?s={search_term_string}\"},\"query-input\":{\"@type\":\"PropertyValueSpecification\",\"valueRequired\":true,\"valueName\":\"search_term_string\"}}],\"inLanguage\":\"fr-FR\"}]}<\/script>\n<!-- \/ Yoast SEO plugin. -->","yoast_head_json":{"title":"Le discours - ISTE Group","description":"Cet ouvrage a pour objectif d\u2019approfondir notre connaissance et notre compr\u00e9hension du discours, un concept sur lequel peut s\u2019appuyer toute recherche relative aux ph\u00e9nom\u00e8nes d\u2019information et de communication.","robots":{"index":"index","follow":"follow","max-snippet":"max-snippet:-1","max-image-preview":"max-image-preview:large","max-video-preview":"max-video-preview:-1"},"canonical":"https:\/\/www.istegroup.com\/fr\/produit\/le-discours\/","og_locale":"fr_FR","og_type":"article","og_title":"Le discours - ISTE Group","og_description":"Cet ouvrage a pour objectif d\u2019approfondir notre connaissance et notre compr\u00e9hension du discours, un concept sur lequel peut s\u2019appuyer toute recherche relative aux ph\u00e9nom\u00e8nes d\u2019information et de communication.","og_url":"https:\/\/www.istegroup.com\/fr\/produit\/le-discours\/","og_site_name":"ISTE Group","article_modified_time":"2024-01-03T13:42:54+00:00","og_image":[{"width":604,"height":910,"url":"https:\/\/www.istegroup.com\/wp-content\/uploads\/2019\/01\/Metzger_Front.jpg","type":"image\/jpeg"}],"twitter_card":"summary_large_image","twitter_misc":{"Est. reading time":"1 minute"},"schema":{"@context":"https:\/\/schema.org","@graph":[{"@type":"WebPage","@id":"https:\/\/www.istegroup.com\/fr\/produit\/le-discours\/","url":"https:\/\/www.istegroup.com\/fr\/produit\/le-discours\/","name":"Le discours - ISTE Group","isPartOf":{"@id":"https:\/\/www.istegroup.com\/#website"},"primaryImageOfPage":{"@id":"https:\/\/www.istegroup.com\/fr\/produit\/le-discours\/#primaryimage"},"image":{"@id":"https:\/\/www.istegroup.com\/fr\/produit\/le-discours\/#primaryimage"},"thumbnailUrl":"https:\/\/www.istegroup.com\/wp-content\/uploads\/2019\/01\/Metzger_Front.jpg","datePublished":"2019-01-22T10:21:33+00:00","dateModified":"2024-01-03T13:42:54+00:00","description":"Cet ouvrage a pour objectif d\u2019approfondir notre connaissance et notre compr\u00e9hension du discours, un concept sur lequel peut s\u2019appuyer toute recherche relative aux ph\u00e9nom\u00e8nes d\u2019information et de communication.","breadcrumb":{"@id":"https:\/\/www.istegroup.com\/fr\/produit\/le-discours\/#breadcrumb"},"inLanguage":"fr-FR","potentialAction":[{"@type":"ReadAction","target":["https:\/\/www.istegroup.com\/fr\/produit\/le-discours\/"]}]},{"@type":"ImageObject","inLanguage":"fr-FR","@id":"https:\/\/www.istegroup.com\/fr\/produit\/le-discours\/#primaryimage","url":"https:\/\/www.istegroup.com\/wp-content\/uploads\/2019\/01\/Metzger_Front.jpg","contentUrl":"https:\/\/www.istegroup.com\/wp-content\/uploads\/2019\/01\/Metzger_Front.jpg","width":604,"height":910,"caption":"Un concept pour les sciences de l\u2019information et de la communication"},{"@type":"BreadcrumbList","@id":"https:\/\/www.istegroup.com\/fr\/produit\/le-discours\/#breadcrumb","itemListElement":[{"@type":"ListItem","position":1,"name":"Home","item":"https:\/\/www.istegroup.com\/"},{"@type":"ListItem","position":2,"name":"Shop","item":"https:\/\/www.istegroup.com\/fr\/nouveautes\/"},{"@type":"ListItem","position":3,"name":"Le discours"}]},{"@type":"WebSite","@id":"https:\/\/www.istegroup.com\/#website","url":"https:\/\/www.istegroup.com\/","name":"ISTE Group","description":"\u00c9diteur des Sciences","potentialAction":[{"@type":"SearchAction","target":{"@type":"EntryPoint","urlTemplate":"https:\/\/www.istegroup.com\/?s={search_term_string}"},"query-input":{"@type":"PropertyValueSpecification","valueRequired":true,"valueName":"search_term_string"}}],"inLanguage":"fr-FR"}]}},"_links":{"self":[{"href":"https:\/\/www.istegroup.com\/fr\/wp-json\/wp\/v2\/product\/16946","targetHints":{"allow":["GET"]}}],"collection":[{"href":"https:\/\/www.istegroup.com\/fr\/wp-json\/wp\/v2\/product"}],"about":[{"href":"https:\/\/www.istegroup.com\/fr\/wp-json\/wp\/v2\/types\/product"}],"wp:featuredmedia":[{"embeddable":true,"href":"https:\/\/www.istegroup.com\/fr\/wp-json\/wp\/v2\/media\/16952"}],"wp:attachment":[{"href":"https:\/\/www.istegroup.com\/fr\/wp-json\/wp\/v2\/media?parent=16946"}],"wp:term":[{"taxonomy":"product_brand","embeddable":true,"href":"https:\/\/www.istegroup.com\/fr\/wp-json\/wp\/v2\/product_brand?post=16946"},{"taxonomy":"product_cat","embeddable":true,"href":"https:\/\/www.istegroup.com\/fr\/wp-json\/wp\/v2\/product_cat?post=16946"},{"taxonomy":"product_tag","embeddable":true,"href":"https:\/\/www.istegroup.com\/fr\/wp-json\/wp\/v2\/product_tag?post=16946"}],"curies":[{"name":"wp","href":"https:\/\/api.w.org\/{rel}","templated":true}]}}