{"id":16819,"date":"2019-01-17T09:56:09","date_gmt":"2019-01-17T09:56:09","guid":{"rendered":"https:\/\/www.istegroup.com\/?post_type=product&#038;p=16819"},"modified":"2024-01-03T13:42:53","modified_gmt":"2024-01-03T13:42:53","slug":"les-identites-numeriques-en-tension","status":"publish","type":"product","link":"https:\/\/www.istegroup.com\/fr\/produit\/les-identites-numeriques-en-tension\/","title":{"rendered":"Les identit\u00e9s num\u00e9riques en tension"},"content":{"rendered":"<p>Les entreprises et les \u00c9tats consacrent une importance croissante \u00e0 nos identit\u00e9s num\u00e9riques, \u00e0 leur surveillance ou \u00e0 leur gestion. Il devient alors n\u00e9cessaire de s\u2019interroger sur les effets que les logiques industrielles, \u00e9conomiques et politiques ont sur nos questionnements \u00e9thiques et sur nos capacit\u00e9s \u00e0 agir.<\/p>\n<p><em>Les identit\u00e9s num\u00e9riques en tension<\/em>\u00a0traite de l\u2019ambivalence intrins\u00e8que du num\u00e9rique : m\u00eame si la transformation actuelle ouvre des possibles, elle redistribue diff\u00e9remment le jeu des contraintes et des incitations et tend insidieusement \u00e0 cr\u00e9er une mall\u00e9abilit\u00e9 plus grande des individus.<\/p>\n<p>Cet ouvrage examine les nouveaux modes d\u2019existence et de subjectivation qui sont induits par ces op\u00e9rations, en les articulant aux diverses r\u00e9alit\u00e9s que les innovations num\u00e9riques recouvrent (syst\u00e8mes de gestion des identit\u00e9s num\u00e9riques, Big Data et apprentissage machine, Internet des objets, villes intelligentes, soi quantifi\u00e9). Il pr\u00e9sente cet effort de discernement comme l\u2019une des conditions majeures pour que des modes de gouvernance plus responsables des donn\u00e9es puissent voir le jour.<\/p>\n","protected":false},"excerpt":{"rendered":"<h5><em>avec la collaboration de<\/em><br \/>\nPierre-Antoine Chardel, Andrew Feenberg et Gabriel P\u00e9ri\u00e8s<\/h5>\n<p>&nbsp;<\/p>\n","protected":false},"featured_media":16825,"template":"","meta":{"_acf_changed":false,"_links_to":"","_links_to_target":""},"product_brand":[],"product_cat":[3262],"product_tag":[],"class_list":{"0":"post-16819","1":"product","2":"type-product","3":"status-publish","4":"has-post-thumbnail","6":"product_cat-non-classe","8":"first","9":"instock","10":"shipping-taxable","11":"purchasable","12":"product-type-variable"},"acf":[],"yoast_head":"<!-- This site is optimized with the Yoast SEO plugin v27.2 - https:\/\/yoast.com\/product\/yoast-seo-wordpress\/ -->\n<title>Les identit\u00e9s num\u00e9riques en tension - ISTE Group<\/title>\n<meta name=\"description\" content=\"Les identit\u00e9s num\u00e9riques en tension\u00a0traite de l\u2019ambivalence intrins\u00e8que du num\u00e9rique : m\u00eame si la transformation actuelle ouvre des possibles, elle redistribue diff\u00e9remment le jeu des contraintes et des incitations et tend insidieusement \u00e0 cr\u00e9er une mall\u00e9abilit\u00e9 plus grande des individus.\" \/>\n<meta name=\"robots\" content=\"index, follow, max-snippet:-1, max-image-preview:large, max-video-preview:-1\" \/>\n<link rel=\"canonical\" href=\"https:\/\/www.istegroup.com\/en\/produit\/les-identites-numeriques-en-tension\/\" \/>\n<meta property=\"og:locale\" content=\"fr_FR\" \/>\n<meta property=\"og:type\" content=\"article\" \/>\n<meta property=\"og:title\" content=\"Les identit\u00e9s num\u00e9riques en tension - ISTE Group\" \/>\n<meta property=\"og:description\" content=\"Les identit\u00e9s num\u00e9riques en tension\u00a0traite de l\u2019ambivalence intrins\u00e8que du num\u00e9rique : m\u00eame si la transformation actuelle ouvre des possibles, elle redistribue diff\u00e9remment le jeu des contraintes et des incitations et tend insidieusement \u00e0 cr\u00e9er une mall\u00e9abilit\u00e9 plus grande des individus.\" \/>\n<meta property=\"og:url\" content=\"https:\/\/www.istegroup.com\/en\/produit\/les-identites-numeriques-en-tension\/\" \/>\n<meta property=\"og:site_name\" content=\"ISTE Group\" \/>\n<meta property=\"article:modified_time\" content=\"2024-01-03T13:42:53+00:00\" \/>\n<meta property=\"og:image\" content=\"https:\/\/www.istegroup.com\/wp-content\/uploads\/2019\/01\/Khatchatourov_Front.jpg\" \/>\n\t<meta property=\"og:image:width\" content=\"605\" \/>\n\t<meta property=\"og:image:height\" content=\"910\" \/>\n\t<meta property=\"og:image:type\" content=\"image\/jpeg\" \/>\n<meta name=\"twitter:card\" content=\"summary_large_image\" \/>\n<meta name=\"twitter:label1\" content=\"Est. reading time\" \/>\n\t<meta name=\"twitter:data1\" content=\"1 minute\" \/>\n<script type=\"application\/ld+json\" class=\"yoast-schema-graph\">{\"@context\":\"https:\/\/schema.org\",\"@graph\":[{\"@type\":\"WebPage\",\"@id\":\"https:\/\/www.istegroup.com\/en\/produit\/les-identites-numeriques-en-tension\/\",\"url\":\"https:\/\/www.istegroup.com\/en\/produit\/les-identites-numeriques-en-tension\/\",\"name\":\"Les identit\u00e9s num\u00e9riques en tension - ISTE Group\",\"isPartOf\":{\"@id\":\"https:\/\/www.istegroup.com\/#website\"},\"primaryImageOfPage\":{\"@id\":\"https:\/\/www.istegroup.com\/en\/produit\/les-identites-numeriques-en-tension\/#primaryimage\"},\"image\":{\"@id\":\"https:\/\/www.istegroup.com\/en\/produit\/les-identites-numeriques-en-tension\/#primaryimage\"},\"thumbnailUrl\":\"https:\/\/www.istegroup.com\/wp-content\/uploads\/2019\/01\/Khatchatourov_Front.jpg\",\"datePublished\":\"2019-01-17T09:56:09+00:00\",\"dateModified\":\"2024-01-03T13:42:53+00:00\",\"description\":\"Les identit\u00e9s num\u00e9riques en tension\u00a0traite de l\u2019ambivalence intrins\u00e8que du num\u00e9rique : m\u00eame si la transformation actuelle ouvre des possibles, elle redistribue diff\u00e9remment le jeu des contraintes et des incitations et tend insidieusement \u00e0 cr\u00e9er une mall\u00e9abilit\u00e9 plus grande des individus.\",\"breadcrumb\":{\"@id\":\"https:\/\/www.istegroup.com\/en\/produit\/les-identites-numeriques-en-tension\/#breadcrumb\"},\"inLanguage\":\"fr-FR\",\"potentialAction\":[{\"@type\":\"ReadAction\",\"target\":[\"https:\/\/www.istegroup.com\/en\/produit\/les-identites-numeriques-en-tension\/\"]}]},{\"@type\":\"ImageObject\",\"inLanguage\":\"fr-FR\",\"@id\":\"https:\/\/www.istegroup.com\/en\/produit\/les-identites-numeriques-en-tension\/#primaryimage\",\"url\":\"https:\/\/www.istegroup.com\/wp-content\/uploads\/2019\/01\/Khatchatourov_Front.jpg\",\"contentUrl\":\"https:\/\/www.istegroup.com\/wp-content\/uploads\/2019\/01\/Khatchatourov_Front.jpg\",\"width\":605,\"height\":910,\"caption\":\"Entre autonomie et contr\u00f4le\"},{\"@type\":\"BreadcrumbList\",\"@id\":\"https:\/\/www.istegroup.com\/en\/produit\/les-identites-numeriques-en-tension\/#breadcrumb\",\"itemListElement\":[{\"@type\":\"ListItem\",\"position\":1,\"name\":\"Home\",\"item\":\"https:\/\/www.istegroup.com\/\"},{\"@type\":\"ListItem\",\"position\":2,\"name\":\"Shop\",\"item\":\"https:\/\/www.istegroup.com\/fr\/nouveautes\/\"},{\"@type\":\"ListItem\",\"position\":3,\"name\":\"Les identit\u00e9s num\u00e9riques en tension\"}]},{\"@type\":\"WebSite\",\"@id\":\"https:\/\/www.istegroup.com\/#website\",\"url\":\"https:\/\/www.istegroup.com\/\",\"name\":\"ISTE Group\",\"description\":\"\u00c9diteur des Sciences\",\"potentialAction\":[{\"@type\":\"SearchAction\",\"target\":{\"@type\":\"EntryPoint\",\"urlTemplate\":\"https:\/\/www.istegroup.com\/?s={search_term_string}\"},\"query-input\":{\"@type\":\"PropertyValueSpecification\",\"valueRequired\":true,\"valueName\":\"search_term_string\"}}],\"inLanguage\":\"fr-FR\"}]}<\/script>\n<!-- \/ Yoast SEO plugin. -->","yoast_head_json":{"title":"Les identit\u00e9s num\u00e9riques en tension - ISTE Group","description":"Les identit\u00e9s num\u00e9riques en tension\u00a0traite de l\u2019ambivalence intrins\u00e8que du num\u00e9rique : m\u00eame si la transformation actuelle ouvre des possibles, elle redistribue diff\u00e9remment le jeu des contraintes et des incitations et tend insidieusement \u00e0 cr\u00e9er une mall\u00e9abilit\u00e9 plus grande des individus.","robots":{"index":"index","follow":"follow","max-snippet":"max-snippet:-1","max-image-preview":"max-image-preview:large","max-video-preview":"max-video-preview:-1"},"canonical":"https:\/\/www.istegroup.com\/en\/produit\/les-identites-numeriques-en-tension\/","og_locale":"fr_FR","og_type":"article","og_title":"Les identit\u00e9s num\u00e9riques en tension - ISTE Group","og_description":"Les identit\u00e9s num\u00e9riques en tension\u00a0traite de l\u2019ambivalence intrins\u00e8que du num\u00e9rique : m\u00eame si la transformation actuelle ouvre des possibles, elle redistribue diff\u00e9remment le jeu des contraintes et des incitations et tend insidieusement \u00e0 cr\u00e9er une mall\u00e9abilit\u00e9 plus grande des individus.","og_url":"https:\/\/www.istegroup.com\/en\/produit\/les-identites-numeriques-en-tension\/","og_site_name":"ISTE Group","article_modified_time":"2024-01-03T13:42:53+00:00","og_image":[{"width":605,"height":910,"url":"https:\/\/www.istegroup.com\/wp-content\/uploads\/2019\/01\/Khatchatourov_Front.jpg","type":"image\/jpeg"}],"twitter_card":"summary_large_image","twitter_misc":{"Est. reading time":"1 minute"},"schema":{"@context":"https:\/\/schema.org","@graph":[{"@type":"WebPage","@id":"https:\/\/www.istegroup.com\/en\/produit\/les-identites-numeriques-en-tension\/","url":"https:\/\/www.istegroup.com\/en\/produit\/les-identites-numeriques-en-tension\/","name":"Les identit\u00e9s num\u00e9riques en tension - ISTE Group","isPartOf":{"@id":"https:\/\/www.istegroup.com\/#website"},"primaryImageOfPage":{"@id":"https:\/\/www.istegroup.com\/en\/produit\/les-identites-numeriques-en-tension\/#primaryimage"},"image":{"@id":"https:\/\/www.istegroup.com\/en\/produit\/les-identites-numeriques-en-tension\/#primaryimage"},"thumbnailUrl":"https:\/\/www.istegroup.com\/wp-content\/uploads\/2019\/01\/Khatchatourov_Front.jpg","datePublished":"2019-01-17T09:56:09+00:00","dateModified":"2024-01-03T13:42:53+00:00","description":"Les identit\u00e9s num\u00e9riques en tension\u00a0traite de l\u2019ambivalence intrins\u00e8que du num\u00e9rique : m\u00eame si la transformation actuelle ouvre des possibles, elle redistribue diff\u00e9remment le jeu des contraintes et des incitations et tend insidieusement \u00e0 cr\u00e9er une mall\u00e9abilit\u00e9 plus grande des individus.","breadcrumb":{"@id":"https:\/\/www.istegroup.com\/en\/produit\/les-identites-numeriques-en-tension\/#breadcrumb"},"inLanguage":"fr-FR","potentialAction":[{"@type":"ReadAction","target":["https:\/\/www.istegroup.com\/en\/produit\/les-identites-numeriques-en-tension\/"]}]},{"@type":"ImageObject","inLanguage":"fr-FR","@id":"https:\/\/www.istegroup.com\/en\/produit\/les-identites-numeriques-en-tension\/#primaryimage","url":"https:\/\/www.istegroup.com\/wp-content\/uploads\/2019\/01\/Khatchatourov_Front.jpg","contentUrl":"https:\/\/www.istegroup.com\/wp-content\/uploads\/2019\/01\/Khatchatourov_Front.jpg","width":605,"height":910,"caption":"Entre autonomie et contr\u00f4le"},{"@type":"BreadcrumbList","@id":"https:\/\/www.istegroup.com\/en\/produit\/les-identites-numeriques-en-tension\/#breadcrumb","itemListElement":[{"@type":"ListItem","position":1,"name":"Home","item":"https:\/\/www.istegroup.com\/"},{"@type":"ListItem","position":2,"name":"Shop","item":"https:\/\/www.istegroup.com\/fr\/nouveautes\/"},{"@type":"ListItem","position":3,"name":"Les identit\u00e9s num\u00e9riques en tension"}]},{"@type":"WebSite","@id":"https:\/\/www.istegroup.com\/#website","url":"https:\/\/www.istegroup.com\/","name":"ISTE Group","description":"\u00c9diteur des Sciences","potentialAction":[{"@type":"SearchAction","target":{"@type":"EntryPoint","urlTemplate":"https:\/\/www.istegroup.com\/?s={search_term_string}"},"query-input":{"@type":"PropertyValueSpecification","valueRequired":true,"valueName":"search_term_string"}}],"inLanguage":"fr-FR"}]}},"_links":{"self":[{"href":"https:\/\/www.istegroup.com\/fr\/wp-json\/wp\/v2\/product\/16819","targetHints":{"allow":["GET"]}}],"collection":[{"href":"https:\/\/www.istegroup.com\/fr\/wp-json\/wp\/v2\/product"}],"about":[{"href":"https:\/\/www.istegroup.com\/fr\/wp-json\/wp\/v2\/types\/product"}],"wp:featuredmedia":[{"embeddable":true,"href":"https:\/\/www.istegroup.com\/fr\/wp-json\/wp\/v2\/media\/16825"}],"wp:attachment":[{"href":"https:\/\/www.istegroup.com\/fr\/wp-json\/wp\/v2\/media?parent=16819"}],"wp:term":[{"taxonomy":"product_brand","embeddable":true,"href":"https:\/\/www.istegroup.com\/fr\/wp-json\/wp\/v2\/product_brand?post=16819"},{"taxonomy":"product_cat","embeddable":true,"href":"https:\/\/www.istegroup.com\/fr\/wp-json\/wp\/v2\/product_cat?post=16819"},{"taxonomy":"product_tag","embeddable":true,"href":"https:\/\/www.istegroup.com\/fr\/wp-json\/wp\/v2\/product_tag?post=16819"}],"curies":[{"name":"wp","href":"https:\/\/api.w.org\/{rel}","templated":true}]}}