{"id":16765,"date":"2019-01-17T09:06:20","date_gmt":"2019-01-17T09:06:20","guid":{"rendered":"https:\/\/www.istegroup.com\/?post_type=product&#038;p=16765"},"modified":"2024-01-03T13:42:53","modified_gmt":"2024-01-03T13:42:53","slug":"le-sens-de-lalterite-en-education","status":"publish","type":"product","link":"https:\/\/www.istegroup.com\/fr\/produit\/le-sens-de-lalterite-en-education\/","title":{"rendered":"Le sens de l\u2019alt\u00e9rit\u00e9 en \u00e9ducation"},"content":{"rendered":"<p>Cet ouvrage, qui s\u2019inscrit en philosophie de l\u2019\u00e9ducation, cherche \u00e0 donner un sens \u00e0 la notion probl\u00e9matique d\u2019alt\u00e9rit\u00e9.<\/p>\n<p>Utilis\u00e9e de mani\u00e8re sauvage, l\u2019alt\u00e9rit\u00e9 n\u00e9cessite un important travail de conceptualisation pour en envisager toutes les formes et ne pas la r\u00e9duire au seul rapport \u00e0 autrui. En effet, l\u2019alt\u00e9rit\u00e9 questionne certes le rapport \u00e0 l\u2019autre (la relation), mais aussi le rapport \u00e0 soi-m\u00eame (la r\u00e9flexivit\u00e9) et le rapport au savoir (l\u2019\u00e9pist\u00e9mologie). Tridimensionnel, le processus de l\u2019alt\u00e9rit\u00e9 devient un paradoxe dont le sens peut notamment \u00eatre approch\u00e9 gr\u00e2ce \u00e0 l\u2019\u00e9thique, \u00e0 la clinique d\u2019orientation psychanalytique et \u00e0 l\u2019histoire des id\u00e9es philosophiques.<\/p>\n<p>Propre \u00e0 l\u2019\u00eatre humain, le d\u00e9sir d\u2019alt\u00e9rit\u00e9 questionne les limites de la connaissance, de la transmission et du langage, et se r\u00e9v\u00e8le finalement comme valeur, outil et pratique pour tous les acteurs de la relation \u00e9ducative, du savoir et du soin.<\/p>\n","protected":false},"excerpt":{"rendered":"<p>Cet ouvrage, qui s\u2019inscrit en philosophie de l\u2019\u00e9ducation, cherche \u00e0 donner un sens \u00e0 la notion probl\u00e9matique d\u2019alt\u00e9rit\u00e9. Utilis\u00e9e de mani\u00e8re sauvage, l\u2019alt\u00e9rit\u00e9 n\u00e9cessite un important travail de conceptualisation pour en envisager toutes les formes et ne pas la r\u00e9duire au seul rapport \u00e0 autrui. En effet, l\u2019alt\u00e9rit\u00e9 questionne certes le rapport \u00e0 l\u2019autre (la [&hellip;]<\/p>\n","protected":false},"featured_media":16806,"template":"","meta":{"_acf_changed":false,"_links_to":"","_links_to_target":""},"product_brand":[],"product_cat":[3262],"product_tag":[],"class_list":{"0":"post-16765","1":"product","2":"type-product","3":"status-publish","4":"has-post-thumbnail","6":"product_cat-non-classe","8":"first","9":"instock","10":"shipping-taxable","11":"purchasable","12":"product-type-variable"},"acf":[],"yoast_head":"<!-- This site is optimized with the Yoast SEO plugin v27.2 - https:\/\/yoast.com\/product\/yoast-seo-wordpress\/ -->\n<title>Le sens de l\u2019alt\u00e9rit\u00e9 en \u00e9ducation - ISTE Group<\/title>\n<meta name=\"description\" content=\"Cet ouvrage, qui s\u2019inscrit en philosophie de l\u2019\u00e9ducation, cherche \u00e0 donner un sens \u00e0 la notion probl\u00e9matique d\u2019alt\u00e9rit\u00e9.\" \/>\n<meta name=\"robots\" content=\"index, follow, max-snippet:-1, max-image-preview:large, max-video-preview:-1\" \/>\n<link rel=\"canonical\" href=\"https:\/\/www.istegroup.com\/fr\/produit\/le-sens-de-lalterite-en-education\/\" \/>\n<meta property=\"og:locale\" content=\"fr_FR\" \/>\n<meta property=\"og:type\" content=\"article\" \/>\n<meta property=\"og:title\" content=\"Le sens de l\u2019alt\u00e9rit\u00e9 en \u00e9ducation - ISTE Group\" \/>\n<meta property=\"og:description\" content=\"Cet ouvrage, qui s\u2019inscrit en philosophie de l\u2019\u00e9ducation, cherche \u00e0 donner un sens \u00e0 la notion probl\u00e9matique d\u2019alt\u00e9rit\u00e9.\" \/>\n<meta property=\"og:url\" content=\"https:\/\/www.istegroup.com\/fr\/produit\/le-sens-de-lalterite-en-education\/\" \/>\n<meta property=\"og:site_name\" content=\"ISTE Group\" \/>\n<meta property=\"article:modified_time\" content=\"2024-01-03T13:42:53+00:00\" \/>\n<meta property=\"og:image\" content=\"https:\/\/www.istegroup.com\/wp-content\/uploads\/2019\/01\/Briancon_Front.jpg\" \/>\n\t<meta property=\"og:image:width\" content=\"603\" \/>\n\t<meta property=\"og:image:height\" content=\"911\" \/>\n\t<meta property=\"og:image:type\" content=\"image\/jpeg\" \/>\n<meta name=\"twitter:card\" content=\"summary_large_image\" \/>\n<meta name=\"twitter:label1\" content=\"Est. reading time\" \/>\n\t<meta name=\"twitter:data1\" content=\"1 minute\" \/>\n<script type=\"application\/ld+json\" class=\"yoast-schema-graph\">{\"@context\":\"https:\/\/schema.org\",\"@graph\":[{\"@type\":\"WebPage\",\"@id\":\"https:\/\/www.istegroup.com\/fr\/produit\/le-sens-de-lalterite-en-education\/\",\"url\":\"https:\/\/www.istegroup.com\/fr\/produit\/le-sens-de-lalterite-en-education\/\",\"name\":\"Le sens de l\u2019alt\u00e9rit\u00e9 en \u00e9ducation - ISTE Group\",\"isPartOf\":{\"@id\":\"https:\/\/www.istegroup.com\/#website\"},\"primaryImageOfPage\":{\"@id\":\"https:\/\/www.istegroup.com\/fr\/produit\/le-sens-de-lalterite-en-education\/#primaryimage\"},\"image\":{\"@id\":\"https:\/\/www.istegroup.com\/fr\/produit\/le-sens-de-lalterite-en-education\/#primaryimage\"},\"thumbnailUrl\":\"https:\/\/www.istegroup.com\/wp-content\/uploads\/2019\/01\/Briancon_Front.jpg\",\"datePublished\":\"2019-01-17T09:06:20+00:00\",\"dateModified\":\"2024-01-03T13:42:53+00:00\",\"description\":\"Cet ouvrage, qui s\u2019inscrit en philosophie de l\u2019\u00e9ducation, cherche \u00e0 donner un sens \u00e0 la notion probl\u00e9matique d\u2019alt\u00e9rit\u00e9.\",\"breadcrumb\":{\"@id\":\"https:\/\/www.istegroup.com\/fr\/produit\/le-sens-de-lalterite-en-education\/#breadcrumb\"},\"inLanguage\":\"fr-FR\",\"potentialAction\":[{\"@type\":\"ReadAction\",\"target\":[\"https:\/\/www.istegroup.com\/fr\/produit\/le-sens-de-lalterite-en-education\/\"]}]},{\"@type\":\"ImageObject\",\"inLanguage\":\"fr-FR\",\"@id\":\"https:\/\/www.istegroup.com\/fr\/produit\/le-sens-de-lalterite-en-education\/#primaryimage\",\"url\":\"https:\/\/www.istegroup.com\/wp-content\/uploads\/2019\/01\/Briancon_Front.jpg\",\"contentUrl\":\"https:\/\/www.istegroup.com\/wp-content\/uploads\/2019\/01\/Briancon_Front.jpg\",\"width\":603,\"height\":911,\"caption\":\"Enjeux, formes, processus, pens\u00e9es et transferts\"},{\"@type\":\"BreadcrumbList\",\"@id\":\"https:\/\/www.istegroup.com\/fr\/produit\/le-sens-de-lalterite-en-education\/#breadcrumb\",\"itemListElement\":[{\"@type\":\"ListItem\",\"position\":1,\"name\":\"Home\",\"item\":\"https:\/\/www.istegroup.com\/\"},{\"@type\":\"ListItem\",\"position\":2,\"name\":\"Shop\",\"item\":\"https:\/\/www.istegroup.com\/fr\/nouveautes\/\"},{\"@type\":\"ListItem\",\"position\":3,\"name\":\"Le sens de l\u2019alt\u00e9rit\u00e9 en \u00e9ducation\"}]},{\"@type\":\"WebSite\",\"@id\":\"https:\/\/www.istegroup.com\/#website\",\"url\":\"https:\/\/www.istegroup.com\/\",\"name\":\"ISTE Group\",\"description\":\"\u00c9diteur des Sciences\",\"potentialAction\":[{\"@type\":\"SearchAction\",\"target\":{\"@type\":\"EntryPoint\",\"urlTemplate\":\"https:\/\/www.istegroup.com\/?s={search_term_string}\"},\"query-input\":{\"@type\":\"PropertyValueSpecification\",\"valueRequired\":true,\"valueName\":\"search_term_string\"}}],\"inLanguage\":\"fr-FR\"}]}<\/script>\n<!-- \/ Yoast SEO plugin. -->","yoast_head_json":{"title":"Le sens de l\u2019alt\u00e9rit\u00e9 en \u00e9ducation - ISTE Group","description":"Cet ouvrage, qui s\u2019inscrit en philosophie de l\u2019\u00e9ducation, cherche \u00e0 donner un sens \u00e0 la notion probl\u00e9matique d\u2019alt\u00e9rit\u00e9.","robots":{"index":"index","follow":"follow","max-snippet":"max-snippet:-1","max-image-preview":"max-image-preview:large","max-video-preview":"max-video-preview:-1"},"canonical":"https:\/\/www.istegroup.com\/fr\/produit\/le-sens-de-lalterite-en-education\/","og_locale":"fr_FR","og_type":"article","og_title":"Le sens de l\u2019alt\u00e9rit\u00e9 en \u00e9ducation - ISTE Group","og_description":"Cet ouvrage, qui s\u2019inscrit en philosophie de l\u2019\u00e9ducation, cherche \u00e0 donner un sens \u00e0 la notion probl\u00e9matique d\u2019alt\u00e9rit\u00e9.","og_url":"https:\/\/www.istegroup.com\/fr\/produit\/le-sens-de-lalterite-en-education\/","og_site_name":"ISTE Group","article_modified_time":"2024-01-03T13:42:53+00:00","og_image":[{"width":603,"height":911,"url":"https:\/\/www.istegroup.com\/wp-content\/uploads\/2019\/01\/Briancon_Front.jpg","type":"image\/jpeg"}],"twitter_card":"summary_large_image","twitter_misc":{"Est. reading time":"1 minute"},"schema":{"@context":"https:\/\/schema.org","@graph":[{"@type":"WebPage","@id":"https:\/\/www.istegroup.com\/fr\/produit\/le-sens-de-lalterite-en-education\/","url":"https:\/\/www.istegroup.com\/fr\/produit\/le-sens-de-lalterite-en-education\/","name":"Le sens de l\u2019alt\u00e9rit\u00e9 en \u00e9ducation - ISTE Group","isPartOf":{"@id":"https:\/\/www.istegroup.com\/#website"},"primaryImageOfPage":{"@id":"https:\/\/www.istegroup.com\/fr\/produit\/le-sens-de-lalterite-en-education\/#primaryimage"},"image":{"@id":"https:\/\/www.istegroup.com\/fr\/produit\/le-sens-de-lalterite-en-education\/#primaryimage"},"thumbnailUrl":"https:\/\/www.istegroup.com\/wp-content\/uploads\/2019\/01\/Briancon_Front.jpg","datePublished":"2019-01-17T09:06:20+00:00","dateModified":"2024-01-03T13:42:53+00:00","description":"Cet ouvrage, qui s\u2019inscrit en philosophie de l\u2019\u00e9ducation, cherche \u00e0 donner un sens \u00e0 la notion probl\u00e9matique d\u2019alt\u00e9rit\u00e9.","breadcrumb":{"@id":"https:\/\/www.istegroup.com\/fr\/produit\/le-sens-de-lalterite-en-education\/#breadcrumb"},"inLanguage":"fr-FR","potentialAction":[{"@type":"ReadAction","target":["https:\/\/www.istegroup.com\/fr\/produit\/le-sens-de-lalterite-en-education\/"]}]},{"@type":"ImageObject","inLanguage":"fr-FR","@id":"https:\/\/www.istegroup.com\/fr\/produit\/le-sens-de-lalterite-en-education\/#primaryimage","url":"https:\/\/www.istegroup.com\/wp-content\/uploads\/2019\/01\/Briancon_Front.jpg","contentUrl":"https:\/\/www.istegroup.com\/wp-content\/uploads\/2019\/01\/Briancon_Front.jpg","width":603,"height":911,"caption":"Enjeux, formes, processus, pens\u00e9es et transferts"},{"@type":"BreadcrumbList","@id":"https:\/\/www.istegroup.com\/fr\/produit\/le-sens-de-lalterite-en-education\/#breadcrumb","itemListElement":[{"@type":"ListItem","position":1,"name":"Home","item":"https:\/\/www.istegroup.com\/"},{"@type":"ListItem","position":2,"name":"Shop","item":"https:\/\/www.istegroup.com\/fr\/nouveautes\/"},{"@type":"ListItem","position":3,"name":"Le sens de l\u2019alt\u00e9rit\u00e9 en \u00e9ducation"}]},{"@type":"WebSite","@id":"https:\/\/www.istegroup.com\/#website","url":"https:\/\/www.istegroup.com\/","name":"ISTE Group","description":"\u00c9diteur des Sciences","potentialAction":[{"@type":"SearchAction","target":{"@type":"EntryPoint","urlTemplate":"https:\/\/www.istegroup.com\/?s={search_term_string}"},"query-input":{"@type":"PropertyValueSpecification","valueRequired":true,"valueName":"search_term_string"}}],"inLanguage":"fr-FR"}]}},"_links":{"self":[{"href":"https:\/\/www.istegroup.com\/fr\/wp-json\/wp\/v2\/product\/16765","targetHints":{"allow":["GET"]}}],"collection":[{"href":"https:\/\/www.istegroup.com\/fr\/wp-json\/wp\/v2\/product"}],"about":[{"href":"https:\/\/www.istegroup.com\/fr\/wp-json\/wp\/v2\/types\/product"}],"wp:featuredmedia":[{"embeddable":true,"href":"https:\/\/www.istegroup.com\/fr\/wp-json\/wp\/v2\/media\/16806"}],"wp:attachment":[{"href":"https:\/\/www.istegroup.com\/fr\/wp-json\/wp\/v2\/media?parent=16765"}],"wp:term":[{"taxonomy":"product_brand","embeddable":true,"href":"https:\/\/www.istegroup.com\/fr\/wp-json\/wp\/v2\/product_brand?post=16765"},{"taxonomy":"product_cat","embeddable":true,"href":"https:\/\/www.istegroup.com\/fr\/wp-json\/wp\/v2\/product_cat?post=16765"},{"taxonomy":"product_tag","embeddable":true,"href":"https:\/\/www.istegroup.com\/fr\/wp-json\/wp\/v2\/product_tag?post=16765"}],"curies":[{"name":"wp","href":"https:\/\/api.w.org\/{rel}","templated":true}]}}