{"id":167,"date":"2017-07-28T10:42:41","date_gmt":"2017-07-28T08:42:41","guid":{"rendered":"https:\/\/iste.yhello.co\/product\/de-la-mecanographie-a-linformatique\/"},"modified":"2024-01-03T13:38:44","modified_gmt":"2024-01-03T13:38:44","slug":"de-la-mecanographie-a-linformatique","status":"publish","type":"product","link":"https:\/\/www.istegroup.com\/fr\/produit\/de-la-mecanographie-a-linformatique\/","title":{"rendered":"De la m\u00e9canographie \u00e0 l\u2019informatique"},"content":{"rendered":"<p>Apparue \u00e0 la fin du XIXe si\u00e8cle, la m\u00e9canographie a \u00e9labor\u00e9 des techniques m\u00e9caniques et \u00e9lectrom\u00e9caniques permettant le calcul et le traitement de l\u2019information. Pr\u00e9mices de l\u2019informatique, cette science a connu au fil des ans des progr\u00e8s in\u00e9dits qui, en moins d\u2019un demi-si\u00e8cle, ont influenc\u00e9 toutes les autres disciplines, au point d\u2019envahir d\u00e9sormais le quotidien.<\/p>\n<p>A travers le regard de l\u2019un de ses acteurs, t\u00e9moin des diff\u00e9rentes \u00e9tapes de son \u00e9volution durant pr\u00e8s de 50 ans,\u00a0<em>De la m\u00e9canographie \u00e0 l\u2019informatique<\/em>\u00a0relate l\u2019histoire de cette science et du d\u00e9veloppement de ses techniques. Des calculateurs analogiques aux machines m\u00e9canographiques \u00e0 cartes perfor\u00e9es en passant par les ordinateurs des premiers \u00e2ges, il retrace ainsi l\u2019av\u00e8nement des appareils algorithmiques \u00e9lectroniques. L\u2019ouvrage propose \u00e9galement d\u2019approfondir l\u2019aspect technique de l\u2019informatique. Il d\u00e9crit de mani\u00e8re p\u00e9dagogique les m\u00e9thodes et les technologies mises en oeuvre dans le fonctionnement de l\u2019ordinateur, pr\u00e9sentant les composants \u00e9lectroniques et les circuits int\u00e9gr\u00e9s, notamment le plus sophistiqu\u00e9 d\u2019entre eux, le processeur, v\u00e9ritable moteur de la machine.<\/p>\n","protected":false},"excerpt":{"rendered":"<p>Apparue \u00e0 la fin du XIXe si\u00e8cle, la m\u00e9canographie a \u00e9labor\u00e9 des techniques m\u00e9caniques et \u00e9lectrom\u00e9caniques permettant le calcul et le traitement de l\u2019information. Pr\u00e9mices de l\u2019informatique, cette science a connu au fil des ans des progr\u00e8s in\u00e9dits qui, en moins d\u2019un demi-si\u00e8cle, ont influenc\u00e9 toutes les autres disciplines, au point d\u2019envahir d\u00e9sormais le quotidien. [&hellip;]<\/p>\n","protected":false},"featured_media":168,"template":"","meta":{"_acf_changed":false,"_links_to":"","_links_to_target":""},"product_brand":[],"product_cat":[666,675],"product_tag":[996,997,998,31,18,19,219,20,608,197,198,21,22,26,207,27,999,1000,28,29,1001,1002,1003,1004],"class_list":{"0":"post-167","1":"product","2":"type-product","3":"status-publish","4":"has-post-thumbnail","6":"product_cat-histoire-des-sciences-et-des-techniques-166249028","7":"product_cat-nouveauts-12519446","8":"product_tag-algorithme","9":"product_tag-calculateurs-analogiques","10":"product_tag-composants-electroniques","11":"product_tag-ebook","12":"product_tag-edition-scientifique","13":"product_tag-editions-francaise","14":"product_tag-editions-ouvrages","15":"product_tag-editions-technique","16":"product_tag-informatique","17":"product_tag-iste","18":"product_tag-iste-edition","19":"product_tag-iste-group","20":"product_tag-istegroup","21":"product_tag-livre-scientifique-francais","22":"product_tag-livre-technique","23":"product_tag-livre-technique-francais","24":"product_tag-mecanographie","25":"product_tag-ordinateurs","26":"product_tag-ouvrage-scientifique-francais","27":"product_tag-ouvrage-technique","28":"product_tag-processeur","29":"product_tag-serge-rochain","30":"product_tag-techniques-mecanique","31":"product_tag-traitement-de-linformation","33":"first","34":"instock","35":"shipping-taxable","36":"purchasable","37":"product-type-variable"},"acf":[],"yoast_head":"<!-- This site is optimized with the Yoast SEO plugin v27.2 - https:\/\/yoast.com\/product\/yoast-seo-wordpress\/ -->\n<title>De la m\u00e9canographie \u00e0 l\u2019informatique - ISTE Group<\/title>\n<meta name=\"description\" content=\"A travers le regard de l\u2019un de ses acteurs, De la m\u00e9canographie \u00e0 l\u2019informatique\u00a0relate l\u2019histoire de cette science et du d\u00e9veloppement de ses techniques.\" \/>\n<meta name=\"robots\" content=\"index, follow, max-snippet:-1, max-image-preview:large, max-video-preview:-1\" \/>\n<link rel=\"canonical\" href=\"https:\/\/www.istegroup.com\/fr\/produit\/de-la-mecanographie-a-linformatique\/\" \/>\n<meta property=\"og:locale\" content=\"fr_FR\" \/>\n<meta property=\"og:type\" content=\"article\" \/>\n<meta property=\"og:title\" content=\"De la m\u00e9canographie \u00e0 l\u2019informatique - ISTE Group\" \/>\n<meta property=\"og:description\" content=\"A travers le regard de l\u2019un de ses acteurs, De la m\u00e9canographie \u00e0 l\u2019informatique\u00a0relate l\u2019histoire de cette science et du d\u00e9veloppement de ses techniques.\" \/>\n<meta property=\"og:url\" content=\"https:\/\/www.istegroup.com\/fr\/produit\/de-la-mecanographie-a-linformatique\/\" \/>\n<meta property=\"og:site_name\" content=\"ISTE Group\" \/>\n<meta property=\"article:modified_time\" content=\"2024-01-03T13:38:44+00:00\" \/>\n<meta property=\"og:image\" content=\"https:\/\/www.istegroup.com\/wp-content\/uploads\/2017\/07\/13009475652_5051721092-1.jpg\" \/>\n\t<meta property=\"og:image:width\" content=\"1357\" \/>\n\t<meta property=\"og:image:height\" content=\"2048\" \/>\n\t<meta property=\"og:image:type\" content=\"image\/jpeg\" \/>\n<meta name=\"twitter:card\" content=\"summary_large_image\" \/>\n<meta name=\"twitter:label1\" content=\"Est. reading time\" \/>\n\t<meta name=\"twitter:data1\" content=\"1 minute\" \/>\n<script type=\"application\/ld+json\" class=\"yoast-schema-graph\">{\"@context\":\"https:\/\/schema.org\",\"@graph\":[{\"@type\":\"WebPage\",\"@id\":\"https:\/\/www.istegroup.com\/fr\/produit\/de-la-mecanographie-a-linformatique\/\",\"url\":\"https:\/\/www.istegroup.com\/fr\/produit\/de-la-mecanographie-a-linformatique\/\",\"name\":\"De la m\u00e9canographie \u00e0 l\u2019informatique - ISTE Group\",\"isPartOf\":{\"@id\":\"https:\/\/www.istegroup.com\/#website\"},\"primaryImageOfPage\":{\"@id\":\"https:\/\/www.istegroup.com\/fr\/produit\/de-la-mecanographie-a-linformatique\/#primaryimage\"},\"image\":{\"@id\":\"https:\/\/www.istegroup.com\/fr\/produit\/de-la-mecanographie-a-linformatique\/#primaryimage\"},\"thumbnailUrl\":\"https:\/\/www.istegroup.com\/wp-content\/uploads\/2017\/07\/13009475652_5051721092-1.jpg\",\"datePublished\":\"2017-07-28T08:42:41+00:00\",\"dateModified\":\"2024-01-03T13:38:44+00:00\",\"description\":\"A travers le regard de l\u2019un de ses acteurs, De la m\u00e9canographie \u00e0 l\u2019informatique\u00a0relate l\u2019histoire de cette science et du d\u00e9veloppement de ses techniques.\",\"breadcrumb\":{\"@id\":\"https:\/\/www.istegroup.com\/fr\/produit\/de-la-mecanographie-a-linformatique\/#breadcrumb\"},\"inLanguage\":\"fr-FR\",\"potentialAction\":[{\"@type\":\"ReadAction\",\"target\":[\"https:\/\/www.istegroup.com\/fr\/produit\/de-la-mecanographie-a-linformatique\/\"]}]},{\"@type\":\"ImageObject\",\"inLanguage\":\"fr-FR\",\"@id\":\"https:\/\/www.istegroup.com\/fr\/produit\/de-la-mecanographie-a-linformatique\/#primaryimage\",\"url\":\"https:\/\/www.istegroup.com\/wp-content\/uploads\/2017\/07\/13009475652_5051721092-1.jpg\",\"contentUrl\":\"https:\/\/www.istegroup.com\/wp-content\/uploads\/2017\/07\/13009475652_5051721092-1.jpg\",\"width\":1357,\"height\":2048,\"caption\":\"50 ans d\u2019\u00e9volution\"},{\"@type\":\"BreadcrumbList\",\"@id\":\"https:\/\/www.istegroup.com\/fr\/produit\/de-la-mecanographie-a-linformatique\/#breadcrumb\",\"itemListElement\":[{\"@type\":\"ListItem\",\"position\":1,\"name\":\"Home\",\"item\":\"https:\/\/www.istegroup.com\/\"},{\"@type\":\"ListItem\",\"position\":2,\"name\":\"Shop\",\"item\":\"https:\/\/www.istegroup.com\/fr\/nouveautes\/\"},{\"@type\":\"ListItem\",\"position\":3,\"name\":\"De la m\u00e9canographie \u00e0 l\u2019informatique\"}]},{\"@type\":\"WebSite\",\"@id\":\"https:\/\/www.istegroup.com\/#website\",\"url\":\"https:\/\/www.istegroup.com\/\",\"name\":\"ISTE Group\",\"description\":\"\u00c9diteur des Sciences\",\"potentialAction\":[{\"@type\":\"SearchAction\",\"target\":{\"@type\":\"EntryPoint\",\"urlTemplate\":\"https:\/\/www.istegroup.com\/?s={search_term_string}\"},\"query-input\":{\"@type\":\"PropertyValueSpecification\",\"valueRequired\":true,\"valueName\":\"search_term_string\"}}],\"inLanguage\":\"fr-FR\"}]}<\/script>\n<!-- \/ Yoast SEO plugin. -->","yoast_head_json":{"title":"De la m\u00e9canographie \u00e0 l\u2019informatique - ISTE Group","description":"A travers le regard de l\u2019un de ses acteurs, De la m\u00e9canographie \u00e0 l\u2019informatique\u00a0relate l\u2019histoire de cette science et du d\u00e9veloppement de ses techniques.","robots":{"index":"index","follow":"follow","max-snippet":"max-snippet:-1","max-image-preview":"max-image-preview:large","max-video-preview":"max-video-preview:-1"},"canonical":"https:\/\/www.istegroup.com\/fr\/produit\/de-la-mecanographie-a-linformatique\/","og_locale":"fr_FR","og_type":"article","og_title":"De la m\u00e9canographie \u00e0 l\u2019informatique - ISTE Group","og_description":"A travers le regard de l\u2019un de ses acteurs, De la m\u00e9canographie \u00e0 l\u2019informatique\u00a0relate l\u2019histoire de cette science et du d\u00e9veloppement de ses techniques.","og_url":"https:\/\/www.istegroup.com\/fr\/produit\/de-la-mecanographie-a-linformatique\/","og_site_name":"ISTE Group","article_modified_time":"2024-01-03T13:38:44+00:00","og_image":[{"width":1357,"height":2048,"url":"https:\/\/www.istegroup.com\/wp-content\/uploads\/2017\/07\/13009475652_5051721092-1.jpg","type":"image\/jpeg"}],"twitter_card":"summary_large_image","twitter_misc":{"Est. reading time":"1 minute"},"schema":{"@context":"https:\/\/schema.org","@graph":[{"@type":"WebPage","@id":"https:\/\/www.istegroup.com\/fr\/produit\/de-la-mecanographie-a-linformatique\/","url":"https:\/\/www.istegroup.com\/fr\/produit\/de-la-mecanographie-a-linformatique\/","name":"De la m\u00e9canographie \u00e0 l\u2019informatique - ISTE Group","isPartOf":{"@id":"https:\/\/www.istegroup.com\/#website"},"primaryImageOfPage":{"@id":"https:\/\/www.istegroup.com\/fr\/produit\/de-la-mecanographie-a-linformatique\/#primaryimage"},"image":{"@id":"https:\/\/www.istegroup.com\/fr\/produit\/de-la-mecanographie-a-linformatique\/#primaryimage"},"thumbnailUrl":"https:\/\/www.istegroup.com\/wp-content\/uploads\/2017\/07\/13009475652_5051721092-1.jpg","datePublished":"2017-07-28T08:42:41+00:00","dateModified":"2024-01-03T13:38:44+00:00","description":"A travers le regard de l\u2019un de ses acteurs, De la m\u00e9canographie \u00e0 l\u2019informatique\u00a0relate l\u2019histoire de cette science et du d\u00e9veloppement de ses techniques.","breadcrumb":{"@id":"https:\/\/www.istegroup.com\/fr\/produit\/de-la-mecanographie-a-linformatique\/#breadcrumb"},"inLanguage":"fr-FR","potentialAction":[{"@type":"ReadAction","target":["https:\/\/www.istegroup.com\/fr\/produit\/de-la-mecanographie-a-linformatique\/"]}]},{"@type":"ImageObject","inLanguage":"fr-FR","@id":"https:\/\/www.istegroup.com\/fr\/produit\/de-la-mecanographie-a-linformatique\/#primaryimage","url":"https:\/\/www.istegroup.com\/wp-content\/uploads\/2017\/07\/13009475652_5051721092-1.jpg","contentUrl":"https:\/\/www.istegroup.com\/wp-content\/uploads\/2017\/07\/13009475652_5051721092-1.jpg","width":1357,"height":2048,"caption":"50 ans d\u2019\u00e9volution"},{"@type":"BreadcrumbList","@id":"https:\/\/www.istegroup.com\/fr\/produit\/de-la-mecanographie-a-linformatique\/#breadcrumb","itemListElement":[{"@type":"ListItem","position":1,"name":"Home","item":"https:\/\/www.istegroup.com\/"},{"@type":"ListItem","position":2,"name":"Shop","item":"https:\/\/www.istegroup.com\/fr\/nouveautes\/"},{"@type":"ListItem","position":3,"name":"De la m\u00e9canographie \u00e0 l\u2019informatique"}]},{"@type":"WebSite","@id":"https:\/\/www.istegroup.com\/#website","url":"https:\/\/www.istegroup.com\/","name":"ISTE Group","description":"\u00c9diteur des Sciences","potentialAction":[{"@type":"SearchAction","target":{"@type":"EntryPoint","urlTemplate":"https:\/\/www.istegroup.com\/?s={search_term_string}"},"query-input":{"@type":"PropertyValueSpecification","valueRequired":true,"valueName":"search_term_string"}}],"inLanguage":"fr-FR"}]}},"_links":{"self":[{"href":"https:\/\/www.istegroup.com\/fr\/wp-json\/wp\/v2\/product\/167","targetHints":{"allow":["GET"]}}],"collection":[{"href":"https:\/\/www.istegroup.com\/fr\/wp-json\/wp\/v2\/product"}],"about":[{"href":"https:\/\/www.istegroup.com\/fr\/wp-json\/wp\/v2\/types\/product"}],"wp:featuredmedia":[{"embeddable":true,"href":"https:\/\/www.istegroup.com\/fr\/wp-json\/wp\/v2\/media\/168"}],"wp:attachment":[{"href":"https:\/\/www.istegroup.com\/fr\/wp-json\/wp\/v2\/media?parent=167"}],"wp:term":[{"taxonomy":"product_brand","embeddable":true,"href":"https:\/\/www.istegroup.com\/fr\/wp-json\/wp\/v2\/product_brand?post=167"},{"taxonomy":"product_cat","embeddable":true,"href":"https:\/\/www.istegroup.com\/fr\/wp-json\/wp\/v2\/product_cat?post=167"},{"taxonomy":"product_tag","embeddable":true,"href":"https:\/\/www.istegroup.com\/fr\/wp-json\/wp\/v2\/product_tag?post=167"}],"curies":[{"name":"wp","href":"https:\/\/api.w.org\/{rel}","templated":true}]}}