{"id":16210,"date":"2018-11-23T14:46:30","date_gmt":"2018-11-23T13:46:30","guid":{"rendered":"https:\/\/www.istegroup.com\/?post_type=product&#038;p=16210"},"modified":"2024-01-03T13:42:49","modified_gmt":"2024-01-03T13:42:49","slug":"de-la-recherche-en-lecture-ecriture-a-la-pratique","status":"publish","type":"product","link":"https:\/\/www.istegroup.com\/fr\/produit\/de-la-recherche-en-lecture-ecriture-a-la-pratique\/","title":{"rendered":"De la recherche en lecture-\u00e9criture \u00e0 la pratique"},"content":{"rendered":"<p>Les enseignants \u00e9prouvent le besoin d\u2019obtenir des outils issus des travaux des chercheurs, directement applicables en classe, particuli\u00e8rement en didactique de la lecture-\u00e9criture. Ainsi, la diffusion des r\u00e9sultats de recherche interroge le r\u00f4le de la formation continue dans l\u2019appropriation de ces r\u00e9sultats.<\/p>\n<p>Cet ouvrage s\u2019empare de cette probl\u00e9matique et expose des projets de recherche men\u00e9s au Qu\u00e9bec et en France. \u00c0 partir d\u2019une vari\u00e9t\u00e9 de moyens, notamment en cr\u00e9ant du mat\u00e9riel p\u00e9dagogique ou en engageant les enseignants dans une d\u00e9marche de recherche, les auteurs t\u00e9moignent de l\u2019importance accord\u00e9e \u00e0 l\u2019appropriation et \u00e0 la diffusion de leurs r\u00e9sultats dans les milieux scolaires. Bien que ces derni\u00e8res \u00e9tapes complexifient parfois le travail des chercheurs, elles sont n\u00e9cessaires pour d\u00e9velopper et maintenir des relations entre la recherche et la pratique.<\/p>\n","protected":false},"excerpt":{"rendered":"<p>Les enseignants \u00e9prouvent le besoin d\u2019obtenir des outils issus des travaux des chercheurs, directement applicables en classe, particuli\u00e8rement en didactique de la lecture-\u00e9criture. Ainsi, la diffusion des r\u00e9sultats de recherche interroge le r\u00f4le de la formation continue dans l\u2019appropriation de ces r\u00e9sultats. Cet ouvrage s\u2019empare de cette probl\u00e9matique et expose des projets de recherche men\u00e9s [&hellip;]<\/p>\n","protected":false},"featured_media":16217,"template":"","meta":{"_acf_changed":false,"_links_to":"","_links_to_target":""},"product_brand":[],"product_cat":[3262],"product_tag":[],"class_list":{"0":"post-16210","1":"product","2":"type-product","3":"status-publish","4":"has-post-thumbnail","6":"product_cat-non-classe","8":"first","9":"instock","10":"shipping-taxable","11":"purchasable","12":"product-type-variable"},"acf":[],"yoast_head":"<!-- This site is optimized with the Yoast SEO plugin v27.2 - https:\/\/yoast.com\/product\/yoast-seo-wordpress\/ -->\n<title>De la recherche en lecture-\u00e9criture \u00e0 la pratique - ISTE Group<\/title>\n<meta name=\"description\" content=\"De la recherche en lecture-\u00e9criture \u00e0 la pratique s\u2019empare de cette probl\u00e9matique et expose des projets de recherche men\u00e9s au Qu\u00e9bec et en France.\" \/>\n<meta name=\"robots\" content=\"index, follow, max-snippet:-1, max-image-preview:large, max-video-preview:-1\" \/>\n<link rel=\"canonical\" href=\"https:\/\/www.istegroup.com\/fr\/produit\/de-la-recherche-en-lecture-ecriture-a-la-pratique\/\" \/>\n<meta property=\"og:locale\" content=\"fr_FR\" \/>\n<meta property=\"og:type\" content=\"article\" \/>\n<meta property=\"og:title\" content=\"De la recherche en lecture-\u00e9criture \u00e0 la pratique - ISTE Group\" \/>\n<meta property=\"og:description\" content=\"De la recherche en lecture-\u00e9criture \u00e0 la pratique s\u2019empare de cette probl\u00e9matique et expose des projets de recherche men\u00e9s au Qu\u00e9bec et en France.\" \/>\n<meta property=\"og:url\" content=\"https:\/\/www.istegroup.com\/fr\/produit\/de-la-recherche-en-lecture-ecriture-a-la-pratique\/\" \/>\n<meta property=\"og:site_name\" content=\"ISTE Group\" \/>\n<meta property=\"article:modified_time\" content=\"2024-01-03T13:42:49+00:00\" \/>\n<meta property=\"og:image\" content=\"https:\/\/www.istegroup.com\/wp-content\/uploads\/2018\/11\/Briquet_Front.jpg\" \/>\n\t<meta property=\"og:image:width\" content=\"598\" \/>\n\t<meta property=\"og:image:height\" content=\"900\" \/>\n\t<meta property=\"og:image:type\" content=\"image\/jpeg\" \/>\n<meta name=\"twitter:card\" content=\"summary_large_image\" \/>\n<meta name=\"twitter:label1\" content=\"Est. reading time\" \/>\n\t<meta name=\"twitter:data1\" content=\"1 minute\" \/>\n<script type=\"application\/ld+json\" class=\"yoast-schema-graph\">{\"@context\":\"https:\/\/schema.org\",\"@graph\":[{\"@type\":\"WebPage\",\"@id\":\"https:\/\/www.istegroup.com\/fr\/produit\/de-la-recherche-en-lecture-ecriture-a-la-pratique\/\",\"url\":\"https:\/\/www.istegroup.com\/fr\/produit\/de-la-recherche-en-lecture-ecriture-a-la-pratique\/\",\"name\":\"De la recherche en lecture-\u00e9criture \u00e0 la pratique - ISTE Group\",\"isPartOf\":{\"@id\":\"https:\/\/www.istegroup.com\/#website\"},\"primaryImageOfPage\":{\"@id\":\"https:\/\/www.istegroup.com\/fr\/produit\/de-la-recherche-en-lecture-ecriture-a-la-pratique\/#primaryimage\"},\"image\":{\"@id\":\"https:\/\/www.istegroup.com\/fr\/produit\/de-la-recherche-en-lecture-ecriture-a-la-pratique\/#primaryimage\"},\"thumbnailUrl\":\"https:\/\/www.istegroup.com\/wp-content\/uploads\/2018\/11\/Briquet_Front.jpg\",\"datePublished\":\"2018-11-23T13:46:30+00:00\",\"dateModified\":\"2024-01-03T13:42:49+00:00\",\"description\":\"De la recherche en lecture-\u00e9criture \u00e0 la pratique s\u2019empare de cette probl\u00e9matique et expose des projets de recherche men\u00e9s au Qu\u00e9bec et en France.\",\"breadcrumb\":{\"@id\":\"https:\/\/www.istegroup.com\/fr\/produit\/de-la-recherche-en-lecture-ecriture-a-la-pratique\/#breadcrumb\"},\"inLanguage\":\"fr-FR\",\"potentialAction\":[{\"@type\":\"ReadAction\",\"target\":[\"https:\/\/www.istegroup.com\/fr\/produit\/de-la-recherche-en-lecture-ecriture-a-la-pratique\/\"]}]},{\"@type\":\"ImageObject\",\"inLanguage\":\"fr-FR\",\"@id\":\"https:\/\/www.istegroup.com\/fr\/produit\/de-la-recherche-en-lecture-ecriture-a-la-pratique\/#primaryimage\",\"url\":\"https:\/\/www.istegroup.com\/wp-content\/uploads\/2018\/11\/Briquet_Front.jpg\",\"contentUrl\":\"https:\/\/www.istegroup.com\/wp-content\/uploads\/2018\/11\/Briquet_Front.jpg\",\"width\":598,\"height\":900,\"caption\":\"De la recherche en lecture-\u00e9criture \u00e0 la pratique\"},{\"@type\":\"BreadcrumbList\",\"@id\":\"https:\/\/www.istegroup.com\/fr\/produit\/de-la-recherche-en-lecture-ecriture-a-la-pratique\/#breadcrumb\",\"itemListElement\":[{\"@type\":\"ListItem\",\"position\":1,\"name\":\"Home\",\"item\":\"https:\/\/www.istegroup.com\/\"},{\"@type\":\"ListItem\",\"position\":2,\"name\":\"Shop\",\"item\":\"https:\/\/www.istegroup.com\/fr\/nouveautes\/\"},{\"@type\":\"ListItem\",\"position\":3,\"name\":\"De la recherche en lecture-\u00e9criture \u00e0 la pratique\"}]},{\"@type\":\"WebSite\",\"@id\":\"https:\/\/www.istegroup.com\/#website\",\"url\":\"https:\/\/www.istegroup.com\/\",\"name\":\"ISTE Group\",\"description\":\"\u00c9diteur des Sciences\",\"potentialAction\":[{\"@type\":\"SearchAction\",\"target\":{\"@type\":\"EntryPoint\",\"urlTemplate\":\"https:\/\/www.istegroup.com\/?s={search_term_string}\"},\"query-input\":{\"@type\":\"PropertyValueSpecification\",\"valueRequired\":true,\"valueName\":\"search_term_string\"}}],\"inLanguage\":\"fr-FR\"}]}<\/script>\n<!-- \/ Yoast SEO plugin. -->","yoast_head_json":{"title":"De la recherche en lecture-\u00e9criture \u00e0 la pratique - ISTE Group","description":"De la recherche en lecture-\u00e9criture \u00e0 la pratique s\u2019empare de cette probl\u00e9matique et expose des projets de recherche men\u00e9s au Qu\u00e9bec et en France.","robots":{"index":"index","follow":"follow","max-snippet":"max-snippet:-1","max-image-preview":"max-image-preview:large","max-video-preview":"max-video-preview:-1"},"canonical":"https:\/\/www.istegroup.com\/fr\/produit\/de-la-recherche-en-lecture-ecriture-a-la-pratique\/","og_locale":"fr_FR","og_type":"article","og_title":"De la recherche en lecture-\u00e9criture \u00e0 la pratique - ISTE Group","og_description":"De la recherche en lecture-\u00e9criture \u00e0 la pratique s\u2019empare de cette probl\u00e9matique et expose des projets de recherche men\u00e9s au Qu\u00e9bec et en France.","og_url":"https:\/\/www.istegroup.com\/fr\/produit\/de-la-recherche-en-lecture-ecriture-a-la-pratique\/","og_site_name":"ISTE Group","article_modified_time":"2024-01-03T13:42:49+00:00","og_image":[{"width":598,"height":900,"url":"https:\/\/www.istegroup.com\/wp-content\/uploads\/2018\/11\/Briquet_Front.jpg","type":"image\/jpeg"}],"twitter_card":"summary_large_image","twitter_misc":{"Est. reading time":"1 minute"},"schema":{"@context":"https:\/\/schema.org","@graph":[{"@type":"WebPage","@id":"https:\/\/www.istegroup.com\/fr\/produit\/de-la-recherche-en-lecture-ecriture-a-la-pratique\/","url":"https:\/\/www.istegroup.com\/fr\/produit\/de-la-recherche-en-lecture-ecriture-a-la-pratique\/","name":"De la recherche en lecture-\u00e9criture \u00e0 la pratique - ISTE Group","isPartOf":{"@id":"https:\/\/www.istegroup.com\/#website"},"primaryImageOfPage":{"@id":"https:\/\/www.istegroup.com\/fr\/produit\/de-la-recherche-en-lecture-ecriture-a-la-pratique\/#primaryimage"},"image":{"@id":"https:\/\/www.istegroup.com\/fr\/produit\/de-la-recherche-en-lecture-ecriture-a-la-pratique\/#primaryimage"},"thumbnailUrl":"https:\/\/www.istegroup.com\/wp-content\/uploads\/2018\/11\/Briquet_Front.jpg","datePublished":"2018-11-23T13:46:30+00:00","dateModified":"2024-01-03T13:42:49+00:00","description":"De la recherche en lecture-\u00e9criture \u00e0 la pratique s\u2019empare de cette probl\u00e9matique et expose des projets de recherche men\u00e9s au Qu\u00e9bec et en France.","breadcrumb":{"@id":"https:\/\/www.istegroup.com\/fr\/produit\/de-la-recherche-en-lecture-ecriture-a-la-pratique\/#breadcrumb"},"inLanguage":"fr-FR","potentialAction":[{"@type":"ReadAction","target":["https:\/\/www.istegroup.com\/fr\/produit\/de-la-recherche-en-lecture-ecriture-a-la-pratique\/"]}]},{"@type":"ImageObject","inLanguage":"fr-FR","@id":"https:\/\/www.istegroup.com\/fr\/produit\/de-la-recherche-en-lecture-ecriture-a-la-pratique\/#primaryimage","url":"https:\/\/www.istegroup.com\/wp-content\/uploads\/2018\/11\/Briquet_Front.jpg","contentUrl":"https:\/\/www.istegroup.com\/wp-content\/uploads\/2018\/11\/Briquet_Front.jpg","width":598,"height":900,"caption":"De la recherche en lecture-\u00e9criture \u00e0 la pratique"},{"@type":"BreadcrumbList","@id":"https:\/\/www.istegroup.com\/fr\/produit\/de-la-recherche-en-lecture-ecriture-a-la-pratique\/#breadcrumb","itemListElement":[{"@type":"ListItem","position":1,"name":"Home","item":"https:\/\/www.istegroup.com\/"},{"@type":"ListItem","position":2,"name":"Shop","item":"https:\/\/www.istegroup.com\/fr\/nouveautes\/"},{"@type":"ListItem","position":3,"name":"De la recherche en lecture-\u00e9criture \u00e0 la pratique"}]},{"@type":"WebSite","@id":"https:\/\/www.istegroup.com\/#website","url":"https:\/\/www.istegroup.com\/","name":"ISTE Group","description":"\u00c9diteur des Sciences","potentialAction":[{"@type":"SearchAction","target":{"@type":"EntryPoint","urlTemplate":"https:\/\/www.istegroup.com\/?s={search_term_string}"},"query-input":{"@type":"PropertyValueSpecification","valueRequired":true,"valueName":"search_term_string"}}],"inLanguage":"fr-FR"}]}},"_links":{"self":[{"href":"https:\/\/www.istegroup.com\/fr\/wp-json\/wp\/v2\/product\/16210","targetHints":{"allow":["GET"]}}],"collection":[{"href":"https:\/\/www.istegroup.com\/fr\/wp-json\/wp\/v2\/product"}],"about":[{"href":"https:\/\/www.istegroup.com\/fr\/wp-json\/wp\/v2\/types\/product"}],"wp:featuredmedia":[{"embeddable":true,"href":"https:\/\/www.istegroup.com\/fr\/wp-json\/wp\/v2\/media\/16217"}],"wp:attachment":[{"href":"https:\/\/www.istegroup.com\/fr\/wp-json\/wp\/v2\/media?parent=16210"}],"wp:term":[{"taxonomy":"product_brand","embeddable":true,"href":"https:\/\/www.istegroup.com\/fr\/wp-json\/wp\/v2\/product_brand?post=16210"},{"taxonomy":"product_cat","embeddable":true,"href":"https:\/\/www.istegroup.com\/fr\/wp-json\/wp\/v2\/product_cat?post=16210"},{"taxonomy":"product_tag","embeddable":true,"href":"https:\/\/www.istegroup.com\/fr\/wp-json\/wp\/v2\/product_tag?post=16210"}],"curies":[{"name":"wp","href":"https:\/\/api.w.org\/{rel}","templated":true}]}}