{"id":16188,"date":"2018-11-23T14:24:59","date_gmt":"2018-11-23T13:24:59","guid":{"rendered":"https:\/\/www.istegroup.com\/?post_type=product&#038;p=16188"},"modified":"2024-01-03T13:42:49","modified_gmt":"2024-01-03T13:42:49","slug":"pour-une-education-a-la-responsabilite","status":"publish","type":"product","link":"https:\/\/www.istegroup.com\/fr\/produit\/pour-une-education-a-la-responsabilite\/","title":{"rendered":"Pour une \u00e9ducation \u00e0 la responsabilit\u00e9"},"content":{"rendered":"<p>Changer son esprit pour changer le monde, voil\u00e0 le principe g\u00e9n\u00e9ral propos\u00e9 pour \u00e9duquer \u00e0 la responsabilit\u00e9.<\/p>\n<p>Par une approche scientifique interdisciplinaire, cet ouvrage diss\u00e8que le fonctionnement de l\u2019\u00e9go, c\u2019est-\u00e0-dire ici la croyance en un soi, illusion qui provoque la disharmonie. Apr\u00e8s une mod\u00e9lisation originale de la notion de responsabilit\u00e9, il en d\u00e9duit qu\u2019il incombe \u00e0 chacun de prendre conscience de la relation entre son propre esprit et le monde. Ainsi, gagnant en coh\u00e9rence et en conscience, chacun aurait le potentiel de se lib\u00e9rer de l\u2019illusion de l\u2019\u00e9go et de contribuer \u00e0 un monde plus harmonieux.<\/p>\n<p>L\u2019ouvrage propose en cons\u00e9quence des comp\u00e9tences psychospirituelles, favoris\u00e9es notamment par diff\u00e9rentes formes de r\u00e9flexivit\u00e9s et par la m\u00e9ditation (ou pleine conscience), pouvant servir de base \u00e0 un curriculum pour \u00e9duquer \u00e0 la responsabilit\u00e9. Cette mise en lien acad\u00e9mique entre m\u00e9ditation et \u00e9thique constitue un apport novateur majeur.<\/p>\n","protected":false},"excerpt":{"rendered":"<p>Changer son esprit pour changer le monde, voil\u00e0 le principe g\u00e9n\u00e9ral propos\u00e9 pour \u00e9duquer \u00e0 la responsabilit\u00e9. Par une approche scientifique interdisciplinaire, cet ouvrage diss\u00e8que le fonctionnement de l\u2019\u00e9go, c\u2019est-\u00e0-dire ici la croyance en un soi, illusion qui provoque la disharmonie. Apr\u00e8s une mod\u00e9lisation originale de la notion de responsabilit\u00e9, il en d\u00e9duit qu\u2019il incombe [&hellip;]<\/p>\n","protected":false},"featured_media":16194,"template":"","meta":{"_acf_changed":false,"_links_to":"","_links_to_target":""},"product_brand":[],"product_cat":[3262],"product_tag":[],"class_list":{"0":"post-16188","1":"product","2":"type-product","3":"status-publish","4":"has-post-thumbnail","6":"product_cat-non-classe","8":"first","9":"instock","10":"shipping-taxable","11":"purchasable","12":"product-type-variable"},"acf":[],"yoast_head":"<!-- This site is optimized with the Yoast SEO plugin v27.2 - https:\/\/yoast.com\/product\/yoast-seo-wordpress\/ -->\n<title>Pour une \u00e9ducation \u00e0 la responsabilit\u00e9 - ISTE Group<\/title>\n<meta name=\"description\" content=\"Par une approche scientifique interdisciplinaire, cet ouvrage diss\u00e8que le fonctionnement de l\u2019\u00e9go, c\u2019est-\u00e0-dire ici la croyance en un soi, illusion qui provoque la disharmonie.\" \/>\n<meta name=\"robots\" content=\"index, follow, max-snippet:-1, max-image-preview:large, max-video-preview:-1\" \/>\n<link rel=\"canonical\" href=\"https:\/\/www.istegroup.com\/fr\/produit\/pour-une-education-a-la-responsabilite\/\" \/>\n<meta property=\"og:locale\" content=\"fr_FR\" \/>\n<meta property=\"og:type\" content=\"article\" \/>\n<meta property=\"og:title\" content=\"Pour une \u00e9ducation \u00e0 la responsabilit\u00e9 - ISTE Group\" \/>\n<meta property=\"og:description\" content=\"Par une approche scientifique interdisciplinaire, cet ouvrage diss\u00e8que le fonctionnement de l\u2019\u00e9go, c\u2019est-\u00e0-dire ici la croyance en un soi, illusion qui provoque la disharmonie.\" \/>\n<meta property=\"og:url\" content=\"https:\/\/www.istegroup.com\/fr\/produit\/pour-une-education-a-la-responsabilite\/\" \/>\n<meta property=\"og:site_name\" content=\"ISTE Group\" \/>\n<meta property=\"article:modified_time\" content=\"2024-01-03T13:42:49+00:00\" \/>\n<meta property=\"og:image\" content=\"https:\/\/www.istegroup.com\/wp-content\/uploads\/2018\/11\/Hag\u00e8ge_Front.jpg\" \/>\n\t<meta property=\"og:image:width\" content=\"604\" \/>\n\t<meta property=\"og:image:height\" content=\"908\" \/>\n\t<meta property=\"og:image:type\" content=\"image\/jpeg\" \/>\n<meta name=\"twitter:card\" content=\"summary_large_image\" \/>\n<meta name=\"twitter:label1\" content=\"Est. reading time\" \/>\n\t<meta name=\"twitter:data1\" content=\"1 minute\" \/>\n<script type=\"application\/ld+json\" class=\"yoast-schema-graph\">{\"@context\":\"https:\/\/schema.org\",\"@graph\":[{\"@type\":\"WebPage\",\"@id\":\"https:\/\/www.istegroup.com\/fr\/produit\/pour-une-education-a-la-responsabilite\/\",\"url\":\"https:\/\/www.istegroup.com\/fr\/produit\/pour-une-education-a-la-responsabilite\/\",\"name\":\"Pour une \u00e9ducation \u00e0 la responsabilit\u00e9 - ISTE Group\",\"isPartOf\":{\"@id\":\"https:\/\/www.istegroup.com\/#website\"},\"primaryImageOfPage\":{\"@id\":\"https:\/\/www.istegroup.com\/fr\/produit\/pour-une-education-a-la-responsabilite\/#primaryimage\"},\"image\":{\"@id\":\"https:\/\/www.istegroup.com\/fr\/produit\/pour-une-education-a-la-responsabilite\/#primaryimage\"},\"thumbnailUrl\":\"https:\/\/www.istegroup.com\/wp-content\/uploads\/2018\/11\/Hag\u00e8ge_Front.jpg\",\"datePublished\":\"2018-11-23T13:24:59+00:00\",\"dateModified\":\"2024-01-03T13:42:49+00:00\",\"description\":\"Par une approche scientifique interdisciplinaire, cet ouvrage diss\u00e8que le fonctionnement de l\u2019\u00e9go, c\u2019est-\u00e0-dire ici la croyance en un soi, illusion qui provoque la disharmonie.\",\"breadcrumb\":{\"@id\":\"https:\/\/www.istegroup.com\/fr\/produit\/pour-une-education-a-la-responsabilite\/#breadcrumb\"},\"inLanguage\":\"fr-FR\",\"potentialAction\":[{\"@type\":\"ReadAction\",\"target\":[\"https:\/\/www.istegroup.com\/fr\/produit\/pour-une-education-a-la-responsabilite\/\"]}]},{\"@type\":\"ImageObject\",\"inLanguage\":\"fr-FR\",\"@id\":\"https:\/\/www.istegroup.com\/fr\/produit\/pour-une-education-a-la-responsabilite\/#primaryimage\",\"url\":\"https:\/\/www.istegroup.com\/wp-content\/uploads\/2018\/11\/Hag\u00e8ge_Front.jpg\",\"contentUrl\":\"https:\/\/www.istegroup.com\/wp-content\/uploads\/2018\/11\/Hag\u00e8ge_Front.jpg\",\"width\":604,\"height\":908,\"caption\":\"Pour une \u00e9ducation \u00e0 la responsabilit\u00e9\"},{\"@type\":\"BreadcrumbList\",\"@id\":\"https:\/\/www.istegroup.com\/fr\/produit\/pour-une-education-a-la-responsabilite\/#breadcrumb\",\"itemListElement\":[{\"@type\":\"ListItem\",\"position\":1,\"name\":\"Home\",\"item\":\"https:\/\/www.istegroup.com\/\"},{\"@type\":\"ListItem\",\"position\":2,\"name\":\"Shop\",\"item\":\"https:\/\/www.istegroup.com\/fr\/nouveautes\/\"},{\"@type\":\"ListItem\",\"position\":3,\"name\":\"Pour une \u00e9ducation \u00e0 la responsabilit\u00e9\"}]},{\"@type\":\"WebSite\",\"@id\":\"https:\/\/www.istegroup.com\/#website\",\"url\":\"https:\/\/www.istegroup.com\/\",\"name\":\"ISTE Group\",\"description\":\"\u00c9diteur des Sciences\",\"potentialAction\":[{\"@type\":\"SearchAction\",\"target\":{\"@type\":\"EntryPoint\",\"urlTemplate\":\"https:\/\/www.istegroup.com\/?s={search_term_string}\"},\"query-input\":{\"@type\":\"PropertyValueSpecification\",\"valueRequired\":true,\"valueName\":\"search_term_string\"}}],\"inLanguage\":\"fr-FR\"}]}<\/script>\n<!-- \/ Yoast SEO plugin. -->","yoast_head_json":{"title":"Pour une \u00e9ducation \u00e0 la responsabilit\u00e9 - ISTE Group","description":"Par une approche scientifique interdisciplinaire, cet ouvrage diss\u00e8que le fonctionnement de l\u2019\u00e9go, c\u2019est-\u00e0-dire ici la croyance en un soi, illusion qui provoque la disharmonie.","robots":{"index":"index","follow":"follow","max-snippet":"max-snippet:-1","max-image-preview":"max-image-preview:large","max-video-preview":"max-video-preview:-1"},"canonical":"https:\/\/www.istegroup.com\/fr\/produit\/pour-une-education-a-la-responsabilite\/","og_locale":"fr_FR","og_type":"article","og_title":"Pour une \u00e9ducation \u00e0 la responsabilit\u00e9 - ISTE Group","og_description":"Par une approche scientifique interdisciplinaire, cet ouvrage diss\u00e8que le fonctionnement de l\u2019\u00e9go, c\u2019est-\u00e0-dire ici la croyance en un soi, illusion qui provoque la disharmonie.","og_url":"https:\/\/www.istegroup.com\/fr\/produit\/pour-une-education-a-la-responsabilite\/","og_site_name":"ISTE Group","article_modified_time":"2024-01-03T13:42:49+00:00","og_image":[{"width":604,"height":908,"url":"https:\/\/www.istegroup.com\/wp-content\/uploads\/2018\/11\/Hag\u00e8ge_Front.jpg","type":"image\/jpeg"}],"twitter_card":"summary_large_image","twitter_misc":{"Est. reading time":"1 minute"},"schema":{"@context":"https:\/\/schema.org","@graph":[{"@type":"WebPage","@id":"https:\/\/www.istegroup.com\/fr\/produit\/pour-une-education-a-la-responsabilite\/","url":"https:\/\/www.istegroup.com\/fr\/produit\/pour-une-education-a-la-responsabilite\/","name":"Pour une \u00e9ducation \u00e0 la responsabilit\u00e9 - ISTE Group","isPartOf":{"@id":"https:\/\/www.istegroup.com\/#website"},"primaryImageOfPage":{"@id":"https:\/\/www.istegroup.com\/fr\/produit\/pour-une-education-a-la-responsabilite\/#primaryimage"},"image":{"@id":"https:\/\/www.istegroup.com\/fr\/produit\/pour-une-education-a-la-responsabilite\/#primaryimage"},"thumbnailUrl":"https:\/\/www.istegroup.com\/wp-content\/uploads\/2018\/11\/Hag\u00e8ge_Front.jpg","datePublished":"2018-11-23T13:24:59+00:00","dateModified":"2024-01-03T13:42:49+00:00","description":"Par une approche scientifique interdisciplinaire, cet ouvrage diss\u00e8que le fonctionnement de l\u2019\u00e9go, c\u2019est-\u00e0-dire ici la croyance en un soi, illusion qui provoque la disharmonie.","breadcrumb":{"@id":"https:\/\/www.istegroup.com\/fr\/produit\/pour-une-education-a-la-responsabilite\/#breadcrumb"},"inLanguage":"fr-FR","potentialAction":[{"@type":"ReadAction","target":["https:\/\/www.istegroup.com\/fr\/produit\/pour-une-education-a-la-responsabilite\/"]}]},{"@type":"ImageObject","inLanguage":"fr-FR","@id":"https:\/\/www.istegroup.com\/fr\/produit\/pour-une-education-a-la-responsabilite\/#primaryimage","url":"https:\/\/www.istegroup.com\/wp-content\/uploads\/2018\/11\/Hag\u00e8ge_Front.jpg","contentUrl":"https:\/\/www.istegroup.com\/wp-content\/uploads\/2018\/11\/Hag\u00e8ge_Front.jpg","width":604,"height":908,"caption":"Pour une \u00e9ducation \u00e0 la responsabilit\u00e9"},{"@type":"BreadcrumbList","@id":"https:\/\/www.istegroup.com\/fr\/produit\/pour-une-education-a-la-responsabilite\/#breadcrumb","itemListElement":[{"@type":"ListItem","position":1,"name":"Home","item":"https:\/\/www.istegroup.com\/"},{"@type":"ListItem","position":2,"name":"Shop","item":"https:\/\/www.istegroup.com\/fr\/nouveautes\/"},{"@type":"ListItem","position":3,"name":"Pour une \u00e9ducation \u00e0 la responsabilit\u00e9"}]},{"@type":"WebSite","@id":"https:\/\/www.istegroup.com\/#website","url":"https:\/\/www.istegroup.com\/","name":"ISTE Group","description":"\u00c9diteur des Sciences","potentialAction":[{"@type":"SearchAction","target":{"@type":"EntryPoint","urlTemplate":"https:\/\/www.istegroup.com\/?s={search_term_string}"},"query-input":{"@type":"PropertyValueSpecification","valueRequired":true,"valueName":"search_term_string"}}],"inLanguage":"fr-FR"}]}},"_links":{"self":[{"href":"https:\/\/www.istegroup.com\/fr\/wp-json\/wp\/v2\/product\/16188","targetHints":{"allow":["GET"]}}],"collection":[{"href":"https:\/\/www.istegroup.com\/fr\/wp-json\/wp\/v2\/product"}],"about":[{"href":"https:\/\/www.istegroup.com\/fr\/wp-json\/wp\/v2\/types\/product"}],"wp:featuredmedia":[{"embeddable":true,"href":"https:\/\/www.istegroup.com\/fr\/wp-json\/wp\/v2\/media\/16194"}],"wp:attachment":[{"href":"https:\/\/www.istegroup.com\/fr\/wp-json\/wp\/v2\/media?parent=16188"}],"wp:term":[{"taxonomy":"product_brand","embeddable":true,"href":"https:\/\/www.istegroup.com\/fr\/wp-json\/wp\/v2\/product_brand?post=16188"},{"taxonomy":"product_cat","embeddable":true,"href":"https:\/\/www.istegroup.com\/fr\/wp-json\/wp\/v2\/product_cat?post=16188"},{"taxonomy":"product_tag","embeddable":true,"href":"https:\/\/www.istegroup.com\/fr\/wp-json\/wp\/v2\/product_tag?post=16188"}],"curies":[{"name":"wp","href":"https:\/\/api.w.org\/{rel}","templated":true}]}}