{"id":16180,"date":"2018-11-23T14:17:43","date_gmt":"2018-11-23T13:17:43","guid":{"rendered":"https:\/\/www.istegroup.com\/?post_type=product&#038;p=16180"},"modified":"2024-01-03T13:42:49","modified_gmt":"2024-01-03T13:42:49","slug":"la-region-touristique","status":"publish","type":"product","link":"https:\/\/www.istegroup.com\/fr\/produit\/la-region-touristique\/","title":{"rendered":"La r\u00e9gion touristique"},"content":{"rendered":"<p>Alors que la r\u00e9gion est un des objets d\u2019\u00e9tudes scientifiques les plus obscurs et controvers\u00e9s de la g\u00e9ographie, le secteur du tourisme utilise ais\u00e9ment ce terme, \u00e0 la fois dans la communication des destinations touristiques, mais aussi dans le langage courant pour caract\u00e9riser des pratiques spatiales d\u00e9passant l\u2019\u00e9chelle du lieu. Cependant, le regroupement g\u00e9ographique de tous lieux, toutes animations, tous \u00e9quipements ou tous h\u00e9bergements ne fait pas d\u2019un territoire per\u00e7u une r\u00e9gion touristique.<\/p>\n<p>Afin de savoir comment la d\u00e9finir, cet ouvrage pr\u00e9sente les courants de pens\u00e9e et les interpr\u00e9tations de la r\u00e9gion avanc\u00e9s par les g\u00e9ographes depuis le d\u00e9but du XXe si\u00e8cle. Il traite des logiques d\u2019acteurs identifi\u00e9es dans les pratiques d\u2019une destination touristique de dimension r\u00e9gionale et identifie la r\u00e9gion comme une co-construction territoriale. Enfin, il analyse des r\u00e9seaux r\u00e9gionaux multiniveaux de lieux touristiques b\u00e2tis selon des mobilit\u00e9s touristiques.<\/p>\n<p>En pr\u00e9sentant plusieurs m\u00e9thodes de mesure de la r\u00e9gion touristique, cet ouvrage contribue \u00e0 mieux appr\u00e9hender les pratiques spatiales des touristes et \u00e0 anticiper les actions des professionnels du tourisme.<\/p>\n","protected":false},"excerpt":{"rendered":"<p>Alors que la r\u00e9gion est un des objets d\u2019\u00e9tudes scientifiques les plus obscurs et controvers\u00e9s de la g\u00e9ographie, le secteur du tourisme utilise ais\u00e9ment ce terme, \u00e0 la fois dans la communication des destinations touristiques, mais aussi dans le langage courant pour caract\u00e9riser des pratiques spatiales d\u00e9passant l\u2019\u00e9chelle du lieu. Cependant, le regroupement g\u00e9ographique de [&hellip;]<\/p>\n","protected":false},"featured_media":16187,"template":"","meta":{"_acf_changed":false,"_links_to":"","_links_to_target":""},"product_brand":[],"product_cat":[3262],"product_tag":[],"class_list":{"0":"post-16180","1":"product","2":"type-product","3":"status-publish","4":"has-post-thumbnail","6":"product_cat-non-classe","8":"first","9":"instock","10":"shipping-taxable","11":"purchasable","12":"product-type-variable"},"acf":[],"yoast_head":"<!-- This site is optimized with the Yoast SEO plugin v27.2 - https:\/\/yoast.com\/product\/yoast-seo-wordpress\/ -->\n<title>La r\u00e9gion touristique - ISTE Group<\/title>\n<meta name=\"robots\" content=\"index, follow, max-snippet:-1, max-image-preview:large, max-video-preview:-1\" \/>\n<link rel=\"canonical\" href=\"https:\/\/www.istegroup.com\/fr\/produit\/la-region-touristique\/\" \/>\n<meta property=\"og:locale\" content=\"fr_FR\" \/>\n<meta property=\"og:type\" content=\"article\" \/>\n<meta property=\"og:title\" content=\"La r\u00e9gion touristique - ISTE Group\" \/>\n<meta property=\"og:description\" content=\"Alors que la r\u00e9gion est un des objets d\u2019\u00e9tudes scientifiques les plus obscurs et controvers\u00e9s de la g\u00e9ographie, le secteur du tourisme utilise ais\u00e9ment ce terme, \u00e0 la fois dans la communication des destinations touristiques, mais aussi dans le langage courant pour caract\u00e9riser des pratiques spatiales d\u00e9passant l\u2019\u00e9chelle du lieu. Cependant, le regroupement g\u00e9ographique de [&hellip;]\" \/>\n<meta property=\"og:url\" content=\"https:\/\/www.istegroup.com\/fr\/produit\/la-region-touristique\/\" \/>\n<meta property=\"og:site_name\" content=\"ISTE Group\" \/>\n<meta property=\"article:modified_time\" content=\"2024-01-03T13:42:49+00:00\" \/>\n<meta property=\"og:image\" content=\"https:\/\/www.istegroup.com\/wp-content\/uploads\/2018\/11\/Piriou_Front.jpg\" \/>\n\t<meta property=\"og:image:width\" content=\"606\" \/>\n\t<meta property=\"og:image:height\" content=\"910\" \/>\n\t<meta property=\"og:image:type\" content=\"image\/jpeg\" \/>\n<meta name=\"twitter:card\" content=\"summary_large_image\" \/>\n<meta name=\"twitter:label1\" content=\"Est. reading time\" \/>\n\t<meta name=\"twitter:data1\" content=\"1 minute\" \/>\n<script type=\"application\/ld+json\" class=\"yoast-schema-graph\">{\"@context\":\"https:\/\/schema.org\",\"@graph\":[{\"@type\":\"WebPage\",\"@id\":\"https:\/\/www.istegroup.com\/fr\/produit\/la-region-touristique\/\",\"url\":\"https:\/\/www.istegroup.com\/fr\/produit\/la-region-touristique\/\",\"name\":\"La r\u00e9gion touristique - ISTE Group\",\"isPartOf\":{\"@id\":\"https:\/\/www.istegroup.com\/#website\"},\"primaryImageOfPage\":{\"@id\":\"https:\/\/www.istegroup.com\/fr\/produit\/la-region-touristique\/#primaryimage\"},\"image\":{\"@id\":\"https:\/\/www.istegroup.com\/fr\/produit\/la-region-touristique\/#primaryimage\"},\"thumbnailUrl\":\"https:\/\/www.istegroup.com\/wp-content\/uploads\/2018\/11\/Piriou_Front.jpg\",\"datePublished\":\"2018-11-23T13:17:43+00:00\",\"dateModified\":\"2024-01-03T13:42:49+00:00\",\"breadcrumb\":{\"@id\":\"https:\/\/www.istegroup.com\/fr\/produit\/la-region-touristique\/#breadcrumb\"},\"inLanguage\":\"fr-FR\",\"potentialAction\":[{\"@type\":\"ReadAction\",\"target\":[\"https:\/\/www.istegroup.com\/fr\/produit\/la-region-touristique\/\"]}]},{\"@type\":\"ImageObject\",\"inLanguage\":\"fr-FR\",\"@id\":\"https:\/\/www.istegroup.com\/fr\/produit\/la-region-touristique\/#primaryimage\",\"url\":\"https:\/\/www.istegroup.com\/wp-content\/uploads\/2018\/11\/Piriou_Front.jpg\",\"contentUrl\":\"https:\/\/www.istegroup.com\/wp-content\/uploads\/2018\/11\/Piriou_Front.jpg\",\"width\":606,\"height\":910,\"caption\":\"Une co-construction des acteurs du tourisme\"},{\"@type\":\"BreadcrumbList\",\"@id\":\"https:\/\/www.istegroup.com\/fr\/produit\/la-region-touristique\/#breadcrumb\",\"itemListElement\":[{\"@type\":\"ListItem\",\"position\":1,\"name\":\"Home\",\"item\":\"https:\/\/www.istegroup.com\/\"},{\"@type\":\"ListItem\",\"position\":2,\"name\":\"Shop\",\"item\":\"https:\/\/www.istegroup.com\/fr\/nouveautes\/\"},{\"@type\":\"ListItem\",\"position\":3,\"name\":\"La r\u00e9gion touristique\"}]},{\"@type\":\"WebSite\",\"@id\":\"https:\/\/www.istegroup.com\/#website\",\"url\":\"https:\/\/www.istegroup.com\/\",\"name\":\"ISTE Group\",\"description\":\"\u00c9diteur des Sciences\",\"potentialAction\":[{\"@type\":\"SearchAction\",\"target\":{\"@type\":\"EntryPoint\",\"urlTemplate\":\"https:\/\/www.istegroup.com\/?s={search_term_string}\"},\"query-input\":{\"@type\":\"PropertyValueSpecification\",\"valueRequired\":true,\"valueName\":\"search_term_string\"}}],\"inLanguage\":\"fr-FR\"}]}<\/script>\n<!-- \/ Yoast SEO plugin. -->","yoast_head_json":{"title":"La r\u00e9gion touristique - ISTE Group","robots":{"index":"index","follow":"follow","max-snippet":"max-snippet:-1","max-image-preview":"max-image-preview:large","max-video-preview":"max-video-preview:-1"},"canonical":"https:\/\/www.istegroup.com\/fr\/produit\/la-region-touristique\/","og_locale":"fr_FR","og_type":"article","og_title":"La r\u00e9gion touristique - ISTE Group","og_description":"Alors que la r\u00e9gion est un des objets d\u2019\u00e9tudes scientifiques les plus obscurs et controvers\u00e9s de la g\u00e9ographie, le secteur du tourisme utilise ais\u00e9ment ce terme, \u00e0 la fois dans la communication des destinations touristiques, mais aussi dans le langage courant pour caract\u00e9riser des pratiques spatiales d\u00e9passant l\u2019\u00e9chelle du lieu. Cependant, le regroupement g\u00e9ographique de [&hellip;]","og_url":"https:\/\/www.istegroup.com\/fr\/produit\/la-region-touristique\/","og_site_name":"ISTE Group","article_modified_time":"2024-01-03T13:42:49+00:00","og_image":[{"width":606,"height":910,"url":"https:\/\/www.istegroup.com\/wp-content\/uploads\/2018\/11\/Piriou_Front.jpg","type":"image\/jpeg"}],"twitter_card":"summary_large_image","twitter_misc":{"Est. reading time":"1 minute"},"schema":{"@context":"https:\/\/schema.org","@graph":[{"@type":"WebPage","@id":"https:\/\/www.istegroup.com\/fr\/produit\/la-region-touristique\/","url":"https:\/\/www.istegroup.com\/fr\/produit\/la-region-touristique\/","name":"La r\u00e9gion touristique - ISTE Group","isPartOf":{"@id":"https:\/\/www.istegroup.com\/#website"},"primaryImageOfPage":{"@id":"https:\/\/www.istegroup.com\/fr\/produit\/la-region-touristique\/#primaryimage"},"image":{"@id":"https:\/\/www.istegroup.com\/fr\/produit\/la-region-touristique\/#primaryimage"},"thumbnailUrl":"https:\/\/www.istegroup.com\/wp-content\/uploads\/2018\/11\/Piriou_Front.jpg","datePublished":"2018-11-23T13:17:43+00:00","dateModified":"2024-01-03T13:42:49+00:00","breadcrumb":{"@id":"https:\/\/www.istegroup.com\/fr\/produit\/la-region-touristique\/#breadcrumb"},"inLanguage":"fr-FR","potentialAction":[{"@type":"ReadAction","target":["https:\/\/www.istegroup.com\/fr\/produit\/la-region-touristique\/"]}]},{"@type":"ImageObject","inLanguage":"fr-FR","@id":"https:\/\/www.istegroup.com\/fr\/produit\/la-region-touristique\/#primaryimage","url":"https:\/\/www.istegroup.com\/wp-content\/uploads\/2018\/11\/Piriou_Front.jpg","contentUrl":"https:\/\/www.istegroup.com\/wp-content\/uploads\/2018\/11\/Piriou_Front.jpg","width":606,"height":910,"caption":"Une co-construction des acteurs du tourisme"},{"@type":"BreadcrumbList","@id":"https:\/\/www.istegroup.com\/fr\/produit\/la-region-touristique\/#breadcrumb","itemListElement":[{"@type":"ListItem","position":1,"name":"Home","item":"https:\/\/www.istegroup.com\/"},{"@type":"ListItem","position":2,"name":"Shop","item":"https:\/\/www.istegroup.com\/fr\/nouveautes\/"},{"@type":"ListItem","position":3,"name":"La r\u00e9gion touristique"}]},{"@type":"WebSite","@id":"https:\/\/www.istegroup.com\/#website","url":"https:\/\/www.istegroup.com\/","name":"ISTE Group","description":"\u00c9diteur des Sciences","potentialAction":[{"@type":"SearchAction","target":{"@type":"EntryPoint","urlTemplate":"https:\/\/www.istegroup.com\/?s={search_term_string}"},"query-input":{"@type":"PropertyValueSpecification","valueRequired":true,"valueName":"search_term_string"}}],"inLanguage":"fr-FR"}]}},"_links":{"self":[{"href":"https:\/\/www.istegroup.com\/fr\/wp-json\/wp\/v2\/product\/16180","targetHints":{"allow":["GET"]}}],"collection":[{"href":"https:\/\/www.istegroup.com\/fr\/wp-json\/wp\/v2\/product"}],"about":[{"href":"https:\/\/www.istegroup.com\/fr\/wp-json\/wp\/v2\/types\/product"}],"wp:featuredmedia":[{"embeddable":true,"href":"https:\/\/www.istegroup.com\/fr\/wp-json\/wp\/v2\/media\/16187"}],"wp:attachment":[{"href":"https:\/\/www.istegroup.com\/fr\/wp-json\/wp\/v2\/media?parent=16180"}],"wp:term":[{"taxonomy":"product_brand","embeddable":true,"href":"https:\/\/www.istegroup.com\/fr\/wp-json\/wp\/v2\/product_brand?post=16180"},{"taxonomy":"product_cat","embeddable":true,"href":"https:\/\/www.istegroup.com\/fr\/wp-json\/wp\/v2\/product_cat?post=16180"},{"taxonomy":"product_tag","embeddable":true,"href":"https:\/\/www.istegroup.com\/fr\/wp-json\/wp\/v2\/product_tag?post=16180"}],"curies":[{"name":"wp","href":"https:\/\/api.w.org\/{rel}","templated":true}]}}