{"id":161,"date":"2017-07-28T10:42:27","date_gmt":"2017-07-28T08:42:27","guid":{"rendered":"https:\/\/iste.yhello.co\/product\/courrier-electronique-et-comportements\/"},"modified":"2024-01-03T13:38:38","modified_gmt":"2024-01-03T13:38:38","slug":"courrier-electronique-et-comportements","status":"publish","type":"product","link":"https:\/\/www.istegroup.com\/fr\/produit\/courrier-electronique-et-comportements\/","title":{"rendered":"Courrier \u00e9lectronique et comportements"},"content":{"rendered":"<p>Les professionnels se sentent de plus en plus d\u00e9sarm\u00e9s face au flux incessant de messages \u00e9lectroniques, que ce soit sur leurs ordinateurs ou sur leurs smartphones.<\/p>\n<p><em>Courrier \u00e9lectronique et comportements<\/em>\u00a0analyse ces nouvelles pratiques induites par le d\u00e9veloppement constant des communications \u00e9lectroniques dans l\u2019environnement professionnel. Il d\u00e9taille les \u00ab m\u00e9susages \u00bb qui peuvent transformer les r\u00e9dacteurs en spammeurs et les r\u00e9cepteurs en victimes potentielles.<\/p>\n<p>V\u00e9ritable guide, cet ouvrage pr\u00e9sente les strat\u00e9gies de protection qui permettent d\u2019utiliser au mieux les communications \u00e9lectroniques. Il d\u00e9voile les profils-types des spammeurs ainsi que leurs techniques. Il propose \u00e9galement des solutions de filtrage ou de gestion de son empreinte \u00e9lectronique pour se prot\u00e9ger de l\u2019infob\u00e9sit\u00e9 chronophage.<\/p>\n","protected":false},"excerpt":{"rendered":"<p>Les professionnels se sentent de plus en plus d\u00e9sarm\u00e9s face au flux incessant de messages \u00e9lectroniques, que ce soit sur leurs ordinateurs ou sur leurs smartphones. Courrier \u00e9lectronique et comportements\u00a0analyse ces nouvelles pratiques induites par le d\u00e9veloppement constant des communications \u00e9lectroniques dans l\u2019environnement professionnel. Il d\u00e9taille les \u00ab m\u00e9susages \u00bb qui peuvent transformer les r\u00e9dacteurs [&hellip;]<\/p>\n","protected":false},"featured_media":162,"template":"","meta":{"_acf_changed":false,"_links_to":"","_links_to_target":""},"product_brand":[],"product_cat":[707],"product_tag":[842,973,974,975,976,31,18,19,218,20,977,978,979,21,22,980,26,27,981,982,28,29,983,984,985,863],"class_list":{"0":"post-161","1":"product","2":"type-product","3":"status-publish","4":"has-post-thumbnail","6":"product_cat-systmes-dinformation-web-et-socit-12506570","7":"product_tag-communications-electroniques","8":"product_tag-comportements","9":"product_tag-courrier-electronique","10":"product_tag-courrier-electronique-et-comportements","11":"product_tag-defis-de-la-communication","12":"product_tag-ebook","13":"product_tag-edition-scientifique","14":"product_tag-editions-francaise","15":"product_tag-editions-ouvrage","16":"product_tag-editions-technique","17":"product_tag-empreinte-electronique","18":"product_tag-fernando-lagrana","19":"product_tag-infobesite","20":"product_tag-iste-group","21":"product_tag-istegroup","22":"product_tag-lagrana","23":"product_tag-livre-scientifique-francais","24":"product_tag-livre-technique-francais","25":"product_tag-messages-electroniques","26":"product_tag-mesusages","27":"product_tag-ouvrage-scientifique-francais","28":"product_tag-ouvrage-technique","29":"product_tag-solutions-de-filtrage","30":"product_tag-solutions-de-gestion","31":"product_tag-spammeurs","32":"product_tag-usages","34":"first","35":"instock","36":"sold-individually","37":"shipping-taxable","38":"purchasable","39":"product-type-variable"},"acf":[],"yoast_head":"<!-- This site is optimized with the Yoast SEO plugin v27.2 - https:\/\/yoast.com\/product\/yoast-seo-wordpress\/ -->\n<title>Courrier \u00e9lectronique et comportements - ISTE Group<\/title>\n<meta name=\"description\" content=\"Courrier \u00e9lectronique et comportements\u00a0analyse les pratiques induites par le d\u00e9veloppement des communications \u00e9lectroniques dans l\u2019environnement professionnel.\" \/>\n<meta name=\"robots\" content=\"index, follow, max-snippet:-1, max-image-preview:large, max-video-preview:-1\" \/>\n<link rel=\"canonical\" href=\"https:\/\/www.istegroup.com\/fr\/produit\/courrier-electronique-et-comportements\/\" \/>\n<meta property=\"og:locale\" content=\"fr_FR\" \/>\n<meta property=\"og:type\" content=\"article\" \/>\n<meta property=\"og:title\" content=\"Courrier \u00e9lectronique et comportements - ISTE Group\" \/>\n<meta property=\"og:description\" content=\"Courrier \u00e9lectronique et comportements\u00a0analyse les pratiques induites par le d\u00e9veloppement des communications \u00e9lectroniques dans l\u2019environnement professionnel.\" \/>\n<meta property=\"og:url\" content=\"https:\/\/www.istegroup.com\/fr\/produit\/courrier-electronique-et-comportements\/\" \/>\n<meta property=\"og:site_name\" content=\"ISTE Group\" \/>\n<meta property=\"article:modified_time\" content=\"2024-01-03T13:38:38+00:00\" \/>\n<meta property=\"og:image\" content=\"https:\/\/www.istegroup.com\/wp-content\/uploads\/2017\/07\/7936426436_3579764548-1.jpg\" \/>\n\t<meta property=\"og:image:width\" content=\"300\" \/>\n\t<meta property=\"og:image:height\" content=\"450\" \/>\n\t<meta property=\"og:image:type\" content=\"image\/jpeg\" \/>\n<meta name=\"twitter:card\" content=\"summary_large_image\" \/>\n<meta name=\"twitter:label1\" content=\"Est. reading time\" \/>\n\t<meta name=\"twitter:data1\" content=\"1 minute\" \/>\n<script type=\"application\/ld+json\" class=\"yoast-schema-graph\">{\"@context\":\"https:\/\/schema.org\",\"@graph\":[{\"@type\":\"WebPage\",\"@id\":\"https:\/\/www.istegroup.com\/fr\/produit\/courrier-electronique-et-comportements\/\",\"url\":\"https:\/\/www.istegroup.com\/fr\/produit\/courrier-electronique-et-comportements\/\",\"name\":\"Courrier \u00e9lectronique et comportements - ISTE Group\",\"isPartOf\":{\"@id\":\"https:\/\/www.istegroup.com\/#website\"},\"primaryImageOfPage\":{\"@id\":\"https:\/\/www.istegroup.com\/fr\/produit\/courrier-electronique-et-comportements\/#primaryimage\"},\"image\":{\"@id\":\"https:\/\/www.istegroup.com\/fr\/produit\/courrier-electronique-et-comportements\/#primaryimage\"},\"thumbnailUrl\":\"https:\/\/www.istegroup.com\/wp-content\/uploads\/2017\/07\/7936426436_3579764548-1.jpg\",\"datePublished\":\"2017-07-28T08:42:27+00:00\",\"dateModified\":\"2024-01-03T13:38:38+00:00\",\"description\":\"Courrier \u00e9lectronique et comportements\u00a0analyse les pratiques induites par le d\u00e9veloppement des communications \u00e9lectroniques dans l\u2019environnement professionnel.\",\"breadcrumb\":{\"@id\":\"https:\/\/www.istegroup.com\/fr\/produit\/courrier-electronique-et-comportements\/#breadcrumb\"},\"inLanguage\":\"fr-FR\",\"potentialAction\":[{\"@type\":\"ReadAction\",\"target\":[\"https:\/\/www.istegroup.com\/fr\/produit\/courrier-electronique-et-comportements\/\"]}]},{\"@type\":\"ImageObject\",\"inLanguage\":\"fr-FR\",\"@id\":\"https:\/\/www.istegroup.com\/fr\/produit\/courrier-electronique-et-comportements\/#primaryimage\",\"url\":\"https:\/\/www.istegroup.com\/wp-content\/uploads\/2017\/07\/7936426436_3579764548-1.jpg\",\"contentUrl\":\"https:\/\/www.istegroup.com\/wp-content\/uploads\/2017\/07\/7936426436_3579764548-1.jpg\",\"width\":300,\"height\":450,\"caption\":\"Usages et m\u00e9susages\"},{\"@type\":\"BreadcrumbList\",\"@id\":\"https:\/\/www.istegroup.com\/fr\/produit\/courrier-electronique-et-comportements\/#breadcrumb\",\"itemListElement\":[{\"@type\":\"ListItem\",\"position\":1,\"name\":\"Home\",\"item\":\"https:\/\/www.istegroup.com\/\"},{\"@type\":\"ListItem\",\"position\":2,\"name\":\"Shop\",\"item\":\"https:\/\/www.istegroup.com\/fr\/nouveautes\/\"},{\"@type\":\"ListItem\",\"position\":3,\"name\":\"Courrier \u00e9lectronique et comportements\"}]},{\"@type\":\"WebSite\",\"@id\":\"https:\/\/www.istegroup.com\/#website\",\"url\":\"https:\/\/www.istegroup.com\/\",\"name\":\"ISTE Group\",\"description\":\"\u00c9diteur des Sciences\",\"potentialAction\":[{\"@type\":\"SearchAction\",\"target\":{\"@type\":\"EntryPoint\",\"urlTemplate\":\"https:\/\/www.istegroup.com\/?s={search_term_string}\"},\"query-input\":{\"@type\":\"PropertyValueSpecification\",\"valueRequired\":true,\"valueName\":\"search_term_string\"}}],\"inLanguage\":\"fr-FR\"}]}<\/script>\n<!-- \/ Yoast SEO plugin. -->","yoast_head_json":{"title":"Courrier \u00e9lectronique et comportements - ISTE Group","description":"Courrier \u00e9lectronique et comportements\u00a0analyse les pratiques induites par le d\u00e9veloppement des communications \u00e9lectroniques dans l\u2019environnement professionnel.","robots":{"index":"index","follow":"follow","max-snippet":"max-snippet:-1","max-image-preview":"max-image-preview:large","max-video-preview":"max-video-preview:-1"},"canonical":"https:\/\/www.istegroup.com\/fr\/produit\/courrier-electronique-et-comportements\/","og_locale":"fr_FR","og_type":"article","og_title":"Courrier \u00e9lectronique et comportements - ISTE Group","og_description":"Courrier \u00e9lectronique et comportements\u00a0analyse les pratiques induites par le d\u00e9veloppement des communications \u00e9lectroniques dans l\u2019environnement professionnel.","og_url":"https:\/\/www.istegroup.com\/fr\/produit\/courrier-electronique-et-comportements\/","og_site_name":"ISTE Group","article_modified_time":"2024-01-03T13:38:38+00:00","og_image":[{"width":300,"height":450,"url":"https:\/\/www.istegroup.com\/wp-content\/uploads\/2017\/07\/7936426436_3579764548-1.jpg","type":"image\/jpeg"}],"twitter_card":"summary_large_image","twitter_misc":{"Est. reading time":"1 minute"},"schema":{"@context":"https:\/\/schema.org","@graph":[{"@type":"WebPage","@id":"https:\/\/www.istegroup.com\/fr\/produit\/courrier-electronique-et-comportements\/","url":"https:\/\/www.istegroup.com\/fr\/produit\/courrier-electronique-et-comportements\/","name":"Courrier \u00e9lectronique et comportements - ISTE Group","isPartOf":{"@id":"https:\/\/www.istegroup.com\/#website"},"primaryImageOfPage":{"@id":"https:\/\/www.istegroup.com\/fr\/produit\/courrier-electronique-et-comportements\/#primaryimage"},"image":{"@id":"https:\/\/www.istegroup.com\/fr\/produit\/courrier-electronique-et-comportements\/#primaryimage"},"thumbnailUrl":"https:\/\/www.istegroup.com\/wp-content\/uploads\/2017\/07\/7936426436_3579764548-1.jpg","datePublished":"2017-07-28T08:42:27+00:00","dateModified":"2024-01-03T13:38:38+00:00","description":"Courrier \u00e9lectronique et comportements\u00a0analyse les pratiques induites par le d\u00e9veloppement des communications \u00e9lectroniques dans l\u2019environnement professionnel.","breadcrumb":{"@id":"https:\/\/www.istegroup.com\/fr\/produit\/courrier-electronique-et-comportements\/#breadcrumb"},"inLanguage":"fr-FR","potentialAction":[{"@type":"ReadAction","target":["https:\/\/www.istegroup.com\/fr\/produit\/courrier-electronique-et-comportements\/"]}]},{"@type":"ImageObject","inLanguage":"fr-FR","@id":"https:\/\/www.istegroup.com\/fr\/produit\/courrier-electronique-et-comportements\/#primaryimage","url":"https:\/\/www.istegroup.com\/wp-content\/uploads\/2017\/07\/7936426436_3579764548-1.jpg","contentUrl":"https:\/\/www.istegroup.com\/wp-content\/uploads\/2017\/07\/7936426436_3579764548-1.jpg","width":300,"height":450,"caption":"Usages et m\u00e9susages"},{"@type":"BreadcrumbList","@id":"https:\/\/www.istegroup.com\/fr\/produit\/courrier-electronique-et-comportements\/#breadcrumb","itemListElement":[{"@type":"ListItem","position":1,"name":"Home","item":"https:\/\/www.istegroup.com\/"},{"@type":"ListItem","position":2,"name":"Shop","item":"https:\/\/www.istegroup.com\/fr\/nouveautes\/"},{"@type":"ListItem","position":3,"name":"Courrier \u00e9lectronique et comportements"}]},{"@type":"WebSite","@id":"https:\/\/www.istegroup.com\/#website","url":"https:\/\/www.istegroup.com\/","name":"ISTE Group","description":"\u00c9diteur des Sciences","potentialAction":[{"@type":"SearchAction","target":{"@type":"EntryPoint","urlTemplate":"https:\/\/www.istegroup.com\/?s={search_term_string}"},"query-input":{"@type":"PropertyValueSpecification","valueRequired":true,"valueName":"search_term_string"}}],"inLanguage":"fr-FR"}]}},"_links":{"self":[{"href":"https:\/\/www.istegroup.com\/fr\/wp-json\/wp\/v2\/product\/161","targetHints":{"allow":["GET"]}}],"collection":[{"href":"https:\/\/www.istegroup.com\/fr\/wp-json\/wp\/v2\/product"}],"about":[{"href":"https:\/\/www.istegroup.com\/fr\/wp-json\/wp\/v2\/types\/product"}],"wp:featuredmedia":[{"embeddable":true,"href":"https:\/\/www.istegroup.com\/fr\/wp-json\/wp\/v2\/media\/162"}],"wp:attachment":[{"href":"https:\/\/www.istegroup.com\/fr\/wp-json\/wp\/v2\/media?parent=161"}],"wp:term":[{"taxonomy":"product_brand","embeddable":true,"href":"https:\/\/www.istegroup.com\/fr\/wp-json\/wp\/v2\/product_brand?post=161"},{"taxonomy":"product_cat","embeddable":true,"href":"https:\/\/www.istegroup.com\/fr\/wp-json\/wp\/v2\/product_cat?post=161"},{"taxonomy":"product_tag","embeddable":true,"href":"https:\/\/www.istegroup.com\/fr\/wp-json\/wp\/v2\/product_tag?post=161"}],"curies":[{"name":"wp","href":"https:\/\/api.w.org\/{rel}","templated":true}]}}