{"id":15611,"date":"2018-11-14T15:49:19","date_gmt":"2018-11-14T14:49:19","guid":{"rendered":"https:\/\/www.istegroup.com\/?post_type=product&#038;p=15611"},"modified":"2024-01-03T13:42:48","modified_gmt":"2024-01-03T13:42:48","slug":"des-profondeurs-oceaniques-au-laboratoire-1","status":"publish","type":"product","link":"https:\/\/www.istegroup.com\/fr\/produit\/des-profondeurs-oceaniques-au-laboratoire-1\/","title":{"rendered":"Des profondeurs oc\u00e9aniques au laboratoire 1"},"content":{"rendered":"<p>L\u2019exp\u00e9dition scientifique du H.M.S.\u00a0<em>Challenger<\/em>\u00a0dans les ann\u00e9es 1870 marque le point de d\u00e9part de l\u2019oc\u00e9anographie physique. Cette croisi\u00e8re a sillonn\u00e9 les mers du globe en poursuivant un double objectif : \u00e9tudier la vie animale en profondeur et observer les propri\u00e9t\u00e9s physiques des eaux oc\u00e9aniques.<\/p>\n<p>Le volume 1 de l\u2019ouvrage, richement illustr\u00e9, relate l\u2019exp\u00e9dition du\u00a0<em>Challenger<\/em>\u00a0et aborde la probl\u00e9matique de la mesure des grandes profondeurs. Une approche th\u00e9orique de la vitesse d\u2019immersion d\u2019une sonde est \u00e9galement propos\u00e9e, ainsi qu\u2019une pr\u00e9sentation de quelques r\u00e9sultats de relev\u00e9s bathym\u00e9triques et d\u2019observations physiques effectu\u00e9es par les scientifiques du\u00a0<em>Challenger<\/em>.<\/p>\n<p><em>Des profondeurs oc\u00e9aniques au laboratoire<\/em>\u00a0se d\u00e9cline en trois volumes et s\u2019adresse aux lecteurs curieux attir\u00e9s par les voyages, l\u2019histoire et les sciences. Les \u00e9tudiants, les chercheurs et les formateurs en physique, m\u00e9canique des fluides, oc\u00e9anographie, trouveront mati\u00e8re \u00e0 approfondir leurs connaissances.<\/p>\n<p>&nbsp;<\/p>\n<p><strong>La presse en parle<\/strong><\/p>\n<p><a style=\"color: #1e9691\" href=\"https:\/\/www.franceculture.fr\/emissions\/la-methode-scientifique\/la-methode-scientifique-emission-du-jeudi-05-mars-2020\"><em>France Culture, <\/em><em>mars 2020<\/em><\/a><\/p>\n","protected":false},"excerpt":{"rendered":"<p>L\u2019exp\u00e9dition scientifique du H.M.S.\u00a0Challenger\u00a0dans les ann\u00e9es 1870 marque le point de d\u00e9part de l\u2019oc\u00e9anographie physique. Cette croisi\u00e8re a sillonn\u00e9 les mers du globe en poursuivant un double objectif : \u00e9tudier la vie animale en profondeur et observer les propri\u00e9t\u00e9s physiques des eaux oc\u00e9aniques. Le volume 1 de l\u2019ouvrage, richement illustr\u00e9, relate l\u2019exp\u00e9dition du\u00a0Challenger\u00a0et aborde la [&hellip;]<\/p>\n","protected":false},"featured_media":15619,"template":"","meta":{"_acf_changed":false,"_links_to":"","_links_to_target":""},"product_brand":[],"product_cat":[3262],"product_tag":[],"class_list":{"0":"post-15611","1":"product","2":"type-product","3":"status-publish","4":"has-post-thumbnail","6":"product_cat-non-classe","8":"first","9":"instock","10":"shipping-taxable","11":"purchasable","12":"product-type-variable"},"acf":[],"yoast_head":"<!-- This site is optimized with the Yoast SEO plugin v27.2 - https:\/\/yoast.com\/product\/yoast-seo-wordpress\/ -->\n<title>Des profondeurs oc\u00e9aniques au laboratoire 1 - ISTE Group<\/title>\n<meta name=\"description\" content=\"Des profondeurs oc\u00e9aniques au laboratoire 1 relate l\u2019exp\u00e9dition du\u00a0Challenger\u00a0et aborde la probl\u00e9matique de la mesure des grandes profondeurs.\" \/>\n<meta name=\"robots\" content=\"index, follow, max-snippet:-1, max-image-preview:large, max-video-preview:-1\" \/>\n<link rel=\"canonical\" href=\"https:\/\/www.istegroup.com\/en\/produit\/des-profondeurs-oceaniques-au-laboratoire-1\/\" \/>\n<meta property=\"og:locale\" content=\"fr_FR\" \/>\n<meta property=\"og:type\" content=\"article\" \/>\n<meta property=\"og:title\" content=\"Des profondeurs oc\u00e9aniques au laboratoire 1 - ISTE Group\" \/>\n<meta property=\"og:description\" content=\"Des profondeurs oc\u00e9aniques au laboratoire 1 relate l\u2019exp\u00e9dition du\u00a0Challenger\u00a0et aborde la probl\u00e9matique de la mesure des grandes profondeurs.\" \/>\n<meta property=\"og:url\" content=\"https:\/\/www.istegroup.com\/en\/produit\/des-profondeurs-oceaniques-au-laboratoire-1\/\" \/>\n<meta property=\"og:site_name\" content=\"ISTE Group\" \/>\n<meta property=\"article:modified_time\" content=\"2024-01-03T13:42:48+00:00\" \/>\n<meta property=\"og:image\" content=\"https:\/\/www.istegroup.com\/wp-content\/uploads\/2018\/11\/Aitken-1_Front.jpg\" \/>\n\t<meta property=\"og:image:width\" content=\"601\" \/>\n\t<meta property=\"og:image:height\" content=\"900\" \/>\n\t<meta property=\"og:image:type\" content=\"image\/jpeg\" \/>\n<meta name=\"twitter:card\" content=\"summary_large_image\" \/>\n<meta name=\"twitter:label1\" content=\"Est. reading time\" \/>\n\t<meta name=\"twitter:data1\" content=\"1 minute\" \/>\n<script type=\"application\/ld+json\" class=\"yoast-schema-graph\">{\"@context\":\"https:\/\/schema.org\",\"@graph\":[{\"@type\":\"WebPage\",\"@id\":\"https:\/\/www.istegroup.com\/en\/produit\/des-profondeurs-oceaniques-au-laboratoire-1\/\",\"url\":\"https:\/\/www.istegroup.com\/en\/produit\/des-profondeurs-oceaniques-au-laboratoire-1\/\",\"name\":\"Des profondeurs oc\u00e9aniques au laboratoire 1 - ISTE Group\",\"isPartOf\":{\"@id\":\"https:\/\/www.istegroup.com\/#website\"},\"primaryImageOfPage\":{\"@id\":\"https:\/\/www.istegroup.com\/en\/produit\/des-profondeurs-oceaniques-au-laboratoire-1\/#primaryimage\"},\"image\":{\"@id\":\"https:\/\/www.istegroup.com\/en\/produit\/des-profondeurs-oceaniques-au-laboratoire-1\/#primaryimage\"},\"thumbnailUrl\":\"https:\/\/www.istegroup.com\/wp-content\/uploads\/2018\/11\/Aitken-1_Front.jpg\",\"datePublished\":\"2018-11-14T14:49:19+00:00\",\"dateModified\":\"2024-01-03T13:42:48+00:00\",\"description\":\"Des profondeurs oc\u00e9aniques au laboratoire 1 relate l\u2019exp\u00e9dition du\u00a0Challenger\u00a0et aborde la probl\u00e9matique de la mesure des grandes profondeurs.\",\"breadcrumb\":{\"@id\":\"https:\/\/www.istegroup.com\/en\/produit\/des-profondeurs-oceaniques-au-laboratoire-1\/#breadcrumb\"},\"inLanguage\":\"fr-FR\",\"potentialAction\":[{\"@type\":\"ReadAction\",\"target\":[\"https:\/\/www.istegroup.com\/en\/produit\/des-profondeurs-oceaniques-au-laboratoire-1\/\"]}]},{\"@type\":\"ImageObject\",\"inLanguage\":\"fr-FR\",\"@id\":\"https:\/\/www.istegroup.com\/en\/produit\/des-profondeurs-oceaniques-au-laboratoire-1\/#primaryimage\",\"url\":\"https:\/\/www.istegroup.com\/wp-content\/uploads\/2018\/11\/Aitken-1_Front.jpg\",\"contentUrl\":\"https:\/\/www.istegroup.com\/wp-content\/uploads\/2018\/11\/Aitken-1_Front.jpg\",\"width\":601,\"height\":900,\"caption\":\"Les premi\u00e8res explorations de l\u2019oc\u00e9an profond par le H.M.S. Challenger (1872-1876)\"},{\"@type\":\"BreadcrumbList\",\"@id\":\"https:\/\/www.istegroup.com\/en\/produit\/des-profondeurs-oceaniques-au-laboratoire-1\/#breadcrumb\",\"itemListElement\":[{\"@type\":\"ListItem\",\"position\":1,\"name\":\"Home\",\"item\":\"https:\/\/www.istegroup.com\/\"},{\"@type\":\"ListItem\",\"position\":2,\"name\":\"Shop\",\"item\":\"https:\/\/www.istegroup.com\/fr\/nouveautes\/\"},{\"@type\":\"ListItem\",\"position\":3,\"name\":\"Des profondeurs oc\u00e9aniques au laboratoire 1\"}]},{\"@type\":\"WebSite\",\"@id\":\"https:\/\/www.istegroup.com\/#website\",\"url\":\"https:\/\/www.istegroup.com\/\",\"name\":\"ISTE Group\",\"description\":\"\u00c9diteur des Sciences\",\"potentialAction\":[{\"@type\":\"SearchAction\",\"target\":{\"@type\":\"EntryPoint\",\"urlTemplate\":\"https:\/\/www.istegroup.com\/?s={search_term_string}\"},\"query-input\":{\"@type\":\"PropertyValueSpecification\",\"valueRequired\":true,\"valueName\":\"search_term_string\"}}],\"inLanguage\":\"fr-FR\"}]}<\/script>\n<!-- \/ Yoast SEO plugin. -->","yoast_head_json":{"title":"Des profondeurs oc\u00e9aniques au laboratoire 1 - ISTE Group","description":"Des profondeurs oc\u00e9aniques au laboratoire 1 relate l\u2019exp\u00e9dition du\u00a0Challenger\u00a0et aborde la probl\u00e9matique de la mesure des grandes profondeurs.","robots":{"index":"index","follow":"follow","max-snippet":"max-snippet:-1","max-image-preview":"max-image-preview:large","max-video-preview":"max-video-preview:-1"},"canonical":"https:\/\/www.istegroup.com\/en\/produit\/des-profondeurs-oceaniques-au-laboratoire-1\/","og_locale":"fr_FR","og_type":"article","og_title":"Des profondeurs oc\u00e9aniques au laboratoire 1 - ISTE Group","og_description":"Des profondeurs oc\u00e9aniques au laboratoire 1 relate l\u2019exp\u00e9dition du\u00a0Challenger\u00a0et aborde la probl\u00e9matique de la mesure des grandes profondeurs.","og_url":"https:\/\/www.istegroup.com\/en\/produit\/des-profondeurs-oceaniques-au-laboratoire-1\/","og_site_name":"ISTE Group","article_modified_time":"2024-01-03T13:42:48+00:00","og_image":[{"width":601,"height":900,"url":"https:\/\/www.istegroup.com\/wp-content\/uploads\/2018\/11\/Aitken-1_Front.jpg","type":"image\/jpeg"}],"twitter_card":"summary_large_image","twitter_misc":{"Est. reading time":"1 minute"},"schema":{"@context":"https:\/\/schema.org","@graph":[{"@type":"WebPage","@id":"https:\/\/www.istegroup.com\/en\/produit\/des-profondeurs-oceaniques-au-laboratoire-1\/","url":"https:\/\/www.istegroup.com\/en\/produit\/des-profondeurs-oceaniques-au-laboratoire-1\/","name":"Des profondeurs oc\u00e9aniques au laboratoire 1 - ISTE Group","isPartOf":{"@id":"https:\/\/www.istegroup.com\/#website"},"primaryImageOfPage":{"@id":"https:\/\/www.istegroup.com\/en\/produit\/des-profondeurs-oceaniques-au-laboratoire-1\/#primaryimage"},"image":{"@id":"https:\/\/www.istegroup.com\/en\/produit\/des-profondeurs-oceaniques-au-laboratoire-1\/#primaryimage"},"thumbnailUrl":"https:\/\/www.istegroup.com\/wp-content\/uploads\/2018\/11\/Aitken-1_Front.jpg","datePublished":"2018-11-14T14:49:19+00:00","dateModified":"2024-01-03T13:42:48+00:00","description":"Des profondeurs oc\u00e9aniques au laboratoire 1 relate l\u2019exp\u00e9dition du\u00a0Challenger\u00a0et aborde la probl\u00e9matique de la mesure des grandes profondeurs.","breadcrumb":{"@id":"https:\/\/www.istegroup.com\/en\/produit\/des-profondeurs-oceaniques-au-laboratoire-1\/#breadcrumb"},"inLanguage":"fr-FR","potentialAction":[{"@type":"ReadAction","target":["https:\/\/www.istegroup.com\/en\/produit\/des-profondeurs-oceaniques-au-laboratoire-1\/"]}]},{"@type":"ImageObject","inLanguage":"fr-FR","@id":"https:\/\/www.istegroup.com\/en\/produit\/des-profondeurs-oceaniques-au-laboratoire-1\/#primaryimage","url":"https:\/\/www.istegroup.com\/wp-content\/uploads\/2018\/11\/Aitken-1_Front.jpg","contentUrl":"https:\/\/www.istegroup.com\/wp-content\/uploads\/2018\/11\/Aitken-1_Front.jpg","width":601,"height":900,"caption":"Les premi\u00e8res explorations de l\u2019oc\u00e9an profond par le H.M.S. Challenger (1872-1876)"},{"@type":"BreadcrumbList","@id":"https:\/\/www.istegroup.com\/en\/produit\/des-profondeurs-oceaniques-au-laboratoire-1\/#breadcrumb","itemListElement":[{"@type":"ListItem","position":1,"name":"Home","item":"https:\/\/www.istegroup.com\/"},{"@type":"ListItem","position":2,"name":"Shop","item":"https:\/\/www.istegroup.com\/fr\/nouveautes\/"},{"@type":"ListItem","position":3,"name":"Des profondeurs oc\u00e9aniques au laboratoire 1"}]},{"@type":"WebSite","@id":"https:\/\/www.istegroup.com\/#website","url":"https:\/\/www.istegroup.com\/","name":"ISTE Group","description":"\u00c9diteur des Sciences","potentialAction":[{"@type":"SearchAction","target":{"@type":"EntryPoint","urlTemplate":"https:\/\/www.istegroup.com\/?s={search_term_string}"},"query-input":{"@type":"PropertyValueSpecification","valueRequired":true,"valueName":"search_term_string"}}],"inLanguage":"fr-FR"}]}},"_links":{"self":[{"href":"https:\/\/www.istegroup.com\/fr\/wp-json\/wp\/v2\/product\/15611","targetHints":{"allow":["GET"]}}],"collection":[{"href":"https:\/\/www.istegroup.com\/fr\/wp-json\/wp\/v2\/product"}],"about":[{"href":"https:\/\/www.istegroup.com\/fr\/wp-json\/wp\/v2\/types\/product"}],"wp:featuredmedia":[{"embeddable":true,"href":"https:\/\/www.istegroup.com\/fr\/wp-json\/wp\/v2\/media\/15619"}],"wp:attachment":[{"href":"https:\/\/www.istegroup.com\/fr\/wp-json\/wp\/v2\/media?parent=15611"}],"wp:term":[{"taxonomy":"product_brand","embeddable":true,"href":"https:\/\/www.istegroup.com\/fr\/wp-json\/wp\/v2\/product_brand?post=15611"},{"taxonomy":"product_cat","embeddable":true,"href":"https:\/\/www.istegroup.com\/fr\/wp-json\/wp\/v2\/product_cat?post=15611"},{"taxonomy":"product_tag","embeddable":true,"href":"https:\/\/www.istegroup.com\/fr\/wp-json\/wp\/v2\/product_tag?post=15611"}],"curies":[{"name":"wp","href":"https:\/\/api.w.org\/{rel}","templated":true}]}}