{"id":15429,"date":"2018-11-02T16:26:53","date_gmt":"2018-11-02T15:26:53","guid":{"rendered":"https:\/\/www.istegroup.com\/?post_type=product&#038;p=15429"},"modified":"2024-01-03T13:42:48","modified_gmt":"2024-01-03T13:42:48","slug":"les-villes-intelligentes","status":"publish","type":"product","link":"https:\/\/www.istegroup.com\/fr\/produit\/les-villes-intelligentes\/","title":{"rendered":"Les villes intelligentes"},"content":{"rendered":"<p>L\u2019intelligence ne vient pas aux villes par le hasard des technologies num\u00e9riques, mais par la coh\u00e9rence d\u2019un syst\u00e8me de vie. Il y a s\u00fbrement plus \u00e0 s\u2019inspirer de la ville m\u00e9di\u00e9vale que des illusions n\u00e9es du concept de\u00a0<em>smart cities<\/em>.<\/p>\n<p>En se fondant sur les nouvelles sciences de la ville, cet ouvrage pr\u00e9sente la conception et le gouvernement de la ville intelligente, qui se basent sur la capacit\u00e9 des habitants de la cit\u00e9 \u00e0 g\u00e9rer les multiples interactions entre les fonctions urbaines, tant physiques qu\u2019humaines. D\u00e8s lors, la technologie est un outil au service d\u2019une finalit\u00e9 sociale et non un\u00a0<em>deus ex<\/em>\u00a0machina dont les vertus thaumaturges apporteraient l\u2019intelligence \u00e0 la ville.<\/p>\n<p>Illustr\u00e9 par de nombreux exemples,\u00a0<em>Les villes intelligentes\u00a0<\/em>met les plus r\u00e9centes avanc\u00e9es scientifiques en mati\u00e8re de d\u00e9veloppement urbain \u00e0 la port\u00e9e du plus grand nombre.<\/p>\n","protected":false},"excerpt":{"rendered":"<p>L\u2019intelligence ne vient pas aux villes par le hasard des technologies num\u00e9riques, mais par la coh\u00e9rence d\u2019un syst\u00e8me de vie. Il y a s\u00fbrement plus \u00e0 s\u2019inspirer de la ville m\u00e9di\u00e9vale que des illusions n\u00e9es du concept de\u00a0smart cities. En se fondant sur les nouvelles sciences de la ville, cet ouvrage pr\u00e9sente la conception et [&hellip;]<\/p>\n","protected":false},"featured_media":15435,"template":"","meta":{"_acf_changed":false,"_links_to":"","_links_to_target":""},"product_brand":[],"product_cat":[3262],"product_tag":[],"class_list":{"0":"post-15429","1":"product","2":"type-product","3":"status-publish","4":"has-post-thumbnail","6":"product_cat-non-classe","8":"first","9":"instock","10":"shipping-taxable","11":"purchasable","12":"product-type-variable"},"acf":[],"yoast_head":"<!-- This site is optimized with the Yoast SEO plugin v27.2 - https:\/\/yoast.com\/product\/yoast-seo-wordpress\/ -->\n<title>Les villes intelligentes - ISTE Group<\/title>\n<meta name=\"description\" content=\"Cet ouvrage pr\u00e9sente la conception et le gouvernement de la ville intelligente, qui se basent sur la capacit\u00e9 des habitants de la cit\u00e9 \u00e0 g\u00e9rer les multiples interactions entre les fonctions urbaines.\" \/>\n<meta name=\"robots\" content=\"index, follow, max-snippet:-1, max-image-preview:large, max-video-preview:-1\" \/>\n<link rel=\"canonical\" href=\"https:\/\/www.istegroup.com\/fr\/produit\/les-villes-intelligentes\/\" \/>\n<meta property=\"og:locale\" content=\"fr_FR\" \/>\n<meta property=\"og:type\" content=\"article\" \/>\n<meta property=\"og:title\" content=\"Les villes intelligentes - ISTE Group\" \/>\n<meta property=\"og:description\" content=\"Cet ouvrage pr\u00e9sente la conception et le gouvernement de la ville intelligente, qui se basent sur la capacit\u00e9 des habitants de la cit\u00e9 \u00e0 g\u00e9rer les multiples interactions entre les fonctions urbaines.\" \/>\n<meta property=\"og:url\" content=\"https:\/\/www.istegroup.com\/fr\/produit\/les-villes-intelligentes\/\" \/>\n<meta property=\"og:site_name\" content=\"ISTE Group\" \/>\n<meta property=\"article:modified_time\" content=\"2024-01-03T13:42:48+00:00\" \/>\n<meta property=\"og:image\" content=\"https:\/\/www.istegroup.com\/wp-content\/uploads\/2018\/11\/Rochet_Front-scaled.jpg\" \/>\n\t<meta property=\"og:image:width\" content=\"1639\" \/>\n\t<meta property=\"og:image:height\" content=\"2560\" \/>\n\t<meta property=\"og:image:type\" content=\"image\/jpeg\" \/>\n<meta name=\"twitter:card\" content=\"summary_large_image\" \/>\n<meta name=\"twitter:label1\" content=\"Est. reading time\" \/>\n\t<meta name=\"twitter:data1\" content=\"1 minute\" \/>\n<script type=\"application\/ld+json\" class=\"yoast-schema-graph\">{\"@context\":\"https:\/\/schema.org\",\"@graph\":[{\"@type\":\"WebPage\",\"@id\":\"https:\/\/www.istegroup.com\/fr\/produit\/les-villes-intelligentes\/\",\"url\":\"https:\/\/www.istegroup.com\/fr\/produit\/les-villes-intelligentes\/\",\"name\":\"Les villes intelligentes - ISTE Group\",\"isPartOf\":{\"@id\":\"https:\/\/www.istegroup.com\/#website\"},\"primaryImageOfPage\":{\"@id\":\"https:\/\/www.istegroup.com\/fr\/produit\/les-villes-intelligentes\/#primaryimage\"},\"image\":{\"@id\":\"https:\/\/www.istegroup.com\/fr\/produit\/les-villes-intelligentes\/#primaryimage\"},\"thumbnailUrl\":\"https:\/\/www.istegroup.com\/wp-content\/uploads\/2018\/11\/Rochet_Front-scaled.jpg\",\"datePublished\":\"2018-11-02T15:26:53+00:00\",\"dateModified\":\"2024-01-03T13:42:48+00:00\",\"description\":\"Cet ouvrage pr\u00e9sente la conception et le gouvernement de la ville intelligente, qui se basent sur la capacit\u00e9 des habitants de la cit\u00e9 \u00e0 g\u00e9rer les multiples interactions entre les fonctions urbaines.\",\"breadcrumb\":{\"@id\":\"https:\/\/www.istegroup.com\/fr\/produit\/les-villes-intelligentes\/#breadcrumb\"},\"inLanguage\":\"fr-FR\",\"potentialAction\":[{\"@type\":\"ReadAction\",\"target\":[\"https:\/\/www.istegroup.com\/fr\/produit\/les-villes-intelligentes\/\"]}]},{\"@type\":\"ImageObject\",\"inLanguage\":\"fr-FR\",\"@id\":\"https:\/\/www.istegroup.com\/fr\/produit\/les-villes-intelligentes\/#primaryimage\",\"url\":\"https:\/\/www.istegroup.com\/wp-content\/uploads\/2018\/11\/Rochet_Front-scaled.jpg\",\"contentUrl\":\"https:\/\/www.istegroup.com\/wp-content\/uploads\/2018\/11\/Rochet_Front-scaled.jpg\",\"width\":1639,\"height\":2560,\"caption\":\"R\u00e9alit\u00e9 ou fiction\"},{\"@type\":\"BreadcrumbList\",\"@id\":\"https:\/\/www.istegroup.com\/fr\/produit\/les-villes-intelligentes\/#breadcrumb\",\"itemListElement\":[{\"@type\":\"ListItem\",\"position\":1,\"name\":\"Home\",\"item\":\"https:\/\/www.istegroup.com\/\"},{\"@type\":\"ListItem\",\"position\":2,\"name\":\"Shop\",\"item\":\"https:\/\/www.istegroup.com\/fr\/nouveautes\/\"},{\"@type\":\"ListItem\",\"position\":3,\"name\":\"Les villes intelligentes\"}]},{\"@type\":\"WebSite\",\"@id\":\"https:\/\/www.istegroup.com\/#website\",\"url\":\"https:\/\/www.istegroup.com\/\",\"name\":\"ISTE Group\",\"description\":\"\u00c9diteur des Sciences\",\"potentialAction\":[{\"@type\":\"SearchAction\",\"target\":{\"@type\":\"EntryPoint\",\"urlTemplate\":\"https:\/\/www.istegroup.com\/?s={search_term_string}\"},\"query-input\":{\"@type\":\"PropertyValueSpecification\",\"valueRequired\":true,\"valueName\":\"search_term_string\"}}],\"inLanguage\":\"fr-FR\"}]}<\/script>\n<!-- \/ Yoast SEO plugin. -->","yoast_head_json":{"title":"Les villes intelligentes - ISTE Group","description":"Cet ouvrage pr\u00e9sente la conception et le gouvernement de la ville intelligente, qui se basent sur la capacit\u00e9 des habitants de la cit\u00e9 \u00e0 g\u00e9rer les multiples interactions entre les fonctions urbaines.","robots":{"index":"index","follow":"follow","max-snippet":"max-snippet:-1","max-image-preview":"max-image-preview:large","max-video-preview":"max-video-preview:-1"},"canonical":"https:\/\/www.istegroup.com\/fr\/produit\/les-villes-intelligentes\/","og_locale":"fr_FR","og_type":"article","og_title":"Les villes intelligentes - ISTE Group","og_description":"Cet ouvrage pr\u00e9sente la conception et le gouvernement de la ville intelligente, qui se basent sur la capacit\u00e9 des habitants de la cit\u00e9 \u00e0 g\u00e9rer les multiples interactions entre les fonctions urbaines.","og_url":"https:\/\/www.istegroup.com\/fr\/produit\/les-villes-intelligentes\/","og_site_name":"ISTE Group","article_modified_time":"2024-01-03T13:42:48+00:00","og_image":[{"width":1639,"height":2560,"url":"https:\/\/www.istegroup.com\/wp-content\/uploads\/2018\/11\/Rochet_Front-scaled.jpg","type":"image\/jpeg"}],"twitter_card":"summary_large_image","twitter_misc":{"Est. reading time":"1 minute"},"schema":{"@context":"https:\/\/schema.org","@graph":[{"@type":"WebPage","@id":"https:\/\/www.istegroup.com\/fr\/produit\/les-villes-intelligentes\/","url":"https:\/\/www.istegroup.com\/fr\/produit\/les-villes-intelligentes\/","name":"Les villes intelligentes - ISTE Group","isPartOf":{"@id":"https:\/\/www.istegroup.com\/#website"},"primaryImageOfPage":{"@id":"https:\/\/www.istegroup.com\/fr\/produit\/les-villes-intelligentes\/#primaryimage"},"image":{"@id":"https:\/\/www.istegroup.com\/fr\/produit\/les-villes-intelligentes\/#primaryimage"},"thumbnailUrl":"https:\/\/www.istegroup.com\/wp-content\/uploads\/2018\/11\/Rochet_Front-scaled.jpg","datePublished":"2018-11-02T15:26:53+00:00","dateModified":"2024-01-03T13:42:48+00:00","description":"Cet ouvrage pr\u00e9sente la conception et le gouvernement de la ville intelligente, qui se basent sur la capacit\u00e9 des habitants de la cit\u00e9 \u00e0 g\u00e9rer les multiples interactions entre les fonctions urbaines.","breadcrumb":{"@id":"https:\/\/www.istegroup.com\/fr\/produit\/les-villes-intelligentes\/#breadcrumb"},"inLanguage":"fr-FR","potentialAction":[{"@type":"ReadAction","target":["https:\/\/www.istegroup.com\/fr\/produit\/les-villes-intelligentes\/"]}]},{"@type":"ImageObject","inLanguage":"fr-FR","@id":"https:\/\/www.istegroup.com\/fr\/produit\/les-villes-intelligentes\/#primaryimage","url":"https:\/\/www.istegroup.com\/wp-content\/uploads\/2018\/11\/Rochet_Front-scaled.jpg","contentUrl":"https:\/\/www.istegroup.com\/wp-content\/uploads\/2018\/11\/Rochet_Front-scaled.jpg","width":1639,"height":2560,"caption":"R\u00e9alit\u00e9 ou fiction"},{"@type":"BreadcrumbList","@id":"https:\/\/www.istegroup.com\/fr\/produit\/les-villes-intelligentes\/#breadcrumb","itemListElement":[{"@type":"ListItem","position":1,"name":"Home","item":"https:\/\/www.istegroup.com\/"},{"@type":"ListItem","position":2,"name":"Shop","item":"https:\/\/www.istegroup.com\/fr\/nouveautes\/"},{"@type":"ListItem","position":3,"name":"Les villes intelligentes"}]},{"@type":"WebSite","@id":"https:\/\/www.istegroup.com\/#website","url":"https:\/\/www.istegroup.com\/","name":"ISTE Group","description":"\u00c9diteur des Sciences","potentialAction":[{"@type":"SearchAction","target":{"@type":"EntryPoint","urlTemplate":"https:\/\/www.istegroup.com\/?s={search_term_string}"},"query-input":{"@type":"PropertyValueSpecification","valueRequired":true,"valueName":"search_term_string"}}],"inLanguage":"fr-FR"}]}},"_links":{"self":[{"href":"https:\/\/www.istegroup.com\/fr\/wp-json\/wp\/v2\/product\/15429","targetHints":{"allow":["GET"]}}],"collection":[{"href":"https:\/\/www.istegroup.com\/fr\/wp-json\/wp\/v2\/product"}],"about":[{"href":"https:\/\/www.istegroup.com\/fr\/wp-json\/wp\/v2\/types\/product"}],"wp:featuredmedia":[{"embeddable":true,"href":"https:\/\/www.istegroup.com\/fr\/wp-json\/wp\/v2\/media\/15435"}],"wp:attachment":[{"href":"https:\/\/www.istegroup.com\/fr\/wp-json\/wp\/v2\/media?parent=15429"}],"wp:term":[{"taxonomy":"product_brand","embeddable":true,"href":"https:\/\/www.istegroup.com\/fr\/wp-json\/wp\/v2\/product_brand?post=15429"},{"taxonomy":"product_cat","embeddable":true,"href":"https:\/\/www.istegroup.com\/fr\/wp-json\/wp\/v2\/product_cat?post=15429"},{"taxonomy":"product_tag","embeddable":true,"href":"https:\/\/www.istegroup.com\/fr\/wp-json\/wp\/v2\/product_tag?post=15429"}],"curies":[{"name":"wp","href":"https:\/\/api.w.org\/{rel}","templated":true}]}}