{"id":15422,"date":"2018-11-02T16:20:20","date_gmt":"2018-11-02T15:20:20","guid":{"rendered":"https:\/\/www.istegroup.com\/?post_type=product&#038;p=15422"},"modified":"2024-01-03T13:42:48","modified_gmt":"2024-01-03T13:42:48","slug":"education-a-la-sante-et-prevention","status":"publish","type":"product","link":"https:\/\/www.istegroup.com\/fr\/produit\/education-a-la-sante-et-prevention\/","title":{"rendered":"\u00c9ducation \u00e0 la sant\u00e9 et pr\u00e9vention"},"content":{"rendered":"<p>Repr\u00e9sentations sociales, croyances, valeurs, connaissances sont autant de termes qui cohabitent pour d\u00e9crire la fa\u00e7on dont les b\u00e9n\u00e9ficiaires d\u2019actions de pr\u00e9vention per\u00e7oivent leur sant\u00e9.\u00a0<em>\u00c9ducation \u00e0 la sant\u00e9 et pr\u00e9vention<\/em>\u00a0analyse et interroge ces concepts afin d\u2019envisager des pistes renouvel\u00e9es de th\u00e9orisation des conceptions en sant\u00e9.<\/p>\n<p>Sur le plan m\u00e9thodologique, cette th\u00e9orisation est mise en perspective avec la conception d\u2019outils et de dispositifs de pr\u00e9vention. L\u2019usage de corpus de photographies est de ce point de vue particuli\u00e8rement porteur de sens.<\/p>\n<p>Cet ouvrage offre des perspectives formatives en d\u00e9limitant des points de vigilance en formation, mais surtout un balisage de contenus instructifs propices au d\u00e9veloppement d\u2019une p\u00e9dagogie explicite en sant\u00e9 dans le but d\u2019agir plus efficacement en pr\u00e9vention. Un mod\u00e8le d\u2019indexation des situations int\u00e9grant l\u2019id\u00e9e d\u2019un parcours \u00e9ducatif et de soin est \u00e9galement propos\u00e9.<\/p>\n<p><strong>La presse en parle<\/strong><\/p>\n<p><a style=\"color: #1e9691;\" href=\"https:\/\/www.lamontagne.fr\/moulins-03000\/actualites\/les-jeunes-face-aux-enjeux-de-sante-publique-il-faut-prendre-leur-parole-en-compte-defend-dans-l-allier-le-chercheur-frank-pizon_14193035\/\"><em>www.lamontagne.fr, <\/em><em>3 octobre 2022<\/em><\/a><\/p>","protected":false},"excerpt":{"rendered":"<p>Repr\u00e9sentations sociales, croyances, valeurs, connaissances sont autant de termes qui cohabitent pour d\u00e9crire la fa\u00e7on dont les b\u00e9n\u00e9ficiaires d\u2019actions de pr\u00e9vention per\u00e7oivent leur sant\u00e9.\u00a0\u00c9ducation \u00e0 la sant\u00e9 et pr\u00e9vention\u00a0analyse et interroge ces concepts afin d\u2019envisager des pistes renouvel\u00e9es de th\u00e9orisation des conceptions en sant\u00e9. Sur le plan m\u00e9thodologique, cette th\u00e9orisation est mise en perspective avec [&hellip;]<\/p>\n","protected":false},"featured_media":15428,"template":"","meta":{"_acf_changed":false,"_links_to":"","_links_to_target":""},"product_brand":[],"product_cat":[3262],"product_tag":[],"class_list":{"0":"post-15422","1":"product","2":"type-product","3":"status-publish","4":"has-post-thumbnail","6":"product_cat-non-classe","8":"first","9":"instock","10":"shipping-taxable","11":"purchasable","12":"product-type-variable"},"acf":[],"yoast_head":"<!-- This site is optimized with the Yoast SEO plugin v27.2 - https:\/\/yoast.com\/product\/yoast-seo-wordpress\/ -->\n<title>\u00c9ducation \u00e0 la sant\u00e9 et pr\u00e9vention - ISTE Group<\/title>\n<meta name=\"description\" content=\"\u00c9ducation \u00e0 la sant\u00e9 et pr\u00e9vention\u00a0analyse et interroge ces concepts afin d\u2019envisager des pistes renouvel\u00e9es de th\u00e9orisation des conceptions en sant\u00e9.\" \/>\n<meta name=\"robots\" content=\"index, follow, max-snippet:-1, max-image-preview:large, max-video-preview:-1\" \/>\n<link rel=\"canonical\" href=\"https:\/\/www.istegroup.com\/fr\/produit\/education-a-la-sante-et-prevention\/\" \/>\n<meta property=\"og:locale\" content=\"fr_FR\" \/>\n<meta property=\"og:type\" content=\"article\" \/>\n<meta property=\"og:title\" content=\"\u00c9ducation \u00e0 la sant\u00e9 et pr\u00e9vention - ISTE Group\" \/>\n<meta property=\"og:description\" content=\"\u00c9ducation \u00e0 la sant\u00e9 et pr\u00e9vention\u00a0analyse et interroge ces concepts afin d\u2019envisager des pistes renouvel\u00e9es de th\u00e9orisation des conceptions en sant\u00e9.\" \/>\n<meta property=\"og:url\" content=\"https:\/\/www.istegroup.com\/fr\/produit\/education-a-la-sante-et-prevention\/\" \/>\n<meta property=\"og:site_name\" content=\"ISTE Group\" \/>\n<meta property=\"article:modified_time\" content=\"2024-01-03T13:42:48+00:00\" \/>\n<meta property=\"og:image\" content=\"https:\/\/www.istegroup.com\/wp-content\/uploads\/2018\/11\/Pizon_Front-scaled.jpg\" \/>\n\t<meta property=\"og:image:width\" content=\"1620\" \/>\n\t<meta property=\"og:image:height\" content=\"2560\" \/>\n\t<meta property=\"og:image:type\" content=\"image\/jpeg\" \/>\n<meta name=\"twitter:card\" content=\"summary_large_image\" \/>\n<meta name=\"twitter:label1\" content=\"Est. reading time\" \/>\n\t<meta name=\"twitter:data1\" content=\"2 minutes\" \/>\n<script type=\"application\/ld+json\" class=\"yoast-schema-graph\">{\"@context\":\"https:\/\/schema.org\",\"@graph\":[{\"@type\":\"WebPage\",\"@id\":\"https:\/\/www.istegroup.com\/fr\/produit\/education-a-la-sante-et-prevention\/\",\"url\":\"https:\/\/www.istegroup.com\/fr\/produit\/education-a-la-sante-et-prevention\/\",\"name\":\"\u00c9ducation \u00e0 la sant\u00e9 et pr\u00e9vention - ISTE Group\",\"isPartOf\":{\"@id\":\"https:\/\/www.istegroup.com\/#website\"},\"primaryImageOfPage\":{\"@id\":\"https:\/\/www.istegroup.com\/fr\/produit\/education-a-la-sante-et-prevention\/#primaryimage\"},\"image\":{\"@id\":\"https:\/\/www.istegroup.com\/fr\/produit\/education-a-la-sante-et-prevention\/#primaryimage\"},\"thumbnailUrl\":\"https:\/\/www.istegroup.com\/wp-content\/uploads\/2018\/11\/Pizon_Front-scaled.jpg\",\"datePublished\":\"2018-11-02T15:20:20+00:00\",\"dateModified\":\"2024-01-03T13:42:48+00:00\",\"description\":\"\u00c9ducation \u00e0 la sant\u00e9 et pr\u00e9vention\u00a0analyse et interroge ces concepts afin d\u2019envisager des pistes renouvel\u00e9es de th\u00e9orisation des conceptions en sant\u00e9.\",\"breadcrumb\":{\"@id\":\"https:\/\/www.istegroup.com\/fr\/produit\/education-a-la-sante-et-prevention\/#breadcrumb\"},\"inLanguage\":\"fr-FR\",\"potentialAction\":[{\"@type\":\"ReadAction\",\"target\":[\"https:\/\/www.istegroup.com\/fr\/produit\/education-a-la-sante-et-prevention\/\"]}]},{\"@type\":\"ImageObject\",\"inLanguage\":\"fr-FR\",\"@id\":\"https:\/\/www.istegroup.com\/fr\/produit\/education-a-la-sante-et-prevention\/#primaryimage\",\"url\":\"https:\/\/www.istegroup.com\/wp-content\/uploads\/2018\/11\/Pizon_Front-scaled.jpg\",\"contentUrl\":\"https:\/\/www.istegroup.com\/wp-content\/uploads\/2018\/11\/Pizon_Front-scaled.jpg\",\"width\":1620,\"height\":2560,\"caption\":\"\u00c9ducation \u00e0 la sant\u00e9 et pr\u00e9vention\"},{\"@type\":\"BreadcrumbList\",\"@id\":\"https:\/\/www.istegroup.com\/fr\/produit\/education-a-la-sante-et-prevention\/#breadcrumb\",\"itemListElement\":[{\"@type\":\"ListItem\",\"position\":1,\"name\":\"Home\",\"item\":\"https:\/\/www.istegroup.com\/\"},{\"@type\":\"ListItem\",\"position\":2,\"name\":\"Shop\",\"item\":\"https:\/\/www.istegroup.com\/fr\/nouveautes\/\"},{\"@type\":\"ListItem\",\"position\":3,\"name\":\"\u00c9ducation \u00e0 la sant\u00e9 et pr\u00e9vention\"}]},{\"@type\":\"WebSite\",\"@id\":\"https:\/\/www.istegroup.com\/#website\",\"url\":\"https:\/\/www.istegroup.com\/\",\"name\":\"ISTE Group\",\"description\":\"\u00c9diteur des Sciences\",\"potentialAction\":[{\"@type\":\"SearchAction\",\"target\":{\"@type\":\"EntryPoint\",\"urlTemplate\":\"https:\/\/www.istegroup.com\/?s={search_term_string}\"},\"query-input\":{\"@type\":\"PropertyValueSpecification\",\"valueRequired\":true,\"valueName\":\"search_term_string\"}}],\"inLanguage\":\"fr-FR\"}]}<\/script>\n<!-- \/ Yoast SEO plugin. -->","yoast_head_json":{"title":"\u00c9ducation \u00e0 la sant\u00e9 et pr\u00e9vention - ISTE Group","description":"\u00c9ducation \u00e0 la sant\u00e9 et pr\u00e9vention\u00a0analyse et interroge ces concepts afin d\u2019envisager des pistes renouvel\u00e9es de th\u00e9orisation des conceptions en sant\u00e9.","robots":{"index":"index","follow":"follow","max-snippet":"max-snippet:-1","max-image-preview":"max-image-preview:large","max-video-preview":"max-video-preview:-1"},"canonical":"https:\/\/www.istegroup.com\/fr\/produit\/education-a-la-sante-et-prevention\/","og_locale":"fr_FR","og_type":"article","og_title":"\u00c9ducation \u00e0 la sant\u00e9 et pr\u00e9vention - ISTE Group","og_description":"\u00c9ducation \u00e0 la sant\u00e9 et pr\u00e9vention\u00a0analyse et interroge ces concepts afin d\u2019envisager des pistes renouvel\u00e9es de th\u00e9orisation des conceptions en sant\u00e9.","og_url":"https:\/\/www.istegroup.com\/fr\/produit\/education-a-la-sante-et-prevention\/","og_site_name":"ISTE Group","article_modified_time":"2024-01-03T13:42:48+00:00","og_image":[{"width":1620,"height":2560,"url":"https:\/\/www.istegroup.com\/wp-content\/uploads\/2018\/11\/Pizon_Front-scaled.jpg","type":"image\/jpeg"}],"twitter_card":"summary_large_image","twitter_misc":{"Est. reading time":"2 minutes"},"schema":{"@context":"https:\/\/schema.org","@graph":[{"@type":"WebPage","@id":"https:\/\/www.istegroup.com\/fr\/produit\/education-a-la-sante-et-prevention\/","url":"https:\/\/www.istegroup.com\/fr\/produit\/education-a-la-sante-et-prevention\/","name":"\u00c9ducation \u00e0 la sant\u00e9 et pr\u00e9vention - ISTE Group","isPartOf":{"@id":"https:\/\/www.istegroup.com\/#website"},"primaryImageOfPage":{"@id":"https:\/\/www.istegroup.com\/fr\/produit\/education-a-la-sante-et-prevention\/#primaryimage"},"image":{"@id":"https:\/\/www.istegroup.com\/fr\/produit\/education-a-la-sante-et-prevention\/#primaryimage"},"thumbnailUrl":"https:\/\/www.istegroup.com\/wp-content\/uploads\/2018\/11\/Pizon_Front-scaled.jpg","datePublished":"2018-11-02T15:20:20+00:00","dateModified":"2024-01-03T13:42:48+00:00","description":"\u00c9ducation \u00e0 la sant\u00e9 et pr\u00e9vention\u00a0analyse et interroge ces concepts afin d\u2019envisager des pistes renouvel\u00e9es de th\u00e9orisation des conceptions en sant\u00e9.","breadcrumb":{"@id":"https:\/\/www.istegroup.com\/fr\/produit\/education-a-la-sante-et-prevention\/#breadcrumb"},"inLanguage":"fr-FR","potentialAction":[{"@type":"ReadAction","target":["https:\/\/www.istegroup.com\/fr\/produit\/education-a-la-sante-et-prevention\/"]}]},{"@type":"ImageObject","inLanguage":"fr-FR","@id":"https:\/\/www.istegroup.com\/fr\/produit\/education-a-la-sante-et-prevention\/#primaryimage","url":"https:\/\/www.istegroup.com\/wp-content\/uploads\/2018\/11\/Pizon_Front-scaled.jpg","contentUrl":"https:\/\/www.istegroup.com\/wp-content\/uploads\/2018\/11\/Pizon_Front-scaled.jpg","width":1620,"height":2560,"caption":"\u00c9ducation \u00e0 la sant\u00e9 et pr\u00e9vention"},{"@type":"BreadcrumbList","@id":"https:\/\/www.istegroup.com\/fr\/produit\/education-a-la-sante-et-prevention\/#breadcrumb","itemListElement":[{"@type":"ListItem","position":1,"name":"Home","item":"https:\/\/www.istegroup.com\/"},{"@type":"ListItem","position":2,"name":"Shop","item":"https:\/\/www.istegroup.com\/fr\/nouveautes\/"},{"@type":"ListItem","position":3,"name":"\u00c9ducation \u00e0 la sant\u00e9 et pr\u00e9vention"}]},{"@type":"WebSite","@id":"https:\/\/www.istegroup.com\/#website","url":"https:\/\/www.istegroup.com\/","name":"ISTE Group","description":"\u00c9diteur des Sciences","potentialAction":[{"@type":"SearchAction","target":{"@type":"EntryPoint","urlTemplate":"https:\/\/www.istegroup.com\/?s={search_term_string}"},"query-input":{"@type":"PropertyValueSpecification","valueRequired":true,"valueName":"search_term_string"}}],"inLanguage":"fr-FR"}]}},"_links":{"self":[{"href":"https:\/\/www.istegroup.com\/fr\/wp-json\/wp\/v2\/product\/15422","targetHints":{"allow":["GET"]}}],"collection":[{"href":"https:\/\/www.istegroup.com\/fr\/wp-json\/wp\/v2\/product"}],"about":[{"href":"https:\/\/www.istegroup.com\/fr\/wp-json\/wp\/v2\/types\/product"}],"wp:featuredmedia":[{"embeddable":true,"href":"https:\/\/www.istegroup.com\/fr\/wp-json\/wp\/v2\/media\/15428"}],"wp:attachment":[{"href":"https:\/\/www.istegroup.com\/fr\/wp-json\/wp\/v2\/media?parent=15422"}],"wp:term":[{"taxonomy":"product_brand","embeddable":true,"href":"https:\/\/www.istegroup.com\/fr\/wp-json\/wp\/v2\/product_brand?post=15422"},{"taxonomy":"product_cat","embeddable":true,"href":"https:\/\/www.istegroup.com\/fr\/wp-json\/wp\/v2\/product_cat?post=15422"},{"taxonomy":"product_tag","embeddable":true,"href":"https:\/\/www.istegroup.com\/fr\/wp-json\/wp\/v2\/product_tag?post=15422"}],"curies":[{"name":"wp","href":"https:\/\/api.w.org\/{rel}","templated":true}]}}