{"id":15399,"date":"2018-11-02T15:43:22","date_gmt":"2018-11-02T14:43:22","guid":{"rendered":"https:\/\/www.istegroup.com\/?post_type=product&#038;p=15399"},"modified":"2024-01-03T13:42:44","modified_gmt":"2024-01-03T13:42:44","slug":"electronique-non-lineaire-1","status":"publish","type":"product","link":"https:\/\/www.istegroup.com\/fr\/produit\/electronique-non-lineaire-1\/","title":{"rendered":"\u00c9lectronique non lin\u00e9aire 1"},"content":{"rendered":"<p><em>\u00c9lectronique non lin\u00e9aire 1<\/em>\u00a0traite des dip\u00f4les non lin\u00e9aires et des oscillateurs harmoniques sinuso\u00efdaux basses et hautes fr\u00e9quences. Afin de donner les \u00e9l\u00e9ments de base n\u00e9cessaires pour la compr\u00e9hension de ph\u00e9nom\u00e8nes complexes, cet ouvrage \u00e9tudie \u00e9galement la production d\u2019une oscillation et l\u2019aspect non lin\u00e9aire des oscillateurs. Il analyse enfin les circuits en commutation et les multivibrateurs astables.<\/p>\n<p>Con\u00e7u pour r\u00e9pondre aux besoins de chacun, cet ouvrage didactique s\u2019adresse aux fili\u00e8res universitaires et aux \u00e9coles d\u2019ing\u00e9nieurs. Chaque chapitre traite de ph\u00e9nom\u00e8nes complexes relatifs \u00e0 l\u2019\u00e9lectronique non lin\u00e9aire dont la difficult\u00e9 d\u2019analyse s\u2019accro\u00eet graduellement. Cette approche est consolid\u00e9e par des exercices corrig\u00e9s pr\u00e9sent\u00e9s de fa\u00e7on d\u00e9taill\u00e9e.<\/p>\n","protected":false},"excerpt":{"rendered":"<p>\u00c9lectronique non lin\u00e9aire 1\u00a0traite des dip\u00f4les non lin\u00e9aires et des oscillateurs harmoniques sinuso\u00efdaux basses et hautes fr\u00e9quences. Afin de donner les \u00e9l\u00e9ments de base n\u00e9cessaires pour la compr\u00e9hension de ph\u00e9nom\u00e8nes complexes, cet ouvrage \u00e9tudie \u00e9galement la production d\u2019une oscillation et l\u2019aspect non lin\u00e9aire des oscillateurs. Il analyse enfin les circuits en commutation et les multivibrateurs [&hellip;]<\/p>\n","protected":false},"featured_media":15405,"template":"","meta":{"_acf_changed":false,"_links_to":"","_links_to_target":""},"product_brand":[],"product_cat":[3262],"product_tag":[],"class_list":{"0":"post-15399","1":"product","2":"type-product","3":"status-publish","4":"has-post-thumbnail","6":"product_cat-non-classe","8":"first","9":"instock","10":"shipping-taxable","11":"purchasable","12":"product-type-variable"},"acf":[],"yoast_head":"<!-- This site is optimized with the Yoast SEO plugin v27.2 - https:\/\/yoast.com\/product\/yoast-seo-wordpress\/ -->\n<title>\u00c9lectronique non lin\u00e9aire 1 - ISTE Group<\/title>\n<meta name=\"description\" content=\"\u00c9lectronique non lin\u00e9aire 1\u00a0traite des dip\u00f4les non lin\u00e9aires et des oscillateurs harmoniques sinuso\u00efdaux basses et hautes fr\u00e9quences.\" \/>\n<meta name=\"robots\" content=\"index, follow, max-snippet:-1, max-image-preview:large, max-video-preview:-1\" \/>\n<link rel=\"canonical\" href=\"https:\/\/www.istegroup.com\/en\/produit\/electronique-non-lineaire-1\/\" \/>\n<meta property=\"og:locale\" content=\"fr_FR\" \/>\n<meta property=\"og:type\" content=\"article\" \/>\n<meta property=\"og:title\" content=\"\u00c9lectronique non lin\u00e9aire 1 - ISTE Group\" \/>\n<meta property=\"og:description\" content=\"\u00c9lectronique non lin\u00e9aire 1\u00a0traite des dip\u00f4les non lin\u00e9aires et des oscillateurs harmoniques sinuso\u00efdaux basses et hautes fr\u00e9quences.\" \/>\n<meta property=\"og:url\" content=\"https:\/\/www.istegroup.com\/en\/produit\/electronique-non-lineaire-1\/\" \/>\n<meta property=\"og:site_name\" content=\"ISTE Group\" \/>\n<meta property=\"article:modified_time\" content=\"2024-01-03T13:42:44+00:00\" \/>\n<meta property=\"og:image\" content=\"https:\/\/www.istegroup.com\/wp-content\/uploads\/2018\/11\/Haraoubia_Front.jpg\" \/>\n\t<meta property=\"og:image:width\" content=\"601\" \/>\n\t<meta property=\"og:image:height\" content=\"901\" \/>\n\t<meta property=\"og:image:type\" content=\"image\/jpeg\" \/>\n<meta name=\"twitter:card\" content=\"summary_large_image\" \/>\n<meta name=\"twitter:label1\" content=\"Est. reading time\" \/>\n\t<meta name=\"twitter:data1\" content=\"1 minute\" \/>\n<script type=\"application\/ld+json\" class=\"yoast-schema-graph\">{\"@context\":\"https:\/\/schema.org\",\"@graph\":[{\"@type\":\"WebPage\",\"@id\":\"https:\/\/www.istegroup.com\/en\/produit\/electronique-non-lineaire-1\/\",\"url\":\"https:\/\/www.istegroup.com\/en\/produit\/electronique-non-lineaire-1\/\",\"name\":\"\u00c9lectronique non lin\u00e9aire 1 - ISTE Group\",\"isPartOf\":{\"@id\":\"https:\/\/www.istegroup.com\/#website\"},\"primaryImageOfPage\":{\"@id\":\"https:\/\/www.istegroup.com\/en\/produit\/electronique-non-lineaire-1\/#primaryimage\"},\"image\":{\"@id\":\"https:\/\/www.istegroup.com\/en\/produit\/electronique-non-lineaire-1\/#primaryimage\"},\"thumbnailUrl\":\"https:\/\/www.istegroup.com\/wp-content\/uploads\/2018\/11\/Haraoubia_Front.jpg\",\"datePublished\":\"2018-11-02T14:43:22+00:00\",\"dateModified\":\"2024-01-03T13:42:44+00:00\",\"description\":\"\u00c9lectronique non lin\u00e9aire 1\u00a0traite des dip\u00f4les non lin\u00e9aires et des oscillateurs harmoniques sinuso\u00efdaux basses et hautes fr\u00e9quences.\",\"breadcrumb\":{\"@id\":\"https:\/\/www.istegroup.com\/en\/produit\/electronique-non-lineaire-1\/#breadcrumb\"},\"inLanguage\":\"fr-FR\",\"potentialAction\":[{\"@type\":\"ReadAction\",\"target\":[\"https:\/\/www.istegroup.com\/en\/produit\/electronique-non-lineaire-1\/\"]}]},{\"@type\":\"ImageObject\",\"inLanguage\":\"fr-FR\",\"@id\":\"https:\/\/www.istegroup.com\/en\/produit\/electronique-non-lineaire-1\/#primaryimage\",\"url\":\"https:\/\/www.istegroup.com\/wp-content\/uploads\/2018\/11\/Haraoubia_Front.jpg\",\"contentUrl\":\"https:\/\/www.istegroup.com\/wp-content\/uploads\/2018\/11\/Haraoubia_Front.jpg\",\"width\":601,\"height\":901,\"caption\":\"Dip\u00f4les non lin\u00e9aires, oscillateurs harmoniques et circuits en commutation\"},{\"@type\":\"BreadcrumbList\",\"@id\":\"https:\/\/www.istegroup.com\/en\/produit\/electronique-non-lineaire-1\/#breadcrumb\",\"itemListElement\":[{\"@type\":\"ListItem\",\"position\":1,\"name\":\"Home\",\"item\":\"https:\/\/www.istegroup.com\/\"},{\"@type\":\"ListItem\",\"position\":2,\"name\":\"Shop\",\"item\":\"https:\/\/www.istegroup.com\/fr\/nouveautes\/\"},{\"@type\":\"ListItem\",\"position\":3,\"name\":\"\u00c9lectronique non lin\u00e9aire 1\"}]},{\"@type\":\"WebSite\",\"@id\":\"https:\/\/www.istegroup.com\/#website\",\"url\":\"https:\/\/www.istegroup.com\/\",\"name\":\"ISTE Group\",\"description\":\"\u00c9diteur des Sciences\",\"potentialAction\":[{\"@type\":\"SearchAction\",\"target\":{\"@type\":\"EntryPoint\",\"urlTemplate\":\"https:\/\/www.istegroup.com\/?s={search_term_string}\"},\"query-input\":{\"@type\":\"PropertyValueSpecification\",\"valueRequired\":true,\"valueName\":\"search_term_string\"}}],\"inLanguage\":\"fr-FR\"}]}<\/script>\n<!-- \/ Yoast SEO plugin. -->","yoast_head_json":{"title":"\u00c9lectronique non lin\u00e9aire 1 - ISTE Group","description":"\u00c9lectronique non lin\u00e9aire 1\u00a0traite des dip\u00f4les non lin\u00e9aires et des oscillateurs harmoniques sinuso\u00efdaux basses et hautes fr\u00e9quences.","robots":{"index":"index","follow":"follow","max-snippet":"max-snippet:-1","max-image-preview":"max-image-preview:large","max-video-preview":"max-video-preview:-1"},"canonical":"https:\/\/www.istegroup.com\/en\/produit\/electronique-non-lineaire-1\/","og_locale":"fr_FR","og_type":"article","og_title":"\u00c9lectronique non lin\u00e9aire 1 - ISTE Group","og_description":"\u00c9lectronique non lin\u00e9aire 1\u00a0traite des dip\u00f4les non lin\u00e9aires et des oscillateurs harmoniques sinuso\u00efdaux basses et hautes fr\u00e9quences.","og_url":"https:\/\/www.istegroup.com\/en\/produit\/electronique-non-lineaire-1\/","og_site_name":"ISTE Group","article_modified_time":"2024-01-03T13:42:44+00:00","og_image":[{"width":601,"height":901,"url":"https:\/\/www.istegroup.com\/wp-content\/uploads\/2018\/11\/Haraoubia_Front.jpg","type":"image\/jpeg"}],"twitter_card":"summary_large_image","twitter_misc":{"Est. reading time":"1 minute"},"schema":{"@context":"https:\/\/schema.org","@graph":[{"@type":"WebPage","@id":"https:\/\/www.istegroup.com\/en\/produit\/electronique-non-lineaire-1\/","url":"https:\/\/www.istegroup.com\/en\/produit\/electronique-non-lineaire-1\/","name":"\u00c9lectronique non lin\u00e9aire 1 - ISTE Group","isPartOf":{"@id":"https:\/\/www.istegroup.com\/#website"},"primaryImageOfPage":{"@id":"https:\/\/www.istegroup.com\/en\/produit\/electronique-non-lineaire-1\/#primaryimage"},"image":{"@id":"https:\/\/www.istegroup.com\/en\/produit\/electronique-non-lineaire-1\/#primaryimage"},"thumbnailUrl":"https:\/\/www.istegroup.com\/wp-content\/uploads\/2018\/11\/Haraoubia_Front.jpg","datePublished":"2018-11-02T14:43:22+00:00","dateModified":"2024-01-03T13:42:44+00:00","description":"\u00c9lectronique non lin\u00e9aire 1\u00a0traite des dip\u00f4les non lin\u00e9aires et des oscillateurs harmoniques sinuso\u00efdaux basses et hautes fr\u00e9quences.","breadcrumb":{"@id":"https:\/\/www.istegroup.com\/en\/produit\/electronique-non-lineaire-1\/#breadcrumb"},"inLanguage":"fr-FR","potentialAction":[{"@type":"ReadAction","target":["https:\/\/www.istegroup.com\/en\/produit\/electronique-non-lineaire-1\/"]}]},{"@type":"ImageObject","inLanguage":"fr-FR","@id":"https:\/\/www.istegroup.com\/en\/produit\/electronique-non-lineaire-1\/#primaryimage","url":"https:\/\/www.istegroup.com\/wp-content\/uploads\/2018\/11\/Haraoubia_Front.jpg","contentUrl":"https:\/\/www.istegroup.com\/wp-content\/uploads\/2018\/11\/Haraoubia_Front.jpg","width":601,"height":901,"caption":"Dip\u00f4les non lin\u00e9aires, oscillateurs harmoniques et circuits en commutation"},{"@type":"BreadcrumbList","@id":"https:\/\/www.istegroup.com\/en\/produit\/electronique-non-lineaire-1\/#breadcrumb","itemListElement":[{"@type":"ListItem","position":1,"name":"Home","item":"https:\/\/www.istegroup.com\/"},{"@type":"ListItem","position":2,"name":"Shop","item":"https:\/\/www.istegroup.com\/fr\/nouveautes\/"},{"@type":"ListItem","position":3,"name":"\u00c9lectronique non lin\u00e9aire 1"}]},{"@type":"WebSite","@id":"https:\/\/www.istegroup.com\/#website","url":"https:\/\/www.istegroup.com\/","name":"ISTE Group","description":"\u00c9diteur des Sciences","potentialAction":[{"@type":"SearchAction","target":{"@type":"EntryPoint","urlTemplate":"https:\/\/www.istegroup.com\/?s={search_term_string}"},"query-input":{"@type":"PropertyValueSpecification","valueRequired":true,"valueName":"search_term_string"}}],"inLanguage":"fr-FR"}]}},"_links":{"self":[{"href":"https:\/\/www.istegroup.com\/fr\/wp-json\/wp\/v2\/product\/15399","targetHints":{"allow":["GET"]}}],"collection":[{"href":"https:\/\/www.istegroup.com\/fr\/wp-json\/wp\/v2\/product"}],"about":[{"href":"https:\/\/www.istegroup.com\/fr\/wp-json\/wp\/v2\/types\/product"}],"wp:featuredmedia":[{"embeddable":true,"href":"https:\/\/www.istegroup.com\/fr\/wp-json\/wp\/v2\/media\/15405"}],"wp:attachment":[{"href":"https:\/\/www.istegroup.com\/fr\/wp-json\/wp\/v2\/media?parent=15399"}],"wp:term":[{"taxonomy":"product_brand","embeddable":true,"href":"https:\/\/www.istegroup.com\/fr\/wp-json\/wp\/v2\/product_brand?post=15399"},{"taxonomy":"product_cat","embeddable":true,"href":"https:\/\/www.istegroup.com\/fr\/wp-json\/wp\/v2\/product_cat?post=15399"},{"taxonomy":"product_tag","embeddable":true,"href":"https:\/\/www.istegroup.com\/fr\/wp-json\/wp\/v2\/product_tag?post=15399"}],"curies":[{"name":"wp","href":"https:\/\/api.w.org\/{rel}","templated":true}]}}