{"id":15382,"date":"2018-11-02T15:38:22","date_gmt":"2018-11-02T14:38:22","guid":{"rendered":"https:\/\/www.istegroup.com\/?post_type=product&#038;p=15382"},"modified":"2024-01-03T13:42:44","modified_gmt":"2024-01-03T13:42:44","slug":"management-de-la-recherche-et-de-linnovation","status":"publish","type":"product","link":"https:\/\/www.istegroup.com\/fr\/produit\/management-de-la-recherche-et-de-linnovation\/","title":{"rendered":"Management de la recherche et de l\u2019innovation"},"content":{"rendered":"<p>Alors que les entreprises cherchent constamment \u00e0 cro\u00eetre et \u00e0 se d\u00e9velopper en optimisant leur potentiel d\u2019innovation et de cr\u00e9ativit\u00e9, il est essentiel de comprendre les enjeux et les pratiques de management en recherche et d\u00e9veloppement.<\/p>\n<p>Cet ouvrage propose une r\u00e9\u00e9valuation critique de l\u2019\u00e9tat de l\u2019art et des concepts du management de la R&amp;D. Les analyses et r\u00e9flexions pr\u00e9sent\u00e9es sont issues de l\u2019exp\u00e9rience de chercheurs et de professionnels, et s\u2019appuient sur des \u00e9tudes empiriques dans des entreprises nationales et internationales.<\/p>\n<p>Cette analyse originale est fond\u00e9e sur une approche syst\u00e9mique. Cette derni\u00e8re prend en consid\u00e9ration les changements environnementaux externes, les nouvelles strat\u00e9gies concurrentielles ainsi que les changements structurels internes, li\u00e9s \u00e0 la transformation des processus d\u2019innovation et aux nouvelles fa\u00e7ons de superviser les individus et les \u00e9quipes.<\/p>\n<p><strong>Ouvrage\u00a0labellis\u00e9 par le Coll\u00e8ge de Labellisation de la FNEGE\u00a0dans la cat\u00e9gorie Manuel.<\/strong><\/p>","protected":false},"excerpt":{"rendered":"<p>Alors que les entreprises cherchent constamment \u00e0 cro\u00eetre et \u00e0 se d\u00e9velopper en optimisant leur potentiel d\u2019innovation et de cr\u00e9ativit\u00e9, il est essentiel de comprendre les enjeux et les pratiques de management en recherche et d\u00e9veloppement. Cet ouvrage propose une r\u00e9\u00e9valuation critique de l\u2019\u00e9tat de l\u2019art et des concepts du management de la R&amp;D. Les [&hellip;]<\/p>\n","protected":false},"featured_media":15398,"template":"","meta":{"_acf_changed":false,"_links_to":"","_links_to_target":""},"product_brand":[],"product_cat":[3262],"product_tag":[],"class_list":{"0":"post-15382","1":"product","2":"type-product","3":"status-publish","4":"has-post-thumbnail","6":"product_cat-non-classe","8":"first","9":"instock","10":"shipping-taxable","11":"purchasable","12":"product-type-variable"},"acf":[],"yoast_head":"<!-- This site is optimized with the Yoast SEO plugin v27.2 - https:\/\/yoast.com\/product\/yoast-seo-wordpress\/ -->\n<title>Management de la recherche et de l\u2019innovation - ISTE Group<\/title>\n<meta name=\"description\" content=\"Management de la recherche et de l\u2019innovation propose une r\u00e9\u00e9valuation critique de l\u2019\u00e9tat de l\u2019art et des concepts du management de la R&amp;D.\" \/>\n<meta name=\"robots\" content=\"index, follow, max-snippet:-1, max-image-preview:large, max-video-preview:-1\" \/>\n<link rel=\"canonical\" href=\"https:\/\/www.istegroup.com\/fr\/produit\/management-de-la-recherche-et-de-linnovation\/\" \/>\n<meta property=\"og:locale\" content=\"fr_FR\" \/>\n<meta property=\"og:type\" content=\"article\" \/>\n<meta property=\"og:title\" content=\"Management de la recherche et de l\u2019innovation - ISTE Group\" \/>\n<meta property=\"og:description\" content=\"Management de la recherche et de l\u2019innovation propose une r\u00e9\u00e9valuation critique de l\u2019\u00e9tat de l\u2019art et des concepts du management de la R&amp;D.\" \/>\n<meta property=\"og:url\" content=\"https:\/\/www.istegroup.com\/fr\/produit\/management-de-la-recherche-et-de-linnovation\/\" \/>\n<meta property=\"og:site_name\" content=\"ISTE Group\" \/>\n<meta property=\"article:modified_time\" content=\"2024-01-03T13:42:44+00:00\" \/>\n<meta property=\"og:image\" content=\"https:\/\/www.istegroup.com\/wp-content\/uploads\/2018\/11\/Gilbert_Front-scaled.jpg\" \/>\n\t<meta property=\"og:image:width\" content=\"1644\" \/>\n\t<meta property=\"og:image:height\" content=\"2560\" \/>\n\t<meta property=\"og:image:type\" content=\"image\/jpeg\" \/>\n<meta name=\"twitter:card\" content=\"summary_large_image\" \/>\n<meta name=\"twitter:label1\" content=\"Est. reading time\" \/>\n\t<meta name=\"twitter:data1\" content=\"2 minutes\" \/>\n<script type=\"application\/ld+json\" class=\"yoast-schema-graph\">{\"@context\":\"https:\/\/schema.org\",\"@graph\":[{\"@type\":\"WebPage\",\"@id\":\"https:\/\/www.istegroup.com\/fr\/produit\/management-de-la-recherche-et-de-linnovation\/\",\"url\":\"https:\/\/www.istegroup.com\/fr\/produit\/management-de-la-recherche-et-de-linnovation\/\",\"name\":\"Management de la recherche et de l\u2019innovation - ISTE Group\",\"isPartOf\":{\"@id\":\"https:\/\/www.istegroup.com\/#website\"},\"primaryImageOfPage\":{\"@id\":\"https:\/\/www.istegroup.com\/fr\/produit\/management-de-la-recherche-et-de-linnovation\/#primaryimage\"},\"image\":{\"@id\":\"https:\/\/www.istegroup.com\/fr\/produit\/management-de-la-recherche-et-de-linnovation\/#primaryimage\"},\"thumbnailUrl\":\"https:\/\/www.istegroup.com\/wp-content\/uploads\/2018\/11\/Gilbert_Front-scaled.jpg\",\"datePublished\":\"2018-11-02T14:38:22+00:00\",\"dateModified\":\"2024-01-03T13:42:44+00:00\",\"description\":\"Management de la recherche et de l\u2019innovation propose une r\u00e9\u00e9valuation critique de l\u2019\u00e9tat de l\u2019art et des concepts du management de la R&amp;D.\",\"breadcrumb\":{\"@id\":\"https:\/\/www.istegroup.com\/fr\/produit\/management-de-la-recherche-et-de-linnovation\/#breadcrumb\"},\"inLanguage\":\"fr-FR\",\"potentialAction\":[{\"@type\":\"ReadAction\",\"target\":[\"https:\/\/www.istegroup.com\/fr\/produit\/management-de-la-recherche-et-de-linnovation\/\"]}]},{\"@type\":\"ImageObject\",\"inLanguage\":\"fr-FR\",\"@id\":\"https:\/\/www.istegroup.com\/fr\/produit\/management-de-la-recherche-et-de-linnovation\/#primaryimage\",\"url\":\"https:\/\/www.istegroup.com\/wp-content\/uploads\/2018\/11\/Gilbert_Front-scaled.jpg\",\"contentUrl\":\"https:\/\/www.istegroup.com\/wp-content\/uploads\/2018\/11\/Gilbert_Front-scaled.jpg\",\"width\":1644,\"height\":2560,\"caption\":\"Management de la recherche et de l\u2019innovation\"},{\"@type\":\"BreadcrumbList\",\"@id\":\"https:\/\/www.istegroup.com\/fr\/produit\/management-de-la-recherche-et-de-linnovation\/#breadcrumb\",\"itemListElement\":[{\"@type\":\"ListItem\",\"position\":1,\"name\":\"Home\",\"item\":\"https:\/\/www.istegroup.com\/\"},{\"@type\":\"ListItem\",\"position\":2,\"name\":\"Shop\",\"item\":\"https:\/\/www.istegroup.com\/fr\/nouveautes\/\"},{\"@type\":\"ListItem\",\"position\":3,\"name\":\"Management de la recherche et de l\u2019innovation\"}]},{\"@type\":\"WebSite\",\"@id\":\"https:\/\/www.istegroup.com\/#website\",\"url\":\"https:\/\/www.istegroup.com\/\",\"name\":\"ISTE Group\",\"description\":\"\u00c9diteur des Sciences\",\"potentialAction\":[{\"@type\":\"SearchAction\",\"target\":{\"@type\":\"EntryPoint\",\"urlTemplate\":\"https:\/\/www.istegroup.com\/?s={search_term_string}\"},\"query-input\":{\"@type\":\"PropertyValueSpecification\",\"valueRequired\":true,\"valueName\":\"search_term_string\"}}],\"inLanguage\":\"fr-FR\"}]}<\/script>\n<!-- \/ Yoast SEO plugin. -->","yoast_head_json":{"title":"Management de la recherche et de l\u2019innovation - ISTE Group","description":"Management de la recherche et de l\u2019innovation propose une r\u00e9\u00e9valuation critique de l\u2019\u00e9tat de l\u2019art et des concepts du management de la R&amp;D.","robots":{"index":"index","follow":"follow","max-snippet":"max-snippet:-1","max-image-preview":"max-image-preview:large","max-video-preview":"max-video-preview:-1"},"canonical":"https:\/\/www.istegroup.com\/fr\/produit\/management-de-la-recherche-et-de-linnovation\/","og_locale":"fr_FR","og_type":"article","og_title":"Management de la recherche et de l\u2019innovation - ISTE Group","og_description":"Management de la recherche et de l\u2019innovation propose une r\u00e9\u00e9valuation critique de l\u2019\u00e9tat de l\u2019art et des concepts du management de la R&amp;D.","og_url":"https:\/\/www.istegroup.com\/fr\/produit\/management-de-la-recherche-et-de-linnovation\/","og_site_name":"ISTE Group","article_modified_time":"2024-01-03T13:42:44+00:00","og_image":[{"width":1644,"height":2560,"url":"https:\/\/www.istegroup.com\/wp-content\/uploads\/2018\/11\/Gilbert_Front-scaled.jpg","type":"image\/jpeg"}],"twitter_card":"summary_large_image","twitter_misc":{"Est. reading time":"2 minutes"},"schema":{"@context":"https:\/\/schema.org","@graph":[{"@type":"WebPage","@id":"https:\/\/www.istegroup.com\/fr\/produit\/management-de-la-recherche-et-de-linnovation\/","url":"https:\/\/www.istegroup.com\/fr\/produit\/management-de-la-recherche-et-de-linnovation\/","name":"Management de la recherche et de l\u2019innovation - ISTE Group","isPartOf":{"@id":"https:\/\/www.istegroup.com\/#website"},"primaryImageOfPage":{"@id":"https:\/\/www.istegroup.com\/fr\/produit\/management-de-la-recherche-et-de-linnovation\/#primaryimage"},"image":{"@id":"https:\/\/www.istegroup.com\/fr\/produit\/management-de-la-recherche-et-de-linnovation\/#primaryimage"},"thumbnailUrl":"https:\/\/www.istegroup.com\/wp-content\/uploads\/2018\/11\/Gilbert_Front-scaled.jpg","datePublished":"2018-11-02T14:38:22+00:00","dateModified":"2024-01-03T13:42:44+00:00","description":"Management de la recherche et de l\u2019innovation propose une r\u00e9\u00e9valuation critique de l\u2019\u00e9tat de l\u2019art et des concepts du management de la R&amp;D.","breadcrumb":{"@id":"https:\/\/www.istegroup.com\/fr\/produit\/management-de-la-recherche-et-de-linnovation\/#breadcrumb"},"inLanguage":"fr-FR","potentialAction":[{"@type":"ReadAction","target":["https:\/\/www.istegroup.com\/fr\/produit\/management-de-la-recherche-et-de-linnovation\/"]}]},{"@type":"ImageObject","inLanguage":"fr-FR","@id":"https:\/\/www.istegroup.com\/fr\/produit\/management-de-la-recherche-et-de-linnovation\/#primaryimage","url":"https:\/\/www.istegroup.com\/wp-content\/uploads\/2018\/11\/Gilbert_Front-scaled.jpg","contentUrl":"https:\/\/www.istegroup.com\/wp-content\/uploads\/2018\/11\/Gilbert_Front-scaled.jpg","width":1644,"height":2560,"caption":"Management de la recherche et de l\u2019innovation"},{"@type":"BreadcrumbList","@id":"https:\/\/www.istegroup.com\/fr\/produit\/management-de-la-recherche-et-de-linnovation\/#breadcrumb","itemListElement":[{"@type":"ListItem","position":1,"name":"Home","item":"https:\/\/www.istegroup.com\/"},{"@type":"ListItem","position":2,"name":"Shop","item":"https:\/\/www.istegroup.com\/fr\/nouveautes\/"},{"@type":"ListItem","position":3,"name":"Management de la recherche et de l\u2019innovation"}]},{"@type":"WebSite","@id":"https:\/\/www.istegroup.com\/#website","url":"https:\/\/www.istegroup.com\/","name":"ISTE Group","description":"\u00c9diteur des Sciences","potentialAction":[{"@type":"SearchAction","target":{"@type":"EntryPoint","urlTemplate":"https:\/\/www.istegroup.com\/?s={search_term_string}"},"query-input":{"@type":"PropertyValueSpecification","valueRequired":true,"valueName":"search_term_string"}}],"inLanguage":"fr-FR"}]}},"_links":{"self":[{"href":"https:\/\/www.istegroup.com\/fr\/wp-json\/wp\/v2\/product\/15382","targetHints":{"allow":["GET"]}}],"collection":[{"href":"https:\/\/www.istegroup.com\/fr\/wp-json\/wp\/v2\/product"}],"about":[{"href":"https:\/\/www.istegroup.com\/fr\/wp-json\/wp\/v2\/types\/product"}],"wp:featuredmedia":[{"embeddable":true,"href":"https:\/\/www.istegroup.com\/fr\/wp-json\/wp\/v2\/media\/15398"}],"wp:attachment":[{"href":"https:\/\/www.istegroup.com\/fr\/wp-json\/wp\/v2\/media?parent=15382"}],"wp:term":[{"taxonomy":"product_brand","embeddable":true,"href":"https:\/\/www.istegroup.com\/fr\/wp-json\/wp\/v2\/product_brand?post=15382"},{"taxonomy":"product_cat","embeddable":true,"href":"https:\/\/www.istegroup.com\/fr\/wp-json\/wp\/v2\/product_cat?post=15382"},{"taxonomy":"product_tag","embeddable":true,"href":"https:\/\/www.istegroup.com\/fr\/wp-json\/wp\/v2\/product_tag?post=15382"}],"curies":[{"name":"wp","href":"https:\/\/api.w.org\/{rel}","templated":true}]}}