{"id":15035,"date":"2018-10-24T15:48:02","date_gmt":"2018-10-24T13:48:02","guid":{"rendered":"https:\/\/iste.yhello.co\/?post_type=product&#038;p=15035"},"modified":"2024-01-03T13:42:43","modified_gmt":"2024-01-03T13:42:43","slug":"transferts-denergie-par-rayonnement","status":"publish","type":"product","link":"https:\/\/www.istegroup.com\/fr\/produit\/transferts-denergie-par-rayonnement\/","title":{"rendered":"Transferts d\u2019\u00e9nergie par rayonnement"},"content":{"rendered":"<p>Les \u00e9changes d\u2019\u00e9nergie dans les fours industriels et dans les foyers des chaudi\u00e8res s\u2019effectuent essentiellement par rayonnement. De m\u00eame, l\u2019\u00e9nergie \u00e9mise par le soleil se propage par rayonnement \u00e0 travers diff\u00e9rents milieux pour arriver jusqu\u2019\u00e0 la terre.<\/p>\n<p>La compr\u00e9hension des lois qui r\u00e9gissent le transfert par rayonnement est ainsi essentielle \u00e0 l\u2019\u00e9tablissement des r\u00e8gles de dimensionnement des \u00e9quipements industriels et \u00e0 l\u2019utilisation de l&rsquo;\u00e9nergie solaire. Elle se trouve \u00e9galement \u00e0 la base de l\u2019explication des ph\u00e9nom\u00e8nes climatiques tels que l&rsquo;effet de serre. De nature duale, ondulatoire et corpusculaire, ce type de transfert d\u2019\u00e9nergie s\u2019accompagne de l\u2019\u00e9mission d\u2019ondes \u00e9lectromagn\u00e9tiques qui peuvent transporter des photons entre surfaces.<\/p>\n<p><em>Transferts d\u2019\u00e9nergie par rayonnement<\/em>\u00a0traite de la quantification de ces \u00e9changes qui ob\u00e9it \u00e0 des lois sp\u00e9cifiques, ainsi qu\u2019\u00e0 des consid\u00e9rations li\u00e9es aux positions relatives des surfaces dans l\u2019espace.<\/p>\n","protected":false},"excerpt":{"rendered":"<p>Les \u00e9changes d\u2019\u00e9nergie dans les fours industriels et dans les foyers des chaudi\u00e8res s\u2019effectuent essentiellement par rayonnement. De m\u00eame, l\u2019\u00e9nergie \u00e9mise par le soleil se propage par rayonnement \u00e0 travers diff\u00e9rents milieux pour arriver jusqu\u2019\u00e0 la terre. La compr\u00e9hension des lois qui r\u00e9gissent le transfert par rayonnement est ainsi essentielle \u00e0 l\u2019\u00e9tablissement des r\u00e8gles de [&hellip;]<\/p>\n","protected":false},"featured_media":15043,"template":"","meta":{"_acf_changed":false,"_links_to":"","_links_to_target":""},"product_brand":[],"product_cat":[3262],"product_tag":[],"class_list":{"0":"post-15035","1":"product","2":"type-product","3":"status-publish","4":"has-post-thumbnail","6":"product_cat-non-classe","8":"first","9":"instock","10":"shipping-taxable","11":"purchasable","12":"product-type-variable"},"acf":[],"yoast_head":"<!-- This site is optimized with the Yoast SEO plugin v27.2 - https:\/\/yoast.com\/product\/yoast-seo-wordpress\/ -->\n<title>Transferts d\u2019\u00e9nergie par rayonnement - ISTE Group<\/title>\n<meta name=\"description\" content=\"Transferts d\u2019\u00e9nergie par rayonnement\u00a0traite de la quantification de ces \u00e9changes qui ob\u00e9it \u00e0 des lois sp\u00e9cifiques, ainsi qu\u2019\u00e0 des consid\u00e9rations li\u00e9es aux positions relatives des surfaces dans l\u2019espace.\" \/>\n<meta name=\"robots\" content=\"index, follow, max-snippet:-1, max-image-preview:large, max-video-preview:-1\" \/>\n<link rel=\"canonical\" href=\"https:\/\/www.istegroup.com\/en\/produit\/transferts-denergie-par-rayonnement\/\" \/>\n<meta property=\"og:locale\" content=\"fr_FR\" \/>\n<meta property=\"og:type\" content=\"article\" \/>\n<meta property=\"og:title\" content=\"Transferts d\u2019\u00e9nergie par rayonnement - ISTE Group\" \/>\n<meta property=\"og:description\" content=\"Transferts d\u2019\u00e9nergie par rayonnement\u00a0traite de la quantification de ces \u00e9changes qui ob\u00e9it \u00e0 des lois sp\u00e9cifiques, ainsi qu\u2019\u00e0 des consid\u00e9rations li\u00e9es aux positions relatives des surfaces dans l\u2019espace.\" \/>\n<meta property=\"og:url\" content=\"https:\/\/www.istegroup.com\/en\/produit\/transferts-denergie-par-rayonnement\/\" \/>\n<meta property=\"og:site_name\" content=\"ISTE Group\" \/>\n<meta property=\"article:modified_time\" content=\"2024-01-03T13:42:43+00:00\" \/>\n<meta property=\"og:image\" content=\"https:\/\/www.istegroup.com\/wp-content\/uploads\/2018\/10\/Benallou-4_Front.jpg\" \/>\n\t<meta property=\"og:image:width\" content=\"606\" \/>\n\t<meta property=\"og:image:height\" content=\"911\" \/>\n\t<meta property=\"og:image:type\" content=\"image\/jpeg\" \/>\n<meta name=\"twitter:card\" content=\"summary_large_image\" \/>\n<meta name=\"twitter:label1\" content=\"Est. reading time\" \/>\n\t<meta name=\"twitter:data1\" content=\"1 minute\" \/>\n<script type=\"application\/ld+json\" class=\"yoast-schema-graph\">{\"@context\":\"https:\/\/schema.org\",\"@graph\":[{\"@type\":\"WebPage\",\"@id\":\"https:\/\/www.istegroup.com\/en\/produit\/transferts-denergie-par-rayonnement\/\",\"url\":\"https:\/\/www.istegroup.com\/en\/produit\/transferts-denergie-par-rayonnement\/\",\"name\":\"Transferts d\u2019\u00e9nergie par rayonnement - ISTE Group\",\"isPartOf\":{\"@id\":\"https:\/\/www.istegroup.com\/#website\"},\"primaryImageOfPage\":{\"@id\":\"https:\/\/www.istegroup.com\/en\/produit\/transferts-denergie-par-rayonnement\/#primaryimage\"},\"image\":{\"@id\":\"https:\/\/www.istegroup.com\/en\/produit\/transferts-denergie-par-rayonnement\/#primaryimage\"},\"thumbnailUrl\":\"https:\/\/www.istegroup.com\/wp-content\/uploads\/2018\/10\/Benallou-4_Front.jpg\",\"datePublished\":\"2018-10-24T13:48:02+00:00\",\"dateModified\":\"2024-01-03T13:42:43+00:00\",\"description\":\"Transferts d\u2019\u00e9nergie par rayonnement\u00a0traite de la quantification de ces \u00e9changes qui ob\u00e9it \u00e0 des lois sp\u00e9cifiques, ainsi qu\u2019\u00e0 des consid\u00e9rations li\u00e9es aux positions relatives des surfaces dans l\u2019espace.\",\"breadcrumb\":{\"@id\":\"https:\/\/www.istegroup.com\/en\/produit\/transferts-denergie-par-rayonnement\/#breadcrumb\"},\"inLanguage\":\"fr-FR\",\"potentialAction\":[{\"@type\":\"ReadAction\",\"target\":[\"https:\/\/www.istegroup.com\/en\/produit\/transferts-denergie-par-rayonnement\/\"]}]},{\"@type\":\"ImageObject\",\"inLanguage\":\"fr-FR\",\"@id\":\"https:\/\/www.istegroup.com\/en\/produit\/transferts-denergie-par-rayonnement\/#primaryimage\",\"url\":\"https:\/\/www.istegroup.com\/wp-content\/uploads\/2018\/10\/Benallou-4_Front.jpg\",\"contentUrl\":\"https:\/\/www.istegroup.com\/wp-content\/uploads\/2018\/10\/Benallou-4_Front.jpg\",\"width\":606,\"height\":911,\"caption\":\"Transferts d\u2019\u00e9nergie par rayonnement\"},{\"@type\":\"BreadcrumbList\",\"@id\":\"https:\/\/www.istegroup.com\/en\/produit\/transferts-denergie-par-rayonnement\/#breadcrumb\",\"itemListElement\":[{\"@type\":\"ListItem\",\"position\":1,\"name\":\"Home\",\"item\":\"https:\/\/www.istegroup.com\/\"},{\"@type\":\"ListItem\",\"position\":2,\"name\":\"Shop\",\"item\":\"https:\/\/www.istegroup.com\/fr\/nouveautes\/\"},{\"@type\":\"ListItem\",\"position\":3,\"name\":\"Transferts d\u2019\u00e9nergie par rayonnement\"}]},{\"@type\":\"WebSite\",\"@id\":\"https:\/\/www.istegroup.com\/#website\",\"url\":\"https:\/\/www.istegroup.com\/\",\"name\":\"ISTE Group\",\"description\":\"\u00c9diteur des Sciences\",\"potentialAction\":[{\"@type\":\"SearchAction\",\"target\":{\"@type\":\"EntryPoint\",\"urlTemplate\":\"https:\/\/www.istegroup.com\/?s={search_term_string}\"},\"query-input\":{\"@type\":\"PropertyValueSpecification\",\"valueRequired\":true,\"valueName\":\"search_term_string\"}}],\"inLanguage\":\"fr-FR\"}]}<\/script>\n<!-- \/ Yoast SEO plugin. -->","yoast_head_json":{"title":"Transferts d\u2019\u00e9nergie par rayonnement - ISTE Group","description":"Transferts d\u2019\u00e9nergie par rayonnement\u00a0traite de la quantification de ces \u00e9changes qui ob\u00e9it \u00e0 des lois sp\u00e9cifiques, ainsi qu\u2019\u00e0 des consid\u00e9rations li\u00e9es aux positions relatives des surfaces dans l\u2019espace.","robots":{"index":"index","follow":"follow","max-snippet":"max-snippet:-1","max-image-preview":"max-image-preview:large","max-video-preview":"max-video-preview:-1"},"canonical":"https:\/\/www.istegroup.com\/en\/produit\/transferts-denergie-par-rayonnement\/","og_locale":"fr_FR","og_type":"article","og_title":"Transferts d\u2019\u00e9nergie par rayonnement - ISTE Group","og_description":"Transferts d\u2019\u00e9nergie par rayonnement\u00a0traite de la quantification de ces \u00e9changes qui ob\u00e9it \u00e0 des lois sp\u00e9cifiques, ainsi qu\u2019\u00e0 des consid\u00e9rations li\u00e9es aux positions relatives des surfaces dans l\u2019espace.","og_url":"https:\/\/www.istegroup.com\/en\/produit\/transferts-denergie-par-rayonnement\/","og_site_name":"ISTE Group","article_modified_time":"2024-01-03T13:42:43+00:00","og_image":[{"width":606,"height":911,"url":"https:\/\/www.istegroup.com\/wp-content\/uploads\/2018\/10\/Benallou-4_Front.jpg","type":"image\/jpeg"}],"twitter_card":"summary_large_image","twitter_misc":{"Est. reading time":"1 minute"},"schema":{"@context":"https:\/\/schema.org","@graph":[{"@type":"WebPage","@id":"https:\/\/www.istegroup.com\/en\/produit\/transferts-denergie-par-rayonnement\/","url":"https:\/\/www.istegroup.com\/en\/produit\/transferts-denergie-par-rayonnement\/","name":"Transferts d\u2019\u00e9nergie par rayonnement - ISTE Group","isPartOf":{"@id":"https:\/\/www.istegroup.com\/#website"},"primaryImageOfPage":{"@id":"https:\/\/www.istegroup.com\/en\/produit\/transferts-denergie-par-rayonnement\/#primaryimage"},"image":{"@id":"https:\/\/www.istegroup.com\/en\/produit\/transferts-denergie-par-rayonnement\/#primaryimage"},"thumbnailUrl":"https:\/\/www.istegroup.com\/wp-content\/uploads\/2018\/10\/Benallou-4_Front.jpg","datePublished":"2018-10-24T13:48:02+00:00","dateModified":"2024-01-03T13:42:43+00:00","description":"Transferts d\u2019\u00e9nergie par rayonnement\u00a0traite de la quantification de ces \u00e9changes qui ob\u00e9it \u00e0 des lois sp\u00e9cifiques, ainsi qu\u2019\u00e0 des consid\u00e9rations li\u00e9es aux positions relatives des surfaces dans l\u2019espace.","breadcrumb":{"@id":"https:\/\/www.istegroup.com\/en\/produit\/transferts-denergie-par-rayonnement\/#breadcrumb"},"inLanguage":"fr-FR","potentialAction":[{"@type":"ReadAction","target":["https:\/\/www.istegroup.com\/en\/produit\/transferts-denergie-par-rayonnement\/"]}]},{"@type":"ImageObject","inLanguage":"fr-FR","@id":"https:\/\/www.istegroup.com\/en\/produit\/transferts-denergie-par-rayonnement\/#primaryimage","url":"https:\/\/www.istegroup.com\/wp-content\/uploads\/2018\/10\/Benallou-4_Front.jpg","contentUrl":"https:\/\/www.istegroup.com\/wp-content\/uploads\/2018\/10\/Benallou-4_Front.jpg","width":606,"height":911,"caption":"Transferts d\u2019\u00e9nergie par rayonnement"},{"@type":"BreadcrumbList","@id":"https:\/\/www.istegroup.com\/en\/produit\/transferts-denergie-par-rayonnement\/#breadcrumb","itemListElement":[{"@type":"ListItem","position":1,"name":"Home","item":"https:\/\/www.istegroup.com\/"},{"@type":"ListItem","position":2,"name":"Shop","item":"https:\/\/www.istegroup.com\/fr\/nouveautes\/"},{"@type":"ListItem","position":3,"name":"Transferts d\u2019\u00e9nergie par rayonnement"}]},{"@type":"WebSite","@id":"https:\/\/www.istegroup.com\/#website","url":"https:\/\/www.istegroup.com\/","name":"ISTE Group","description":"\u00c9diteur des Sciences","potentialAction":[{"@type":"SearchAction","target":{"@type":"EntryPoint","urlTemplate":"https:\/\/www.istegroup.com\/?s={search_term_string}"},"query-input":{"@type":"PropertyValueSpecification","valueRequired":true,"valueName":"search_term_string"}}],"inLanguage":"fr-FR"}]}},"_links":{"self":[{"href":"https:\/\/www.istegroup.com\/fr\/wp-json\/wp\/v2\/product\/15035","targetHints":{"allow":["GET"]}}],"collection":[{"href":"https:\/\/www.istegroup.com\/fr\/wp-json\/wp\/v2\/product"}],"about":[{"href":"https:\/\/www.istegroup.com\/fr\/wp-json\/wp\/v2\/types\/product"}],"wp:featuredmedia":[{"embeddable":true,"href":"https:\/\/www.istegroup.com\/fr\/wp-json\/wp\/v2\/media\/15043"}],"wp:attachment":[{"href":"https:\/\/www.istegroup.com\/fr\/wp-json\/wp\/v2\/media?parent=15035"}],"wp:term":[{"taxonomy":"product_brand","embeddable":true,"href":"https:\/\/www.istegroup.com\/fr\/wp-json\/wp\/v2\/product_brand?post=15035"},{"taxonomy":"product_cat","embeddable":true,"href":"https:\/\/www.istegroup.com\/fr\/wp-json\/wp\/v2\/product_cat?post=15035"},{"taxonomy":"product_tag","embeddable":true,"href":"https:\/\/www.istegroup.com\/fr\/wp-json\/wp\/v2\/product_tag?post=15035"}],"curies":[{"name":"wp","href":"https:\/\/api.w.org\/{rel}","templated":true}]}}