{"id":14766,"date":"2018-10-18T10:50:59","date_gmt":"2018-10-18T08:50:59","guid":{"rendered":"https:\/\/iste.yhello.co\/?post_type=product&#038;p=14766"},"modified":"2024-01-03T13:42:43","modified_gmt":"2024-01-03T13:42:43","slug":"politiques-environnementales-et-incitations","status":"publish","type":"product","link":"https:\/\/www.istegroup.com\/fr\/produit\/politiques-environnementales-et-incitations\/","title":{"rendered":"Politiques environnementales et incitations"},"content":{"rendered":"<p>La protection de l\u2019environnement appara\u00eet aujourd\u2019hui essentielle, comme en t\u00e9moignent la hausse des temp\u00e9ratures, la fonte des glaciers, la disparition d\u2019esp\u00e8ces animales, etc. La question de la protection de la qualit\u00e9 environnementale a v\u00e9ritablement pris forme au milieu du XXe si\u00e8cle en \u00e9conomie, et diff\u00e9rents instruments \u00e9conomiques ont \u00e9t\u00e9 propos\u00e9s aux d\u00e9cideurs publics. Par ailleurs, aujourd\u2019hui, avec les avanc\u00e9es dans les autres disciplines, et en particulier en psychologie, les \u00e9conomistes se tournent de plus en plus vers des formes d\u2019incitations non-mon\u00e9taires. Mais la question de leur efficacit\u00e9 se pose.<\/p>\n<p><em>Politiques environnementales et incitations<\/em>\u00a0traite du r\u00f4le de l\u2019\u00e9conomie dans la protection de l\u2019environnement, en revenant sur les instruments \u00e9conomiques classiques, avec une r\u00e9flexion avanc\u00e9e sur le r\u00f4le de nouvelles formes d\u2019incitations. Il appara\u00eet que les politiques publiques devront certainement tenir compte \u00e0 l\u2019avenir de plusieurs combinaisons d\u2019incitations socialement acceptables, pour tendre vers la meilleure qualit\u00e9 environnementale possible.<\/p>\n","protected":false},"excerpt":{"rendered":"<p>La protection de l\u2019environnement appara\u00eet aujourd\u2019hui essentielle, comme en t\u00e9moignent la hausse des temp\u00e9ratures, la fonte des glaciers, la disparition d\u2019esp\u00e8ces animales, etc. La question de la protection de la qualit\u00e9 environnementale a v\u00e9ritablement pris forme au milieu du XXe si\u00e8cle en \u00e9conomie, et diff\u00e9rents instruments \u00e9conomiques ont \u00e9t\u00e9 propos\u00e9s aux d\u00e9cideurs publics. Par ailleurs, [&hellip;]<\/p>\n","protected":false},"featured_media":14774,"template":"","meta":{"_acf_changed":false,"_links_to":"","_links_to_target":""},"product_brand":[],"product_cat":[3262],"product_tag":[],"class_list":{"0":"post-14766","1":"product","2":"type-product","3":"status-publish","4":"has-post-thumbnail","6":"product_cat-non-classe","8":"first","9":"instock","10":"shipping-taxable","11":"purchasable","12":"product-type-variable"},"acf":[],"yoast_head":"<!-- This site is optimized with the Yoast SEO plugin v27.2 - https:\/\/yoast.com\/product\/yoast-seo-wordpress\/ -->\n<title>Politiques environnementales et incitations - ISTE Group<\/title>\n<meta name=\"description\" content=\"Politiques environnementales et incitations\u00a0traite du r\u00f4le de l\u2019\u00e9conomie dans la protection de l\u2019environnement avec une r\u00e9flexion avanc\u00e9e sur le r\u00f4le de nouvelles formes d\u2019incitations.\" \/>\n<meta name=\"robots\" content=\"index, follow, max-snippet:-1, max-image-preview:large, max-video-preview:-1\" \/>\n<link rel=\"canonical\" href=\"https:\/\/www.istegroup.com\/fr\/produit\/politiques-environnementales-et-incitations\/\" \/>\n<meta property=\"og:locale\" content=\"fr_FR\" \/>\n<meta property=\"og:type\" content=\"article\" \/>\n<meta property=\"og:title\" content=\"Politiques environnementales et incitations - ISTE Group\" \/>\n<meta property=\"og:description\" content=\"Politiques environnementales et incitations\u00a0traite du r\u00f4le de l\u2019\u00e9conomie dans la protection de l\u2019environnement avec une r\u00e9flexion avanc\u00e9e sur le r\u00f4le de nouvelles formes d\u2019incitations.\" \/>\n<meta property=\"og:url\" content=\"https:\/\/www.istegroup.com\/fr\/produit\/politiques-environnementales-et-incitations\/\" \/>\n<meta property=\"og:site_name\" content=\"ISTE Group\" \/>\n<meta property=\"article:modified_time\" content=\"2024-01-03T13:42:43+00:00\" \/>\n<meta property=\"og:image\" content=\"https:\/\/www.istegroup.com\/wp-content\/uploads\/2018\/10\/Ouvrard_Front.jpg\" \/>\n\t<meta property=\"og:image:width\" content=\"608\" \/>\n\t<meta property=\"og:image:height\" content=\"913\" \/>\n\t<meta property=\"og:image:type\" content=\"image\/jpeg\" \/>\n<meta name=\"twitter:card\" content=\"summary_large_image\" \/>\n<meta name=\"twitter:label1\" content=\"Est. reading time\" \/>\n\t<meta name=\"twitter:data1\" content=\"1 minute\" \/>\n<script type=\"application\/ld+json\" class=\"yoast-schema-graph\">{\"@context\":\"https:\/\/schema.org\",\"@graph\":[{\"@type\":\"WebPage\",\"@id\":\"https:\/\/www.istegroup.com\/fr\/produit\/politiques-environnementales-et-incitations\/\",\"url\":\"https:\/\/www.istegroup.com\/fr\/produit\/politiques-environnementales-et-incitations\/\",\"name\":\"Politiques environnementales et incitations - ISTE Group\",\"isPartOf\":{\"@id\":\"https:\/\/www.istegroup.com\/#website\"},\"primaryImageOfPage\":{\"@id\":\"https:\/\/www.istegroup.com\/fr\/produit\/politiques-environnementales-et-incitations\/#primaryimage\"},\"image\":{\"@id\":\"https:\/\/www.istegroup.com\/fr\/produit\/politiques-environnementales-et-incitations\/#primaryimage\"},\"thumbnailUrl\":\"https:\/\/www.istegroup.com\/wp-content\/uploads\/2018\/10\/Ouvrard_Front.jpg\",\"datePublished\":\"2018-10-18T08:50:59+00:00\",\"dateModified\":\"2024-01-03T13:42:43+00:00\",\"description\":\"Politiques environnementales et incitations\u00a0traite du r\u00f4le de l\u2019\u00e9conomie dans la protection de l\u2019environnement avec une r\u00e9flexion avanc\u00e9e sur le r\u00f4le de nouvelles formes d\u2019incitations.\",\"breadcrumb\":{\"@id\":\"https:\/\/www.istegroup.com\/fr\/produit\/politiques-environnementales-et-incitations\/#breadcrumb\"},\"inLanguage\":\"fr-FR\",\"potentialAction\":[{\"@type\":\"ReadAction\",\"target\":[\"https:\/\/www.istegroup.com\/fr\/produit\/politiques-environnementales-et-incitations\/\"]}]},{\"@type\":\"ImageObject\",\"inLanguage\":\"fr-FR\",\"@id\":\"https:\/\/www.istegroup.com\/fr\/produit\/politiques-environnementales-et-incitations\/#primaryimage\",\"url\":\"https:\/\/www.istegroup.com\/wp-content\/uploads\/2018\/10\/Ouvrard_Front.jpg\",\"contentUrl\":\"https:\/\/www.istegroup.com\/wp-content\/uploads\/2018\/10\/Ouvrard_Front.jpg\",\"width\":608,\"height\":913,\"caption\":\"De la th\u00e9orie \u00e0 l\u2019innovation empirique\"},{\"@type\":\"BreadcrumbList\",\"@id\":\"https:\/\/www.istegroup.com\/fr\/produit\/politiques-environnementales-et-incitations\/#breadcrumb\",\"itemListElement\":[{\"@type\":\"ListItem\",\"position\":1,\"name\":\"Home\",\"item\":\"https:\/\/www.istegroup.com\/\"},{\"@type\":\"ListItem\",\"position\":2,\"name\":\"Shop\",\"item\":\"https:\/\/www.istegroup.com\/fr\/nouveautes\/\"},{\"@type\":\"ListItem\",\"position\":3,\"name\":\"Politiques environnementales et incitations\"}]},{\"@type\":\"WebSite\",\"@id\":\"https:\/\/www.istegroup.com\/#website\",\"url\":\"https:\/\/www.istegroup.com\/\",\"name\":\"ISTE Group\",\"description\":\"\u00c9diteur des Sciences\",\"potentialAction\":[{\"@type\":\"SearchAction\",\"target\":{\"@type\":\"EntryPoint\",\"urlTemplate\":\"https:\/\/www.istegroup.com\/?s={search_term_string}\"},\"query-input\":{\"@type\":\"PropertyValueSpecification\",\"valueRequired\":true,\"valueName\":\"search_term_string\"}}],\"inLanguage\":\"fr-FR\"}]}<\/script>\n<!-- \/ Yoast SEO plugin. -->","yoast_head_json":{"title":"Politiques environnementales et incitations - ISTE Group","description":"Politiques environnementales et incitations\u00a0traite du r\u00f4le de l\u2019\u00e9conomie dans la protection de l\u2019environnement avec une r\u00e9flexion avanc\u00e9e sur le r\u00f4le de nouvelles formes d\u2019incitations.","robots":{"index":"index","follow":"follow","max-snippet":"max-snippet:-1","max-image-preview":"max-image-preview:large","max-video-preview":"max-video-preview:-1"},"canonical":"https:\/\/www.istegroup.com\/fr\/produit\/politiques-environnementales-et-incitations\/","og_locale":"fr_FR","og_type":"article","og_title":"Politiques environnementales et incitations - ISTE Group","og_description":"Politiques environnementales et incitations\u00a0traite du r\u00f4le de l\u2019\u00e9conomie dans la protection de l\u2019environnement avec une r\u00e9flexion avanc\u00e9e sur le r\u00f4le de nouvelles formes d\u2019incitations.","og_url":"https:\/\/www.istegroup.com\/fr\/produit\/politiques-environnementales-et-incitations\/","og_site_name":"ISTE Group","article_modified_time":"2024-01-03T13:42:43+00:00","og_image":[{"width":608,"height":913,"url":"https:\/\/www.istegroup.com\/wp-content\/uploads\/2018\/10\/Ouvrard_Front.jpg","type":"image\/jpeg"}],"twitter_card":"summary_large_image","twitter_misc":{"Est. reading time":"1 minute"},"schema":{"@context":"https:\/\/schema.org","@graph":[{"@type":"WebPage","@id":"https:\/\/www.istegroup.com\/fr\/produit\/politiques-environnementales-et-incitations\/","url":"https:\/\/www.istegroup.com\/fr\/produit\/politiques-environnementales-et-incitations\/","name":"Politiques environnementales et incitations - ISTE Group","isPartOf":{"@id":"https:\/\/www.istegroup.com\/#website"},"primaryImageOfPage":{"@id":"https:\/\/www.istegroup.com\/fr\/produit\/politiques-environnementales-et-incitations\/#primaryimage"},"image":{"@id":"https:\/\/www.istegroup.com\/fr\/produit\/politiques-environnementales-et-incitations\/#primaryimage"},"thumbnailUrl":"https:\/\/www.istegroup.com\/wp-content\/uploads\/2018\/10\/Ouvrard_Front.jpg","datePublished":"2018-10-18T08:50:59+00:00","dateModified":"2024-01-03T13:42:43+00:00","description":"Politiques environnementales et incitations\u00a0traite du r\u00f4le de l\u2019\u00e9conomie dans la protection de l\u2019environnement avec une r\u00e9flexion avanc\u00e9e sur le r\u00f4le de nouvelles formes d\u2019incitations.","breadcrumb":{"@id":"https:\/\/www.istegroup.com\/fr\/produit\/politiques-environnementales-et-incitations\/#breadcrumb"},"inLanguage":"fr-FR","potentialAction":[{"@type":"ReadAction","target":["https:\/\/www.istegroup.com\/fr\/produit\/politiques-environnementales-et-incitations\/"]}]},{"@type":"ImageObject","inLanguage":"fr-FR","@id":"https:\/\/www.istegroup.com\/fr\/produit\/politiques-environnementales-et-incitations\/#primaryimage","url":"https:\/\/www.istegroup.com\/wp-content\/uploads\/2018\/10\/Ouvrard_Front.jpg","contentUrl":"https:\/\/www.istegroup.com\/wp-content\/uploads\/2018\/10\/Ouvrard_Front.jpg","width":608,"height":913,"caption":"De la th\u00e9orie \u00e0 l\u2019innovation empirique"},{"@type":"BreadcrumbList","@id":"https:\/\/www.istegroup.com\/fr\/produit\/politiques-environnementales-et-incitations\/#breadcrumb","itemListElement":[{"@type":"ListItem","position":1,"name":"Home","item":"https:\/\/www.istegroup.com\/"},{"@type":"ListItem","position":2,"name":"Shop","item":"https:\/\/www.istegroup.com\/fr\/nouveautes\/"},{"@type":"ListItem","position":3,"name":"Politiques environnementales et incitations"}]},{"@type":"WebSite","@id":"https:\/\/www.istegroup.com\/#website","url":"https:\/\/www.istegroup.com\/","name":"ISTE Group","description":"\u00c9diteur des Sciences","potentialAction":[{"@type":"SearchAction","target":{"@type":"EntryPoint","urlTemplate":"https:\/\/www.istegroup.com\/?s={search_term_string}"},"query-input":{"@type":"PropertyValueSpecification","valueRequired":true,"valueName":"search_term_string"}}],"inLanguage":"fr-FR"}]}},"_links":{"self":[{"href":"https:\/\/www.istegroup.com\/fr\/wp-json\/wp\/v2\/product\/14766","targetHints":{"allow":["GET"]}}],"collection":[{"href":"https:\/\/www.istegroup.com\/fr\/wp-json\/wp\/v2\/product"}],"about":[{"href":"https:\/\/www.istegroup.com\/fr\/wp-json\/wp\/v2\/types\/product"}],"wp:featuredmedia":[{"embeddable":true,"href":"https:\/\/www.istegroup.com\/fr\/wp-json\/wp\/v2\/media\/14774"}],"wp:attachment":[{"href":"https:\/\/www.istegroup.com\/fr\/wp-json\/wp\/v2\/media?parent=14766"}],"wp:term":[{"taxonomy":"product_brand","embeddable":true,"href":"https:\/\/www.istegroup.com\/fr\/wp-json\/wp\/v2\/product_brand?post=14766"},{"taxonomy":"product_cat","embeddable":true,"href":"https:\/\/www.istegroup.com\/fr\/wp-json\/wp\/v2\/product_cat?post=14766"},{"taxonomy":"product_tag","embeddable":true,"href":"https:\/\/www.istegroup.com\/fr\/wp-json\/wp\/v2\/product_tag?post=14766"}],"curies":[{"name":"wp","href":"https:\/\/api.w.org\/{rel}","templated":true}]}}