{"id":14672,"date":"2018-10-08T15:10:10","date_gmt":"2018-10-08T13:10:10","guid":{"rendered":"https:\/\/iste.yhello.co\/?post_type=product&#038;p=14672"},"modified":"2024-01-03T13:42:39","modified_gmt":"2024-01-03T13:42:39","slug":"le-dispositif","status":"publish","type":"product","link":"https:\/\/www.istegroup.com\/fr\/produit\/le-dispositif\/","title":{"rendered":"Le dispositif"},"content":{"rendered":"<p>Les ph\u00e9nom\u00e8nes o\u00f9 l\u2019on peut observer la reproductibilit\u00e9 d\u2019activit\u00e9s techniques distribu\u00e9es, qu\u2019elles soient op\u00e9rationnelles ou discursives, sont propices \u00e0 l\u2019usage du concept de dispositif.<\/p>\n<p>Cet ouvrage analyse ce concept selon des perspectives sociologiques, \u00e9ducatives, philosophiques, technologiques, juridiques et \u00e9conomiques. Il en examine tour \u00e0 tour les dimensions techniques, organisationnelles et discursives. L\u2019hybridit\u00e9, l\u2019efficience, les r\u00f4les, les normes, les r\u00e9sistances et les flux li\u00e9s \u00e0 des jeux de pouvoir et de visibilit\u00e9 en enrichissent sa compr\u00e9hension.<\/p>\n<p>Trois mobilisations actuelles du dispositif en sciences de l\u2019information et de la communication sont aussi pr\u00e9sent\u00e9es, d\u2019une part pour illustrer la port\u00e9e heuristique des questionnements int\u00e9grant le dispositif, et d\u2019autre part pour d\u00e9montrer son aspect f\u00e9d\u00e9rateur dans ce champ disciplinaire. La premi\u00e8re questionne la complexit\u00e9 des productions de contenus m\u00e9diatiques, la deuxi\u00e8me interroge les traces d\u2019activit\u00e9s \u00e0 l\u2019aide du concept de dispositif d\u2019information secondaire. L\u2019usage du dispositif dans des contextes de participation num\u00e9rique est \u00e9galement trait\u00e9 en fin d\u2019ouvrage.<\/p>\n","protected":false},"excerpt":{"rendered":"<p>Les ph\u00e9nom\u00e8nes o\u00f9 l\u2019on peut observer la reproductibilit\u00e9 d\u2019activit\u00e9s techniques distribu\u00e9es, qu\u2019elles soient op\u00e9rationnelles ou discursives, sont propices \u00e0 l\u2019usage du concept de dispositif. Cet ouvrage analyse ce concept selon des perspectives sociologiques, \u00e9ducatives, philosophiques, technologiques, juridiques et \u00e9conomiques. Il en examine tour \u00e0 tour les dimensions techniques, organisationnelles et discursives. L\u2019hybridit\u00e9, l\u2019efficience, les r\u00f4les, [&hellip;]<\/p>\n","protected":false},"featured_media":20576,"template":"","meta":{"_acf_changed":false,"_links_to":"","_links_to_target":""},"product_brand":[],"product_cat":[3262],"product_tag":[],"class_list":{"0":"post-14672","1":"product","2":"type-product","3":"status-publish","4":"has-post-thumbnail","6":"product_cat-non-classe","8":"first","9":"instock","10":"shipping-taxable","11":"purchasable","12":"product-type-variable"},"acf":[],"yoast_head":"<!-- This site is optimized with the Yoast SEO plugin v27.2 - https:\/\/yoast.com\/product\/yoast-seo-wordpress\/ -->\n<title>Le dispositif - ISTE Group<\/title>\n<meta name=\"description\" content=\"Le dispositif analyse ce concept selon des perspectives sociologiques, \u00e9ducatives, philosophiques, technologiques, juridiques et \u00e9conomiques.\" \/>\n<meta name=\"robots\" content=\"index, follow, max-snippet:-1, max-image-preview:large, max-video-preview:-1\" \/>\n<link rel=\"canonical\" href=\"https:\/\/www.istegroup.com\/fr\/produit\/le-dispositif\/\" \/>\n<meta property=\"og:locale\" content=\"fr_FR\" \/>\n<meta property=\"og:type\" content=\"article\" \/>\n<meta property=\"og:title\" content=\"Le dispositif - ISTE Group\" \/>\n<meta property=\"og:description\" content=\"Le dispositif analyse ce concept selon des perspectives sociologiques, \u00e9ducatives, philosophiques, technologiques, juridiques et \u00e9conomiques.\" \/>\n<meta property=\"og:url\" content=\"https:\/\/www.istegroup.com\/fr\/produit\/le-dispositif\/\" \/>\n<meta property=\"og:site_name\" content=\"ISTE Group\" \/>\n<meta property=\"article:modified_time\" content=\"2024-01-03T13:42:39+00:00\" \/>\n<meta property=\"og:image\" content=\"https:\/\/www.istegroup.com\/wp-content\/uploads\/2019\/05\/Larroche_Front.jpg\" \/>\n\t<meta property=\"og:image:width\" content=\"300\" \/>\n\t<meta property=\"og:image:height\" content=\"450\" \/>\n\t<meta property=\"og:image:type\" content=\"image\/jpeg\" \/>\n<meta name=\"twitter:card\" content=\"summary_large_image\" \/>\n<meta name=\"twitter:label1\" content=\"Est. reading time\" \/>\n\t<meta name=\"twitter:data1\" content=\"1 minute\" \/>\n<script type=\"application\/ld+json\" class=\"yoast-schema-graph\">{\"@context\":\"https:\/\/schema.org\",\"@graph\":[{\"@type\":\"WebPage\",\"@id\":\"https:\/\/www.istegroup.com\/fr\/produit\/le-dispositif\/\",\"url\":\"https:\/\/www.istegroup.com\/fr\/produit\/le-dispositif\/\",\"name\":\"Le dispositif - ISTE Group\",\"isPartOf\":{\"@id\":\"https:\/\/www.istegroup.com\/#website\"},\"primaryImageOfPage\":{\"@id\":\"https:\/\/www.istegroup.com\/fr\/produit\/le-dispositif\/#primaryimage\"},\"image\":{\"@id\":\"https:\/\/www.istegroup.com\/fr\/produit\/le-dispositif\/#primaryimage\"},\"thumbnailUrl\":\"https:\/\/www.istegroup.com\/wp-content\/uploads\/2019\/05\/Larroche_Front.jpg\",\"datePublished\":\"2018-10-08T13:10:10+00:00\",\"dateModified\":\"2024-01-03T13:42:39+00:00\",\"description\":\"Le dispositif analyse ce concept selon des perspectives sociologiques, \u00e9ducatives, philosophiques, technologiques, juridiques et \u00e9conomiques.\",\"breadcrumb\":{\"@id\":\"https:\/\/www.istegroup.com\/fr\/produit\/le-dispositif\/#breadcrumb\"},\"inLanguage\":\"fr-FR\",\"potentialAction\":[{\"@type\":\"ReadAction\",\"target\":[\"https:\/\/www.istegroup.com\/fr\/produit\/le-dispositif\/\"]}]},{\"@type\":\"ImageObject\",\"inLanguage\":\"fr-FR\",\"@id\":\"https:\/\/www.istegroup.com\/fr\/produit\/le-dispositif\/#primaryimage\",\"url\":\"https:\/\/www.istegroup.com\/wp-content\/uploads\/2019\/05\/Larroche_Front.jpg\",\"contentUrl\":\"https:\/\/www.istegroup.com\/wp-content\/uploads\/2019\/05\/Larroche_Front.jpg\",\"width\":300,\"height\":450,\"caption\":\"Le dispositif\"},{\"@type\":\"BreadcrumbList\",\"@id\":\"https:\/\/www.istegroup.com\/fr\/produit\/le-dispositif\/#breadcrumb\",\"itemListElement\":[{\"@type\":\"ListItem\",\"position\":1,\"name\":\"Home\",\"item\":\"https:\/\/www.istegroup.com\/\"},{\"@type\":\"ListItem\",\"position\":2,\"name\":\"Shop\",\"item\":\"https:\/\/www.istegroup.com\/fr\/nouveautes\/\"},{\"@type\":\"ListItem\",\"position\":3,\"name\":\"Le dispositif\"}]},{\"@type\":\"WebSite\",\"@id\":\"https:\/\/www.istegroup.com\/#website\",\"url\":\"https:\/\/www.istegroup.com\/\",\"name\":\"ISTE Group\",\"description\":\"\u00c9diteur des Sciences\",\"potentialAction\":[{\"@type\":\"SearchAction\",\"target\":{\"@type\":\"EntryPoint\",\"urlTemplate\":\"https:\/\/www.istegroup.com\/?s={search_term_string}\"},\"query-input\":{\"@type\":\"PropertyValueSpecification\",\"valueRequired\":true,\"valueName\":\"search_term_string\"}}],\"inLanguage\":\"fr-FR\"}]}<\/script>\n<!-- \/ Yoast SEO plugin. -->","yoast_head_json":{"title":"Le dispositif - ISTE Group","description":"Le dispositif analyse ce concept selon des perspectives sociologiques, \u00e9ducatives, philosophiques, technologiques, juridiques et \u00e9conomiques.","robots":{"index":"index","follow":"follow","max-snippet":"max-snippet:-1","max-image-preview":"max-image-preview:large","max-video-preview":"max-video-preview:-1"},"canonical":"https:\/\/www.istegroup.com\/fr\/produit\/le-dispositif\/","og_locale":"fr_FR","og_type":"article","og_title":"Le dispositif - ISTE Group","og_description":"Le dispositif analyse ce concept selon des perspectives sociologiques, \u00e9ducatives, philosophiques, technologiques, juridiques et \u00e9conomiques.","og_url":"https:\/\/www.istegroup.com\/fr\/produit\/le-dispositif\/","og_site_name":"ISTE Group","article_modified_time":"2024-01-03T13:42:39+00:00","og_image":[{"width":300,"height":450,"url":"https:\/\/www.istegroup.com\/wp-content\/uploads\/2019\/05\/Larroche_Front.jpg","type":"image\/jpeg"}],"twitter_card":"summary_large_image","twitter_misc":{"Est. reading time":"1 minute"},"schema":{"@context":"https:\/\/schema.org","@graph":[{"@type":"WebPage","@id":"https:\/\/www.istegroup.com\/fr\/produit\/le-dispositif\/","url":"https:\/\/www.istegroup.com\/fr\/produit\/le-dispositif\/","name":"Le dispositif - ISTE Group","isPartOf":{"@id":"https:\/\/www.istegroup.com\/#website"},"primaryImageOfPage":{"@id":"https:\/\/www.istegroup.com\/fr\/produit\/le-dispositif\/#primaryimage"},"image":{"@id":"https:\/\/www.istegroup.com\/fr\/produit\/le-dispositif\/#primaryimage"},"thumbnailUrl":"https:\/\/www.istegroup.com\/wp-content\/uploads\/2019\/05\/Larroche_Front.jpg","datePublished":"2018-10-08T13:10:10+00:00","dateModified":"2024-01-03T13:42:39+00:00","description":"Le dispositif analyse ce concept selon des perspectives sociologiques, \u00e9ducatives, philosophiques, technologiques, juridiques et \u00e9conomiques.","breadcrumb":{"@id":"https:\/\/www.istegroup.com\/fr\/produit\/le-dispositif\/#breadcrumb"},"inLanguage":"fr-FR","potentialAction":[{"@type":"ReadAction","target":["https:\/\/www.istegroup.com\/fr\/produit\/le-dispositif\/"]}]},{"@type":"ImageObject","inLanguage":"fr-FR","@id":"https:\/\/www.istegroup.com\/fr\/produit\/le-dispositif\/#primaryimage","url":"https:\/\/www.istegroup.com\/wp-content\/uploads\/2019\/05\/Larroche_Front.jpg","contentUrl":"https:\/\/www.istegroup.com\/wp-content\/uploads\/2019\/05\/Larroche_Front.jpg","width":300,"height":450,"caption":"Le dispositif"},{"@type":"BreadcrumbList","@id":"https:\/\/www.istegroup.com\/fr\/produit\/le-dispositif\/#breadcrumb","itemListElement":[{"@type":"ListItem","position":1,"name":"Home","item":"https:\/\/www.istegroup.com\/"},{"@type":"ListItem","position":2,"name":"Shop","item":"https:\/\/www.istegroup.com\/fr\/nouveautes\/"},{"@type":"ListItem","position":3,"name":"Le dispositif"}]},{"@type":"WebSite","@id":"https:\/\/www.istegroup.com\/#website","url":"https:\/\/www.istegroup.com\/","name":"ISTE Group","description":"\u00c9diteur des Sciences","potentialAction":[{"@type":"SearchAction","target":{"@type":"EntryPoint","urlTemplate":"https:\/\/www.istegroup.com\/?s={search_term_string}"},"query-input":{"@type":"PropertyValueSpecification","valueRequired":true,"valueName":"search_term_string"}}],"inLanguage":"fr-FR"}]}},"_links":{"self":[{"href":"https:\/\/www.istegroup.com\/fr\/wp-json\/wp\/v2\/product\/14672","targetHints":{"allow":["GET"]}}],"collection":[{"href":"https:\/\/www.istegroup.com\/fr\/wp-json\/wp\/v2\/product"}],"about":[{"href":"https:\/\/www.istegroup.com\/fr\/wp-json\/wp\/v2\/types\/product"}],"wp:featuredmedia":[{"embeddable":true,"href":"https:\/\/www.istegroup.com\/fr\/wp-json\/wp\/v2\/media\/20576"}],"wp:attachment":[{"href":"https:\/\/www.istegroup.com\/fr\/wp-json\/wp\/v2\/media?parent=14672"}],"wp:term":[{"taxonomy":"product_brand","embeddable":true,"href":"https:\/\/www.istegroup.com\/fr\/wp-json\/wp\/v2\/product_brand?post=14672"},{"taxonomy":"product_cat","embeddable":true,"href":"https:\/\/www.istegroup.com\/fr\/wp-json\/wp\/v2\/product_cat?post=14672"},{"taxonomy":"product_tag","embeddable":true,"href":"https:\/\/www.istegroup.com\/fr\/wp-json\/wp\/v2\/product_tag?post=14672"}],"curies":[{"name":"wp","href":"https:\/\/api.w.org\/{rel}","templated":true}]}}