{"id":14617,"date":"2018-10-03T14:15:48","date_gmt":"2018-10-03T12:15:48","guid":{"rendered":"https:\/\/iste.yhello.co\/?post_type=product&#038;p=14617"},"modified":"2024-01-03T13:42:39","modified_gmt":"2024-01-03T13:42:39","slug":"couplage-mecanique-microstructure-corrosion","status":"publish","type":"product","link":"https:\/\/www.istegroup.com\/fr\/produit\/couplage-mecanique-microstructure-corrosion\/","title":{"rendered":"Couplage \u00ab m\u00e9canique \u2013 microstructure \u2013 corrosion \u00bb"},"content":{"rendered":"<p><em>Couplage \u00ab m\u00e9canique \u2013 microstructure \u2013 corrosion \u00bb : concepts, essais, mod\u00e9lisation et cas concrets<\/em>\u00a0regroupe les cours dispens\u00e9s lors de l\u2019\u00e9cole th\u00e9matique CNRS\u00a0\u00ab M2Corr \u00bb (2018).<\/p>\n<p>Des experts, issus de diff\u00e9rents \u00e9tablissements universitaires et de secteurs industriels vari\u00e9s, y analysent l\u2019\u00e9tat de l\u2019art des d\u00e9veloppements scientifiques et technologiques relatifs \u00e0 la durabilit\u00e9 des mat\u00e9riaux et des structures soumis \u00e0 des sollicitations m\u00e9caniques et environnementales coupl\u00e9es ou d\u00e9coupl\u00e9es. Les aspects exp\u00e9rimentaux, th\u00e9oriques et num\u00e9riques sont abord\u00e9s \u00e0 diff\u00e9rentes \u00e9chelles.<\/p>\n<p>Cet ouvrage offre \u00e0 ses lecteurs les outils et les d\u00e9marches scientifiques les plus avanc\u00e9s qui permettent d\u2019appr\u00e9hender les ph\u00e9nom\u00e8nes de couplage via la compr\u00e9hension des m\u00e9canismes associ\u00e9s, et d\u2019identifier les variables du premier ordre parmi celles li\u00e9es \u00e0 l\u2019\u00e9tat m\u00e9canique, au mat\u00e9riau ou \u00e0 l\u2019environnement chimique. Ils leur permettent \u00e9galement de proposer des strat\u00e9gies rendant possible la ma\u00eetrise et\/ou l\u2019allongement de la dur\u00e9e de vie des structures en situation de couplage multiprocessus.<\/p>\n","protected":false},"excerpt":{"rendered":"<p>Couplage \u00ab m\u00e9canique \u2013 microstructure \u2013 corrosion \u00bb : concepts, essais, mod\u00e9lisation et cas concrets\u00a0regroupe les cours dispens\u00e9s lors de l\u2019\u00e9cole th\u00e9matique CNRS\u00a0\u00ab M2Corr \u00bb (2018). Des experts, issus de diff\u00e9rents \u00e9tablissements universitaires et de secteurs industriels vari\u00e9s, y analysent l\u2019\u00e9tat de l\u2019art des d\u00e9veloppements scientifiques et technologiques relatifs \u00e0 la durabilit\u00e9 des mat\u00e9riaux et [&hellip;]<\/p>\n","protected":false},"featured_media":14625,"template":"","meta":{"_acf_changed":false,"_links_to":"","_links_to_target":""},"product_brand":[],"product_cat":[3262],"product_tag":[],"class_list":{"0":"post-14617","1":"product","2":"type-product","3":"status-publish","4":"has-post-thumbnail","6":"product_cat-non-classe","8":"first","9":"instock","10":"shipping-taxable","11":"purchasable","12":"product-type-variable"},"acf":[],"yoast_head":"<!-- This site is optimized with the Yoast SEO plugin v27.2 - https:\/\/yoast.com\/product\/yoast-seo-wordpress\/ -->\n<title>Couplage \u00ab m\u00e9canique \u2013 microstructure \u2013 corrosion \u00bb - ISTE Group<\/title>\n<meta name=\"description\" content=\"Couplage \u00ab m\u00e9canique \u2013 microstructure \u2013 corrosion \u00bb : concepts, essais, mod\u00e9lisation et cas concrets\u00a0regroupe les cours dispens\u00e9s lors de l\u2019\u00e9cole th\u00e9matique CNRS\u00a0\u00ab M2Corr \u00bb (2018).\" \/>\n<meta name=\"robots\" content=\"index, follow, max-snippet:-1, max-image-preview:large, max-video-preview:-1\" \/>\n<link rel=\"canonical\" href=\"https:\/\/www.istegroup.com\/en\/produit\/couplage-mecanique-microstructure-corrosion\/\" \/>\n<meta property=\"og:locale\" content=\"fr_FR\" \/>\n<meta property=\"og:type\" content=\"article\" \/>\n<meta property=\"og:title\" content=\"Couplage \u00ab m\u00e9canique \u2013 microstructure \u2013 corrosion \u00bb - ISTE Group\" \/>\n<meta property=\"og:description\" content=\"Couplage \u00ab m\u00e9canique \u2013 microstructure \u2013 corrosion \u00bb : concepts, essais, mod\u00e9lisation et cas concrets\u00a0regroupe les cours dispens\u00e9s lors de l\u2019\u00e9cole th\u00e9matique CNRS\u00a0\u00ab M2Corr \u00bb (2018).\" \/>\n<meta property=\"og:url\" content=\"https:\/\/www.istegroup.com\/en\/produit\/couplage-mecanique-microstructure-corrosion\/\" \/>\n<meta property=\"og:site_name\" content=\"ISTE Group\" \/>\n<meta property=\"article:modified_time\" content=\"2024-01-03T13:42:39+00:00\" \/>\n<meta property=\"og:image\" content=\"https:\/\/www.istegroup.com\/wp-content\/uploads\/2018\/10\/Blanc_Front.jpg\" \/>\n\t<meta property=\"og:image:width\" content=\"601\" \/>\n\t<meta property=\"og:image:height\" content=\"910\" \/>\n\t<meta property=\"og:image:type\" content=\"image\/jpeg\" \/>\n<meta name=\"twitter:card\" content=\"summary_large_image\" \/>\n<meta name=\"twitter:label1\" content=\"Est. reading time\" \/>\n\t<meta name=\"twitter:data1\" content=\"1 minute\" \/>\n<script type=\"application\/ld+json\" class=\"yoast-schema-graph\">{\"@context\":\"https:\/\/schema.org\",\"@graph\":[{\"@type\":\"WebPage\",\"@id\":\"https:\/\/www.istegroup.com\/en\/produit\/couplage-mecanique-microstructure-corrosion\/\",\"url\":\"https:\/\/www.istegroup.com\/en\/produit\/couplage-mecanique-microstructure-corrosion\/\",\"name\":\"Couplage \u00ab m\u00e9canique \u2013 microstructure \u2013 corrosion \u00bb - ISTE Group\",\"isPartOf\":{\"@id\":\"https:\/\/www.istegroup.com\/#website\"},\"primaryImageOfPage\":{\"@id\":\"https:\/\/www.istegroup.com\/en\/produit\/couplage-mecanique-microstructure-corrosion\/#primaryimage\"},\"image\":{\"@id\":\"https:\/\/www.istegroup.com\/en\/produit\/couplage-mecanique-microstructure-corrosion\/#primaryimage\"},\"thumbnailUrl\":\"https:\/\/www.istegroup.com\/wp-content\/uploads\/2018\/10\/Blanc_Front.jpg\",\"datePublished\":\"2018-10-03T12:15:48+00:00\",\"dateModified\":\"2024-01-03T13:42:39+00:00\",\"description\":\"Couplage \u00ab m\u00e9canique \u2013 microstructure \u2013 corrosion \u00bb : concepts, essais, mod\u00e9lisation et cas concrets\u00a0regroupe les cours dispens\u00e9s lors de l\u2019\u00e9cole th\u00e9matique CNRS\u00a0\u00ab M2Corr \u00bb (2018).\",\"breadcrumb\":{\"@id\":\"https:\/\/www.istegroup.com\/en\/produit\/couplage-mecanique-microstructure-corrosion\/#breadcrumb\"},\"inLanguage\":\"fr-FR\",\"potentialAction\":[{\"@type\":\"ReadAction\",\"target\":[\"https:\/\/www.istegroup.com\/en\/produit\/couplage-mecanique-microstructure-corrosion\/\"]}]},{\"@type\":\"ImageObject\",\"inLanguage\":\"fr-FR\",\"@id\":\"https:\/\/www.istegroup.com\/en\/produit\/couplage-mecanique-microstructure-corrosion\/#primaryimage\",\"url\":\"https:\/\/www.istegroup.com\/wp-content\/uploads\/2018\/10\/Blanc_Front.jpg\",\"contentUrl\":\"https:\/\/www.istegroup.com\/wp-content\/uploads\/2018\/10\/Blanc_Front.jpg\",\"width\":601,\"height\":910,\"caption\":\"Concepts, essais, mod\u00e9lisation et cas concrets\"},{\"@type\":\"BreadcrumbList\",\"@id\":\"https:\/\/www.istegroup.com\/en\/produit\/couplage-mecanique-microstructure-corrosion\/#breadcrumb\",\"itemListElement\":[{\"@type\":\"ListItem\",\"position\":1,\"name\":\"Home\",\"item\":\"https:\/\/www.istegroup.com\/\"},{\"@type\":\"ListItem\",\"position\":2,\"name\":\"Shop\",\"item\":\"https:\/\/www.istegroup.com\/fr\/nouveautes\/\"},{\"@type\":\"ListItem\",\"position\":3,\"name\":\"Couplage \u00ab m\u00e9canique \u2013 microstructure \u2013 corrosion \u00bb\"}]},{\"@type\":\"WebSite\",\"@id\":\"https:\/\/www.istegroup.com\/#website\",\"url\":\"https:\/\/www.istegroup.com\/\",\"name\":\"ISTE Group\",\"description\":\"\u00c9diteur des Sciences\",\"potentialAction\":[{\"@type\":\"SearchAction\",\"target\":{\"@type\":\"EntryPoint\",\"urlTemplate\":\"https:\/\/www.istegroup.com\/?s={search_term_string}\"},\"query-input\":{\"@type\":\"PropertyValueSpecification\",\"valueRequired\":true,\"valueName\":\"search_term_string\"}}],\"inLanguage\":\"fr-FR\"}]}<\/script>\n<!-- \/ Yoast SEO plugin. -->","yoast_head_json":{"title":"Couplage \u00ab m\u00e9canique \u2013 microstructure \u2013 corrosion \u00bb - ISTE Group","description":"Couplage \u00ab m\u00e9canique \u2013 microstructure \u2013 corrosion \u00bb : concepts, essais, mod\u00e9lisation et cas concrets\u00a0regroupe les cours dispens\u00e9s lors de l\u2019\u00e9cole th\u00e9matique CNRS\u00a0\u00ab M2Corr \u00bb (2018).","robots":{"index":"index","follow":"follow","max-snippet":"max-snippet:-1","max-image-preview":"max-image-preview:large","max-video-preview":"max-video-preview:-1"},"canonical":"https:\/\/www.istegroup.com\/en\/produit\/couplage-mecanique-microstructure-corrosion\/","og_locale":"fr_FR","og_type":"article","og_title":"Couplage \u00ab m\u00e9canique \u2013 microstructure \u2013 corrosion \u00bb - ISTE Group","og_description":"Couplage \u00ab m\u00e9canique \u2013 microstructure \u2013 corrosion \u00bb : concepts, essais, mod\u00e9lisation et cas concrets\u00a0regroupe les cours dispens\u00e9s lors de l\u2019\u00e9cole th\u00e9matique CNRS\u00a0\u00ab M2Corr \u00bb (2018).","og_url":"https:\/\/www.istegroup.com\/en\/produit\/couplage-mecanique-microstructure-corrosion\/","og_site_name":"ISTE Group","article_modified_time":"2024-01-03T13:42:39+00:00","og_image":[{"width":601,"height":910,"url":"https:\/\/www.istegroup.com\/wp-content\/uploads\/2018\/10\/Blanc_Front.jpg","type":"image\/jpeg"}],"twitter_card":"summary_large_image","twitter_misc":{"Est. reading time":"1 minute"},"schema":{"@context":"https:\/\/schema.org","@graph":[{"@type":"WebPage","@id":"https:\/\/www.istegroup.com\/en\/produit\/couplage-mecanique-microstructure-corrosion\/","url":"https:\/\/www.istegroup.com\/en\/produit\/couplage-mecanique-microstructure-corrosion\/","name":"Couplage \u00ab m\u00e9canique \u2013 microstructure \u2013 corrosion \u00bb - ISTE Group","isPartOf":{"@id":"https:\/\/www.istegroup.com\/#website"},"primaryImageOfPage":{"@id":"https:\/\/www.istegroup.com\/en\/produit\/couplage-mecanique-microstructure-corrosion\/#primaryimage"},"image":{"@id":"https:\/\/www.istegroup.com\/en\/produit\/couplage-mecanique-microstructure-corrosion\/#primaryimage"},"thumbnailUrl":"https:\/\/www.istegroup.com\/wp-content\/uploads\/2018\/10\/Blanc_Front.jpg","datePublished":"2018-10-03T12:15:48+00:00","dateModified":"2024-01-03T13:42:39+00:00","description":"Couplage \u00ab m\u00e9canique \u2013 microstructure \u2013 corrosion \u00bb : concepts, essais, mod\u00e9lisation et cas concrets\u00a0regroupe les cours dispens\u00e9s lors de l\u2019\u00e9cole th\u00e9matique CNRS\u00a0\u00ab M2Corr \u00bb (2018).","breadcrumb":{"@id":"https:\/\/www.istegroup.com\/en\/produit\/couplage-mecanique-microstructure-corrosion\/#breadcrumb"},"inLanguage":"fr-FR","potentialAction":[{"@type":"ReadAction","target":["https:\/\/www.istegroup.com\/en\/produit\/couplage-mecanique-microstructure-corrosion\/"]}]},{"@type":"ImageObject","inLanguage":"fr-FR","@id":"https:\/\/www.istegroup.com\/en\/produit\/couplage-mecanique-microstructure-corrosion\/#primaryimage","url":"https:\/\/www.istegroup.com\/wp-content\/uploads\/2018\/10\/Blanc_Front.jpg","contentUrl":"https:\/\/www.istegroup.com\/wp-content\/uploads\/2018\/10\/Blanc_Front.jpg","width":601,"height":910,"caption":"Concepts, essais, mod\u00e9lisation et cas concrets"},{"@type":"BreadcrumbList","@id":"https:\/\/www.istegroup.com\/en\/produit\/couplage-mecanique-microstructure-corrosion\/#breadcrumb","itemListElement":[{"@type":"ListItem","position":1,"name":"Home","item":"https:\/\/www.istegroup.com\/"},{"@type":"ListItem","position":2,"name":"Shop","item":"https:\/\/www.istegroup.com\/fr\/nouveautes\/"},{"@type":"ListItem","position":3,"name":"Couplage \u00ab m\u00e9canique \u2013 microstructure \u2013 corrosion \u00bb"}]},{"@type":"WebSite","@id":"https:\/\/www.istegroup.com\/#website","url":"https:\/\/www.istegroup.com\/","name":"ISTE Group","description":"\u00c9diteur des Sciences","potentialAction":[{"@type":"SearchAction","target":{"@type":"EntryPoint","urlTemplate":"https:\/\/www.istegroup.com\/?s={search_term_string}"},"query-input":{"@type":"PropertyValueSpecification","valueRequired":true,"valueName":"search_term_string"}}],"inLanguage":"fr-FR"}]}},"_links":{"self":[{"href":"https:\/\/www.istegroup.com\/fr\/wp-json\/wp\/v2\/product\/14617","targetHints":{"allow":["GET"]}}],"collection":[{"href":"https:\/\/www.istegroup.com\/fr\/wp-json\/wp\/v2\/product"}],"about":[{"href":"https:\/\/www.istegroup.com\/fr\/wp-json\/wp\/v2\/types\/product"}],"wp:featuredmedia":[{"embeddable":true,"href":"https:\/\/www.istegroup.com\/fr\/wp-json\/wp\/v2\/media\/14625"}],"wp:attachment":[{"href":"https:\/\/www.istegroup.com\/fr\/wp-json\/wp\/v2\/media?parent=14617"}],"wp:term":[{"taxonomy":"product_brand","embeddable":true,"href":"https:\/\/www.istegroup.com\/fr\/wp-json\/wp\/v2\/product_brand?post=14617"},{"taxonomy":"product_cat","embeddable":true,"href":"https:\/\/www.istegroup.com\/fr\/wp-json\/wp\/v2\/product_cat?post=14617"},{"taxonomy":"product_tag","embeddable":true,"href":"https:\/\/www.istegroup.com\/fr\/wp-json\/wp\/v2\/product_tag?post=14617"}],"curies":[{"name":"wp","href":"https:\/\/api.w.org\/{rel}","templated":true}]}}