{"id":14610,"date":"2018-10-03T13:29:32","date_gmt":"2018-10-03T11:29:32","guid":{"rendered":"https:\/\/iste.yhello.co\/?post_type=product&#038;p=14610"},"modified":"2024-01-03T13:42:39","modified_gmt":"2024-01-03T13:42:39","slug":"fusions-et-acquisitions","status":"publish","type":"product","link":"https:\/\/www.istegroup.com\/fr\/produit\/fusions-et-acquisitions\/","title":{"rendered":"Fusions et acquisitions"},"content":{"rendered":"<p>Cet ouvrage sur la strat\u00e9gie financi\u00e8re retrace l\u2019histoire des fusions et acquisitions en se concentrant davantage sur la cr\u00e9ation de valeur.<\/p>\n<p>En sachant que les vagues de ces op\u00e9rations repr\u00e9sentent en finance un ph\u00e9nom\u00e8ne toujours inexpliqu\u00e9,\u00a0<em>Fusions et acquisitions<\/em>\u00a0d\u00e9finit ces types d\u2019op\u00e9rations, explique leur \u00e9volution, d\u00e9taille les moyens de leur accomplissement et analyse les divergences autour de ce ph\u00e9nom\u00e8ne. Il d\u00e9crit \u00e9galement leur march\u00e9 et d\u00e9veloppe les cons\u00e9quences de ces op\u00e9rations sur le comportement des managers. Ces derniers peuvent ainsi entreprendre ces op\u00e9rations en ayant des objectifs autres qu\u2019\u00e9conomiques.<\/p>\n<p>Cet ouvrage \u00e9tale les motivations qui peuvent \u00eatre \u00e0 la base de plusieurs op\u00e9rations hasardeuses en mettant en avant leurs performances et leur lien avec le cercle diversification, restructuration et sp\u00e9cialisation. Un recensement des m\u00e9thodes de mesure de la cr\u00e9ation de valeur ainsi que leurs sources est \u00e9galement expos\u00e9. Deux \u00e9tudes empiriques traitant du processus d\u2019une fusion et de la cr\u00e9ation de valeur viennent enrichir cet ouvrage.<\/p>\n","protected":false},"excerpt":{"rendered":"<p>Cet ouvrage sur la strat\u00e9gie financi\u00e8re retrace l\u2019histoire des fusions et acquisitions en se concentrant davantage sur la cr\u00e9ation de valeur. En sachant que les vagues de ces op\u00e9rations repr\u00e9sentent en finance un ph\u00e9nom\u00e8ne toujours inexpliqu\u00e9,\u00a0Fusions et acquisitions\u00a0d\u00e9finit ces types d\u2019op\u00e9rations, explique leur \u00e9volution, d\u00e9taille les moyens de leur accomplissement et analyse les divergences autour [&hellip;]<\/p>\n","protected":false},"featured_media":14616,"template":"","meta":{"_acf_changed":false,"_links_to":"","_links_to_target":""},"product_brand":[],"product_cat":[3262],"product_tag":[],"class_list":{"0":"post-14610","1":"product","2":"type-product","3":"status-publish","4":"has-post-thumbnail","6":"product_cat-non-classe","8":"first","9":"instock","10":"shipping-taxable","11":"purchasable","12":"product-type-variable"},"acf":[],"yoast_head":"<!-- This site is optimized with the Yoast SEO plugin v27.2 - https:\/\/yoast.com\/product\/yoast-seo-wordpress\/ -->\n<title>Fusions et acquisitions - ISTE Group<\/title>\n<meta name=\"description\" content=\"Cet ouvrage sur la strat\u00e9gie financi\u00e8re retrace l\u2019histoire des fusions et acquisitions en se concentrant davantage sur la cr\u00e9ation de valeur.\" \/>\n<meta name=\"robots\" content=\"index, follow, max-snippet:-1, max-image-preview:large, max-video-preview:-1\" \/>\n<link rel=\"canonical\" href=\"https:\/\/www.istegroup.com\/fr\/produit\/fusions-et-acquisitions\/\" \/>\n<meta property=\"og:locale\" content=\"fr_FR\" \/>\n<meta property=\"og:type\" content=\"article\" \/>\n<meta property=\"og:title\" content=\"Fusions et acquisitions - ISTE Group\" \/>\n<meta property=\"og:description\" content=\"Cet ouvrage sur la strat\u00e9gie financi\u00e8re retrace l\u2019histoire des fusions et acquisitions en se concentrant davantage sur la cr\u00e9ation de valeur.\" \/>\n<meta property=\"og:url\" content=\"https:\/\/www.istegroup.com\/fr\/produit\/fusions-et-acquisitions\/\" \/>\n<meta property=\"og:site_name\" content=\"ISTE Group\" \/>\n<meta property=\"article:modified_time\" content=\"2024-01-03T13:42:39+00:00\" \/>\n<meta property=\"og:image\" content=\"https:\/\/www.istegroup.com\/wp-content\/uploads\/2018\/10\/Ibrahimi_Front.jpg\" \/>\n\t<meta property=\"og:image:width\" content=\"609\" \/>\n\t<meta property=\"og:image:height\" content=\"913\" \/>\n\t<meta property=\"og:image:type\" content=\"image\/jpeg\" \/>\n<meta name=\"twitter:card\" content=\"summary_large_image\" \/>\n<meta name=\"twitter:label1\" content=\"Est. reading time\" \/>\n\t<meta name=\"twitter:data1\" content=\"1 minute\" \/>\n<script type=\"application\/ld+json\" class=\"yoast-schema-graph\">{\"@context\":\"https:\/\/schema.org\",\"@graph\":[{\"@type\":\"WebPage\",\"@id\":\"https:\/\/www.istegroup.com\/fr\/produit\/fusions-et-acquisitions\/\",\"url\":\"https:\/\/www.istegroup.com\/fr\/produit\/fusions-et-acquisitions\/\",\"name\":\"Fusions et acquisitions - ISTE Group\",\"isPartOf\":{\"@id\":\"https:\/\/www.istegroup.com\/#website\"},\"primaryImageOfPage\":{\"@id\":\"https:\/\/www.istegroup.com\/fr\/produit\/fusions-et-acquisitions\/#primaryimage\"},\"image\":{\"@id\":\"https:\/\/www.istegroup.com\/fr\/produit\/fusions-et-acquisitions\/#primaryimage\"},\"thumbnailUrl\":\"https:\/\/www.istegroup.com\/wp-content\/uploads\/2018\/10\/Ibrahimi_Front.jpg\",\"datePublished\":\"2018-10-03T11:29:32+00:00\",\"dateModified\":\"2024-01-03T13:42:39+00:00\",\"description\":\"Cet ouvrage sur la strat\u00e9gie financi\u00e8re retrace l\u2019histoire des fusions et acquisitions en se concentrant davantage sur la cr\u00e9ation de valeur.\",\"breadcrumb\":{\"@id\":\"https:\/\/www.istegroup.com\/fr\/produit\/fusions-et-acquisitions\/#breadcrumb\"},\"inLanguage\":\"fr-FR\",\"potentialAction\":[{\"@type\":\"ReadAction\",\"target\":[\"https:\/\/www.istegroup.com\/fr\/produit\/fusions-et-acquisitions\/\"]}]},{\"@type\":\"ImageObject\",\"inLanguage\":\"fr-FR\",\"@id\":\"https:\/\/www.istegroup.com\/fr\/produit\/fusions-et-acquisitions\/#primaryimage\",\"url\":\"https:\/\/www.istegroup.com\/wp-content\/uploads\/2018\/10\/Ibrahimi_Front.jpg\",\"contentUrl\":\"https:\/\/www.istegroup.com\/wp-content\/uploads\/2018\/10\/Ibrahimi_Front.jpg\",\"width\":609,\"height\":913,\"caption\":\"De la pens\u00e9e manag\u00e9riale et l\u2019action strat\u00e9gique \u00e0 la cr\u00e9ation de valeur\"},{\"@type\":\"BreadcrumbList\",\"@id\":\"https:\/\/www.istegroup.com\/fr\/produit\/fusions-et-acquisitions\/#breadcrumb\",\"itemListElement\":[{\"@type\":\"ListItem\",\"position\":1,\"name\":\"Home\",\"item\":\"https:\/\/www.istegroup.com\/\"},{\"@type\":\"ListItem\",\"position\":2,\"name\":\"Shop\",\"item\":\"https:\/\/www.istegroup.com\/fr\/nouveautes\/\"},{\"@type\":\"ListItem\",\"position\":3,\"name\":\"Fusions et acquisitions\"}]},{\"@type\":\"WebSite\",\"@id\":\"https:\/\/www.istegroup.com\/#website\",\"url\":\"https:\/\/www.istegroup.com\/\",\"name\":\"ISTE Group\",\"description\":\"\u00c9diteur des Sciences\",\"potentialAction\":[{\"@type\":\"SearchAction\",\"target\":{\"@type\":\"EntryPoint\",\"urlTemplate\":\"https:\/\/www.istegroup.com\/?s={search_term_string}\"},\"query-input\":{\"@type\":\"PropertyValueSpecification\",\"valueRequired\":true,\"valueName\":\"search_term_string\"}}],\"inLanguage\":\"fr-FR\"}]}<\/script>\n<!-- \/ Yoast SEO plugin. -->","yoast_head_json":{"title":"Fusions et acquisitions - ISTE Group","description":"Cet ouvrage sur la strat\u00e9gie financi\u00e8re retrace l\u2019histoire des fusions et acquisitions en se concentrant davantage sur la cr\u00e9ation de valeur.","robots":{"index":"index","follow":"follow","max-snippet":"max-snippet:-1","max-image-preview":"max-image-preview:large","max-video-preview":"max-video-preview:-1"},"canonical":"https:\/\/www.istegroup.com\/fr\/produit\/fusions-et-acquisitions\/","og_locale":"fr_FR","og_type":"article","og_title":"Fusions et acquisitions - ISTE Group","og_description":"Cet ouvrage sur la strat\u00e9gie financi\u00e8re retrace l\u2019histoire des fusions et acquisitions en se concentrant davantage sur la cr\u00e9ation de valeur.","og_url":"https:\/\/www.istegroup.com\/fr\/produit\/fusions-et-acquisitions\/","og_site_name":"ISTE Group","article_modified_time":"2024-01-03T13:42:39+00:00","og_image":[{"width":609,"height":913,"url":"https:\/\/www.istegroup.com\/wp-content\/uploads\/2018\/10\/Ibrahimi_Front.jpg","type":"image\/jpeg"}],"twitter_card":"summary_large_image","twitter_misc":{"Est. reading time":"1 minute"},"schema":{"@context":"https:\/\/schema.org","@graph":[{"@type":"WebPage","@id":"https:\/\/www.istegroup.com\/fr\/produit\/fusions-et-acquisitions\/","url":"https:\/\/www.istegroup.com\/fr\/produit\/fusions-et-acquisitions\/","name":"Fusions et acquisitions - ISTE Group","isPartOf":{"@id":"https:\/\/www.istegroup.com\/#website"},"primaryImageOfPage":{"@id":"https:\/\/www.istegroup.com\/fr\/produit\/fusions-et-acquisitions\/#primaryimage"},"image":{"@id":"https:\/\/www.istegroup.com\/fr\/produit\/fusions-et-acquisitions\/#primaryimage"},"thumbnailUrl":"https:\/\/www.istegroup.com\/wp-content\/uploads\/2018\/10\/Ibrahimi_Front.jpg","datePublished":"2018-10-03T11:29:32+00:00","dateModified":"2024-01-03T13:42:39+00:00","description":"Cet ouvrage sur la strat\u00e9gie financi\u00e8re retrace l\u2019histoire des fusions et acquisitions en se concentrant davantage sur la cr\u00e9ation de valeur.","breadcrumb":{"@id":"https:\/\/www.istegroup.com\/fr\/produit\/fusions-et-acquisitions\/#breadcrumb"},"inLanguage":"fr-FR","potentialAction":[{"@type":"ReadAction","target":["https:\/\/www.istegroup.com\/fr\/produit\/fusions-et-acquisitions\/"]}]},{"@type":"ImageObject","inLanguage":"fr-FR","@id":"https:\/\/www.istegroup.com\/fr\/produit\/fusions-et-acquisitions\/#primaryimage","url":"https:\/\/www.istegroup.com\/wp-content\/uploads\/2018\/10\/Ibrahimi_Front.jpg","contentUrl":"https:\/\/www.istegroup.com\/wp-content\/uploads\/2018\/10\/Ibrahimi_Front.jpg","width":609,"height":913,"caption":"De la pens\u00e9e manag\u00e9riale et l\u2019action strat\u00e9gique \u00e0 la cr\u00e9ation de valeur"},{"@type":"BreadcrumbList","@id":"https:\/\/www.istegroup.com\/fr\/produit\/fusions-et-acquisitions\/#breadcrumb","itemListElement":[{"@type":"ListItem","position":1,"name":"Home","item":"https:\/\/www.istegroup.com\/"},{"@type":"ListItem","position":2,"name":"Shop","item":"https:\/\/www.istegroup.com\/fr\/nouveautes\/"},{"@type":"ListItem","position":3,"name":"Fusions et acquisitions"}]},{"@type":"WebSite","@id":"https:\/\/www.istegroup.com\/#website","url":"https:\/\/www.istegroup.com\/","name":"ISTE Group","description":"\u00c9diteur des Sciences","potentialAction":[{"@type":"SearchAction","target":{"@type":"EntryPoint","urlTemplate":"https:\/\/www.istegroup.com\/?s={search_term_string}"},"query-input":{"@type":"PropertyValueSpecification","valueRequired":true,"valueName":"search_term_string"}}],"inLanguage":"fr-FR"}]}},"_links":{"self":[{"href":"https:\/\/www.istegroup.com\/fr\/wp-json\/wp\/v2\/product\/14610","targetHints":{"allow":["GET"]}}],"collection":[{"href":"https:\/\/www.istegroup.com\/fr\/wp-json\/wp\/v2\/product"}],"about":[{"href":"https:\/\/www.istegroup.com\/fr\/wp-json\/wp\/v2\/types\/product"}],"wp:featuredmedia":[{"embeddable":true,"href":"https:\/\/www.istegroup.com\/fr\/wp-json\/wp\/v2\/media\/14616"}],"wp:attachment":[{"href":"https:\/\/www.istegroup.com\/fr\/wp-json\/wp\/v2\/media?parent=14610"}],"wp:term":[{"taxonomy":"product_brand","embeddable":true,"href":"https:\/\/www.istegroup.com\/fr\/wp-json\/wp\/v2\/product_brand?post=14610"},{"taxonomy":"product_cat","embeddable":true,"href":"https:\/\/www.istegroup.com\/fr\/wp-json\/wp\/v2\/product_cat?post=14610"},{"taxonomy":"product_tag","embeddable":true,"href":"https:\/\/www.istegroup.com\/fr\/wp-json\/wp\/v2\/product_tag?post=14610"}],"curies":[{"name":"wp","href":"https:\/\/api.w.org\/{rel}","templated":true}]}}