{"id":14594,"date":"2018-10-03T13:24:46","date_gmt":"2018-10-03T11:24:46","guid":{"rendered":"https:\/\/iste.yhello.co\/?post_type=product&#038;p=14594"},"modified":"2024-01-03T13:42:39","modified_gmt":"2024-01-03T13:42:39","slug":"application-de-la-reecriture-de-graphes-au-traitement-automatique-des-langues","status":"publish","type":"product","link":"https:\/\/www.istegroup.com\/fr\/produit\/application-de-la-reecriture-de-graphes-au-traitement-automatique-des-langues\/","title":{"rendered":"Application de la r\u00e9\u00e9criture de graphes au traitement automatique des langues"},"content":{"rendered":"<p>Les corpus annot\u00e9s occupent une place de plus en plus importante dans le traitement automatique des langues (TAL).<\/p>\n<p>Cet\u00a0ouvrage pr\u00e9sente la r\u00e9\u00e9criture de graphes, un mod\u00e8le de calcul adapt\u00e9 au TAL. Tous les calculs sont vus comme des transformations de graphes. La r\u00e9\u00e9criture se pr\u00eate bien \u00e0 la r\u00e9alisation de ces transformations en permettant d\u2019exprimer directement des r\u00e8gles bas\u00e9es sur des connaissances linguistiques.<\/p>\n<p>Il n\u2019y a pas de mod\u00e8le standard de la r\u00e9\u00e9criture de graphes. Les auteurs ont con\u00e7u un mod\u00e8le adapt\u00e9 sp\u00e9cifiquement au TAL.\u00a0Ils proposent le syst\u00e8me GREW,\u00a0un outil utilis\u00e9 pour des applications \u00e0 large \u00e9chelle (analyse syntaxique, passage d\u2019une annotation syntaxique \u00e0 une annotation s\u00e9mantique, etc.).<\/p>\n","protected":false},"excerpt":{"rendered":"<p>Les corpus annot\u00e9s occupent une place de plus en plus importante dans le traitement automatique des langues (TAL). Cet\u00a0ouvrage pr\u00e9sente la r\u00e9\u00e9criture de graphes, un mod\u00e8le de calcul adapt\u00e9 au TAL. Tous les calculs sont vus comme des transformations de graphes. La r\u00e9\u00e9criture se pr\u00eate bien \u00e0 la r\u00e9alisation de ces transformations en permettant d\u2019exprimer [&hellip;]<\/p>\n","protected":false},"featured_media":14609,"template":"","meta":{"_acf_changed":false,"_links_to":"","_links_to_target":""},"product_brand":[],"product_cat":[3262],"product_tag":[],"class_list":{"0":"post-14594","1":"product","2":"type-product","3":"status-publish","4":"has-post-thumbnail","6":"product_cat-non-classe","8":"first","9":"instock","10":"shipping-taxable","11":"purchasable","12":"product-type-variable"},"acf":[],"yoast_head":"<!-- This site is optimized with the Yoast SEO plugin v27.2 - https:\/\/yoast.com\/product\/yoast-seo-wordpress\/ -->\n<title>Application de la r\u00e9\u00e9criture de graphes au traitement automatique des langues - ISTE Group<\/title>\n<meta name=\"description\" content=\"Cet\u00a0ouvrage pr\u00e9sente la r\u00e9\u00e9criture de graphes, un mod\u00e8le de calcul adapt\u00e9 au TAL. Tous les calculs sont vus comme des transformations de graphes.\" \/>\n<meta name=\"robots\" content=\"index, follow, max-snippet:-1, max-image-preview:large, max-video-preview:-1\" \/>\n<link rel=\"canonical\" href=\"https:\/\/www.istegroup.com\/en\/produit\/application-de-la-reecriture-de-graphes-au-traitement-automatique-des-langues\/\" \/>\n<meta property=\"og:locale\" content=\"fr_FR\" \/>\n<meta property=\"og:type\" content=\"article\" \/>\n<meta property=\"og:title\" content=\"Application de la r\u00e9\u00e9criture de graphes au traitement automatique des langues - ISTE Group\" \/>\n<meta property=\"og:description\" content=\"Cet\u00a0ouvrage pr\u00e9sente la r\u00e9\u00e9criture de graphes, un mod\u00e8le de calcul adapt\u00e9 au TAL. Tous les calculs sont vus comme des transformations de graphes.\" \/>\n<meta property=\"og:url\" content=\"https:\/\/www.istegroup.com\/en\/produit\/application-de-la-reecriture-de-graphes-au-traitement-automatique-des-langues\/\" \/>\n<meta property=\"og:site_name\" content=\"ISTE Group\" \/>\n<meta property=\"article:modified_time\" content=\"2024-01-03T13:42:39+00:00\" \/>\n<meta property=\"og:image\" content=\"https:\/\/www.istegroup.com\/wp-content\/uploads\/2018\/10\/Bonfante_Front.jpg\" \/>\n\t<meta property=\"og:image:width\" content=\"608\" \/>\n\t<meta property=\"og:image:height\" content=\"912\" \/>\n\t<meta property=\"og:image:type\" content=\"image\/jpeg\" \/>\n<meta name=\"twitter:card\" content=\"summary_large_image\" \/>\n<meta name=\"twitter:label1\" content=\"Est. reading time\" \/>\n\t<meta name=\"twitter:data1\" content=\"1 minute\" \/>\n<script type=\"application\/ld+json\" class=\"yoast-schema-graph\">{\"@context\":\"https:\/\/schema.org\",\"@graph\":[{\"@type\":\"WebPage\",\"@id\":\"https:\/\/www.istegroup.com\/en\/produit\/application-de-la-reecriture-de-graphes-au-traitement-automatique-des-langues\/\",\"url\":\"https:\/\/www.istegroup.com\/en\/produit\/application-de-la-reecriture-de-graphes-au-traitement-automatique-des-langues\/\",\"name\":\"Application de la r\u00e9\u00e9criture de graphes au traitement automatique des langues - ISTE Group\",\"isPartOf\":{\"@id\":\"https:\/\/www.istegroup.com\/#website\"},\"primaryImageOfPage\":{\"@id\":\"https:\/\/www.istegroup.com\/en\/produit\/application-de-la-reecriture-de-graphes-au-traitement-automatique-des-langues\/#primaryimage\"},\"image\":{\"@id\":\"https:\/\/www.istegroup.com\/en\/produit\/application-de-la-reecriture-de-graphes-au-traitement-automatique-des-langues\/#primaryimage\"},\"thumbnailUrl\":\"https:\/\/www.istegroup.com\/wp-content\/uploads\/2018\/10\/Bonfante_Front.jpg\",\"datePublished\":\"2018-10-03T11:24:46+00:00\",\"dateModified\":\"2024-01-03T13:42:39+00:00\",\"description\":\"Cet\u00a0ouvrage pr\u00e9sente la r\u00e9\u00e9criture de graphes, un mod\u00e8le de calcul adapt\u00e9 au TAL. Tous les calculs sont vus comme des transformations de graphes.\",\"breadcrumb\":{\"@id\":\"https:\/\/www.istegroup.com\/en\/produit\/application-de-la-reecriture-de-graphes-au-traitement-automatique-des-langues\/#breadcrumb\"},\"inLanguage\":\"fr-FR\",\"potentialAction\":[{\"@type\":\"ReadAction\",\"target\":[\"https:\/\/www.istegroup.com\/en\/produit\/application-de-la-reecriture-de-graphes-au-traitement-automatique-des-langues\/\"]}]},{\"@type\":\"ImageObject\",\"inLanguage\":\"fr-FR\",\"@id\":\"https:\/\/www.istegroup.com\/en\/produit\/application-de-la-reecriture-de-graphes-au-traitement-automatique-des-langues\/#primaryimage\",\"url\":\"https:\/\/www.istegroup.com\/wp-content\/uploads\/2018\/10\/Bonfante_Front.jpg\",\"contentUrl\":\"https:\/\/www.istegroup.com\/wp-content\/uploads\/2018\/10\/Bonfante_Front.jpg\",\"width\":608,\"height\":912,\"caption\":\"Application de la r\u00e9\u00e9criture de graphes au traitement automatique des langues\"},{\"@type\":\"BreadcrumbList\",\"@id\":\"https:\/\/www.istegroup.com\/en\/produit\/application-de-la-reecriture-de-graphes-au-traitement-automatique-des-langues\/#breadcrumb\",\"itemListElement\":[{\"@type\":\"ListItem\",\"position\":1,\"name\":\"Home\",\"item\":\"https:\/\/www.istegroup.com\/\"},{\"@type\":\"ListItem\",\"position\":2,\"name\":\"Shop\",\"item\":\"https:\/\/www.istegroup.com\/fr\/nouveautes\/\"},{\"@type\":\"ListItem\",\"position\":3,\"name\":\"Application de la r\u00e9\u00e9criture de graphes au traitement automatique des langues\"}]},{\"@type\":\"WebSite\",\"@id\":\"https:\/\/www.istegroup.com\/#website\",\"url\":\"https:\/\/www.istegroup.com\/\",\"name\":\"ISTE Group\",\"description\":\"\u00c9diteur des Sciences\",\"potentialAction\":[{\"@type\":\"SearchAction\",\"target\":{\"@type\":\"EntryPoint\",\"urlTemplate\":\"https:\/\/www.istegroup.com\/?s={search_term_string}\"},\"query-input\":{\"@type\":\"PropertyValueSpecification\",\"valueRequired\":true,\"valueName\":\"search_term_string\"}}],\"inLanguage\":\"fr-FR\"}]}<\/script>\n<!-- \/ Yoast SEO plugin. -->","yoast_head_json":{"title":"Application de la r\u00e9\u00e9criture de graphes au traitement automatique des langues - ISTE Group","description":"Cet\u00a0ouvrage pr\u00e9sente la r\u00e9\u00e9criture de graphes, un mod\u00e8le de calcul adapt\u00e9 au TAL. Tous les calculs sont vus comme des transformations de graphes.","robots":{"index":"index","follow":"follow","max-snippet":"max-snippet:-1","max-image-preview":"max-image-preview:large","max-video-preview":"max-video-preview:-1"},"canonical":"https:\/\/www.istegroup.com\/en\/produit\/application-de-la-reecriture-de-graphes-au-traitement-automatique-des-langues\/","og_locale":"fr_FR","og_type":"article","og_title":"Application de la r\u00e9\u00e9criture de graphes au traitement automatique des langues - ISTE Group","og_description":"Cet\u00a0ouvrage pr\u00e9sente la r\u00e9\u00e9criture de graphes, un mod\u00e8le de calcul adapt\u00e9 au TAL. Tous les calculs sont vus comme des transformations de graphes.","og_url":"https:\/\/www.istegroup.com\/en\/produit\/application-de-la-reecriture-de-graphes-au-traitement-automatique-des-langues\/","og_site_name":"ISTE Group","article_modified_time":"2024-01-03T13:42:39+00:00","og_image":[{"width":608,"height":912,"url":"https:\/\/www.istegroup.com\/wp-content\/uploads\/2018\/10\/Bonfante_Front.jpg","type":"image\/jpeg"}],"twitter_card":"summary_large_image","twitter_misc":{"Est. reading time":"1 minute"},"schema":{"@context":"https:\/\/schema.org","@graph":[{"@type":"WebPage","@id":"https:\/\/www.istegroup.com\/en\/produit\/application-de-la-reecriture-de-graphes-au-traitement-automatique-des-langues\/","url":"https:\/\/www.istegroup.com\/en\/produit\/application-de-la-reecriture-de-graphes-au-traitement-automatique-des-langues\/","name":"Application de la r\u00e9\u00e9criture de graphes au traitement automatique des langues - ISTE Group","isPartOf":{"@id":"https:\/\/www.istegroup.com\/#website"},"primaryImageOfPage":{"@id":"https:\/\/www.istegroup.com\/en\/produit\/application-de-la-reecriture-de-graphes-au-traitement-automatique-des-langues\/#primaryimage"},"image":{"@id":"https:\/\/www.istegroup.com\/en\/produit\/application-de-la-reecriture-de-graphes-au-traitement-automatique-des-langues\/#primaryimage"},"thumbnailUrl":"https:\/\/www.istegroup.com\/wp-content\/uploads\/2018\/10\/Bonfante_Front.jpg","datePublished":"2018-10-03T11:24:46+00:00","dateModified":"2024-01-03T13:42:39+00:00","description":"Cet\u00a0ouvrage pr\u00e9sente la r\u00e9\u00e9criture de graphes, un mod\u00e8le de calcul adapt\u00e9 au TAL. Tous les calculs sont vus comme des transformations de graphes.","breadcrumb":{"@id":"https:\/\/www.istegroup.com\/en\/produit\/application-de-la-reecriture-de-graphes-au-traitement-automatique-des-langues\/#breadcrumb"},"inLanguage":"fr-FR","potentialAction":[{"@type":"ReadAction","target":["https:\/\/www.istegroup.com\/en\/produit\/application-de-la-reecriture-de-graphes-au-traitement-automatique-des-langues\/"]}]},{"@type":"ImageObject","inLanguage":"fr-FR","@id":"https:\/\/www.istegroup.com\/en\/produit\/application-de-la-reecriture-de-graphes-au-traitement-automatique-des-langues\/#primaryimage","url":"https:\/\/www.istegroup.com\/wp-content\/uploads\/2018\/10\/Bonfante_Front.jpg","contentUrl":"https:\/\/www.istegroup.com\/wp-content\/uploads\/2018\/10\/Bonfante_Front.jpg","width":608,"height":912,"caption":"Application de la r\u00e9\u00e9criture de graphes au traitement automatique des langues"},{"@type":"BreadcrumbList","@id":"https:\/\/www.istegroup.com\/en\/produit\/application-de-la-reecriture-de-graphes-au-traitement-automatique-des-langues\/#breadcrumb","itemListElement":[{"@type":"ListItem","position":1,"name":"Home","item":"https:\/\/www.istegroup.com\/"},{"@type":"ListItem","position":2,"name":"Shop","item":"https:\/\/www.istegroup.com\/fr\/nouveautes\/"},{"@type":"ListItem","position":3,"name":"Application de la r\u00e9\u00e9criture de graphes au traitement automatique des langues"}]},{"@type":"WebSite","@id":"https:\/\/www.istegroup.com\/#website","url":"https:\/\/www.istegroup.com\/","name":"ISTE Group","description":"\u00c9diteur des Sciences","potentialAction":[{"@type":"SearchAction","target":{"@type":"EntryPoint","urlTemplate":"https:\/\/www.istegroup.com\/?s={search_term_string}"},"query-input":{"@type":"PropertyValueSpecification","valueRequired":true,"valueName":"search_term_string"}}],"inLanguage":"fr-FR"}]}},"_links":{"self":[{"href":"https:\/\/www.istegroup.com\/fr\/wp-json\/wp\/v2\/product\/14594","targetHints":{"allow":["GET"]}}],"collection":[{"href":"https:\/\/www.istegroup.com\/fr\/wp-json\/wp\/v2\/product"}],"about":[{"href":"https:\/\/www.istegroup.com\/fr\/wp-json\/wp\/v2\/types\/product"}],"wp:featuredmedia":[{"embeddable":true,"href":"https:\/\/www.istegroup.com\/fr\/wp-json\/wp\/v2\/media\/14609"}],"wp:attachment":[{"href":"https:\/\/www.istegroup.com\/fr\/wp-json\/wp\/v2\/media?parent=14594"}],"wp:term":[{"taxonomy":"product_brand","embeddable":true,"href":"https:\/\/www.istegroup.com\/fr\/wp-json\/wp\/v2\/product_brand?post=14594"},{"taxonomy":"product_cat","embeddable":true,"href":"https:\/\/www.istegroup.com\/fr\/wp-json\/wp\/v2\/product_cat?post=14594"},{"taxonomy":"product_tag","embeddable":true,"href":"https:\/\/www.istegroup.com\/fr\/wp-json\/wp\/v2\/product_tag?post=14594"}],"curies":[{"name":"wp","href":"https:\/\/api.w.org\/{rel}","templated":true}]}}