{"id":14494,"date":"2018-09-12T12:38:33","date_gmt":"2018-09-12T10:38:33","guid":{"rendered":"https:\/\/iste.yhello.co\/?post_type=product&#038;p=14494"},"modified":"2024-01-03T13:42:38","modified_gmt":"2024-01-03T13:42:38","slug":"la-logistique-en-42-fiches","status":"publish","type":"product","link":"https:\/\/www.istegroup.com\/fr\/produit\/la-logistique-en-42-fiches\/","title":{"rendered":"La logistique en 42 fiches"},"content":{"rendered":"<p>La fonction logistique tient une place centrale aussi bien \u00e0 l\u2019int\u00e9rieur qu\u2019entre les entreprises. Certains disent m\u00eame que sans logistique, il ne peut y avoir d\u2019activit\u00e9 professionnelle.<\/p>\n<p>Cet ouvrage a \u00e9t\u00e9 pens\u00e9 pour les \u00e9tudiants de Bac+4 et plus, mais aussi \u00e0 l\u2019attention des enseignants et des chercheurs. Il pr\u00e9sente en 42 fiches, de 4 \u00e0 5 pages chacune, les \u00e9l\u00e9ments fondamentaux \u00e0 la mise en place d\u2019une logistique. En effet, de multiples ouvrages existent en logistique, mais ils se centrent g\u00e9n\u00e9ralement sur le d\u00e9veloppement d\u2019un th\u00e8me en particulier.<\/p>\n<p><em>La logistique en 42 fiches<\/em>\u00a0expose un panorama des \u00e9l\u00e9ments-cl\u00e9s \u00e0 consid\u00e9rer pour la mise en oeuvre d\u2019une logistique. Et pour aller plus loin, chaque fiche propose une bibliographie \u00ab de d\u00e9veloppement \u00bb des th\u00e8mes et sous-th\u00e8mes abord\u00e9s.<\/p>\n","protected":false},"excerpt":{"rendered":"<p>La fonction logistique tient une place centrale aussi bien \u00e0 l\u2019int\u00e9rieur qu\u2019entre les entreprises. Certains disent m\u00eame que sans logistique, il ne peut y avoir d\u2019activit\u00e9 professionnelle. Cet ouvrage a \u00e9t\u00e9 pens\u00e9 pour les \u00e9tudiants de Bac+4 et plus, mais aussi \u00e0 l\u2019attention des enseignants et des chercheurs. Il pr\u00e9sente en 42 fiches, de 4 [&hellip;]<\/p>\n","protected":false},"featured_media":14498,"template":"","meta":{"_acf_changed":false,"_links_to":"","_links_to_target":""},"product_brand":[],"product_cat":[3262],"product_tag":[],"class_list":{"0":"post-14494","1":"product","2":"type-product","3":"status-publish","4":"has-post-thumbnail","6":"product_cat-non-classe","8":"first","9":"instock","10":"shipping-taxable","11":"purchasable","12":"product-type-variable"},"acf":[],"yoast_head":"<!-- This site is optimized with the Yoast SEO plugin v27.2 - https:\/\/yoast.com\/product\/yoast-seo-wordpress\/ -->\n<title>La logistique en 42 fiches - ISTE Group<\/title>\n<meta name=\"description\" content=\"La logistique en 42 fiches\u00a0expose un panorama des \u00e9l\u00e9ments-cl\u00e9s \u00e0 consid\u00e9rer pour la mise en oeuvre d\u2019une logistique.\" \/>\n<meta name=\"robots\" content=\"index, follow, max-snippet:-1, max-image-preview:large, max-video-preview:-1\" \/>\n<link rel=\"canonical\" href=\"https:\/\/www.istegroup.com\/fr\/produit\/la-logistique-en-42-fiches\/\" \/>\n<meta property=\"og:locale\" content=\"fr_FR\" \/>\n<meta property=\"og:type\" content=\"article\" \/>\n<meta property=\"og:title\" content=\"La logistique en 42 fiches - ISTE Group\" \/>\n<meta property=\"og:description\" content=\"La logistique en 42 fiches\u00a0expose un panorama des \u00e9l\u00e9ments-cl\u00e9s \u00e0 consid\u00e9rer pour la mise en oeuvre d\u2019une logistique.\" \/>\n<meta property=\"og:url\" content=\"https:\/\/www.istegroup.com\/fr\/produit\/la-logistique-en-42-fiches\/\" \/>\n<meta property=\"og:site_name\" content=\"ISTE Group\" \/>\n<meta property=\"article:modified_time\" content=\"2024-01-03T13:42:38+00:00\" \/>\n<meta property=\"og:image\" content=\"https:\/\/www.istegroup.com\/wp-content\/uploads\/2018\/09\/Morana_Front-scaled.jpg\" \/>\n\t<meta property=\"og:image:width\" content=\"1672\" \/>\n\t<meta property=\"og:image:height\" content=\"2560\" \/>\n\t<meta property=\"og:image:type\" content=\"image\/jpeg\" \/>\n<meta name=\"twitter:card\" content=\"summary_large_image\" \/>\n<meta name=\"twitter:label1\" content=\"Est. reading time\" \/>\n\t<meta name=\"twitter:data1\" content=\"1 minute\" \/>\n<script type=\"application\/ld+json\" class=\"yoast-schema-graph\">{\"@context\":\"https:\/\/schema.org\",\"@graph\":[{\"@type\":\"WebPage\",\"@id\":\"https:\/\/www.istegroup.com\/fr\/produit\/la-logistique-en-42-fiches\/\",\"url\":\"https:\/\/www.istegroup.com\/fr\/produit\/la-logistique-en-42-fiches\/\",\"name\":\"La logistique en 42 fiches - ISTE Group\",\"isPartOf\":{\"@id\":\"https:\/\/www.istegroup.com\/#website\"},\"primaryImageOfPage\":{\"@id\":\"https:\/\/www.istegroup.com\/fr\/produit\/la-logistique-en-42-fiches\/#primaryimage\"},\"image\":{\"@id\":\"https:\/\/www.istegroup.com\/fr\/produit\/la-logistique-en-42-fiches\/#primaryimage\"},\"thumbnailUrl\":\"https:\/\/www.istegroup.com\/wp-content\/uploads\/2018\/09\/Morana_Front-scaled.jpg\",\"datePublished\":\"2018-09-12T10:38:33+00:00\",\"dateModified\":\"2024-01-03T13:42:38+00:00\",\"description\":\"La logistique en 42 fiches\u00a0expose un panorama des \u00e9l\u00e9ments-cl\u00e9s \u00e0 consid\u00e9rer pour la mise en oeuvre d\u2019une logistique.\",\"breadcrumb\":{\"@id\":\"https:\/\/www.istegroup.com\/fr\/produit\/la-logistique-en-42-fiches\/#breadcrumb\"},\"inLanguage\":\"fr-FR\",\"potentialAction\":[{\"@type\":\"ReadAction\",\"target\":[\"https:\/\/www.istegroup.com\/fr\/produit\/la-logistique-en-42-fiches\/\"]}]},{\"@type\":\"ImageObject\",\"inLanguage\":\"fr-FR\",\"@id\":\"https:\/\/www.istegroup.com\/fr\/produit\/la-logistique-en-42-fiches\/#primaryimage\",\"url\":\"https:\/\/www.istegroup.com\/wp-content\/uploads\/2018\/09\/Morana_Front-scaled.jpg\",\"contentUrl\":\"https:\/\/www.istegroup.com\/wp-content\/uploads\/2018\/09\/Morana_Front-scaled.jpg\",\"width\":1672,\"height\":2560,\"caption\":\"La logistique en 42 fiches\"},{\"@type\":\"BreadcrumbList\",\"@id\":\"https:\/\/www.istegroup.com\/fr\/produit\/la-logistique-en-42-fiches\/#breadcrumb\",\"itemListElement\":[{\"@type\":\"ListItem\",\"position\":1,\"name\":\"Home\",\"item\":\"https:\/\/www.istegroup.com\/\"},{\"@type\":\"ListItem\",\"position\":2,\"name\":\"Shop\",\"item\":\"https:\/\/www.istegroup.com\/fr\/nouveautes\/\"},{\"@type\":\"ListItem\",\"position\":3,\"name\":\"La logistique en 42 fiches\"}]},{\"@type\":\"WebSite\",\"@id\":\"https:\/\/www.istegroup.com\/#website\",\"url\":\"https:\/\/www.istegroup.com\/\",\"name\":\"ISTE Group\",\"description\":\"\u00c9diteur des Sciences\",\"potentialAction\":[{\"@type\":\"SearchAction\",\"target\":{\"@type\":\"EntryPoint\",\"urlTemplate\":\"https:\/\/www.istegroup.com\/?s={search_term_string}\"},\"query-input\":{\"@type\":\"PropertyValueSpecification\",\"valueRequired\":true,\"valueName\":\"search_term_string\"}}],\"inLanguage\":\"fr-FR\"}]}<\/script>\n<!-- \/ Yoast SEO plugin. -->","yoast_head_json":{"title":"La logistique en 42 fiches - ISTE Group","description":"La logistique en 42 fiches\u00a0expose un panorama des \u00e9l\u00e9ments-cl\u00e9s \u00e0 consid\u00e9rer pour la mise en oeuvre d\u2019une logistique.","robots":{"index":"index","follow":"follow","max-snippet":"max-snippet:-1","max-image-preview":"max-image-preview:large","max-video-preview":"max-video-preview:-1"},"canonical":"https:\/\/www.istegroup.com\/fr\/produit\/la-logistique-en-42-fiches\/","og_locale":"fr_FR","og_type":"article","og_title":"La logistique en 42 fiches - ISTE Group","og_description":"La logistique en 42 fiches\u00a0expose un panorama des \u00e9l\u00e9ments-cl\u00e9s \u00e0 consid\u00e9rer pour la mise en oeuvre d\u2019une logistique.","og_url":"https:\/\/www.istegroup.com\/fr\/produit\/la-logistique-en-42-fiches\/","og_site_name":"ISTE Group","article_modified_time":"2024-01-03T13:42:38+00:00","og_image":[{"width":1672,"height":2560,"url":"https:\/\/www.istegroup.com\/wp-content\/uploads\/2018\/09\/Morana_Front-scaled.jpg","type":"image\/jpeg"}],"twitter_card":"summary_large_image","twitter_misc":{"Est. reading time":"1 minute"},"schema":{"@context":"https:\/\/schema.org","@graph":[{"@type":"WebPage","@id":"https:\/\/www.istegroup.com\/fr\/produit\/la-logistique-en-42-fiches\/","url":"https:\/\/www.istegroup.com\/fr\/produit\/la-logistique-en-42-fiches\/","name":"La logistique en 42 fiches - ISTE Group","isPartOf":{"@id":"https:\/\/www.istegroup.com\/#website"},"primaryImageOfPage":{"@id":"https:\/\/www.istegroup.com\/fr\/produit\/la-logistique-en-42-fiches\/#primaryimage"},"image":{"@id":"https:\/\/www.istegroup.com\/fr\/produit\/la-logistique-en-42-fiches\/#primaryimage"},"thumbnailUrl":"https:\/\/www.istegroup.com\/wp-content\/uploads\/2018\/09\/Morana_Front-scaled.jpg","datePublished":"2018-09-12T10:38:33+00:00","dateModified":"2024-01-03T13:42:38+00:00","description":"La logistique en 42 fiches\u00a0expose un panorama des \u00e9l\u00e9ments-cl\u00e9s \u00e0 consid\u00e9rer pour la mise en oeuvre d\u2019une logistique.","breadcrumb":{"@id":"https:\/\/www.istegroup.com\/fr\/produit\/la-logistique-en-42-fiches\/#breadcrumb"},"inLanguage":"fr-FR","potentialAction":[{"@type":"ReadAction","target":["https:\/\/www.istegroup.com\/fr\/produit\/la-logistique-en-42-fiches\/"]}]},{"@type":"ImageObject","inLanguage":"fr-FR","@id":"https:\/\/www.istegroup.com\/fr\/produit\/la-logistique-en-42-fiches\/#primaryimage","url":"https:\/\/www.istegroup.com\/wp-content\/uploads\/2018\/09\/Morana_Front-scaled.jpg","contentUrl":"https:\/\/www.istegroup.com\/wp-content\/uploads\/2018\/09\/Morana_Front-scaled.jpg","width":1672,"height":2560,"caption":"La logistique en 42 fiches"},{"@type":"BreadcrumbList","@id":"https:\/\/www.istegroup.com\/fr\/produit\/la-logistique-en-42-fiches\/#breadcrumb","itemListElement":[{"@type":"ListItem","position":1,"name":"Home","item":"https:\/\/www.istegroup.com\/"},{"@type":"ListItem","position":2,"name":"Shop","item":"https:\/\/www.istegroup.com\/fr\/nouveautes\/"},{"@type":"ListItem","position":3,"name":"La logistique en 42 fiches"}]},{"@type":"WebSite","@id":"https:\/\/www.istegroup.com\/#website","url":"https:\/\/www.istegroup.com\/","name":"ISTE Group","description":"\u00c9diteur des Sciences","potentialAction":[{"@type":"SearchAction","target":{"@type":"EntryPoint","urlTemplate":"https:\/\/www.istegroup.com\/?s={search_term_string}"},"query-input":{"@type":"PropertyValueSpecification","valueRequired":true,"valueName":"search_term_string"}}],"inLanguage":"fr-FR"}]}},"_links":{"self":[{"href":"https:\/\/www.istegroup.com\/fr\/wp-json\/wp\/v2\/product\/14494","targetHints":{"allow":["GET"]}}],"collection":[{"href":"https:\/\/www.istegroup.com\/fr\/wp-json\/wp\/v2\/product"}],"about":[{"href":"https:\/\/www.istegroup.com\/fr\/wp-json\/wp\/v2\/types\/product"}],"wp:featuredmedia":[{"embeddable":true,"href":"https:\/\/www.istegroup.com\/fr\/wp-json\/wp\/v2\/media\/14498"}],"wp:attachment":[{"href":"https:\/\/www.istegroup.com\/fr\/wp-json\/wp\/v2\/media?parent=14494"}],"wp:term":[{"taxonomy":"product_brand","embeddable":true,"href":"https:\/\/www.istegroup.com\/fr\/wp-json\/wp\/v2\/product_brand?post=14494"},{"taxonomy":"product_cat","embeddable":true,"href":"https:\/\/www.istegroup.com\/fr\/wp-json\/wp\/v2\/product_cat?post=14494"},{"taxonomy":"product_tag","embeddable":true,"href":"https:\/\/www.istegroup.com\/fr\/wp-json\/wp\/v2\/product_tag?post=14494"}],"curies":[{"name":"wp","href":"https:\/\/api.w.org\/{rel}","templated":true}]}}