{"id":14482,"date":"2018-09-12T11:47:57","date_gmt":"2018-09-12T09:47:57","guid":{"rendered":"https:\/\/iste.yhello.co\/?post_type=product&#038;p=14482"},"modified":"2024-01-03T13:42:38","modified_gmt":"2024-01-03T13:42:38","slug":"biodiversite-et-evolution","status":"publish","type":"product","link":"https:\/\/www.istegroup.com\/fr\/produit\/biodiversite-et-evolution\/","title":{"rendered":"Biodiversit\u00e9 et \u00e9volution"},"content":{"rendered":"<p><em>Biodiversit\u00e9 et \u00e9volution<\/em>\u00a0traite de la dualit\u00e9 du vivant qui, bien qu\u2019il se reproduise et transmette ses caract\u00e9ristiques d\u2019anc\u00eatre \u00e0 descendant, change malgr\u00e9 tout. Avec, entre autres, une introduction historique et \u00e9pist\u00e9mologique et une analyse critique de l\u2019\u00e9poque Anthropoc\u00e8ne, il analyse la biodiversit\u00e9 et l\u2019\u00e9volution des organismes au niveau mol\u00e9culaire.<\/p>\n<p>Au-del\u00e0 de l\u2019am\u00e9lioration de nos connaissances, cet ouvrage pr\u00e9sente l\u2019\u00e9tude de ces deux domaines comme une pr\u00e9cieuse \u00e9cole d\u2019\u00e9thique. En effet, confront\u00e9s \u00e0 d\u2019autres organismes, les hommes relativisent leurs \u00e9tats et leurs comportements ; face aux changements \u00e9volutifs, ils comprennent que rien n\u2019est immuable ; enfin, au regard des cons\u00e9quences de leurs actions sur l\u2019environnement, peut-\u00eatre apprennent-ils de tous ces effets de r\u00e9troaction qui les affectent directement.<\/p>\n","protected":false},"excerpt":{"rendered":"<p>Biodiversit\u00e9 et \u00e9volution\u00a0traite de la dualit\u00e9 du vivant qui, bien qu\u2019il se reproduise et transmette ses caract\u00e9ristiques d\u2019anc\u00eatre \u00e0 descendant, change malgr\u00e9 tout. Avec, entre autres, une introduction historique et \u00e9pist\u00e9mologique et une analyse critique de l\u2019\u00e9poque Anthropoc\u00e8ne, il analyse la biodiversit\u00e9 et l\u2019\u00e9volution des organismes au niveau mol\u00e9culaire. Au-del\u00e0 de l\u2019am\u00e9lioration de nos connaissances, [&hellip;]<\/p>\n","protected":false},"featured_media":14486,"template":"","meta":{"_acf_changed":false,"_links_to":"","_links_to_target":""},"product_brand":[],"product_cat":[3262],"product_tag":[],"class_list":{"0":"post-14482","1":"product","2":"type-product","3":"status-publish","4":"has-post-thumbnail","6":"product_cat-non-classe","8":"first","9":"instock","10":"shipping-taxable","11":"purchasable","12":"product-type-variable"},"acf":[],"yoast_head":"<!-- This site is optimized with the Yoast SEO plugin v27.2 - https:\/\/yoast.com\/product\/yoast-seo-wordpress\/ -->\n<title>Biodiversit\u00e9 et \u00e9volution - ISTE Group<\/title>\n<meta name=\"description\" content=\"Biodiversit\u00e9 et \u00e9volution\u00a0traite de la dualit\u00e9 du vivant qui, bien qu\u2019il se reproduise et transmette ses caract\u00e9ristiques d\u2019anc\u00eatre \u00e0 descendant, change malgr\u00e9 tout.\" \/>\n<meta name=\"robots\" content=\"index, follow, max-snippet:-1, max-image-preview:large, max-video-preview:-1\" \/>\n<link rel=\"canonical\" href=\"https:\/\/www.istegroup.com\/en\/produit\/biodiversite-et-evolution\/\" \/>\n<meta property=\"og:locale\" content=\"fr_FR\" \/>\n<meta property=\"og:type\" content=\"article\" \/>\n<meta property=\"og:title\" content=\"Biodiversit\u00e9 et \u00e9volution - ISTE Group\" \/>\n<meta property=\"og:description\" content=\"Biodiversit\u00e9 et \u00e9volution\u00a0traite de la dualit\u00e9 du vivant qui, bien qu\u2019il se reproduise et transmette ses caract\u00e9ristiques d\u2019anc\u00eatre \u00e0 descendant, change malgr\u00e9 tout.\" \/>\n<meta property=\"og:url\" content=\"https:\/\/www.istegroup.com\/en\/produit\/biodiversite-et-evolution\/\" \/>\n<meta property=\"og:site_name\" content=\"ISTE Group\" \/>\n<meta property=\"article:modified_time\" content=\"2024-01-03T13:42:38+00:00\" \/>\n<meta property=\"og:image\" content=\"https:\/\/www.istegroup.com\/wp-content\/uploads\/2018\/09\/Grandcolas_Front-scaled.jpg\" \/>\n\t<meta property=\"og:image:width\" content=\"1703\" \/>\n\t<meta property=\"og:image:height\" content=\"2560\" \/>\n\t<meta property=\"og:image:type\" content=\"image\/jpeg\" \/>\n<meta name=\"twitter:card\" content=\"summary_large_image\" \/>\n<meta name=\"twitter:label1\" content=\"Est. reading time\" \/>\n\t<meta name=\"twitter:data1\" content=\"1 minute\" \/>\n<script type=\"application\/ld+json\" class=\"yoast-schema-graph\">{\"@context\":\"https:\/\/schema.org\",\"@graph\":[{\"@type\":\"WebPage\",\"@id\":\"https:\/\/www.istegroup.com\/en\/produit\/biodiversite-et-evolution\/\",\"url\":\"https:\/\/www.istegroup.com\/en\/produit\/biodiversite-et-evolution\/\",\"name\":\"Biodiversit\u00e9 et \u00e9volution - ISTE Group\",\"isPartOf\":{\"@id\":\"https:\/\/www.istegroup.com\/#website\"},\"primaryImageOfPage\":{\"@id\":\"https:\/\/www.istegroup.com\/en\/produit\/biodiversite-et-evolution\/#primaryimage\"},\"image\":{\"@id\":\"https:\/\/www.istegroup.com\/en\/produit\/biodiversite-et-evolution\/#primaryimage\"},\"thumbnailUrl\":\"https:\/\/www.istegroup.com\/wp-content\/uploads\/2018\/09\/Grandcolas_Front-scaled.jpg\",\"datePublished\":\"2018-09-12T09:47:57+00:00\",\"dateModified\":\"2024-01-03T13:42:38+00:00\",\"description\":\"Biodiversit\u00e9 et \u00e9volution\u00a0traite de la dualit\u00e9 du vivant qui, bien qu\u2019il se reproduise et transmette ses caract\u00e9ristiques d\u2019anc\u00eatre \u00e0 descendant, change malgr\u00e9 tout.\",\"breadcrumb\":{\"@id\":\"https:\/\/www.istegroup.com\/en\/produit\/biodiversite-et-evolution\/#breadcrumb\"},\"inLanguage\":\"fr-FR\",\"potentialAction\":[{\"@type\":\"ReadAction\",\"target\":[\"https:\/\/www.istegroup.com\/en\/produit\/biodiversite-et-evolution\/\"]}]},{\"@type\":\"ImageObject\",\"inLanguage\":\"fr-FR\",\"@id\":\"https:\/\/www.istegroup.com\/en\/produit\/biodiversite-et-evolution\/#primaryimage\",\"url\":\"https:\/\/www.istegroup.com\/wp-content\/uploads\/2018\/09\/Grandcolas_Front-scaled.jpg\",\"contentUrl\":\"https:\/\/www.istegroup.com\/wp-content\/uploads\/2018\/09\/Grandcolas_Front-scaled.jpg\",\"width\":1703,\"height\":2560,\"caption\":\"Biodiversit\u00e9 et \u00e9volution\"},{\"@type\":\"BreadcrumbList\",\"@id\":\"https:\/\/www.istegroup.com\/en\/produit\/biodiversite-et-evolution\/#breadcrumb\",\"itemListElement\":[{\"@type\":\"ListItem\",\"position\":1,\"name\":\"Home\",\"item\":\"https:\/\/www.istegroup.com\/\"},{\"@type\":\"ListItem\",\"position\":2,\"name\":\"Shop\",\"item\":\"https:\/\/www.istegroup.com\/fr\/nouveautes\/\"},{\"@type\":\"ListItem\",\"position\":3,\"name\":\"Biodiversit\u00e9 et \u00e9volution\"}]},{\"@type\":\"WebSite\",\"@id\":\"https:\/\/www.istegroup.com\/#website\",\"url\":\"https:\/\/www.istegroup.com\/\",\"name\":\"ISTE Group\",\"description\":\"\u00c9diteur des Sciences\",\"potentialAction\":[{\"@type\":\"SearchAction\",\"target\":{\"@type\":\"EntryPoint\",\"urlTemplate\":\"https:\/\/www.istegroup.com\/?s={search_term_string}\"},\"query-input\":{\"@type\":\"PropertyValueSpecification\",\"valueRequired\":true,\"valueName\":\"search_term_string\"}}],\"inLanguage\":\"fr-FR\"}]}<\/script>\n<!-- \/ Yoast SEO plugin. -->","yoast_head_json":{"title":"Biodiversit\u00e9 et \u00e9volution - ISTE Group","description":"Biodiversit\u00e9 et \u00e9volution\u00a0traite de la dualit\u00e9 du vivant qui, bien qu\u2019il se reproduise et transmette ses caract\u00e9ristiques d\u2019anc\u00eatre \u00e0 descendant, change malgr\u00e9 tout.","robots":{"index":"index","follow":"follow","max-snippet":"max-snippet:-1","max-image-preview":"max-image-preview:large","max-video-preview":"max-video-preview:-1"},"canonical":"https:\/\/www.istegroup.com\/en\/produit\/biodiversite-et-evolution\/","og_locale":"fr_FR","og_type":"article","og_title":"Biodiversit\u00e9 et \u00e9volution - ISTE Group","og_description":"Biodiversit\u00e9 et \u00e9volution\u00a0traite de la dualit\u00e9 du vivant qui, bien qu\u2019il se reproduise et transmette ses caract\u00e9ristiques d\u2019anc\u00eatre \u00e0 descendant, change malgr\u00e9 tout.","og_url":"https:\/\/www.istegroup.com\/en\/produit\/biodiversite-et-evolution\/","og_site_name":"ISTE Group","article_modified_time":"2024-01-03T13:42:38+00:00","og_image":[{"width":1703,"height":2560,"url":"https:\/\/www.istegroup.com\/wp-content\/uploads\/2018\/09\/Grandcolas_Front-scaled.jpg","type":"image\/jpeg"}],"twitter_card":"summary_large_image","twitter_misc":{"Est. reading time":"1 minute"},"schema":{"@context":"https:\/\/schema.org","@graph":[{"@type":"WebPage","@id":"https:\/\/www.istegroup.com\/en\/produit\/biodiversite-et-evolution\/","url":"https:\/\/www.istegroup.com\/en\/produit\/biodiversite-et-evolution\/","name":"Biodiversit\u00e9 et \u00e9volution - ISTE Group","isPartOf":{"@id":"https:\/\/www.istegroup.com\/#website"},"primaryImageOfPage":{"@id":"https:\/\/www.istegroup.com\/en\/produit\/biodiversite-et-evolution\/#primaryimage"},"image":{"@id":"https:\/\/www.istegroup.com\/en\/produit\/biodiversite-et-evolution\/#primaryimage"},"thumbnailUrl":"https:\/\/www.istegroup.com\/wp-content\/uploads\/2018\/09\/Grandcolas_Front-scaled.jpg","datePublished":"2018-09-12T09:47:57+00:00","dateModified":"2024-01-03T13:42:38+00:00","description":"Biodiversit\u00e9 et \u00e9volution\u00a0traite de la dualit\u00e9 du vivant qui, bien qu\u2019il se reproduise et transmette ses caract\u00e9ristiques d\u2019anc\u00eatre \u00e0 descendant, change malgr\u00e9 tout.","breadcrumb":{"@id":"https:\/\/www.istegroup.com\/en\/produit\/biodiversite-et-evolution\/#breadcrumb"},"inLanguage":"fr-FR","potentialAction":[{"@type":"ReadAction","target":["https:\/\/www.istegroup.com\/en\/produit\/biodiversite-et-evolution\/"]}]},{"@type":"ImageObject","inLanguage":"fr-FR","@id":"https:\/\/www.istegroup.com\/en\/produit\/biodiversite-et-evolution\/#primaryimage","url":"https:\/\/www.istegroup.com\/wp-content\/uploads\/2018\/09\/Grandcolas_Front-scaled.jpg","contentUrl":"https:\/\/www.istegroup.com\/wp-content\/uploads\/2018\/09\/Grandcolas_Front-scaled.jpg","width":1703,"height":2560,"caption":"Biodiversit\u00e9 et \u00e9volution"},{"@type":"BreadcrumbList","@id":"https:\/\/www.istegroup.com\/en\/produit\/biodiversite-et-evolution\/#breadcrumb","itemListElement":[{"@type":"ListItem","position":1,"name":"Home","item":"https:\/\/www.istegroup.com\/"},{"@type":"ListItem","position":2,"name":"Shop","item":"https:\/\/www.istegroup.com\/fr\/nouveautes\/"},{"@type":"ListItem","position":3,"name":"Biodiversit\u00e9 et \u00e9volution"}]},{"@type":"WebSite","@id":"https:\/\/www.istegroup.com\/#website","url":"https:\/\/www.istegroup.com\/","name":"ISTE Group","description":"\u00c9diteur des Sciences","potentialAction":[{"@type":"SearchAction","target":{"@type":"EntryPoint","urlTemplate":"https:\/\/www.istegroup.com\/?s={search_term_string}"},"query-input":{"@type":"PropertyValueSpecification","valueRequired":true,"valueName":"search_term_string"}}],"inLanguage":"fr-FR"}]}},"_links":{"self":[{"href":"https:\/\/www.istegroup.com\/fr\/wp-json\/wp\/v2\/product\/14482","targetHints":{"allow":["GET"]}}],"collection":[{"href":"https:\/\/www.istegroup.com\/fr\/wp-json\/wp\/v2\/product"}],"about":[{"href":"https:\/\/www.istegroup.com\/fr\/wp-json\/wp\/v2\/types\/product"}],"wp:featuredmedia":[{"embeddable":true,"href":"https:\/\/www.istegroup.com\/fr\/wp-json\/wp\/v2\/media\/14486"}],"wp:attachment":[{"href":"https:\/\/www.istegroup.com\/fr\/wp-json\/wp\/v2\/media?parent=14482"}],"wp:term":[{"taxonomy":"product_brand","embeddable":true,"href":"https:\/\/www.istegroup.com\/fr\/wp-json\/wp\/v2\/product_brand?post=14482"},{"taxonomy":"product_cat","embeddable":true,"href":"https:\/\/www.istegroup.com\/fr\/wp-json\/wp\/v2\/product_cat?post=14482"},{"taxonomy":"product_tag","embeddable":true,"href":"https:\/\/www.istegroup.com\/fr\/wp-json\/wp\/v2\/product_tag?post=14482"}],"curies":[{"name":"wp","href":"https:\/\/api.w.org\/{rel}","templated":true}]}}