{"id":14464,"date":"2018-09-12T11:19:31","date_gmt":"2018-09-12T09:19:31","guid":{"rendered":"https:\/\/iste.yhello.co\/?post_type=product&#038;p=14464"},"modified":"2024-01-03T13:42:38","modified_gmt":"2024-01-03T13:42:38","slug":"la-globalisation-creative","status":"publish","type":"product","link":"https:\/\/www.istegroup.com\/fr\/produit\/la-globalisation-creative\/","title":{"rendered":"La globalisation cr\u00e9ative"},"content":{"rendered":"<p>La s\u00e9rie\u00a0<a href=\"https:\/\/www.istegroup.com\/fr\/series\/smart-innovation\/\"><em>Smart innovation<\/em><\/a>\u00a0pr\u00e9sente les th\u00e8mes li\u00e9s \u00e0 la dynamique technologique, entrepreneuriale, territoriale et \u00e9conomique de l&rsquo;innovation. Elle privil\u00e9gie les approches novatrices des acteurs qui, par leurs comportements, strat\u00e9gies et politiques d&rsquo;innovation intelligente, modifient les mod\u00e8les \u00e9conomiques dans une perspective de croissance durable.<\/p>\n<p>La globalisation provient de nouvelles solidarit\u00e9s macro\u00e9conomiques. Celles-ci ont \u00e9t\u00e9 attest\u00e9es depuis le milieu des ann\u00e9es 1980, avec l\u2019observation du monde tripolaire de Kenichi Ohmae.<\/p>\n<p>La globalisation cr\u00e9ative a plusieurs visages : celui des strat\u00e9gies d\u2019\u00e9largissement de l\u2019innovation locale, celui des innovations r\u00e9alis\u00e9es par des organisations n\u00e9es \u00ab globales \u00bb et enfin celui des partenariats entre organisations dans le cadre de cette globalisation.<\/p>\n<p>Le but de cet ouvrage est de pr\u00e9senter un tableau des transformations des syst\u00e8mes d\u2019innovation engendr\u00e9es par la globalisation. Il expose les th\u00e9ories de la globalisation, et clarifie leur relation avec l\u2019innovation. Complet, avec des exemples dans de nombreux secteurs, il constitue une synth\u00e8se sans pr\u00e9c\u00e9dent sur ce th\u00e8me.<\/p>\n","protected":false},"excerpt":{"rendered":"<p>La s\u00e9rie\u00a0Smart innovation\u00a0pr\u00e9sente les th\u00e8mes li\u00e9s \u00e0 la dynamique technologique, entrepreneuriale, territoriale et \u00e9conomique de l&rsquo;innovation. Elle privil\u00e9gie les approches novatrices des acteurs qui, par leurs comportements, strat\u00e9gies et politiques d&rsquo;innovation intelligente, modifient les mod\u00e8les \u00e9conomiques dans une perspective de croissance durable. La globalisation provient de nouvelles solidarit\u00e9s macro\u00e9conomiques. Celles-ci ont \u00e9t\u00e9 attest\u00e9es depuis le [&hellip;]<\/p>\n","protected":false},"featured_media":14468,"template":"","meta":{"_acf_changed":false,"_links_to":"","_links_to_target":""},"product_brand":[],"product_cat":[3262],"product_tag":[],"class_list":{"0":"post-14464","1":"product","2":"type-product","3":"status-publish","4":"has-post-thumbnail","6":"product_cat-non-classe","8":"first","9":"instock","10":"shipping-taxable","11":"purchasable","12":"product-type-variable"},"acf":[],"yoast_head":"<!-- This site is optimized with the Yoast SEO plugin v27.2 - https:\/\/yoast.com\/product\/yoast-seo-wordpress\/ -->\n<title>La globalisation cr\u00e9ative - ISTE Group<\/title>\n<meta name=\"description\" content=\"La globalisation cr\u00e9ative a plusieurs visages : celui des strat\u00e9gies d\u2019\u00e9largissement de l\u2019innovation locale, celui des innovations r\u00e9alis\u00e9es par des organisations n\u00e9es \u00ab globales \u00bb et enfin celui des partenariats entre organisations dans le cadre de cette globalisation.\" \/>\n<meta name=\"robots\" content=\"index, follow, max-snippet:-1, max-image-preview:large, max-video-preview:-1\" \/>\n<link rel=\"canonical\" href=\"https:\/\/www.istegroup.com\/en\/produit\/la-globalisation-creative\/\" \/>\n<meta property=\"og:locale\" content=\"fr_FR\" \/>\n<meta property=\"og:type\" content=\"article\" \/>\n<meta property=\"og:title\" content=\"La globalisation cr\u00e9ative - ISTE Group\" \/>\n<meta property=\"og:description\" content=\"La globalisation cr\u00e9ative a plusieurs visages : celui des strat\u00e9gies d\u2019\u00e9largissement de l\u2019innovation locale, celui des innovations r\u00e9alis\u00e9es par des organisations n\u00e9es \u00ab globales \u00bb et enfin celui des partenariats entre organisations dans le cadre de cette globalisation.\" \/>\n<meta property=\"og:url\" content=\"https:\/\/www.istegroup.com\/en\/produit\/la-globalisation-creative\/\" \/>\n<meta property=\"og:site_name\" content=\"ISTE Group\" \/>\n<meta property=\"article:modified_time\" content=\"2024-01-03T13:42:38+00:00\" \/>\n<meta property=\"og:image\" content=\"https:\/\/www.istegroup.com\/wp-content\/uploads\/2018\/09\/Callens_Front-scaled.jpg\" \/>\n\t<meta property=\"og:image:width\" content=\"1646\" \/>\n\t<meta property=\"og:image:height\" content=\"2560\" \/>\n\t<meta property=\"og:image:type\" content=\"image\/jpeg\" \/>\n<meta name=\"twitter:card\" content=\"summary_large_image\" \/>\n<meta name=\"twitter:label1\" content=\"Est. reading time\" \/>\n\t<meta name=\"twitter:data1\" content=\"1 minute\" \/>\n<script type=\"application\/ld+json\" class=\"yoast-schema-graph\">{\"@context\":\"https:\/\/schema.org\",\"@graph\":[{\"@type\":\"WebPage\",\"@id\":\"https:\/\/www.istegroup.com\/en\/produit\/la-globalisation-creative\/\",\"url\":\"https:\/\/www.istegroup.com\/en\/produit\/la-globalisation-creative\/\",\"name\":\"La globalisation cr\u00e9ative - ISTE Group\",\"isPartOf\":{\"@id\":\"https:\/\/www.istegroup.com\/#website\"},\"primaryImageOfPage\":{\"@id\":\"https:\/\/www.istegroup.com\/en\/produit\/la-globalisation-creative\/#primaryimage\"},\"image\":{\"@id\":\"https:\/\/www.istegroup.com\/en\/produit\/la-globalisation-creative\/#primaryimage\"},\"thumbnailUrl\":\"https:\/\/www.istegroup.com\/wp-content\/uploads\/2018\/09\/Callens_Front-scaled.jpg\",\"datePublished\":\"2018-09-12T09:19:31+00:00\",\"dateModified\":\"2024-01-03T13:42:38+00:00\",\"description\":\"La globalisation cr\u00e9ative a plusieurs visages : celui des strat\u00e9gies d\u2019\u00e9largissement de l\u2019innovation locale, celui des innovations r\u00e9alis\u00e9es par des organisations n\u00e9es \u00ab globales \u00bb et enfin celui des partenariats entre organisations dans le cadre de cette globalisation.\",\"breadcrumb\":{\"@id\":\"https:\/\/www.istegroup.com\/en\/produit\/la-globalisation-creative\/#breadcrumb\"},\"inLanguage\":\"fr-FR\",\"potentialAction\":[{\"@type\":\"ReadAction\",\"target\":[\"https:\/\/www.istegroup.com\/en\/produit\/la-globalisation-creative\/\"]}]},{\"@type\":\"ImageObject\",\"inLanguage\":\"fr-FR\",\"@id\":\"https:\/\/www.istegroup.com\/en\/produit\/la-globalisation-creative\/#primaryimage\",\"url\":\"https:\/\/www.istegroup.com\/wp-content\/uploads\/2018\/09\/Callens_Front-scaled.jpg\",\"contentUrl\":\"https:\/\/www.istegroup.com\/wp-content\/uploads\/2018\/09\/Callens_Front-scaled.jpg\",\"width\":1646,\"height\":2560,\"caption\":\"La globalisation cr\u00e9ative\"},{\"@type\":\"BreadcrumbList\",\"@id\":\"https:\/\/www.istegroup.com\/en\/produit\/la-globalisation-creative\/#breadcrumb\",\"itemListElement\":[{\"@type\":\"ListItem\",\"position\":1,\"name\":\"Home\",\"item\":\"https:\/\/www.istegroup.com\/\"},{\"@type\":\"ListItem\",\"position\":2,\"name\":\"Shop\",\"item\":\"https:\/\/www.istegroup.com\/fr\/nouveautes\/\"},{\"@type\":\"ListItem\",\"position\":3,\"name\":\"La globalisation cr\u00e9ative\"}]},{\"@type\":\"WebSite\",\"@id\":\"https:\/\/www.istegroup.com\/#website\",\"url\":\"https:\/\/www.istegroup.com\/\",\"name\":\"ISTE Group\",\"description\":\"\u00c9diteur des Sciences\",\"potentialAction\":[{\"@type\":\"SearchAction\",\"target\":{\"@type\":\"EntryPoint\",\"urlTemplate\":\"https:\/\/www.istegroup.com\/?s={search_term_string}\"},\"query-input\":{\"@type\":\"PropertyValueSpecification\",\"valueRequired\":true,\"valueName\":\"search_term_string\"}}],\"inLanguage\":\"fr-FR\"}]}<\/script>\n<!-- \/ Yoast SEO plugin. -->","yoast_head_json":{"title":"La globalisation cr\u00e9ative - ISTE Group","description":"La globalisation cr\u00e9ative a plusieurs visages : celui des strat\u00e9gies d\u2019\u00e9largissement de l\u2019innovation locale, celui des innovations r\u00e9alis\u00e9es par des organisations n\u00e9es \u00ab globales \u00bb et enfin celui des partenariats entre organisations dans le cadre de cette globalisation.","robots":{"index":"index","follow":"follow","max-snippet":"max-snippet:-1","max-image-preview":"max-image-preview:large","max-video-preview":"max-video-preview:-1"},"canonical":"https:\/\/www.istegroup.com\/en\/produit\/la-globalisation-creative\/","og_locale":"fr_FR","og_type":"article","og_title":"La globalisation cr\u00e9ative - ISTE Group","og_description":"La globalisation cr\u00e9ative a plusieurs visages : celui des strat\u00e9gies d\u2019\u00e9largissement de l\u2019innovation locale, celui des innovations r\u00e9alis\u00e9es par des organisations n\u00e9es \u00ab globales \u00bb et enfin celui des partenariats entre organisations dans le cadre de cette globalisation.","og_url":"https:\/\/www.istegroup.com\/en\/produit\/la-globalisation-creative\/","og_site_name":"ISTE Group","article_modified_time":"2024-01-03T13:42:38+00:00","og_image":[{"width":1646,"height":2560,"url":"https:\/\/www.istegroup.com\/wp-content\/uploads\/2018\/09\/Callens_Front-scaled.jpg","type":"image\/jpeg"}],"twitter_card":"summary_large_image","twitter_misc":{"Est. reading time":"1 minute"},"schema":{"@context":"https:\/\/schema.org","@graph":[{"@type":"WebPage","@id":"https:\/\/www.istegroup.com\/en\/produit\/la-globalisation-creative\/","url":"https:\/\/www.istegroup.com\/en\/produit\/la-globalisation-creative\/","name":"La globalisation cr\u00e9ative - ISTE Group","isPartOf":{"@id":"https:\/\/www.istegroup.com\/#website"},"primaryImageOfPage":{"@id":"https:\/\/www.istegroup.com\/en\/produit\/la-globalisation-creative\/#primaryimage"},"image":{"@id":"https:\/\/www.istegroup.com\/en\/produit\/la-globalisation-creative\/#primaryimage"},"thumbnailUrl":"https:\/\/www.istegroup.com\/wp-content\/uploads\/2018\/09\/Callens_Front-scaled.jpg","datePublished":"2018-09-12T09:19:31+00:00","dateModified":"2024-01-03T13:42:38+00:00","description":"La globalisation cr\u00e9ative a plusieurs visages : celui des strat\u00e9gies d\u2019\u00e9largissement de l\u2019innovation locale, celui des innovations r\u00e9alis\u00e9es par des organisations n\u00e9es \u00ab globales \u00bb et enfin celui des partenariats entre organisations dans le cadre de cette globalisation.","breadcrumb":{"@id":"https:\/\/www.istegroup.com\/en\/produit\/la-globalisation-creative\/#breadcrumb"},"inLanguage":"fr-FR","potentialAction":[{"@type":"ReadAction","target":["https:\/\/www.istegroup.com\/en\/produit\/la-globalisation-creative\/"]}]},{"@type":"ImageObject","inLanguage":"fr-FR","@id":"https:\/\/www.istegroup.com\/en\/produit\/la-globalisation-creative\/#primaryimage","url":"https:\/\/www.istegroup.com\/wp-content\/uploads\/2018\/09\/Callens_Front-scaled.jpg","contentUrl":"https:\/\/www.istegroup.com\/wp-content\/uploads\/2018\/09\/Callens_Front-scaled.jpg","width":1646,"height":2560,"caption":"La globalisation cr\u00e9ative"},{"@type":"BreadcrumbList","@id":"https:\/\/www.istegroup.com\/en\/produit\/la-globalisation-creative\/#breadcrumb","itemListElement":[{"@type":"ListItem","position":1,"name":"Home","item":"https:\/\/www.istegroup.com\/"},{"@type":"ListItem","position":2,"name":"Shop","item":"https:\/\/www.istegroup.com\/fr\/nouveautes\/"},{"@type":"ListItem","position":3,"name":"La globalisation cr\u00e9ative"}]},{"@type":"WebSite","@id":"https:\/\/www.istegroup.com\/#website","url":"https:\/\/www.istegroup.com\/","name":"ISTE Group","description":"\u00c9diteur des Sciences","potentialAction":[{"@type":"SearchAction","target":{"@type":"EntryPoint","urlTemplate":"https:\/\/www.istegroup.com\/?s={search_term_string}"},"query-input":{"@type":"PropertyValueSpecification","valueRequired":true,"valueName":"search_term_string"}}],"inLanguage":"fr-FR"}]}},"_links":{"self":[{"href":"https:\/\/www.istegroup.com\/fr\/wp-json\/wp\/v2\/product\/14464","targetHints":{"allow":["GET"]}}],"collection":[{"href":"https:\/\/www.istegroup.com\/fr\/wp-json\/wp\/v2\/product"}],"about":[{"href":"https:\/\/www.istegroup.com\/fr\/wp-json\/wp\/v2\/types\/product"}],"wp:featuredmedia":[{"embeddable":true,"href":"https:\/\/www.istegroup.com\/fr\/wp-json\/wp\/v2\/media\/14468"}],"wp:attachment":[{"href":"https:\/\/www.istegroup.com\/fr\/wp-json\/wp\/v2\/media?parent=14464"}],"wp:term":[{"taxonomy":"product_brand","embeddable":true,"href":"https:\/\/www.istegroup.com\/fr\/wp-json\/wp\/v2\/product_brand?post=14464"},{"taxonomy":"product_cat","embeddable":true,"href":"https:\/\/www.istegroup.com\/fr\/wp-json\/wp\/v2\/product_cat?post=14464"},{"taxonomy":"product_tag","embeddable":true,"href":"https:\/\/www.istegroup.com\/fr\/wp-json\/wp\/v2\/product_tag?post=14464"}],"curies":[{"name":"wp","href":"https:\/\/api.w.org\/{rel}","templated":true}]}}