{"id":14459,"date":"2018-09-12T11:11:18","date_gmt":"2018-09-12T09:11:18","guid":{"rendered":"https:\/\/iste.yhello.co\/?post_type=product&#038;p=14459"},"modified":"2024-01-03T13:42:38","modified_gmt":"2024-01-03T13:42:38","slug":"crises-sedimentaires-du-globe-2","status":"publish","type":"product","link":"https:\/\/www.istegroup.com\/fr\/produit\/crises-sedimentaires-du-globe-2\/","title":{"rendered":"Crises s\u00e9dimentaires du globe 2"},"content":{"rendered":"<p>Les grands deltas du globe sont menac\u00e9s depuis plusieurs d\u00e9cennies et leur d\u00e9clin semble in\u00e9luctable : ils reculent, s\u2019enfoncent et perdent la fertilit\u00e9 qui a permis la vie de dizaines de millions d\u2019habitants. Les deltas sont les victimes du tarissement spectaculaire des s\u00e9diments continentaux apport\u00e9s par les fleuves aux oc\u00e9ans.<\/p>\n<p>Par nature, les deltas sont des organismes g\u00e9ologiques fragiles. Pendant des si\u00e8cles, ils ont subi les actions humaines dans le vieux monde m\u00e9diterran\u00e9en et europ\u00e9en. Une crise profonde affecte aujourd\u2019hui les grands deltas tropicaux. Un chapitre est consacr\u00e9 au Mississippi, le delta vieilli d\u2019un pays neuf.<\/p>\n<p><em>Crises s\u00e9dimentaires du globe 2<\/em>\u00a0apporte une r\u00e9flexion sur les strat\u00e9gies possibles pour prot\u00e9ger les deltas du globe ou du moins les adapter au changement, eux et les soci\u00e9t\u00e9s qu\u2019ils font vivre. Plusieurs mod\u00e8les sont possibles entre la protection int\u00e9grale (Pays-Bas) et l\u2019ouverture prudente aux forces de l\u2019oc\u00e9an dans une perspective respectueuse de l\u2019environnement.<\/p>\n<p>&nbsp;<\/p>\n<p><strong>La presse en parle<\/strong><\/p>\n<p>La p\u00e9riode contemporaine conna\u00eet une situation in\u00e9dite dans l\u2019histoire de la Terre : les apports s\u00e9dimentaires aux oc\u00e9ans ont chut\u00e9 \u00e0 des niveaux jamais atteints. Les fleuves de la plan\u00e8te sont victimes d\u2019une forte r\u00e9duction de leur transport s\u00e9dimentaire en direction des oc\u00e9ans. Sur un fond d\u2019\u00e9rosion \u00ab g\u00e9ologique \u00bb, ils ont connu des phases de p\u00e9nurie et d\u2019abondance dues \u00e0 des climats agressifs et aux actions humaines. En cause, la multiplication des barrages et des extractions de mat\u00e9riaux dans les lits fluviaux (&#8230;)<\/p>\n<p><a style=\"color: #1e9691\" href=\"https:\/\/www.revue-ein.com\/actualite\/vient-de-paraitre-crises-sedimentaires-du-globe\"><em>Revue L&rsquo;Eau, L&rsquo;Industrie, Les Nuisances, <\/em><em>30 avril 2019<\/em><\/a><\/p>\n","protected":false},"excerpt":{"rendered":"<p>Les grands deltas du globe sont menac\u00e9s depuis plusieurs d\u00e9cennies et leur d\u00e9clin semble in\u00e9luctable : ils reculent, s\u2019enfoncent et perdent la fertilit\u00e9 qui a permis la vie de dizaines de millions d\u2019habitants. Les deltas sont les victimes du tarissement spectaculaire des s\u00e9diments continentaux apport\u00e9s par les fleuves aux oc\u00e9ans. Par nature, les deltas sont [&hellip;]<\/p>\n","protected":false},"featured_media":14463,"template":"","meta":{"_acf_changed":false,"_links_to":"","_links_to_target":""},"product_brand":[],"product_cat":[3262],"product_tag":[],"class_list":{"0":"post-14459","1":"product","2":"type-product","3":"status-publish","4":"has-post-thumbnail","6":"product_cat-non-classe","8":"first","9":"instock","10":"shipping-taxable","11":"purchasable","12":"product-type-variable"},"acf":[],"yoast_head":"<!-- This site is optimized with the Yoast SEO plugin v27.2 - https:\/\/yoast.com\/product\/yoast-seo-wordpress\/ -->\n<title>Crises s\u00e9dimentaires du globe 2 - ISTE Group<\/title>\n<meta name=\"description\" content=\"Crises s\u00e9dimentaires du globe 2\u00a0apporte une r\u00e9flexion sur les strat\u00e9gies possibles pour prot\u00e9ger les deltas du globe ou du moins les adapter au changement, eux et les soci\u00e9t\u00e9s qu\u2019ils font vivre.\" \/>\n<meta name=\"robots\" content=\"index, follow, max-snippet:-1, max-image-preview:large, max-video-preview:-1\" \/>\n<link rel=\"canonical\" href=\"https:\/\/www.istegroup.com\/en\/produit\/crises-sedimentaires-du-globe-2\/\" \/>\n<meta property=\"og:locale\" content=\"fr_FR\" \/>\n<meta property=\"og:type\" content=\"article\" \/>\n<meta property=\"og:title\" content=\"Crises s\u00e9dimentaires du globe 2 - ISTE Group\" \/>\n<meta property=\"og:description\" content=\"Crises s\u00e9dimentaires du globe 2\u00a0apporte une r\u00e9flexion sur les strat\u00e9gies possibles pour prot\u00e9ger les deltas du globe ou du moins les adapter au changement, eux et les soci\u00e9t\u00e9s qu\u2019ils font vivre.\" \/>\n<meta property=\"og:url\" content=\"https:\/\/www.istegroup.com\/en\/produit\/crises-sedimentaires-du-globe-2\/\" \/>\n<meta property=\"og:site_name\" content=\"ISTE Group\" \/>\n<meta property=\"article:modified_time\" content=\"2024-01-03T13:42:38+00:00\" \/>\n<meta property=\"og:image\" content=\"https:\/\/www.istegroup.com\/wp-content\/uploads\/2018\/09\/Bravard-2_Front-scaled.jpg\" \/>\n\t<meta property=\"og:image:width\" content=\"1682\" \/>\n\t<meta property=\"og:image:height\" content=\"2560\" \/>\n\t<meta property=\"og:image:type\" content=\"image\/jpeg\" \/>\n<meta name=\"twitter:card\" content=\"summary_large_image\" \/>\n<meta name=\"twitter:label1\" content=\"Est. reading time\" \/>\n\t<meta name=\"twitter:data1\" content=\"1 minute\" \/>\n<script type=\"application\/ld+json\" class=\"yoast-schema-graph\">{\"@context\":\"https:\/\/schema.org\",\"@graph\":[{\"@type\":\"WebPage\",\"@id\":\"https:\/\/www.istegroup.com\/en\/produit\/crises-sedimentaires-du-globe-2\/\",\"url\":\"https:\/\/www.istegroup.com\/en\/produit\/crises-sedimentaires-du-globe-2\/\",\"name\":\"Crises s\u00e9dimentaires du globe 2 - ISTE Group\",\"isPartOf\":{\"@id\":\"https:\/\/www.istegroup.com\/#website\"},\"primaryImageOfPage\":{\"@id\":\"https:\/\/www.istegroup.com\/en\/produit\/crises-sedimentaires-du-globe-2\/#primaryimage\"},\"image\":{\"@id\":\"https:\/\/www.istegroup.com\/en\/produit\/crises-sedimentaires-du-globe-2\/#primaryimage\"},\"thumbnailUrl\":\"https:\/\/www.istegroup.com\/wp-content\/uploads\/2018\/09\/Bravard-2_Front-scaled.jpg\",\"datePublished\":\"2018-09-12T09:11:18+00:00\",\"dateModified\":\"2024-01-03T13:42:38+00:00\",\"description\":\"Crises s\u00e9dimentaires du globe 2\u00a0apporte une r\u00e9flexion sur les strat\u00e9gies possibles pour prot\u00e9ger les deltas du globe ou du moins les adapter au changement, eux et les soci\u00e9t\u00e9s qu\u2019ils font vivre.\",\"breadcrumb\":{\"@id\":\"https:\/\/www.istegroup.com\/en\/produit\/crises-sedimentaires-du-globe-2\/#breadcrumb\"},\"inLanguage\":\"fr-FR\",\"potentialAction\":[{\"@type\":\"ReadAction\",\"target\":[\"https:\/\/www.istegroup.com\/en\/produit\/crises-sedimentaires-du-globe-2\/\"]}]},{\"@type\":\"ImageObject\",\"inLanguage\":\"fr-FR\",\"@id\":\"https:\/\/www.istegroup.com\/en\/produit\/crises-sedimentaires-du-globe-2\/#primaryimage\",\"url\":\"https:\/\/www.istegroup.com\/wp-content\/uploads\/2018\/09\/Bravard-2_Front-scaled.jpg\",\"contentUrl\":\"https:\/\/www.istegroup.com\/wp-content\/uploads\/2018\/09\/Bravard-2_Front-scaled.jpg\",\"width\":1682,\"height\":2560,\"caption\":\"Deltas, une crise environnementale majeure\"},{\"@type\":\"BreadcrumbList\",\"@id\":\"https:\/\/www.istegroup.com\/en\/produit\/crises-sedimentaires-du-globe-2\/#breadcrumb\",\"itemListElement\":[{\"@type\":\"ListItem\",\"position\":1,\"name\":\"Home\",\"item\":\"https:\/\/www.istegroup.com\/\"},{\"@type\":\"ListItem\",\"position\":2,\"name\":\"Shop\",\"item\":\"https:\/\/www.istegroup.com\/fr\/nouveautes\/\"},{\"@type\":\"ListItem\",\"position\":3,\"name\":\"Crises s\u00e9dimentaires du globe 2\"}]},{\"@type\":\"WebSite\",\"@id\":\"https:\/\/www.istegroup.com\/#website\",\"url\":\"https:\/\/www.istegroup.com\/\",\"name\":\"ISTE Group\",\"description\":\"\u00c9diteur des Sciences\",\"potentialAction\":[{\"@type\":\"SearchAction\",\"target\":{\"@type\":\"EntryPoint\",\"urlTemplate\":\"https:\/\/www.istegroup.com\/?s={search_term_string}\"},\"query-input\":{\"@type\":\"PropertyValueSpecification\",\"valueRequired\":true,\"valueName\":\"search_term_string\"}}],\"inLanguage\":\"fr-FR\"}]}<\/script>\n<!-- \/ Yoast SEO plugin. -->","yoast_head_json":{"title":"Crises s\u00e9dimentaires du globe 2 - ISTE Group","description":"Crises s\u00e9dimentaires du globe 2\u00a0apporte une r\u00e9flexion sur les strat\u00e9gies possibles pour prot\u00e9ger les deltas du globe ou du moins les adapter au changement, eux et les soci\u00e9t\u00e9s qu\u2019ils font vivre.","robots":{"index":"index","follow":"follow","max-snippet":"max-snippet:-1","max-image-preview":"max-image-preview:large","max-video-preview":"max-video-preview:-1"},"canonical":"https:\/\/www.istegroup.com\/en\/produit\/crises-sedimentaires-du-globe-2\/","og_locale":"fr_FR","og_type":"article","og_title":"Crises s\u00e9dimentaires du globe 2 - ISTE Group","og_description":"Crises s\u00e9dimentaires du globe 2\u00a0apporte une r\u00e9flexion sur les strat\u00e9gies possibles pour prot\u00e9ger les deltas du globe ou du moins les adapter au changement, eux et les soci\u00e9t\u00e9s qu\u2019ils font vivre.","og_url":"https:\/\/www.istegroup.com\/en\/produit\/crises-sedimentaires-du-globe-2\/","og_site_name":"ISTE Group","article_modified_time":"2024-01-03T13:42:38+00:00","og_image":[{"width":1682,"height":2560,"url":"https:\/\/www.istegroup.com\/wp-content\/uploads\/2018\/09\/Bravard-2_Front-scaled.jpg","type":"image\/jpeg"}],"twitter_card":"summary_large_image","twitter_misc":{"Est. reading time":"1 minute"},"schema":{"@context":"https:\/\/schema.org","@graph":[{"@type":"WebPage","@id":"https:\/\/www.istegroup.com\/en\/produit\/crises-sedimentaires-du-globe-2\/","url":"https:\/\/www.istegroup.com\/en\/produit\/crises-sedimentaires-du-globe-2\/","name":"Crises s\u00e9dimentaires du globe 2 - ISTE Group","isPartOf":{"@id":"https:\/\/www.istegroup.com\/#website"},"primaryImageOfPage":{"@id":"https:\/\/www.istegroup.com\/en\/produit\/crises-sedimentaires-du-globe-2\/#primaryimage"},"image":{"@id":"https:\/\/www.istegroup.com\/en\/produit\/crises-sedimentaires-du-globe-2\/#primaryimage"},"thumbnailUrl":"https:\/\/www.istegroup.com\/wp-content\/uploads\/2018\/09\/Bravard-2_Front-scaled.jpg","datePublished":"2018-09-12T09:11:18+00:00","dateModified":"2024-01-03T13:42:38+00:00","description":"Crises s\u00e9dimentaires du globe 2\u00a0apporte une r\u00e9flexion sur les strat\u00e9gies possibles pour prot\u00e9ger les deltas du globe ou du moins les adapter au changement, eux et les soci\u00e9t\u00e9s qu\u2019ils font vivre.","breadcrumb":{"@id":"https:\/\/www.istegroup.com\/en\/produit\/crises-sedimentaires-du-globe-2\/#breadcrumb"},"inLanguage":"fr-FR","potentialAction":[{"@type":"ReadAction","target":["https:\/\/www.istegroup.com\/en\/produit\/crises-sedimentaires-du-globe-2\/"]}]},{"@type":"ImageObject","inLanguage":"fr-FR","@id":"https:\/\/www.istegroup.com\/en\/produit\/crises-sedimentaires-du-globe-2\/#primaryimage","url":"https:\/\/www.istegroup.com\/wp-content\/uploads\/2018\/09\/Bravard-2_Front-scaled.jpg","contentUrl":"https:\/\/www.istegroup.com\/wp-content\/uploads\/2018\/09\/Bravard-2_Front-scaled.jpg","width":1682,"height":2560,"caption":"Deltas, une crise environnementale majeure"},{"@type":"BreadcrumbList","@id":"https:\/\/www.istegroup.com\/en\/produit\/crises-sedimentaires-du-globe-2\/#breadcrumb","itemListElement":[{"@type":"ListItem","position":1,"name":"Home","item":"https:\/\/www.istegroup.com\/"},{"@type":"ListItem","position":2,"name":"Shop","item":"https:\/\/www.istegroup.com\/fr\/nouveautes\/"},{"@type":"ListItem","position":3,"name":"Crises s\u00e9dimentaires du globe 2"}]},{"@type":"WebSite","@id":"https:\/\/www.istegroup.com\/#website","url":"https:\/\/www.istegroup.com\/","name":"ISTE Group","description":"\u00c9diteur des Sciences","potentialAction":[{"@type":"SearchAction","target":{"@type":"EntryPoint","urlTemplate":"https:\/\/www.istegroup.com\/?s={search_term_string}"},"query-input":{"@type":"PropertyValueSpecification","valueRequired":true,"valueName":"search_term_string"}}],"inLanguage":"fr-FR"}]}},"_links":{"self":[{"href":"https:\/\/www.istegroup.com\/fr\/wp-json\/wp\/v2\/product\/14459","targetHints":{"allow":["GET"]}}],"collection":[{"href":"https:\/\/www.istegroup.com\/fr\/wp-json\/wp\/v2\/product"}],"about":[{"href":"https:\/\/www.istegroup.com\/fr\/wp-json\/wp\/v2\/types\/product"}],"wp:featuredmedia":[{"embeddable":true,"href":"https:\/\/www.istegroup.com\/fr\/wp-json\/wp\/v2\/media\/14463"}],"wp:attachment":[{"href":"https:\/\/www.istegroup.com\/fr\/wp-json\/wp\/v2\/media?parent=14459"}],"wp:term":[{"taxonomy":"product_brand","embeddable":true,"href":"https:\/\/www.istegroup.com\/fr\/wp-json\/wp\/v2\/product_brand?post=14459"},{"taxonomy":"product_cat","embeddable":true,"href":"https:\/\/www.istegroup.com\/fr\/wp-json\/wp\/v2\/product_cat?post=14459"},{"taxonomy":"product_tag","embeddable":true,"href":"https:\/\/www.istegroup.com\/fr\/wp-json\/wp\/v2\/product_tag?post=14459"}],"curies":[{"name":"wp","href":"https:\/\/api.w.org\/{rel}","templated":true}]}}