{"id":14452,"date":"2018-09-12T11:07:10","date_gmt":"2018-09-12T09:07:10","guid":{"rendered":"https:\/\/iste.yhello.co\/?post_type=product&#038;p=14452"},"modified":"2024-01-03T13:42:38","modified_gmt":"2024-01-03T13:42:38","slug":"crises-sedimentaires-du-globe-1","status":"publish","type":"product","link":"https:\/\/www.istegroup.com\/fr\/produit\/crises-sedimentaires-du-globe-1\/","title":{"rendered":"Crises s\u00e9dimentaires du globe 1"},"content":{"rendered":"<p>La p\u00e9riode contemporaine conna\u00eet une situation in\u00e9dite dans l\u2019histoire de la terre : les apports s\u00e9dimentaires aux oc\u00e9ans ont chut\u00e9 \u00e0 des niveaux jamais atteints. Les fleuves de la plan\u00e8te sont victimes d\u2019une forte r\u00e9duction de leur transport s\u00e9dimentaire en direction des oc\u00e9ans. Sur un fond d\u2019\u00e9rosion \u00ab g\u00e9ologique \u00bb, ils ont connu des phases de p\u00e9nurie et d\u2019abondance dues \u00e0 des climats agressifs et aux actions humaines. En cause, la multiplication des barrages et des extractions de mat\u00e9riaux dans les lits fluviaux.<\/p>\n<p><em>Crises s\u00e9dimentaires du globe 1<\/em>\u00a0s\u2019int\u00e9resse aux bassins affect\u00e9s par des crises s\u00e9dimentaires d\u2019\u00e9poque historique. Des bilans globaux exposent les m\u00e9canismes de la profonde perturbation du transport solide sur les grands organismes fluviaux du globe, depuis les montagnes jusqu\u2019aux embouchures. Et des \u00e9tudes de cas pr\u00e9sentent les principaux fleuves du globe, de l\u2019Amazone, encore peu impact\u00e9e, aux fleuves moribonds comme le Colorado et le Nil.<\/p>\n<p>&nbsp;<\/p>\n<p><strong>La presse en parle<\/strong><\/p>\n<p>La p\u00e9riode contemporaine conna\u00eet une situation in\u00e9dite dans l\u2019histoire de la Terre : les apports s\u00e9dimentaires aux oc\u00e9ans ont chut\u00e9 \u00e0 des niveaux jamais atteints. Les fleuves de la plan\u00e8te sont victimes d\u2019une forte r\u00e9duction de leur transport s\u00e9dimentaire en direction des oc\u00e9ans. Sur un fond d\u2019\u00e9rosion \u00ab g\u00e9ologique \u00bb, ils ont connu des phases de p\u00e9nurie et d\u2019abondance dues \u00e0 des climats agressifs et aux actions humaines. En cause, la multiplication des barrages et des extractions de mat\u00e9riaux dans les lits fluviaux (&#8230;)<\/p>\n<p><a style=\"color: #1e9691\" href=\"https:\/\/www.revue-ein.com\/actualite\/vient-de-paraitre-crises-sedimentaires-du-globe\"><em>Revue L&rsquo;Eau, L&rsquo;Industrie, Les Nuisances, <\/em><em>30 avril 2019<\/em><\/a><\/p>\n","protected":false},"excerpt":{"rendered":"<p>La p\u00e9riode contemporaine conna\u00eet une situation in\u00e9dite dans l\u2019histoire de la terre : les apports s\u00e9dimentaires aux oc\u00e9ans ont chut\u00e9 \u00e0 des niveaux jamais atteints. Les fleuves de la plan\u00e8te sont victimes d\u2019une forte r\u00e9duction de leur transport s\u00e9dimentaire en direction des oc\u00e9ans. Sur un fond d\u2019\u00e9rosion \u00ab g\u00e9ologique \u00bb, ils ont connu des phases [&hellip;]<\/p>\n","protected":false},"featured_media":14458,"template":"","meta":{"_acf_changed":false,"_links_to":"","_links_to_target":""},"product_brand":[],"product_cat":[3262],"product_tag":[],"class_list":{"0":"post-14452","1":"product","2":"type-product","3":"status-publish","4":"has-post-thumbnail","6":"product_cat-non-classe","8":"first","9":"instock","10":"shipping-taxable","11":"purchasable","12":"product-type-variable"},"acf":[],"yoast_head":"<!-- This site is optimized with the Yoast SEO plugin v27.2 - https:\/\/yoast.com\/product\/yoast-seo-wordpress\/ -->\n<title>Crises s\u00e9dimentaires du globe 1 - ISTE Group<\/title>\n<meta name=\"description\" content=\"Crises s\u00e9dimentaires du globe 1\u00a0s\u2019int\u00e9resse aux bassins affect\u00e9s par des crises s\u00e9dimentaires d\u2019\u00e9poque historique.\" \/>\n<meta name=\"robots\" content=\"index, follow, max-snippet:-1, max-image-preview:large, max-video-preview:-1\" \/>\n<link rel=\"canonical\" href=\"https:\/\/www.istegroup.com\/fr\/produit\/crises-sedimentaires-du-globe-1\/\" \/>\n<meta property=\"og:locale\" content=\"fr_FR\" \/>\n<meta property=\"og:type\" content=\"article\" \/>\n<meta property=\"og:title\" content=\"Crises s\u00e9dimentaires du globe 1 - ISTE Group\" \/>\n<meta property=\"og:description\" content=\"Crises s\u00e9dimentaires du globe 1\u00a0s\u2019int\u00e9resse aux bassins affect\u00e9s par des crises s\u00e9dimentaires d\u2019\u00e9poque historique.\" \/>\n<meta property=\"og:url\" content=\"https:\/\/www.istegroup.com\/fr\/produit\/crises-sedimentaires-du-globe-1\/\" \/>\n<meta property=\"og:site_name\" content=\"ISTE Group\" \/>\n<meta property=\"article:modified_time\" content=\"2024-01-03T13:42:38+00:00\" \/>\n<meta property=\"og:image\" content=\"https:\/\/www.istegroup.com\/wp-content\/uploads\/2018\/09\/Bravard-1_Front-scaled.jpg\" \/>\n\t<meta property=\"og:image:width\" content=\"1696\" \/>\n\t<meta property=\"og:image:height\" content=\"2560\" \/>\n\t<meta property=\"og:image:type\" content=\"image\/jpeg\" \/>\n<meta name=\"twitter:card\" content=\"summary_large_image\" \/>\n<meta name=\"twitter:label1\" content=\"Est. reading time\" \/>\n\t<meta name=\"twitter:data1\" content=\"1 minute\" \/>\n<script type=\"application\/ld+json\" class=\"yoast-schema-graph\">{\"@context\":\"https:\/\/schema.org\",\"@graph\":[{\"@type\":\"WebPage\",\"@id\":\"https:\/\/www.istegroup.com\/fr\/produit\/crises-sedimentaires-du-globe-1\/\",\"url\":\"https:\/\/www.istegroup.com\/fr\/produit\/crises-sedimentaires-du-globe-1\/\",\"name\":\"Crises s\u00e9dimentaires du globe 1 - ISTE Group\",\"isPartOf\":{\"@id\":\"https:\/\/www.istegroup.com\/#website\"},\"primaryImageOfPage\":{\"@id\":\"https:\/\/www.istegroup.com\/fr\/produit\/crises-sedimentaires-du-globe-1\/#primaryimage\"},\"image\":{\"@id\":\"https:\/\/www.istegroup.com\/fr\/produit\/crises-sedimentaires-du-globe-1\/#primaryimage\"},\"thumbnailUrl\":\"https:\/\/www.istegroup.com\/wp-content\/uploads\/2018\/09\/Bravard-1_Front-scaled.jpg\",\"datePublished\":\"2018-09-12T09:07:10+00:00\",\"dateModified\":\"2024-01-03T13:42:38+00:00\",\"description\":\"Crises s\u00e9dimentaires du globe 1\u00a0s\u2019int\u00e9resse aux bassins affect\u00e9s par des crises s\u00e9dimentaires d\u2019\u00e9poque historique.\",\"breadcrumb\":{\"@id\":\"https:\/\/www.istegroup.com\/fr\/produit\/crises-sedimentaires-du-globe-1\/#breadcrumb\"},\"inLanguage\":\"fr-FR\",\"potentialAction\":[{\"@type\":\"ReadAction\",\"target\":[\"https:\/\/www.istegroup.com\/fr\/produit\/crises-sedimentaires-du-globe-1\/\"]}]},{\"@type\":\"ImageObject\",\"inLanguage\":\"fr-FR\",\"@id\":\"https:\/\/www.istegroup.com\/fr\/produit\/crises-sedimentaires-du-globe-1\/#primaryimage\",\"url\":\"https:\/\/www.istegroup.com\/wp-content\/uploads\/2018\/09\/Bravard-1_Front-scaled.jpg\",\"contentUrl\":\"https:\/\/www.istegroup.com\/wp-content\/uploads\/2018\/09\/Bravard-1_Front-scaled.jpg\",\"width\":1696,\"height\":2560,\"caption\":\"Grands cours d\u2019eau, de l\u2019abondance \u00e0 la raret\u00e9\"},{\"@type\":\"BreadcrumbList\",\"@id\":\"https:\/\/www.istegroup.com\/fr\/produit\/crises-sedimentaires-du-globe-1\/#breadcrumb\",\"itemListElement\":[{\"@type\":\"ListItem\",\"position\":1,\"name\":\"Home\",\"item\":\"https:\/\/www.istegroup.com\/\"},{\"@type\":\"ListItem\",\"position\":2,\"name\":\"Shop\",\"item\":\"https:\/\/www.istegroup.com\/fr\/nouveautes\/\"},{\"@type\":\"ListItem\",\"position\":3,\"name\":\"Crises s\u00e9dimentaires du globe 1\"}]},{\"@type\":\"WebSite\",\"@id\":\"https:\/\/www.istegroup.com\/#website\",\"url\":\"https:\/\/www.istegroup.com\/\",\"name\":\"ISTE Group\",\"description\":\"\u00c9diteur des Sciences\",\"potentialAction\":[{\"@type\":\"SearchAction\",\"target\":{\"@type\":\"EntryPoint\",\"urlTemplate\":\"https:\/\/www.istegroup.com\/?s={search_term_string}\"},\"query-input\":{\"@type\":\"PropertyValueSpecification\",\"valueRequired\":true,\"valueName\":\"search_term_string\"}}],\"inLanguage\":\"fr-FR\"}]}<\/script>\n<!-- \/ Yoast SEO plugin. -->","yoast_head_json":{"title":"Crises s\u00e9dimentaires du globe 1 - ISTE Group","description":"Crises s\u00e9dimentaires du globe 1\u00a0s\u2019int\u00e9resse aux bassins affect\u00e9s par des crises s\u00e9dimentaires d\u2019\u00e9poque historique.","robots":{"index":"index","follow":"follow","max-snippet":"max-snippet:-1","max-image-preview":"max-image-preview:large","max-video-preview":"max-video-preview:-1"},"canonical":"https:\/\/www.istegroup.com\/fr\/produit\/crises-sedimentaires-du-globe-1\/","og_locale":"fr_FR","og_type":"article","og_title":"Crises s\u00e9dimentaires du globe 1 - ISTE Group","og_description":"Crises s\u00e9dimentaires du globe 1\u00a0s\u2019int\u00e9resse aux bassins affect\u00e9s par des crises s\u00e9dimentaires d\u2019\u00e9poque historique.","og_url":"https:\/\/www.istegroup.com\/fr\/produit\/crises-sedimentaires-du-globe-1\/","og_site_name":"ISTE Group","article_modified_time":"2024-01-03T13:42:38+00:00","og_image":[{"width":1696,"height":2560,"url":"https:\/\/www.istegroup.com\/wp-content\/uploads\/2018\/09\/Bravard-1_Front-scaled.jpg","type":"image\/jpeg"}],"twitter_card":"summary_large_image","twitter_misc":{"Est. reading time":"1 minute"},"schema":{"@context":"https:\/\/schema.org","@graph":[{"@type":"WebPage","@id":"https:\/\/www.istegroup.com\/fr\/produit\/crises-sedimentaires-du-globe-1\/","url":"https:\/\/www.istegroup.com\/fr\/produit\/crises-sedimentaires-du-globe-1\/","name":"Crises s\u00e9dimentaires du globe 1 - ISTE Group","isPartOf":{"@id":"https:\/\/www.istegroup.com\/#website"},"primaryImageOfPage":{"@id":"https:\/\/www.istegroup.com\/fr\/produit\/crises-sedimentaires-du-globe-1\/#primaryimage"},"image":{"@id":"https:\/\/www.istegroup.com\/fr\/produit\/crises-sedimentaires-du-globe-1\/#primaryimage"},"thumbnailUrl":"https:\/\/www.istegroup.com\/wp-content\/uploads\/2018\/09\/Bravard-1_Front-scaled.jpg","datePublished":"2018-09-12T09:07:10+00:00","dateModified":"2024-01-03T13:42:38+00:00","description":"Crises s\u00e9dimentaires du globe 1\u00a0s\u2019int\u00e9resse aux bassins affect\u00e9s par des crises s\u00e9dimentaires d\u2019\u00e9poque historique.","breadcrumb":{"@id":"https:\/\/www.istegroup.com\/fr\/produit\/crises-sedimentaires-du-globe-1\/#breadcrumb"},"inLanguage":"fr-FR","potentialAction":[{"@type":"ReadAction","target":["https:\/\/www.istegroup.com\/fr\/produit\/crises-sedimentaires-du-globe-1\/"]}]},{"@type":"ImageObject","inLanguage":"fr-FR","@id":"https:\/\/www.istegroup.com\/fr\/produit\/crises-sedimentaires-du-globe-1\/#primaryimage","url":"https:\/\/www.istegroup.com\/wp-content\/uploads\/2018\/09\/Bravard-1_Front-scaled.jpg","contentUrl":"https:\/\/www.istegroup.com\/wp-content\/uploads\/2018\/09\/Bravard-1_Front-scaled.jpg","width":1696,"height":2560,"caption":"Grands cours d\u2019eau, de l\u2019abondance \u00e0 la raret\u00e9"},{"@type":"BreadcrumbList","@id":"https:\/\/www.istegroup.com\/fr\/produit\/crises-sedimentaires-du-globe-1\/#breadcrumb","itemListElement":[{"@type":"ListItem","position":1,"name":"Home","item":"https:\/\/www.istegroup.com\/"},{"@type":"ListItem","position":2,"name":"Shop","item":"https:\/\/www.istegroup.com\/fr\/nouveautes\/"},{"@type":"ListItem","position":3,"name":"Crises s\u00e9dimentaires du globe 1"}]},{"@type":"WebSite","@id":"https:\/\/www.istegroup.com\/#website","url":"https:\/\/www.istegroup.com\/","name":"ISTE Group","description":"\u00c9diteur des Sciences","potentialAction":[{"@type":"SearchAction","target":{"@type":"EntryPoint","urlTemplate":"https:\/\/www.istegroup.com\/?s={search_term_string}"},"query-input":{"@type":"PropertyValueSpecification","valueRequired":true,"valueName":"search_term_string"}}],"inLanguage":"fr-FR"}]}},"_links":{"self":[{"href":"https:\/\/www.istegroup.com\/fr\/wp-json\/wp\/v2\/product\/14452","targetHints":{"allow":["GET"]}}],"collection":[{"href":"https:\/\/www.istegroup.com\/fr\/wp-json\/wp\/v2\/product"}],"about":[{"href":"https:\/\/www.istegroup.com\/fr\/wp-json\/wp\/v2\/types\/product"}],"wp:featuredmedia":[{"embeddable":true,"href":"https:\/\/www.istegroup.com\/fr\/wp-json\/wp\/v2\/media\/14458"}],"wp:attachment":[{"href":"https:\/\/www.istegroup.com\/fr\/wp-json\/wp\/v2\/media?parent=14452"}],"wp:term":[{"taxonomy":"product_brand","embeddable":true,"href":"https:\/\/www.istegroup.com\/fr\/wp-json\/wp\/v2\/product_brand?post=14452"},{"taxonomy":"product_cat","embeddable":true,"href":"https:\/\/www.istegroup.com\/fr\/wp-json\/wp\/v2\/product_cat?post=14452"},{"taxonomy":"product_tag","embeddable":true,"href":"https:\/\/www.istegroup.com\/fr\/wp-json\/wp\/v2\/product_tag?post=14452"}],"curies":[{"name":"wp","href":"https:\/\/api.w.org\/{rel}","templated":true}]}}