{"id":14151,"date":"2018-08-24T16:10:15","date_gmt":"2018-08-24T14:10:15","guid":{"rendered":"https:\/\/iste.yhello.co\/?post_type=product&#038;p=14151"},"modified":"2024-01-03T13:42:34","modified_gmt":"2024-01-03T13:42:34","slug":"les-poissons-des-lagunes-et-des-estuaires-de-mediterranee-1","status":"publish","type":"product","link":"https:\/\/www.istegroup.com\/fr\/produit\/les-poissons-des-lagunes-et-des-estuaires-de-mediterranee-1\/","title":{"rendered":"Les poissons des lagunes et des estuaires de M\u00e9diterran\u00e9e 1"},"content":{"rendered":"<p>Les lagunes et les estuaires sont des espaces de transition entre la terre et la mer. Au-del\u00e0 de leur \u00e9tendue, de leur large r\u00e9partition g\u00e9ographique, de leur diversit\u00e9 g\u00e9omorphologique, hydroclimatique, \u00e9cobiologique et de leur biodiversit\u00e9, ils jouent un r\u00f4le important dans les \u00e9conomies r\u00e9gionales et font partie des \u00e9cosyst\u00e8mes les plus vuln\u00e9rables au changement global.<\/p>\n<p>S\u2019appuyant sur de tr\u00e8s nombreuses r\u00e9f\u00e9rences bibliographiques, cet ouvrage traite des poissons laguno-estuariens m\u00e9diterran\u00e9ens dont la diversit\u00e9, relativement importante, est largement d\u00e9pendante de la composition des ichtyofaunes marines et continentales voisines. Leurs caract\u00e9ristiques morphologiques, biologiques, \u00e9cologiques et comportementales sont d\u00e9crites, en \u00e9voquant \u00e0 chaque occasion leurs particularit\u00e9s et leurs diff\u00e9rences avec leurs homologues marins ou dulcicoles. Leurs strat\u00e9gies d\u2019adaptation, \u00e9lucid\u00e9es gr\u00e2ce aux r\u00e9centes avanc\u00e9es en morphologie, g\u00e9n\u00e9tique et biologie mol\u00e9culaire, sont reconnues comme un atout majeur dans le contexte du changement climatique.<\/p>\n<p>Cet ouvrage s\u2019adresse aux gestionnaires des milieux naturels, ing\u00e9nieurs, enseignants, \u00e9tudiants et chercheurs.<\/p>\n","protected":false},"excerpt":{"rendered":"<p>Les lagunes et les estuaires sont des espaces de transition entre la terre et la mer. Au-del\u00e0 de leur \u00e9tendue, de leur large r\u00e9partition g\u00e9ographique, de leur diversit\u00e9 g\u00e9omorphologique, hydroclimatique, \u00e9cobiologique et de leur biodiversit\u00e9, ils jouent un r\u00f4le important dans les \u00e9conomies r\u00e9gionales et font partie des \u00e9cosyst\u00e8mes les plus vuln\u00e9rables au changement global. [&hellip;]<\/p>\n","protected":false},"featured_media":14154,"template":"","meta":{"_acf_changed":false,"_links_to":"","_links_to_target":""},"product_brand":[],"product_cat":[3262],"product_tag":[],"class_list":{"0":"post-14151","1":"product","2":"type-product","3":"status-publish","4":"has-post-thumbnail","6":"product_cat-non-classe","8":"first","9":"instock","10":"shipping-taxable","11":"purchasable","12":"product-type-variable"},"acf":[],"yoast_head":"<!-- This site is optimized with the Yoast SEO plugin v27.2 - https:\/\/yoast.com\/product\/yoast-seo-wordpress\/ -->\n<title>Les poissons des lagunes et des estuaires de M\u00e9diterran\u00e9e 1 - ISTE Group<\/title>\n<meta name=\"description\" content=\"Cet ouvrage traite des poissons laguno-estuariens m\u00e9diterran\u00e9ens dont la diversit\u00e9, relativement importante, est largement d\u00e9pendante de la composition des ichtyofaunes marines et continentales voisines.\" \/>\n<meta name=\"robots\" content=\"index, follow, max-snippet:-1, max-image-preview:large, max-video-preview:-1\" \/>\n<link rel=\"canonical\" href=\"https:\/\/www.istegroup.com\/fr\/produit\/les-poissons-des-lagunes-et-des-estuaires-de-mediterranee-1\/\" \/>\n<meta property=\"og:locale\" content=\"fr_FR\" \/>\n<meta property=\"og:type\" content=\"article\" \/>\n<meta property=\"og:title\" content=\"Les poissons des lagunes et des estuaires de M\u00e9diterran\u00e9e 1 - ISTE Group\" \/>\n<meta property=\"og:description\" content=\"Cet ouvrage traite des poissons laguno-estuariens m\u00e9diterran\u00e9ens dont la diversit\u00e9, relativement importante, est largement d\u00e9pendante de la composition des ichtyofaunes marines et continentales voisines.\" \/>\n<meta property=\"og:url\" content=\"https:\/\/www.istegroup.com\/fr\/produit\/les-poissons-des-lagunes-et-des-estuaires-de-mediterranee-1\/\" \/>\n<meta property=\"og:site_name\" content=\"ISTE Group\" \/>\n<meta property=\"article:modified_time\" content=\"2024-01-03T13:42:34+00:00\" \/>\n<meta property=\"og:image\" content=\"https:\/\/www.istegroup.com\/wp-content\/uploads\/2018\/08\/Kara-1_Front-scaled.jpg\" \/>\n\t<meta property=\"og:image:width\" content=\"1711\" \/>\n\t<meta property=\"og:image:height\" content=\"2560\" \/>\n\t<meta property=\"og:image:type\" content=\"image\/jpeg\" \/>\n<meta name=\"twitter:card\" content=\"summary_large_image\" \/>\n<meta name=\"twitter:label1\" content=\"Est. reading time\" \/>\n\t<meta name=\"twitter:data1\" content=\"1 minute\" \/>\n<script type=\"application\/ld+json\" class=\"yoast-schema-graph\">{\"@context\":\"https:\/\/schema.org\",\"@graph\":[{\"@type\":\"WebPage\",\"@id\":\"https:\/\/www.istegroup.com\/fr\/produit\/les-poissons-des-lagunes-et-des-estuaires-de-mediterranee-1\/\",\"url\":\"https:\/\/www.istegroup.com\/fr\/produit\/les-poissons-des-lagunes-et-des-estuaires-de-mediterranee-1\/\",\"name\":\"Les poissons des lagunes et des estuaires de M\u00e9diterran\u00e9e 1 - ISTE Group\",\"isPartOf\":{\"@id\":\"https:\/\/www.istegroup.com\/#website\"},\"primaryImageOfPage\":{\"@id\":\"https:\/\/www.istegroup.com\/fr\/produit\/les-poissons-des-lagunes-et-des-estuaires-de-mediterranee-1\/#primaryimage\"},\"image\":{\"@id\":\"https:\/\/www.istegroup.com\/fr\/produit\/les-poissons-des-lagunes-et-des-estuaires-de-mediterranee-1\/#primaryimage\"},\"thumbnailUrl\":\"https:\/\/www.istegroup.com\/wp-content\/uploads\/2018\/08\/Kara-1_Front-scaled.jpg\",\"datePublished\":\"2018-08-24T14:10:15+00:00\",\"dateModified\":\"2024-01-03T13:42:34+00:00\",\"description\":\"Cet ouvrage traite des poissons laguno-estuariens m\u00e9diterran\u00e9ens dont la diversit\u00e9, relativement importante, est largement d\u00e9pendante de la composition des ichtyofaunes marines et continentales voisines.\",\"breadcrumb\":{\"@id\":\"https:\/\/www.istegroup.com\/fr\/produit\/les-poissons-des-lagunes-et-des-estuaires-de-mediterranee-1\/#breadcrumb\"},\"inLanguage\":\"fr-FR\",\"potentialAction\":[{\"@type\":\"ReadAction\",\"target\":[\"https:\/\/www.istegroup.com\/fr\/produit\/les-poissons-des-lagunes-et-des-estuaires-de-mediterranee-1\/\"]}]},{\"@type\":\"ImageObject\",\"inLanguage\":\"fr-FR\",\"@id\":\"https:\/\/www.istegroup.com\/fr\/produit\/les-poissons-des-lagunes-et-des-estuaires-de-mediterranee-1\/#primaryimage\",\"url\":\"https:\/\/www.istegroup.com\/wp-content\/uploads\/2018\/08\/Kara-1_Front-scaled.jpg\",\"contentUrl\":\"https:\/\/www.istegroup.com\/wp-content\/uploads\/2018\/08\/Kara-1_Front-scaled.jpg\",\"width\":1711,\"height\":2560,\"caption\":\"Diversit\u00e9, bio-\u00e9cologie et exploitation\"},{\"@type\":\"BreadcrumbList\",\"@id\":\"https:\/\/www.istegroup.com\/fr\/produit\/les-poissons-des-lagunes-et-des-estuaires-de-mediterranee-1\/#breadcrumb\",\"itemListElement\":[{\"@type\":\"ListItem\",\"position\":1,\"name\":\"Home\",\"item\":\"https:\/\/www.istegroup.com\/\"},{\"@type\":\"ListItem\",\"position\":2,\"name\":\"Shop\",\"item\":\"https:\/\/www.istegroup.com\/fr\/nouveautes\/\"},{\"@type\":\"ListItem\",\"position\":3,\"name\":\"Les poissons des lagunes et des estuaires de M\u00e9diterran\u00e9e 1\"}]},{\"@type\":\"WebSite\",\"@id\":\"https:\/\/www.istegroup.com\/#website\",\"url\":\"https:\/\/www.istegroup.com\/\",\"name\":\"ISTE Group\",\"description\":\"\u00c9diteur des Sciences\",\"potentialAction\":[{\"@type\":\"SearchAction\",\"target\":{\"@type\":\"EntryPoint\",\"urlTemplate\":\"https:\/\/www.istegroup.com\/?s={search_term_string}\"},\"query-input\":{\"@type\":\"PropertyValueSpecification\",\"valueRequired\":true,\"valueName\":\"search_term_string\"}}],\"inLanguage\":\"fr-FR\"}]}<\/script>\n<!-- \/ Yoast SEO plugin. -->","yoast_head_json":{"title":"Les poissons des lagunes et des estuaires de M\u00e9diterran\u00e9e 1 - ISTE Group","description":"Cet ouvrage traite des poissons laguno-estuariens m\u00e9diterran\u00e9ens dont la diversit\u00e9, relativement importante, est largement d\u00e9pendante de la composition des ichtyofaunes marines et continentales voisines.","robots":{"index":"index","follow":"follow","max-snippet":"max-snippet:-1","max-image-preview":"max-image-preview:large","max-video-preview":"max-video-preview:-1"},"canonical":"https:\/\/www.istegroup.com\/fr\/produit\/les-poissons-des-lagunes-et-des-estuaires-de-mediterranee-1\/","og_locale":"fr_FR","og_type":"article","og_title":"Les poissons des lagunes et des estuaires de M\u00e9diterran\u00e9e 1 - ISTE Group","og_description":"Cet ouvrage traite des poissons laguno-estuariens m\u00e9diterran\u00e9ens dont la diversit\u00e9, relativement importante, est largement d\u00e9pendante de la composition des ichtyofaunes marines et continentales voisines.","og_url":"https:\/\/www.istegroup.com\/fr\/produit\/les-poissons-des-lagunes-et-des-estuaires-de-mediterranee-1\/","og_site_name":"ISTE Group","article_modified_time":"2024-01-03T13:42:34+00:00","og_image":[{"width":1711,"height":2560,"url":"https:\/\/www.istegroup.com\/wp-content\/uploads\/2018\/08\/Kara-1_Front-scaled.jpg","type":"image\/jpeg"}],"twitter_card":"summary_large_image","twitter_misc":{"Est. reading time":"1 minute"},"schema":{"@context":"https:\/\/schema.org","@graph":[{"@type":"WebPage","@id":"https:\/\/www.istegroup.com\/fr\/produit\/les-poissons-des-lagunes-et-des-estuaires-de-mediterranee-1\/","url":"https:\/\/www.istegroup.com\/fr\/produit\/les-poissons-des-lagunes-et-des-estuaires-de-mediterranee-1\/","name":"Les poissons des lagunes et des estuaires de M\u00e9diterran\u00e9e 1 - ISTE Group","isPartOf":{"@id":"https:\/\/www.istegroup.com\/#website"},"primaryImageOfPage":{"@id":"https:\/\/www.istegroup.com\/fr\/produit\/les-poissons-des-lagunes-et-des-estuaires-de-mediterranee-1\/#primaryimage"},"image":{"@id":"https:\/\/www.istegroup.com\/fr\/produit\/les-poissons-des-lagunes-et-des-estuaires-de-mediterranee-1\/#primaryimage"},"thumbnailUrl":"https:\/\/www.istegroup.com\/wp-content\/uploads\/2018\/08\/Kara-1_Front-scaled.jpg","datePublished":"2018-08-24T14:10:15+00:00","dateModified":"2024-01-03T13:42:34+00:00","description":"Cet ouvrage traite des poissons laguno-estuariens m\u00e9diterran\u00e9ens dont la diversit\u00e9, relativement importante, est largement d\u00e9pendante de la composition des ichtyofaunes marines et continentales voisines.","breadcrumb":{"@id":"https:\/\/www.istegroup.com\/fr\/produit\/les-poissons-des-lagunes-et-des-estuaires-de-mediterranee-1\/#breadcrumb"},"inLanguage":"fr-FR","potentialAction":[{"@type":"ReadAction","target":["https:\/\/www.istegroup.com\/fr\/produit\/les-poissons-des-lagunes-et-des-estuaires-de-mediterranee-1\/"]}]},{"@type":"ImageObject","inLanguage":"fr-FR","@id":"https:\/\/www.istegroup.com\/fr\/produit\/les-poissons-des-lagunes-et-des-estuaires-de-mediterranee-1\/#primaryimage","url":"https:\/\/www.istegroup.com\/wp-content\/uploads\/2018\/08\/Kara-1_Front-scaled.jpg","contentUrl":"https:\/\/www.istegroup.com\/wp-content\/uploads\/2018\/08\/Kara-1_Front-scaled.jpg","width":1711,"height":2560,"caption":"Diversit\u00e9, bio-\u00e9cologie et exploitation"},{"@type":"BreadcrumbList","@id":"https:\/\/www.istegroup.com\/fr\/produit\/les-poissons-des-lagunes-et-des-estuaires-de-mediterranee-1\/#breadcrumb","itemListElement":[{"@type":"ListItem","position":1,"name":"Home","item":"https:\/\/www.istegroup.com\/"},{"@type":"ListItem","position":2,"name":"Shop","item":"https:\/\/www.istegroup.com\/fr\/nouveautes\/"},{"@type":"ListItem","position":3,"name":"Les poissons des lagunes et des estuaires de M\u00e9diterran\u00e9e 1"}]},{"@type":"WebSite","@id":"https:\/\/www.istegroup.com\/#website","url":"https:\/\/www.istegroup.com\/","name":"ISTE Group","description":"\u00c9diteur des Sciences","potentialAction":[{"@type":"SearchAction","target":{"@type":"EntryPoint","urlTemplate":"https:\/\/www.istegroup.com\/?s={search_term_string}"},"query-input":{"@type":"PropertyValueSpecification","valueRequired":true,"valueName":"search_term_string"}}],"inLanguage":"fr-FR"}]}},"_links":{"self":[{"href":"https:\/\/www.istegroup.com\/fr\/wp-json\/wp\/v2\/product\/14151","targetHints":{"allow":["GET"]}}],"collection":[{"href":"https:\/\/www.istegroup.com\/fr\/wp-json\/wp\/v2\/product"}],"about":[{"href":"https:\/\/www.istegroup.com\/fr\/wp-json\/wp\/v2\/types\/product"}],"wp:featuredmedia":[{"embeddable":true,"href":"https:\/\/www.istegroup.com\/fr\/wp-json\/wp\/v2\/media\/14154"}],"wp:attachment":[{"href":"https:\/\/www.istegroup.com\/fr\/wp-json\/wp\/v2\/media?parent=14151"}],"wp:term":[{"taxonomy":"product_brand","embeddable":true,"href":"https:\/\/www.istegroup.com\/fr\/wp-json\/wp\/v2\/product_brand?post=14151"},{"taxonomy":"product_cat","embeddable":true,"href":"https:\/\/www.istegroup.com\/fr\/wp-json\/wp\/v2\/product_cat?post=14151"},{"taxonomy":"product_tag","embeddable":true,"href":"https:\/\/www.istegroup.com\/fr\/wp-json\/wp\/v2\/product_tag?post=14151"}],"curies":[{"name":"wp","href":"https:\/\/api.w.org\/{rel}","templated":true}]}}