{"id":14132,"date":"2018-08-24T15:50:49","date_gmt":"2018-08-24T13:50:49","guid":{"rendered":"https:\/\/iste.yhello.co\/?post_type=product&#038;p=14132"},"modified":"2024-01-03T13:42:34","modified_gmt":"2024-01-03T13:42:34","slug":"les-poissons-des-lagunes-et-des-estuaires-de-mediterranee-3b","status":"publish","type":"product","link":"https:\/\/www.istegroup.com\/fr\/produit\/les-poissons-des-lagunes-et-des-estuaires-de-mediterranee-3b\/","title":{"rendered":"Les poissons des lagunes et des estuaires de M\u00e9diterran\u00e9e 3B"},"content":{"rendered":"<p>\u00c0 partir des donn\u00e9es scientifiques les plus r\u00e9centes, et sans pour autant faire abstraction des publications historiques,\u00a0<em>Les poissons des lagunes et des estuaires de M\u00e9diterran\u00e9e 3<\/em>\u00a0traite de mani\u00e8re exhaustive des poissons migrateurs laguno-marins.<\/p>\n<p>Apr\u00e8s une pr\u00e9sentation g\u00e9n\u00e9rale de cette guilde, il offre une synth\u00e8se des connaissances acquises, de 1890 \u00e0 nos jours, sur chacune des 21 esp\u00e8ces (volumes 3A et 3B) les plus fr\u00e9quemment recens\u00e9es dans les lagunes et estuaires m\u00e9diterran\u00e9ens. Les donn\u00e9es scientifiques pr\u00e9sent\u00e9es dans cet ouvrage concernent tout autant leur vie lagunaire que leur vie marine, et rev\u00eatent de ce fait un int\u00e9r\u00eat particulier, aussi bien pour la gestion des stocks halieutiques que pour la conservation des esp\u00e8ces.<\/p>\n<p>Cet ouvrage est destin\u00e9 aux enseignants et chercheurs, qu\u2019ils soient \u00e9cobiologistes, halieutes, g\u00e9ographes ou historiens et \u00e0 leurs \u00e9tudiants, ainsi qu\u2019aux ing\u00e9nieurs et techniciens charg\u00e9s de l\u2019am\u00e9nagement, de la gestion et de la protection des milieux naturels et de leurs peuplements.<\/p>\n","protected":false},"excerpt":{"rendered":"<p>\u00c0 partir des donn\u00e9es scientifiques les plus r\u00e9centes, et sans pour autant faire abstraction des publications historiques,\u00a0Les poissons des lagunes et des estuaires de M\u00e9diterran\u00e9e 3\u00a0traite de mani\u00e8re exhaustive des poissons migrateurs laguno-marins. Apr\u00e8s une pr\u00e9sentation g\u00e9n\u00e9rale de cette guilde, il offre une synth\u00e8se des connaissances acquises, de 1890 \u00e0 nos jours, sur chacune des [&hellip;]<\/p>\n","protected":false},"featured_media":14140,"template":"","meta":{"_acf_changed":false,"_links_to":"","_links_to_target":""},"product_brand":[],"product_cat":[3262],"product_tag":[],"class_list":{"0":"post-14132","1":"product","2":"type-product","3":"status-publish","4":"has-post-thumbnail","6":"product_cat-non-classe","8":"first","9":"instock","10":"shipping-taxable","11":"purchasable","12":"product-type-variable"},"acf":[],"yoast_head":"<!-- This site is optimized with the Yoast SEO plugin v27.2 - https:\/\/yoast.com\/product\/yoast-seo-wordpress\/ -->\n<title>Les poissons des lagunes et des estuaires de M\u00e9diterran\u00e9e 3B - ISTE Group<\/title>\n<meta name=\"description\" content=\"Cet ouvrage offre une synth\u00e8se des connaissances acquises, de 1890 \u00e0 nos jours, sur chacune des 21 esp\u00e8ces les plus fr\u00e9quemment recens\u00e9es dans les lagunes et estuaires m\u00e9diterran\u00e9ens.\" \/>\n<meta name=\"robots\" content=\"index, follow, max-snippet:-1, max-image-preview:large, max-video-preview:-1\" \/>\n<link rel=\"canonical\" href=\"https:\/\/www.istegroup.com\/fr\/produit\/les-poissons-des-lagunes-et-des-estuaires-de-mediterranee-3b\/\" \/>\n<meta property=\"og:locale\" content=\"fr_FR\" \/>\n<meta property=\"og:type\" content=\"article\" \/>\n<meta property=\"og:title\" content=\"Les poissons des lagunes et des estuaires de M\u00e9diterran\u00e9e 3B - ISTE Group\" \/>\n<meta property=\"og:description\" content=\"Cet ouvrage offre une synth\u00e8se des connaissances acquises, de 1890 \u00e0 nos jours, sur chacune des 21 esp\u00e8ces les plus fr\u00e9quemment recens\u00e9es dans les lagunes et estuaires m\u00e9diterran\u00e9ens.\" \/>\n<meta property=\"og:url\" content=\"https:\/\/www.istegroup.com\/fr\/produit\/les-poissons-des-lagunes-et-des-estuaires-de-mediterranee-3b\/\" \/>\n<meta property=\"og:site_name\" content=\"ISTE Group\" \/>\n<meta property=\"article:modified_time\" content=\"2024-01-03T13:42:34+00:00\" \/>\n<meta property=\"og:image\" content=\"https:\/\/www.istegroup.com\/wp-content\/uploads\/2018\/08\/Kara-3B_Front-scaled.jpg\" \/>\n\t<meta property=\"og:image:width\" content=\"1691\" \/>\n\t<meta property=\"og:image:height\" content=\"2560\" \/>\n\t<meta property=\"og:image:type\" content=\"image\/jpeg\" \/>\n<meta name=\"twitter:card\" content=\"summary_large_image\" \/>\n<meta name=\"twitter:label1\" content=\"Est. reading time\" \/>\n\t<meta name=\"twitter:data1\" content=\"1 minute\" \/>\n<script type=\"application\/ld+json\" class=\"yoast-schema-graph\">{\"@context\":\"https:\/\/schema.org\",\"@graph\":[{\"@type\":\"WebPage\",\"@id\":\"https:\/\/www.istegroup.com\/fr\/produit\/les-poissons-des-lagunes-et-des-estuaires-de-mediterranee-3b\/\",\"url\":\"https:\/\/www.istegroup.com\/fr\/produit\/les-poissons-des-lagunes-et-des-estuaires-de-mediterranee-3b\/\",\"name\":\"Les poissons des lagunes et des estuaires de M\u00e9diterran\u00e9e 3B - ISTE Group\",\"isPartOf\":{\"@id\":\"https:\/\/www.istegroup.com\/#website\"},\"primaryImageOfPage\":{\"@id\":\"https:\/\/www.istegroup.com\/fr\/produit\/les-poissons-des-lagunes-et-des-estuaires-de-mediterranee-3b\/#primaryimage\"},\"image\":{\"@id\":\"https:\/\/www.istegroup.com\/fr\/produit\/les-poissons-des-lagunes-et-des-estuaires-de-mediterranee-3b\/#primaryimage\"},\"thumbnailUrl\":\"https:\/\/www.istegroup.com\/wp-content\/uploads\/2018\/08\/Kara-3B_Front-scaled.jpg\",\"datePublished\":\"2018-08-24T13:50:49+00:00\",\"dateModified\":\"2024-01-03T13:42:34+00:00\",\"description\":\"Cet ouvrage offre une synth\u00e8se des connaissances acquises, de 1890 \u00e0 nos jours, sur chacune des 21 esp\u00e8ces les plus fr\u00e9quemment recens\u00e9es dans les lagunes et estuaires m\u00e9diterran\u00e9ens.\",\"breadcrumb\":{\"@id\":\"https:\/\/www.istegroup.com\/fr\/produit\/les-poissons-des-lagunes-et-des-estuaires-de-mediterranee-3b\/#breadcrumb\"},\"inLanguage\":\"fr-FR\",\"potentialAction\":[{\"@type\":\"ReadAction\",\"target\":[\"https:\/\/www.istegroup.com\/fr\/produit\/les-poissons-des-lagunes-et-des-estuaires-de-mediterranee-3b\/\"]}]},{\"@type\":\"ImageObject\",\"inLanguage\":\"fr-FR\",\"@id\":\"https:\/\/www.istegroup.com\/fr\/produit\/les-poissons-des-lagunes-et-des-estuaires-de-mediterranee-3b\/#primaryimage\",\"url\":\"https:\/\/www.istegroup.com\/wp-content\/uploads\/2018\/08\/Kara-3B_Front-scaled.jpg\",\"contentUrl\":\"https:\/\/www.istegroup.com\/wp-content\/uploads\/2018\/08\/Kara-3B_Front-scaled.jpg\",\"width\":1691,\"height\":2560,\"caption\":\"Les poissons migrateurs\"},{\"@type\":\"BreadcrumbList\",\"@id\":\"https:\/\/www.istegroup.com\/fr\/produit\/les-poissons-des-lagunes-et-des-estuaires-de-mediterranee-3b\/#breadcrumb\",\"itemListElement\":[{\"@type\":\"ListItem\",\"position\":1,\"name\":\"Home\",\"item\":\"https:\/\/www.istegroup.com\/\"},{\"@type\":\"ListItem\",\"position\":2,\"name\":\"Shop\",\"item\":\"https:\/\/www.istegroup.com\/fr\/nouveautes\/\"},{\"@type\":\"ListItem\",\"position\":3,\"name\":\"Les poissons des lagunes et des estuaires de M\u00e9diterran\u00e9e 3B\"}]},{\"@type\":\"WebSite\",\"@id\":\"https:\/\/www.istegroup.com\/#website\",\"url\":\"https:\/\/www.istegroup.com\/\",\"name\":\"ISTE Group\",\"description\":\"\u00c9diteur des Sciences\",\"potentialAction\":[{\"@type\":\"SearchAction\",\"target\":{\"@type\":\"EntryPoint\",\"urlTemplate\":\"https:\/\/www.istegroup.com\/?s={search_term_string}\"},\"query-input\":{\"@type\":\"PropertyValueSpecification\",\"valueRequired\":true,\"valueName\":\"search_term_string\"}}],\"inLanguage\":\"fr-FR\"}]}<\/script>\n<!-- \/ Yoast SEO plugin. -->","yoast_head_json":{"title":"Les poissons des lagunes et des estuaires de M\u00e9diterran\u00e9e 3B - ISTE Group","description":"Cet ouvrage offre une synth\u00e8se des connaissances acquises, de 1890 \u00e0 nos jours, sur chacune des 21 esp\u00e8ces les plus fr\u00e9quemment recens\u00e9es dans les lagunes et estuaires m\u00e9diterran\u00e9ens.","robots":{"index":"index","follow":"follow","max-snippet":"max-snippet:-1","max-image-preview":"max-image-preview:large","max-video-preview":"max-video-preview:-1"},"canonical":"https:\/\/www.istegroup.com\/fr\/produit\/les-poissons-des-lagunes-et-des-estuaires-de-mediterranee-3b\/","og_locale":"fr_FR","og_type":"article","og_title":"Les poissons des lagunes et des estuaires de M\u00e9diterran\u00e9e 3B - ISTE Group","og_description":"Cet ouvrage offre une synth\u00e8se des connaissances acquises, de 1890 \u00e0 nos jours, sur chacune des 21 esp\u00e8ces les plus fr\u00e9quemment recens\u00e9es dans les lagunes et estuaires m\u00e9diterran\u00e9ens.","og_url":"https:\/\/www.istegroup.com\/fr\/produit\/les-poissons-des-lagunes-et-des-estuaires-de-mediterranee-3b\/","og_site_name":"ISTE Group","article_modified_time":"2024-01-03T13:42:34+00:00","og_image":[{"width":1691,"height":2560,"url":"https:\/\/www.istegroup.com\/wp-content\/uploads\/2018\/08\/Kara-3B_Front-scaled.jpg","type":"image\/jpeg"}],"twitter_card":"summary_large_image","twitter_misc":{"Est. reading time":"1 minute"},"schema":{"@context":"https:\/\/schema.org","@graph":[{"@type":"WebPage","@id":"https:\/\/www.istegroup.com\/fr\/produit\/les-poissons-des-lagunes-et-des-estuaires-de-mediterranee-3b\/","url":"https:\/\/www.istegroup.com\/fr\/produit\/les-poissons-des-lagunes-et-des-estuaires-de-mediterranee-3b\/","name":"Les poissons des lagunes et des estuaires de M\u00e9diterran\u00e9e 3B - ISTE Group","isPartOf":{"@id":"https:\/\/www.istegroup.com\/#website"},"primaryImageOfPage":{"@id":"https:\/\/www.istegroup.com\/fr\/produit\/les-poissons-des-lagunes-et-des-estuaires-de-mediterranee-3b\/#primaryimage"},"image":{"@id":"https:\/\/www.istegroup.com\/fr\/produit\/les-poissons-des-lagunes-et-des-estuaires-de-mediterranee-3b\/#primaryimage"},"thumbnailUrl":"https:\/\/www.istegroup.com\/wp-content\/uploads\/2018\/08\/Kara-3B_Front-scaled.jpg","datePublished":"2018-08-24T13:50:49+00:00","dateModified":"2024-01-03T13:42:34+00:00","description":"Cet ouvrage offre une synth\u00e8se des connaissances acquises, de 1890 \u00e0 nos jours, sur chacune des 21 esp\u00e8ces les plus fr\u00e9quemment recens\u00e9es dans les lagunes et estuaires m\u00e9diterran\u00e9ens.","breadcrumb":{"@id":"https:\/\/www.istegroup.com\/fr\/produit\/les-poissons-des-lagunes-et-des-estuaires-de-mediterranee-3b\/#breadcrumb"},"inLanguage":"fr-FR","potentialAction":[{"@type":"ReadAction","target":["https:\/\/www.istegroup.com\/fr\/produit\/les-poissons-des-lagunes-et-des-estuaires-de-mediterranee-3b\/"]}]},{"@type":"ImageObject","inLanguage":"fr-FR","@id":"https:\/\/www.istegroup.com\/fr\/produit\/les-poissons-des-lagunes-et-des-estuaires-de-mediterranee-3b\/#primaryimage","url":"https:\/\/www.istegroup.com\/wp-content\/uploads\/2018\/08\/Kara-3B_Front-scaled.jpg","contentUrl":"https:\/\/www.istegroup.com\/wp-content\/uploads\/2018\/08\/Kara-3B_Front-scaled.jpg","width":1691,"height":2560,"caption":"Les poissons migrateurs"},{"@type":"BreadcrumbList","@id":"https:\/\/www.istegroup.com\/fr\/produit\/les-poissons-des-lagunes-et-des-estuaires-de-mediterranee-3b\/#breadcrumb","itemListElement":[{"@type":"ListItem","position":1,"name":"Home","item":"https:\/\/www.istegroup.com\/"},{"@type":"ListItem","position":2,"name":"Shop","item":"https:\/\/www.istegroup.com\/fr\/nouveautes\/"},{"@type":"ListItem","position":3,"name":"Les poissons des lagunes et des estuaires de M\u00e9diterran\u00e9e 3B"}]},{"@type":"WebSite","@id":"https:\/\/www.istegroup.com\/#website","url":"https:\/\/www.istegroup.com\/","name":"ISTE Group","description":"\u00c9diteur des Sciences","potentialAction":[{"@type":"SearchAction","target":{"@type":"EntryPoint","urlTemplate":"https:\/\/www.istegroup.com\/?s={search_term_string}"},"query-input":{"@type":"PropertyValueSpecification","valueRequired":true,"valueName":"search_term_string"}}],"inLanguage":"fr-FR"}]}},"_links":{"self":[{"href":"https:\/\/www.istegroup.com\/fr\/wp-json\/wp\/v2\/product\/14132","targetHints":{"allow":["GET"]}}],"collection":[{"href":"https:\/\/www.istegroup.com\/fr\/wp-json\/wp\/v2\/product"}],"about":[{"href":"https:\/\/www.istegroup.com\/fr\/wp-json\/wp\/v2\/types\/product"}],"wp:featuredmedia":[{"embeddable":true,"href":"https:\/\/www.istegroup.com\/fr\/wp-json\/wp\/v2\/media\/14140"}],"wp:attachment":[{"href":"https:\/\/www.istegroup.com\/fr\/wp-json\/wp\/v2\/media?parent=14132"}],"wp:term":[{"taxonomy":"product_brand","embeddable":true,"href":"https:\/\/www.istegroup.com\/fr\/wp-json\/wp\/v2\/product_brand?post=14132"},{"taxonomy":"product_cat","embeddable":true,"href":"https:\/\/www.istegroup.com\/fr\/wp-json\/wp\/v2\/product_cat?post=14132"},{"taxonomy":"product_tag","embeddable":true,"href":"https:\/\/www.istegroup.com\/fr\/wp-json\/wp\/v2\/product_tag?post=14132"}],"curies":[{"name":"wp","href":"https:\/\/api.w.org\/{rel}","templated":true}]}}