{"id":14125,"date":"2018-08-24T15:35:26","date_gmt":"2018-08-24T13:35:26","guid":{"rendered":"https:\/\/iste.yhello.co\/?post_type=product&#038;p=14125"},"modified":"2024-01-03T13:42:34","modified_gmt":"2024-01-03T13:42:34","slug":"transition-energetique-et-innovation","status":"publish","type":"product","link":"https:\/\/www.istegroup.com\/fr\/produit\/transition-energetique-et-innovation\/","title":{"rendered":"Transition \u00e9nerg\u00e9tique et innovation"},"content":{"rendered":"<p>Si chacun est conscient de l\u2019aspect crucial que rev\u00eat aujourd\u2019hui le d\u00e9veloppement de nouvelles technologies \u00e9nerg\u00e9tiques, l\u2019importance de leur \u00e9valuation commence seulement \u00e0 \u00eatre pleinement reconnue.<\/p>\n<p>Cet ouvrage, nourri d\u2019exemples tir\u00e9s de cas r\u00e9els, se donne deux objectifs. Le premier est de fournir aux chercheurs, aux ing\u00e9nieurs et \u00e0 toute personne active dans le secteur \u00e9nerg\u00e9tique une synth\u00e8se sur les m\u00e9thodes d\u2019\u00e9valuation des syst\u00e8mes \u00e9nerg\u00e9tiques, r\u00e9sultat de plusieurs d\u00e9cennies de travaux dans ce domaine. Le second objectif est de briser le cercle vicieux qui fait que l\u2019\u00e9valuation\u00a0<em>in situ<\/em>\u00a0reste encore aujourd\u2019hui quelque peu n\u00e9glig\u00e9e, car parfois consid\u00e9r\u00e9e comme un \u00ab travail ingrat \u00bb, long, apparemment cher, difficilement valorisable et peu valoris\u00e9.<\/p>\n<p>En tentant d\u2019organiser scientifiquement l\u2019exp\u00e9rience acquise durant plus de trente ans,\u00a0<em>Transition \u00e9nerg\u00e9tique et innovation<\/em>\u00a0a pour but de convaincre de l\u2019utilit\u00e9 consid\u00e9rable de la d\u00e9marche, \u00e0 la fois sur le plan \u00e9conomique et sur le plan humain.<\/p>\n","protected":false},"excerpt":{"rendered":"<p>Si chacun est conscient de l\u2019aspect crucial que rev\u00eat aujourd\u2019hui le d\u00e9veloppement de nouvelles technologies \u00e9nerg\u00e9tiques, l\u2019importance de leur \u00e9valuation commence seulement \u00e0 \u00eatre pleinement reconnue. Cet ouvrage, nourri d\u2019exemples tir\u00e9s de cas r\u00e9els, se donne deux objectifs. Le premier est de fournir aux chercheurs, aux ing\u00e9nieurs et \u00e0 toute personne active dans le secteur [&hellip;]<\/p>\n","protected":false},"featured_media":14131,"template":"","meta":{"_acf_changed":false,"_links_to":"","_links_to_target":""},"product_brand":[],"product_cat":[3262],"product_tag":[],"class_list":{"0":"post-14125","1":"product","2":"type-product","3":"status-publish","4":"has-post-thumbnail","6":"product_cat-non-classe","8":"first","9":"instock","10":"shipping-taxable","11":"purchasable","12":"product-type-variable"},"acf":[],"yoast_head":"<!-- This site is optimized with the Yoast SEO plugin v27.2 - https:\/\/yoast.com\/product\/yoast-seo-wordpress\/ -->\n<title>Transition \u00e9nerg\u00e9tique et innovation - ISTE Group<\/title>\n<meta name=\"description\" content=\"Transition \u00e9nerg\u00e9tique et innovation\u00a0a pour but de convaincre de l\u2019utilit\u00e9 consid\u00e9rable de la d\u00e9marche, \u00e0 la fois sur le plan \u00e9conomique et sur le plan humain.\" \/>\n<meta name=\"robots\" content=\"index, follow, max-snippet:-1, max-image-preview:large, max-video-preview:-1\" \/>\n<link rel=\"canonical\" href=\"https:\/\/www.istegroup.com\/en\/produit\/transition-energetique-et-innovation\/\" \/>\n<meta property=\"og:locale\" content=\"fr_FR\" \/>\n<meta property=\"og:type\" content=\"article\" \/>\n<meta property=\"og:title\" content=\"Transition \u00e9nerg\u00e9tique et innovation - ISTE Group\" \/>\n<meta property=\"og:description\" content=\"Transition \u00e9nerg\u00e9tique et innovation\u00a0a pour but de convaincre de l\u2019utilit\u00e9 consid\u00e9rable de la d\u00e9marche, \u00e0 la fois sur le plan \u00e9conomique et sur le plan humain.\" \/>\n<meta property=\"og:url\" content=\"https:\/\/www.istegroup.com\/en\/produit\/transition-energetique-et-innovation\/\" \/>\n<meta property=\"og:site_name\" content=\"ISTE Group\" \/>\n<meta property=\"article:modified_time\" content=\"2024-01-03T13:42:34+00:00\" \/>\n<meta property=\"og:image\" content=\"https:\/\/www.istegroup.com\/wp-content\/uploads\/2018\/08\/Lachal_Front-scaled.jpg\" \/>\n\t<meta property=\"og:image:width\" content=\"1700\" \/>\n\t<meta property=\"og:image:height\" content=\"2560\" \/>\n\t<meta property=\"og:image:type\" content=\"image\/jpeg\" \/>\n<meta name=\"twitter:card\" content=\"summary_large_image\" \/>\n<meta name=\"twitter:label1\" content=\"Est. reading time\" \/>\n\t<meta name=\"twitter:data1\" content=\"1 minute\" \/>\n<script type=\"application\/ld+json\" class=\"yoast-schema-graph\">{\"@context\":\"https:\/\/schema.org\",\"@graph\":[{\"@type\":\"WebPage\",\"@id\":\"https:\/\/www.istegroup.com\/en\/produit\/transition-energetique-et-innovation\/\",\"url\":\"https:\/\/www.istegroup.com\/en\/produit\/transition-energetique-et-innovation\/\",\"name\":\"Transition \u00e9nerg\u00e9tique et innovation - ISTE Group\",\"isPartOf\":{\"@id\":\"https:\/\/www.istegroup.com\/#website\"},\"primaryImageOfPage\":{\"@id\":\"https:\/\/www.istegroup.com\/en\/produit\/transition-energetique-et-innovation\/#primaryimage\"},\"image\":{\"@id\":\"https:\/\/www.istegroup.com\/en\/produit\/transition-energetique-et-innovation\/#primaryimage\"},\"thumbnailUrl\":\"https:\/\/www.istegroup.com\/wp-content\/uploads\/2018\/08\/Lachal_Front-scaled.jpg\",\"datePublished\":\"2018-08-24T13:35:26+00:00\",\"dateModified\":\"2024-01-03T13:42:34+00:00\",\"description\":\"Transition \u00e9nerg\u00e9tique et innovation\u00a0a pour but de convaincre de l\u2019utilit\u00e9 consid\u00e9rable de la d\u00e9marche, \u00e0 la fois sur le plan \u00e9conomique et sur le plan humain.\",\"breadcrumb\":{\"@id\":\"https:\/\/www.istegroup.com\/en\/produit\/transition-energetique-et-innovation\/#breadcrumb\"},\"inLanguage\":\"fr-FR\",\"potentialAction\":[{\"@type\":\"ReadAction\",\"target\":[\"https:\/\/www.istegroup.com\/en\/produit\/transition-energetique-et-innovation\/\"]}]},{\"@type\":\"ImageObject\",\"inLanguage\":\"fr-FR\",\"@id\":\"https:\/\/www.istegroup.com\/en\/produit\/transition-energetique-et-innovation\/#primaryimage\",\"url\":\"https:\/\/www.istegroup.com\/wp-content\/uploads\/2018\/08\/Lachal_Front-scaled.jpg\",\"contentUrl\":\"https:\/\/www.istegroup.com\/wp-content\/uploads\/2018\/08\/Lachal_Front-scaled.jpg\",\"width\":1700,\"height\":2560,\"caption\":\"Les retours d\u2019exp\u00e9rience\"},{\"@type\":\"BreadcrumbList\",\"@id\":\"https:\/\/www.istegroup.com\/en\/produit\/transition-energetique-et-innovation\/#breadcrumb\",\"itemListElement\":[{\"@type\":\"ListItem\",\"position\":1,\"name\":\"Home\",\"item\":\"https:\/\/www.istegroup.com\/\"},{\"@type\":\"ListItem\",\"position\":2,\"name\":\"Shop\",\"item\":\"https:\/\/www.istegroup.com\/fr\/nouveautes\/\"},{\"@type\":\"ListItem\",\"position\":3,\"name\":\"Transition \u00e9nerg\u00e9tique et innovation\"}]},{\"@type\":\"WebSite\",\"@id\":\"https:\/\/www.istegroup.com\/#website\",\"url\":\"https:\/\/www.istegroup.com\/\",\"name\":\"ISTE Group\",\"description\":\"\u00c9diteur des Sciences\",\"potentialAction\":[{\"@type\":\"SearchAction\",\"target\":{\"@type\":\"EntryPoint\",\"urlTemplate\":\"https:\/\/www.istegroup.com\/?s={search_term_string}\"},\"query-input\":{\"@type\":\"PropertyValueSpecification\",\"valueRequired\":true,\"valueName\":\"search_term_string\"}}],\"inLanguage\":\"fr-FR\"}]}<\/script>\n<!-- \/ Yoast SEO plugin. -->","yoast_head_json":{"title":"Transition \u00e9nerg\u00e9tique et innovation - ISTE Group","description":"Transition \u00e9nerg\u00e9tique et innovation\u00a0a pour but de convaincre de l\u2019utilit\u00e9 consid\u00e9rable de la d\u00e9marche, \u00e0 la fois sur le plan \u00e9conomique et sur le plan humain.","robots":{"index":"index","follow":"follow","max-snippet":"max-snippet:-1","max-image-preview":"max-image-preview:large","max-video-preview":"max-video-preview:-1"},"canonical":"https:\/\/www.istegroup.com\/en\/produit\/transition-energetique-et-innovation\/","og_locale":"fr_FR","og_type":"article","og_title":"Transition \u00e9nerg\u00e9tique et innovation - ISTE Group","og_description":"Transition \u00e9nerg\u00e9tique et innovation\u00a0a pour but de convaincre de l\u2019utilit\u00e9 consid\u00e9rable de la d\u00e9marche, \u00e0 la fois sur le plan \u00e9conomique et sur le plan humain.","og_url":"https:\/\/www.istegroup.com\/en\/produit\/transition-energetique-et-innovation\/","og_site_name":"ISTE Group","article_modified_time":"2024-01-03T13:42:34+00:00","og_image":[{"width":1700,"height":2560,"url":"https:\/\/www.istegroup.com\/wp-content\/uploads\/2018\/08\/Lachal_Front-scaled.jpg","type":"image\/jpeg"}],"twitter_card":"summary_large_image","twitter_misc":{"Est. reading time":"1 minute"},"schema":{"@context":"https:\/\/schema.org","@graph":[{"@type":"WebPage","@id":"https:\/\/www.istegroup.com\/en\/produit\/transition-energetique-et-innovation\/","url":"https:\/\/www.istegroup.com\/en\/produit\/transition-energetique-et-innovation\/","name":"Transition \u00e9nerg\u00e9tique et innovation - ISTE Group","isPartOf":{"@id":"https:\/\/www.istegroup.com\/#website"},"primaryImageOfPage":{"@id":"https:\/\/www.istegroup.com\/en\/produit\/transition-energetique-et-innovation\/#primaryimage"},"image":{"@id":"https:\/\/www.istegroup.com\/en\/produit\/transition-energetique-et-innovation\/#primaryimage"},"thumbnailUrl":"https:\/\/www.istegroup.com\/wp-content\/uploads\/2018\/08\/Lachal_Front-scaled.jpg","datePublished":"2018-08-24T13:35:26+00:00","dateModified":"2024-01-03T13:42:34+00:00","description":"Transition \u00e9nerg\u00e9tique et innovation\u00a0a pour but de convaincre de l\u2019utilit\u00e9 consid\u00e9rable de la d\u00e9marche, \u00e0 la fois sur le plan \u00e9conomique et sur le plan humain.","breadcrumb":{"@id":"https:\/\/www.istegroup.com\/en\/produit\/transition-energetique-et-innovation\/#breadcrumb"},"inLanguage":"fr-FR","potentialAction":[{"@type":"ReadAction","target":["https:\/\/www.istegroup.com\/en\/produit\/transition-energetique-et-innovation\/"]}]},{"@type":"ImageObject","inLanguage":"fr-FR","@id":"https:\/\/www.istegroup.com\/en\/produit\/transition-energetique-et-innovation\/#primaryimage","url":"https:\/\/www.istegroup.com\/wp-content\/uploads\/2018\/08\/Lachal_Front-scaled.jpg","contentUrl":"https:\/\/www.istegroup.com\/wp-content\/uploads\/2018\/08\/Lachal_Front-scaled.jpg","width":1700,"height":2560,"caption":"Les retours d\u2019exp\u00e9rience"},{"@type":"BreadcrumbList","@id":"https:\/\/www.istegroup.com\/en\/produit\/transition-energetique-et-innovation\/#breadcrumb","itemListElement":[{"@type":"ListItem","position":1,"name":"Home","item":"https:\/\/www.istegroup.com\/"},{"@type":"ListItem","position":2,"name":"Shop","item":"https:\/\/www.istegroup.com\/fr\/nouveautes\/"},{"@type":"ListItem","position":3,"name":"Transition \u00e9nerg\u00e9tique et innovation"}]},{"@type":"WebSite","@id":"https:\/\/www.istegroup.com\/#website","url":"https:\/\/www.istegroup.com\/","name":"ISTE Group","description":"\u00c9diteur des Sciences","potentialAction":[{"@type":"SearchAction","target":{"@type":"EntryPoint","urlTemplate":"https:\/\/www.istegroup.com\/?s={search_term_string}"},"query-input":{"@type":"PropertyValueSpecification","valueRequired":true,"valueName":"search_term_string"}}],"inLanguage":"fr-FR"}]}},"_links":{"self":[{"href":"https:\/\/www.istegroup.com\/fr\/wp-json\/wp\/v2\/product\/14125","targetHints":{"allow":["GET"]}}],"collection":[{"href":"https:\/\/www.istegroup.com\/fr\/wp-json\/wp\/v2\/product"}],"about":[{"href":"https:\/\/www.istegroup.com\/fr\/wp-json\/wp\/v2\/types\/product"}],"wp:featuredmedia":[{"embeddable":true,"href":"https:\/\/www.istegroup.com\/fr\/wp-json\/wp\/v2\/media\/14131"}],"wp:attachment":[{"href":"https:\/\/www.istegroup.com\/fr\/wp-json\/wp\/v2\/media?parent=14125"}],"wp:term":[{"taxonomy":"product_brand","embeddable":true,"href":"https:\/\/www.istegroup.com\/fr\/wp-json\/wp\/v2\/product_brand?post=14125"},{"taxonomy":"product_cat","embeddable":true,"href":"https:\/\/www.istegroup.com\/fr\/wp-json\/wp\/v2\/product_cat?post=14125"},{"taxonomy":"product_tag","embeddable":true,"href":"https:\/\/www.istegroup.com\/fr\/wp-json\/wp\/v2\/product_tag?post=14125"}],"curies":[{"name":"wp","href":"https:\/\/api.w.org\/{rel}","templated":true}]}}