{"id":14102,"date":"2018-08-24T15:11:14","date_gmt":"2018-08-24T13:11:14","guid":{"rendered":"https:\/\/iste.yhello.co\/?post_type=product&#038;p=14102"},"modified":"2024-01-03T13:42:34","modified_gmt":"2024-01-03T13:42:34","slug":"maillage-modelisation-geometrique-et-simulation-numerique-2","status":"publish","type":"product","link":"https:\/\/www.istegroup.com\/fr\/produit\/maillage-modelisation-geometrique-et-simulation-numerique-2\/","title":{"rendered":"Maillage, mod\u00e9lisation g\u00e9om\u00e9trique et simulation num\u00e9rique 2"},"content":{"rendered":"<p>Les triangulations puis les maillages sont au coeur de nombreux probl\u00e8mes relatifs \u00e0 des disciplines scientifiques vari\u00e9es, ici, les simulations num\u00e9riques.<\/p>\n<p>Dans le\u00a0volume 1, on a pos\u00e9 les bases th\u00e9oriques relatives aux triangulations, aux fonctions de forme des \u00e9l\u00e9ments finis et \u00e0 leurs interpr\u00e9tations en tant que carreaux g\u00e9om\u00e9triques. Ceci a rendu possible la construction d&rsquo;outils permettant la mod\u00e9lisation g\u00e9om\u00e9trique d\u2019objets quelconques.<\/p>\n<p>Dans le volume 2, ces \u00e9l\u00e9ments sont utilis\u00e9s pour aborder les probl\u00e8mes de maillage dans leurs diff\u00e9rentes d\u00e9clinaisons. On fait le lien entre contr\u00f4le d\u2019erreur a\u00a0<em>posteriori<\/em>\u00a0et m\u00e9trique. Les m\u00e9thodes de maillage sont alors revisit\u00e9es au travers de ces m\u00e9triques qui montrent leurs capacit\u00e9s \u00e0 traiter les probl\u00e8mes de construction et d\u2019adaptation de maillage, y compris dans le cas de maillage d\u2019ordre \u00e9lev\u00e9 et de grande taille amenant \u00e0 regarder les questions de parall\u00e9lisation. Des exemples de nature industrielle montrent la pertinence des approches propos\u00e9es.<\/p>\n","protected":false},"excerpt":{"rendered":"<p>Les triangulations puis les maillages sont au coeur de nombreux probl\u00e8mes relatifs \u00e0 des disciplines scientifiques vari\u00e9es, ici, les simulations num\u00e9riques. Dans le\u00a0volume 1, on a pos\u00e9 les bases th\u00e9oriques relatives aux triangulations, aux fonctions de forme des \u00e9l\u00e9ments finis et \u00e0 leurs interpr\u00e9tations en tant que carreaux g\u00e9om\u00e9triques. Ceci a rendu possible la construction [&hellip;]<\/p>\n","protected":false},"featured_media":14114,"template":"","meta":{"_acf_changed":false,"_links_to":"","_links_to_target":""},"product_brand":[],"product_cat":[3262],"product_tag":[],"class_list":{"0":"post-14102","1":"product","2":"type-product","3":"status-publish","4":"has-post-thumbnail","6":"product_cat-non-classe","8":"first","9":"instock","10":"shipping-taxable","11":"purchasable","12":"product-type-variable"},"acf":[],"yoast_head":"<!-- This site is optimized with the Yoast SEO plugin v27.2 - https:\/\/yoast.com\/product\/yoast-seo-wordpress\/ -->\n<title>Maillage, mod\u00e9lisation g\u00e9om\u00e9trique et simulation num\u00e9rique 2 - ISTE Group<\/title>\n<meta name=\"description\" content=\"Dans Maillage, mod\u00e9lisation g\u00e9om\u00e9trique et simulation num\u00e9rique 2, ces \u00e9l\u00e9ments sont utilis\u00e9s pour aborder les probl\u00e8mes de maillage dans leurs diff\u00e9rentes d\u00e9clinaisons.\" \/>\n<meta name=\"robots\" content=\"index, follow, max-snippet:-1, max-image-preview:large, max-video-preview:-1\" \/>\n<link rel=\"canonical\" href=\"https:\/\/www.istegroup.com\/en\/produit\/maillage-modelisation-geometrique-et-simulation-numerique-2\/\" \/>\n<meta property=\"og:locale\" content=\"fr_FR\" \/>\n<meta property=\"og:type\" content=\"article\" \/>\n<meta property=\"og:title\" content=\"Maillage, mod\u00e9lisation g\u00e9om\u00e9trique et simulation num\u00e9rique 2 - ISTE Group\" \/>\n<meta property=\"og:description\" content=\"Dans Maillage, mod\u00e9lisation g\u00e9om\u00e9trique et simulation num\u00e9rique 2, ces \u00e9l\u00e9ments sont utilis\u00e9s pour aborder les probl\u00e8mes de maillage dans leurs diff\u00e9rentes d\u00e9clinaisons.\" \/>\n<meta property=\"og:url\" content=\"https:\/\/www.istegroup.com\/en\/produit\/maillage-modelisation-geometrique-et-simulation-numerique-2\/\" \/>\n<meta property=\"og:site_name\" content=\"ISTE Group\" \/>\n<meta property=\"article:modified_time\" content=\"2024-01-03T13:42:34+00:00\" \/>\n<meta property=\"og:image\" content=\"https:\/\/www.istegroup.com\/wp-content\/uploads\/2018\/08\/Borouchaki_Front-scaled.jpg\" \/>\n\t<meta property=\"og:image:width\" content=\"1702\" \/>\n\t<meta property=\"og:image:height\" content=\"2560\" \/>\n\t<meta property=\"og:image:type\" content=\"image\/jpeg\" \/>\n<meta name=\"twitter:card\" content=\"summary_large_image\" \/>\n<meta name=\"twitter:label1\" content=\"Est. reading time\" \/>\n\t<meta name=\"twitter:data1\" content=\"1 minute\" \/>\n<script type=\"application\/ld+json\" class=\"yoast-schema-graph\">{\"@context\":\"https:\/\/schema.org\",\"@graph\":[{\"@type\":\"WebPage\",\"@id\":\"https:\/\/www.istegroup.com\/en\/produit\/maillage-modelisation-geometrique-et-simulation-numerique-2\/\",\"url\":\"https:\/\/www.istegroup.com\/en\/produit\/maillage-modelisation-geometrique-et-simulation-numerique-2\/\",\"name\":\"Maillage, mod\u00e9lisation g\u00e9om\u00e9trique et simulation num\u00e9rique 2 - ISTE Group\",\"isPartOf\":{\"@id\":\"https:\/\/www.istegroup.com\/#website\"},\"primaryImageOfPage\":{\"@id\":\"https:\/\/www.istegroup.com\/en\/produit\/maillage-modelisation-geometrique-et-simulation-numerique-2\/#primaryimage\"},\"image\":{\"@id\":\"https:\/\/www.istegroup.com\/en\/produit\/maillage-modelisation-geometrique-et-simulation-numerique-2\/#primaryimage\"},\"thumbnailUrl\":\"https:\/\/www.istegroup.com\/wp-content\/uploads\/2018\/08\/Borouchaki_Front-scaled.jpg\",\"datePublished\":\"2018-08-24T13:11:14+00:00\",\"dateModified\":\"2024-01-03T13:42:34+00:00\",\"description\":\"Dans Maillage, mod\u00e9lisation g\u00e9om\u00e9trique et simulation num\u00e9rique 2, ces \u00e9l\u00e9ments sont utilis\u00e9s pour aborder les probl\u00e8mes de maillage dans leurs diff\u00e9rentes d\u00e9clinaisons.\",\"breadcrumb\":{\"@id\":\"https:\/\/www.istegroup.com\/en\/produit\/maillage-modelisation-geometrique-et-simulation-numerique-2\/#breadcrumb\"},\"inLanguage\":\"fr-FR\",\"potentialAction\":[{\"@type\":\"ReadAction\",\"target\":[\"https:\/\/www.istegroup.com\/en\/produit\/maillage-modelisation-geometrique-et-simulation-numerique-2\/\"]}]},{\"@type\":\"ImageObject\",\"inLanguage\":\"fr-FR\",\"@id\":\"https:\/\/www.istegroup.com\/en\/produit\/maillage-modelisation-geometrique-et-simulation-numerique-2\/#primaryimage\",\"url\":\"https:\/\/www.istegroup.com\/wp-content\/uploads\/2018\/08\/Borouchaki_Front-scaled.jpg\",\"contentUrl\":\"https:\/\/www.istegroup.com\/wp-content\/uploads\/2018\/08\/Borouchaki_Front-scaled.jpg\",\"width\":1702,\"height\":2560,\"caption\":\"M\u00e9triques, maillages et adaptation de maillages\"},{\"@type\":\"BreadcrumbList\",\"@id\":\"https:\/\/www.istegroup.com\/en\/produit\/maillage-modelisation-geometrique-et-simulation-numerique-2\/#breadcrumb\",\"itemListElement\":[{\"@type\":\"ListItem\",\"position\":1,\"name\":\"Home\",\"item\":\"https:\/\/www.istegroup.com\/\"},{\"@type\":\"ListItem\",\"position\":2,\"name\":\"Shop\",\"item\":\"https:\/\/www.istegroup.com\/fr\/nouveautes\/\"},{\"@type\":\"ListItem\",\"position\":3,\"name\":\"Maillage, mod\u00e9lisation g\u00e9om\u00e9trique et simulation num\u00e9rique 2\"}]},{\"@type\":\"WebSite\",\"@id\":\"https:\/\/www.istegroup.com\/#website\",\"url\":\"https:\/\/www.istegroup.com\/\",\"name\":\"ISTE Group\",\"description\":\"\u00c9diteur des Sciences\",\"potentialAction\":[{\"@type\":\"SearchAction\",\"target\":{\"@type\":\"EntryPoint\",\"urlTemplate\":\"https:\/\/www.istegroup.com\/?s={search_term_string}\"},\"query-input\":{\"@type\":\"PropertyValueSpecification\",\"valueRequired\":true,\"valueName\":\"search_term_string\"}}],\"inLanguage\":\"fr-FR\"}]}<\/script>\n<!-- \/ Yoast SEO plugin. -->","yoast_head_json":{"title":"Maillage, mod\u00e9lisation g\u00e9om\u00e9trique et simulation num\u00e9rique 2 - ISTE Group","description":"Dans Maillage, mod\u00e9lisation g\u00e9om\u00e9trique et simulation num\u00e9rique 2, ces \u00e9l\u00e9ments sont utilis\u00e9s pour aborder les probl\u00e8mes de maillage dans leurs diff\u00e9rentes d\u00e9clinaisons.","robots":{"index":"index","follow":"follow","max-snippet":"max-snippet:-1","max-image-preview":"max-image-preview:large","max-video-preview":"max-video-preview:-1"},"canonical":"https:\/\/www.istegroup.com\/en\/produit\/maillage-modelisation-geometrique-et-simulation-numerique-2\/","og_locale":"fr_FR","og_type":"article","og_title":"Maillage, mod\u00e9lisation g\u00e9om\u00e9trique et simulation num\u00e9rique 2 - ISTE Group","og_description":"Dans Maillage, mod\u00e9lisation g\u00e9om\u00e9trique et simulation num\u00e9rique 2, ces \u00e9l\u00e9ments sont utilis\u00e9s pour aborder les probl\u00e8mes de maillage dans leurs diff\u00e9rentes d\u00e9clinaisons.","og_url":"https:\/\/www.istegroup.com\/en\/produit\/maillage-modelisation-geometrique-et-simulation-numerique-2\/","og_site_name":"ISTE Group","article_modified_time":"2024-01-03T13:42:34+00:00","og_image":[{"width":1702,"height":2560,"url":"https:\/\/www.istegroup.com\/wp-content\/uploads\/2018\/08\/Borouchaki_Front-scaled.jpg","type":"image\/jpeg"}],"twitter_card":"summary_large_image","twitter_misc":{"Est. reading time":"1 minute"},"schema":{"@context":"https:\/\/schema.org","@graph":[{"@type":"WebPage","@id":"https:\/\/www.istegroup.com\/en\/produit\/maillage-modelisation-geometrique-et-simulation-numerique-2\/","url":"https:\/\/www.istegroup.com\/en\/produit\/maillage-modelisation-geometrique-et-simulation-numerique-2\/","name":"Maillage, mod\u00e9lisation g\u00e9om\u00e9trique et simulation num\u00e9rique 2 - ISTE Group","isPartOf":{"@id":"https:\/\/www.istegroup.com\/#website"},"primaryImageOfPage":{"@id":"https:\/\/www.istegroup.com\/en\/produit\/maillage-modelisation-geometrique-et-simulation-numerique-2\/#primaryimage"},"image":{"@id":"https:\/\/www.istegroup.com\/en\/produit\/maillage-modelisation-geometrique-et-simulation-numerique-2\/#primaryimage"},"thumbnailUrl":"https:\/\/www.istegroup.com\/wp-content\/uploads\/2018\/08\/Borouchaki_Front-scaled.jpg","datePublished":"2018-08-24T13:11:14+00:00","dateModified":"2024-01-03T13:42:34+00:00","description":"Dans Maillage, mod\u00e9lisation g\u00e9om\u00e9trique et simulation num\u00e9rique 2, ces \u00e9l\u00e9ments sont utilis\u00e9s pour aborder les probl\u00e8mes de maillage dans leurs diff\u00e9rentes d\u00e9clinaisons.","breadcrumb":{"@id":"https:\/\/www.istegroup.com\/en\/produit\/maillage-modelisation-geometrique-et-simulation-numerique-2\/#breadcrumb"},"inLanguage":"fr-FR","potentialAction":[{"@type":"ReadAction","target":["https:\/\/www.istegroup.com\/en\/produit\/maillage-modelisation-geometrique-et-simulation-numerique-2\/"]}]},{"@type":"ImageObject","inLanguage":"fr-FR","@id":"https:\/\/www.istegroup.com\/en\/produit\/maillage-modelisation-geometrique-et-simulation-numerique-2\/#primaryimage","url":"https:\/\/www.istegroup.com\/wp-content\/uploads\/2018\/08\/Borouchaki_Front-scaled.jpg","contentUrl":"https:\/\/www.istegroup.com\/wp-content\/uploads\/2018\/08\/Borouchaki_Front-scaled.jpg","width":1702,"height":2560,"caption":"M\u00e9triques, maillages et adaptation de maillages"},{"@type":"BreadcrumbList","@id":"https:\/\/www.istegroup.com\/en\/produit\/maillage-modelisation-geometrique-et-simulation-numerique-2\/#breadcrumb","itemListElement":[{"@type":"ListItem","position":1,"name":"Home","item":"https:\/\/www.istegroup.com\/"},{"@type":"ListItem","position":2,"name":"Shop","item":"https:\/\/www.istegroup.com\/fr\/nouveautes\/"},{"@type":"ListItem","position":3,"name":"Maillage, mod\u00e9lisation g\u00e9om\u00e9trique et simulation num\u00e9rique 2"}]},{"@type":"WebSite","@id":"https:\/\/www.istegroup.com\/#website","url":"https:\/\/www.istegroup.com\/","name":"ISTE Group","description":"\u00c9diteur des Sciences","potentialAction":[{"@type":"SearchAction","target":{"@type":"EntryPoint","urlTemplate":"https:\/\/www.istegroup.com\/?s={search_term_string}"},"query-input":{"@type":"PropertyValueSpecification","valueRequired":true,"valueName":"search_term_string"}}],"inLanguage":"fr-FR"}]}},"_links":{"self":[{"href":"https:\/\/www.istegroup.com\/fr\/wp-json\/wp\/v2\/product\/14102","targetHints":{"allow":["GET"]}}],"collection":[{"href":"https:\/\/www.istegroup.com\/fr\/wp-json\/wp\/v2\/product"}],"about":[{"href":"https:\/\/www.istegroup.com\/fr\/wp-json\/wp\/v2\/types\/product"}],"wp:featuredmedia":[{"embeddable":true,"href":"https:\/\/www.istegroup.com\/fr\/wp-json\/wp\/v2\/media\/14114"}],"wp:attachment":[{"href":"https:\/\/www.istegroup.com\/fr\/wp-json\/wp\/v2\/media?parent=14102"}],"wp:term":[{"taxonomy":"product_brand","embeddable":true,"href":"https:\/\/www.istegroup.com\/fr\/wp-json\/wp\/v2\/product_brand?post=14102"},{"taxonomy":"product_cat","embeddable":true,"href":"https:\/\/www.istegroup.com\/fr\/wp-json\/wp\/v2\/product_cat?post=14102"},{"taxonomy":"product_tag","embeddable":true,"href":"https:\/\/www.istegroup.com\/fr\/wp-json\/wp\/v2\/product_tag?post=14102"}],"curies":[{"name":"wp","href":"https:\/\/api.w.org\/{rel}","templated":true}]}}