{"id":14085,"date":"2018-09-24T14:43:58","date_gmt":"2018-09-24T12:43:58","guid":{"rendered":"https:\/\/iste.yhello.co\/?post_type=product&#038;p=14085"},"modified":"2024-01-03T13:42:34","modified_gmt":"2024-01-03T13:42:34","slug":"detection-des-impacts-toxiques-dans-lenvironnement","status":"publish","type":"product","link":"https:\/\/www.istegroup.com\/fr\/produit\/detection-des-impacts-toxiques-dans-lenvironnement\/","title":{"rendered":"D\u00e9tection des impacts toxiques dans l\u2019environnement"},"content":{"rendered":"<p><em>D\u00e9tection des impacts toxiques dans l\u2019environnement : du terrain \u00e0 la r\u00e8glementation<\/em>\u00a0pr\u00e9sente les d\u00e9veloppements m\u00e9thodologiques et les enjeux r\u00e8glementaires de l\u2019\u00e9cotoxicologie appliqu\u00e9e aux domaines de la surveillance environnementale, du diagnostic et de l\u2019\u00e9valuation des risques pour les \u00e9cosyst\u00e8mes. Des cas particuliers d\u2019application permettent de montrer l\u2019int\u00e9r\u00eat et les limites de ces mesures biologiques, en compl\u00e9ment des analyses physicochimiques.<\/p>\n<p>Cet ouvrage d\u00e9veloppe plus particuli\u00e8rement les avanc\u00e9es scientifiques et techniques pour le d\u00e9veloppement et l\u2019utilisation d\u2019esp\u00e8ces mod\u00e8les (bio-indicateurs) et d\u2019indicateurs \u00e9cotoxicologiques (biomarqueurs et bio-essais) pour chacun des milieux aquatique, a\u00e9rien et terrestre. L\u2019objectif est d\u2019\u00e9valuer l\u2019exposition chimique r\u00e9elle des organismes et les effets biologiques dans diff\u00e9rents habitats.<\/p>\n<p>L\u2019exp\u00e9rience acquise \u00e0 travers l\u2019utilisation de l\u2019\u00e9cotoxicologie \u00ab de terrain \u00bb pour la caract\u00e9risation de l\u2019innocuit\u00e9 des milieux (eau, air, sol) d\u00e9montre que c\u2019est d\u00e9sormais un outil de diagnostic et d\u2019aide \u00e0 la d\u00e9cision, d\u00e9passant le stade de la recherche, pleinement utilisable par la r\u00e8glementation.<\/p>\n","protected":false},"excerpt":{"rendered":"<p>D\u00e9tection des impacts toxiques dans l\u2019environnement : du terrain \u00e0 la r\u00e8glementation\u00a0pr\u00e9sente les d\u00e9veloppements m\u00e9thodologiques et les enjeux r\u00e8glementaires de l\u2019\u00e9cotoxicologie appliqu\u00e9e aux domaines de la surveillance environnementale, du diagnostic et de l\u2019\u00e9valuation des risques pour les \u00e9cosyst\u00e8mes. Des cas particuliers d\u2019application permettent de montrer l\u2019int\u00e9r\u00eat et les limites de ces mesures biologiques, en compl\u00e9ment [&hellip;]<\/p>\n","protected":false},"featured_media":14101,"template":"","meta":{"_acf_changed":false,"_links_to":"","_links_to_target":""},"product_brand":[],"product_cat":[3262],"product_tag":[],"class_list":{"0":"post-14085","1":"product","2":"type-product","3":"status-publish","4":"has-post-thumbnail","6":"product_cat-non-classe","8":"first","9":"instock","10":"shipping-taxable","11":"purchasable","12":"product-type-variable"},"acf":[],"yoast_head":"<!-- This site is optimized with the Yoast SEO plugin v27.2 - https:\/\/yoast.com\/product\/yoast-seo-wordpress\/ -->\n<title>D\u00e9tection des impacts toxiques dans l\u2019environnement - ISTE Group<\/title>\n<meta name=\"description\" content=\"D\u00e9tection des impacts toxiques dans l\u2019environnement\u00a0pr\u00e9sente les d\u00e9veloppements m\u00e9thodologiques et les enjeux r\u00e8glementaires de l\u2019\u00e9cotoxicologie appliqu\u00e9e aux domaines de la surveillance environnementale, du diagnostic et de l\u2019\u00e9valuation des risques pour les \u00e9cosyst\u00e8mes.\" \/>\n<meta name=\"robots\" content=\"index, follow, max-snippet:-1, max-image-preview:large, max-video-preview:-1\" \/>\n<link rel=\"canonical\" href=\"https:\/\/www.istegroup.com\/fr\/produit\/detection-des-impacts-toxiques-dans-lenvironnement\/\" \/>\n<meta property=\"og:locale\" content=\"fr_FR\" \/>\n<meta property=\"og:type\" content=\"article\" \/>\n<meta property=\"og:title\" content=\"D\u00e9tection des impacts toxiques dans l\u2019environnement - ISTE Group\" \/>\n<meta property=\"og:description\" content=\"D\u00e9tection des impacts toxiques dans l\u2019environnement\u00a0pr\u00e9sente les d\u00e9veloppements m\u00e9thodologiques et les enjeux r\u00e8glementaires de l\u2019\u00e9cotoxicologie appliqu\u00e9e aux domaines de la surveillance environnementale, du diagnostic et de l\u2019\u00e9valuation des risques pour les \u00e9cosyst\u00e8mes.\" \/>\n<meta property=\"og:url\" content=\"https:\/\/www.istegroup.com\/fr\/produit\/detection-des-impacts-toxiques-dans-lenvironnement\/\" \/>\n<meta property=\"og:site_name\" content=\"ISTE Group\" \/>\n<meta property=\"article:modified_time\" content=\"2024-01-03T13:42:34+00:00\" \/>\n<meta property=\"og:image\" content=\"https:\/\/www.istegroup.com\/wp-content\/uploads\/2018\/08\/Bispo_Front-scaled.jpg\" \/>\n\t<meta property=\"og:image:width\" content=\"1687\" \/>\n\t<meta property=\"og:image:height\" content=\"2560\" \/>\n\t<meta property=\"og:image:type\" content=\"image\/jpeg\" \/>\n<meta name=\"twitter:card\" content=\"summary_large_image\" \/>\n<meta name=\"twitter:label1\" content=\"Est. reading time\" \/>\n\t<meta name=\"twitter:data1\" content=\"1 minute\" \/>\n<script type=\"application\/ld+json\" class=\"yoast-schema-graph\">{\"@context\":\"https:\/\/schema.org\",\"@graph\":[{\"@type\":\"WebPage\",\"@id\":\"https:\/\/www.istegroup.com\/fr\/produit\/detection-des-impacts-toxiques-dans-lenvironnement\/\",\"url\":\"https:\/\/www.istegroup.com\/fr\/produit\/detection-des-impacts-toxiques-dans-lenvironnement\/\",\"name\":\"D\u00e9tection des impacts toxiques dans l\u2019environnement - ISTE Group\",\"isPartOf\":{\"@id\":\"https:\/\/www.istegroup.com\/#website\"},\"primaryImageOfPage\":{\"@id\":\"https:\/\/www.istegroup.com\/fr\/produit\/detection-des-impacts-toxiques-dans-lenvironnement\/#primaryimage\"},\"image\":{\"@id\":\"https:\/\/www.istegroup.com\/fr\/produit\/detection-des-impacts-toxiques-dans-lenvironnement\/#primaryimage\"},\"thumbnailUrl\":\"https:\/\/www.istegroup.com\/wp-content\/uploads\/2018\/08\/Bispo_Front-scaled.jpg\",\"datePublished\":\"2018-09-24T12:43:58+00:00\",\"dateModified\":\"2024-01-03T13:42:34+00:00\",\"description\":\"D\u00e9tection des impacts toxiques dans l\u2019environnement\u00a0pr\u00e9sente les d\u00e9veloppements m\u00e9thodologiques et les enjeux r\u00e8glementaires de l\u2019\u00e9cotoxicologie appliqu\u00e9e aux domaines de la surveillance environnementale, du diagnostic et de l\u2019\u00e9valuation des risques pour les \u00e9cosyst\u00e8mes.\",\"breadcrumb\":{\"@id\":\"https:\/\/www.istegroup.com\/fr\/produit\/detection-des-impacts-toxiques-dans-lenvironnement\/#breadcrumb\"},\"inLanguage\":\"fr-FR\",\"potentialAction\":[{\"@type\":\"ReadAction\",\"target\":[\"https:\/\/www.istegroup.com\/fr\/produit\/detection-des-impacts-toxiques-dans-lenvironnement\/\"]}]},{\"@type\":\"ImageObject\",\"inLanguage\":\"fr-FR\",\"@id\":\"https:\/\/www.istegroup.com\/fr\/produit\/detection-des-impacts-toxiques-dans-lenvironnement\/#primaryimage\",\"url\":\"https:\/\/www.istegroup.com\/wp-content\/uploads\/2018\/08\/Bispo_Front-scaled.jpg\",\"contentUrl\":\"https:\/\/www.istegroup.com\/wp-content\/uploads\/2018\/08\/Bispo_Front-scaled.jpg\",\"width\":1687,\"height\":2560,\"caption\":\"Du terrain \u00e0 la r\u00e8glementation\"},{\"@type\":\"BreadcrumbList\",\"@id\":\"https:\/\/www.istegroup.com\/fr\/produit\/detection-des-impacts-toxiques-dans-lenvironnement\/#breadcrumb\",\"itemListElement\":[{\"@type\":\"ListItem\",\"position\":1,\"name\":\"Home\",\"item\":\"https:\/\/www.istegroup.com\/\"},{\"@type\":\"ListItem\",\"position\":2,\"name\":\"Shop\",\"item\":\"https:\/\/www.istegroup.com\/fr\/nouveautes\/\"},{\"@type\":\"ListItem\",\"position\":3,\"name\":\"D\u00e9tection des impacts toxiques dans l\u2019environnement\"}]},{\"@type\":\"WebSite\",\"@id\":\"https:\/\/www.istegroup.com\/#website\",\"url\":\"https:\/\/www.istegroup.com\/\",\"name\":\"ISTE Group\",\"description\":\"\u00c9diteur des Sciences\",\"potentialAction\":[{\"@type\":\"SearchAction\",\"target\":{\"@type\":\"EntryPoint\",\"urlTemplate\":\"https:\/\/www.istegroup.com\/?s={search_term_string}\"},\"query-input\":{\"@type\":\"PropertyValueSpecification\",\"valueRequired\":true,\"valueName\":\"search_term_string\"}}],\"inLanguage\":\"fr-FR\"}]}<\/script>\n<!-- \/ Yoast SEO plugin. -->","yoast_head_json":{"title":"D\u00e9tection des impacts toxiques dans l\u2019environnement - ISTE Group","description":"D\u00e9tection des impacts toxiques dans l\u2019environnement\u00a0pr\u00e9sente les d\u00e9veloppements m\u00e9thodologiques et les enjeux r\u00e8glementaires de l\u2019\u00e9cotoxicologie appliqu\u00e9e aux domaines de la surveillance environnementale, du diagnostic et de l\u2019\u00e9valuation des risques pour les \u00e9cosyst\u00e8mes.","robots":{"index":"index","follow":"follow","max-snippet":"max-snippet:-1","max-image-preview":"max-image-preview:large","max-video-preview":"max-video-preview:-1"},"canonical":"https:\/\/www.istegroup.com\/fr\/produit\/detection-des-impacts-toxiques-dans-lenvironnement\/","og_locale":"fr_FR","og_type":"article","og_title":"D\u00e9tection des impacts toxiques dans l\u2019environnement - ISTE Group","og_description":"D\u00e9tection des impacts toxiques dans l\u2019environnement\u00a0pr\u00e9sente les d\u00e9veloppements m\u00e9thodologiques et les enjeux r\u00e8glementaires de l\u2019\u00e9cotoxicologie appliqu\u00e9e aux domaines de la surveillance environnementale, du diagnostic et de l\u2019\u00e9valuation des risques pour les \u00e9cosyst\u00e8mes.","og_url":"https:\/\/www.istegroup.com\/fr\/produit\/detection-des-impacts-toxiques-dans-lenvironnement\/","og_site_name":"ISTE Group","article_modified_time":"2024-01-03T13:42:34+00:00","og_image":[{"width":1687,"height":2560,"url":"https:\/\/www.istegroup.com\/wp-content\/uploads\/2018\/08\/Bispo_Front-scaled.jpg","type":"image\/jpeg"}],"twitter_card":"summary_large_image","twitter_misc":{"Est. reading time":"1 minute"},"schema":{"@context":"https:\/\/schema.org","@graph":[{"@type":"WebPage","@id":"https:\/\/www.istegroup.com\/fr\/produit\/detection-des-impacts-toxiques-dans-lenvironnement\/","url":"https:\/\/www.istegroup.com\/fr\/produit\/detection-des-impacts-toxiques-dans-lenvironnement\/","name":"D\u00e9tection des impacts toxiques dans l\u2019environnement - ISTE Group","isPartOf":{"@id":"https:\/\/www.istegroup.com\/#website"},"primaryImageOfPage":{"@id":"https:\/\/www.istegroup.com\/fr\/produit\/detection-des-impacts-toxiques-dans-lenvironnement\/#primaryimage"},"image":{"@id":"https:\/\/www.istegroup.com\/fr\/produit\/detection-des-impacts-toxiques-dans-lenvironnement\/#primaryimage"},"thumbnailUrl":"https:\/\/www.istegroup.com\/wp-content\/uploads\/2018\/08\/Bispo_Front-scaled.jpg","datePublished":"2018-09-24T12:43:58+00:00","dateModified":"2024-01-03T13:42:34+00:00","description":"D\u00e9tection des impacts toxiques dans l\u2019environnement\u00a0pr\u00e9sente les d\u00e9veloppements m\u00e9thodologiques et les enjeux r\u00e8glementaires de l\u2019\u00e9cotoxicologie appliqu\u00e9e aux domaines de la surveillance environnementale, du diagnostic et de l\u2019\u00e9valuation des risques pour les \u00e9cosyst\u00e8mes.","breadcrumb":{"@id":"https:\/\/www.istegroup.com\/fr\/produit\/detection-des-impacts-toxiques-dans-lenvironnement\/#breadcrumb"},"inLanguage":"fr-FR","potentialAction":[{"@type":"ReadAction","target":["https:\/\/www.istegroup.com\/fr\/produit\/detection-des-impacts-toxiques-dans-lenvironnement\/"]}]},{"@type":"ImageObject","inLanguage":"fr-FR","@id":"https:\/\/www.istegroup.com\/fr\/produit\/detection-des-impacts-toxiques-dans-lenvironnement\/#primaryimage","url":"https:\/\/www.istegroup.com\/wp-content\/uploads\/2018\/08\/Bispo_Front-scaled.jpg","contentUrl":"https:\/\/www.istegroup.com\/wp-content\/uploads\/2018\/08\/Bispo_Front-scaled.jpg","width":1687,"height":2560,"caption":"Du terrain \u00e0 la r\u00e8glementation"},{"@type":"BreadcrumbList","@id":"https:\/\/www.istegroup.com\/fr\/produit\/detection-des-impacts-toxiques-dans-lenvironnement\/#breadcrumb","itemListElement":[{"@type":"ListItem","position":1,"name":"Home","item":"https:\/\/www.istegroup.com\/"},{"@type":"ListItem","position":2,"name":"Shop","item":"https:\/\/www.istegroup.com\/fr\/nouveautes\/"},{"@type":"ListItem","position":3,"name":"D\u00e9tection des impacts toxiques dans l\u2019environnement"}]},{"@type":"WebSite","@id":"https:\/\/www.istegroup.com\/#website","url":"https:\/\/www.istegroup.com\/","name":"ISTE Group","description":"\u00c9diteur des Sciences","potentialAction":[{"@type":"SearchAction","target":{"@type":"EntryPoint","urlTemplate":"https:\/\/www.istegroup.com\/?s={search_term_string}"},"query-input":{"@type":"PropertyValueSpecification","valueRequired":true,"valueName":"search_term_string"}}],"inLanguage":"fr-FR"}]}},"_links":{"self":[{"href":"https:\/\/www.istegroup.com\/fr\/wp-json\/wp\/v2\/product\/14085","targetHints":{"allow":["GET"]}}],"collection":[{"href":"https:\/\/www.istegroup.com\/fr\/wp-json\/wp\/v2\/product"}],"about":[{"href":"https:\/\/www.istegroup.com\/fr\/wp-json\/wp\/v2\/types\/product"}],"wp:featuredmedia":[{"embeddable":true,"href":"https:\/\/www.istegroup.com\/fr\/wp-json\/wp\/v2\/media\/14101"}],"wp:attachment":[{"href":"https:\/\/www.istegroup.com\/fr\/wp-json\/wp\/v2\/media?parent=14085"}],"wp:term":[{"taxonomy":"product_brand","embeddable":true,"href":"https:\/\/www.istegroup.com\/fr\/wp-json\/wp\/v2\/product_brand?post=14085"},{"taxonomy":"product_cat","embeddable":true,"href":"https:\/\/www.istegroup.com\/fr\/wp-json\/wp\/v2\/product_cat?post=14085"},{"taxonomy":"product_tag","embeddable":true,"href":"https:\/\/www.istegroup.com\/fr\/wp-json\/wp\/v2\/product_tag?post=14085"}],"curies":[{"name":"wp","href":"https:\/\/api.w.org\/{rel}","templated":true}]}}