{"id":13910,"date":"2018-07-17T13:18:15","date_gmt":"2018-07-17T11:18:15","guid":{"rendered":"https:\/\/iste.yhello.co\/?post_type=product&#038;p=13910"},"modified":"2024-01-03T13:42:33","modified_gmt":"2024-01-03T13:42:33","slug":"equations-du-mouvement-4","status":"publish","type":"product","link":"https:\/\/www.istegroup.com\/fr\/produit\/equations-du-mouvement-4\/","title":{"rendered":"\u00c9quations du mouvement 4"},"content":{"rendered":"<p>Ce volume s\u2019appuie sur les acquis du troisi\u00e8me volume o\u00f9 est pr\u00e9sent\u00e9 le principe fondamental de la dynamique dans son application au mouvement des solides ind\u00e9formables, avec ses diverses cons\u00e9quences scalaires dont sont issues les \u00e9quations du mouvement.<\/p>\n<p>Lors de son \u00e9volution, un corps se retrouve parfois dans des situations d\u2019\u00e9quilibre, statiques ou sous forme de mouvements uniformes dits stationnaires, dont la stabilit\u00e9, c\u2019est-\u00e0-dire l\u2019aptitude \u00e0 se maintenir, doit \u00eatre \u00e9valu\u00e9e si ce corps est soumis \u00e0 des sollicitations qui tendent \u00e0 l\u2019en \u00e9carter. Ces sollicitations induisent des petits mouvements oscillatoires qui peuvent soit ramener le corps dans son \u00e9tat d\u2019\u00e9quilibre, soit s\u2019amplifier et rompre cet \u00e9quilibre.<\/p>\n<p><em>\u00c9quations du mouvement 4<\/em>\u00a0est consacr\u00e9 \u00e0 l\u2019\u00e9tude de ces \u00e9quilibres et de ces petits mouvements. Il examine comment la combinaison de composants oscillatoires dans un m\u00eame dispositif peut conduire \u00e0 des syst\u00e8mes stabilis\u00e9s et stabilisateurs comme le gyroscope.<\/p>\n","protected":false},"excerpt":{"rendered":"<p>Ce volume s\u2019appuie sur les acquis du troisi\u00e8me volume o\u00f9 est pr\u00e9sent\u00e9 le principe fondamental de la dynamique dans son application au mouvement des solides ind\u00e9formables, avec ses diverses cons\u00e9quences scalaires dont sont issues les \u00e9quations du mouvement. Lors de son \u00e9volution, un corps se retrouve parfois dans des situations d\u2019\u00e9quilibre, statiques ou sous forme [&hellip;]<\/p>\n","protected":false},"featured_media":22966,"template":"","meta":{"_acf_changed":false,"_links_to":"","_links_to_target":""},"product_brand":[],"product_cat":[3262],"product_tag":[],"class_list":{"0":"post-13910","1":"product","2":"type-product","3":"status-publish","4":"has-post-thumbnail","6":"product_cat-non-classe","8":"first","9":"instock","10":"shipping-taxable","11":"purchasable","12":"product-type-variable"},"acf":[],"yoast_head":"<!-- This site is optimized with the Yoast SEO plugin v27.2 - https:\/\/yoast.com\/product\/yoast-seo-wordpress\/ -->\n<title>\u00c9quations du mouvement 4 - ISTE Group<\/title>\n<meta name=\"description\" content=\"\u00c9quations du mouvement 4\u00a0examine comment la combinaison de composants oscillatoires dans un m\u00eame dispositif peut conduire \u00e0 des syst\u00e8mes stabilis\u00e9s et stabilisateurs comme le gyroscope.\" \/>\n<meta name=\"robots\" content=\"index, follow, max-snippet:-1, max-image-preview:large, max-video-preview:-1\" \/>\n<link rel=\"canonical\" href=\"https:\/\/www.istegroup.com\/fr\/produit\/equations-du-mouvement-4\/\" \/>\n<meta property=\"og:locale\" content=\"fr_FR\" \/>\n<meta property=\"og:type\" content=\"article\" \/>\n<meta property=\"og:title\" content=\"\u00c9quations du mouvement 4 - ISTE Group\" \/>\n<meta property=\"og:description\" content=\"\u00c9quations du mouvement 4\u00a0examine comment la combinaison de composants oscillatoires dans un m\u00eame dispositif peut conduire \u00e0 des syst\u00e8mes stabilis\u00e9s et stabilisateurs comme le gyroscope.\" \/>\n<meta property=\"og:url\" content=\"https:\/\/www.istegroup.com\/fr\/produit\/equations-du-mouvement-4\/\" \/>\n<meta property=\"og:site_name\" content=\"ISTE Group\" \/>\n<meta property=\"article:modified_time\" content=\"2024-01-03T13:42:33+00:00\" \/>\n<meta property=\"og:image\" content=\"https:\/\/www.istegroup.com\/wp-content\/uploads\/2019\/09\/\u00c9quations-du-mouvement-4.jpg\" \/>\n\t<meta property=\"og:image:width\" content=\"300\" \/>\n\t<meta property=\"og:image:height\" content=\"451\" \/>\n\t<meta property=\"og:image:type\" content=\"image\/jpeg\" \/>\n<meta name=\"twitter:card\" content=\"summary_large_image\" \/>\n<meta name=\"twitter:label1\" content=\"Est. reading time\" \/>\n\t<meta name=\"twitter:data1\" content=\"1 minute\" \/>\n<script type=\"application\/ld+json\" class=\"yoast-schema-graph\">{\"@context\":\"https:\/\/schema.org\",\"@graph\":[{\"@type\":\"WebPage\",\"@id\":\"https:\/\/www.istegroup.com\/fr\/produit\/equations-du-mouvement-4\/\",\"url\":\"https:\/\/www.istegroup.com\/fr\/produit\/equations-du-mouvement-4\/\",\"name\":\"\u00c9quations du mouvement 4 - ISTE Group\",\"isPartOf\":{\"@id\":\"https:\/\/www.istegroup.com\/#website\"},\"primaryImageOfPage\":{\"@id\":\"https:\/\/www.istegroup.com\/fr\/produit\/equations-du-mouvement-4\/#primaryimage\"},\"image\":{\"@id\":\"https:\/\/www.istegroup.com\/fr\/produit\/equations-du-mouvement-4\/#primaryimage\"},\"thumbnailUrl\":\"https:\/\/www.istegroup.com\/wp-content\/uploads\/2019\/09\/\u00c9quations-du-mouvement-4.jpg\",\"datePublished\":\"2018-07-17T11:18:15+00:00\",\"dateModified\":\"2024-01-03T13:42:33+00:00\",\"description\":\"\u00c9quations du mouvement 4\u00a0examine comment la combinaison de composants oscillatoires dans un m\u00eame dispositif peut conduire \u00e0 des syst\u00e8mes stabilis\u00e9s et stabilisateurs comme le gyroscope.\",\"breadcrumb\":{\"@id\":\"https:\/\/www.istegroup.com\/fr\/produit\/equations-du-mouvement-4\/#breadcrumb\"},\"inLanguage\":\"fr-FR\",\"potentialAction\":[{\"@type\":\"ReadAction\",\"target\":[\"https:\/\/www.istegroup.com\/fr\/produit\/equations-du-mouvement-4\/\"]}]},{\"@type\":\"ImageObject\",\"inLanguage\":\"fr-FR\",\"@id\":\"https:\/\/www.istegroup.com\/fr\/produit\/equations-du-mouvement-4\/#primaryimage\",\"url\":\"https:\/\/www.istegroup.com\/wp-content\/uploads\/2019\/09\/\u00c9quations-du-mouvement-4.jpg\",\"contentUrl\":\"https:\/\/www.istegroup.com\/wp-content\/uploads\/2019\/09\/\u00c9quations-du-mouvement-4.jpg\",\"width\":300,\"height\":451,\"caption\":\"\u00c9quilibre et petits mouvements\"},{\"@type\":\"BreadcrumbList\",\"@id\":\"https:\/\/www.istegroup.com\/fr\/produit\/equations-du-mouvement-4\/#breadcrumb\",\"itemListElement\":[{\"@type\":\"ListItem\",\"position\":1,\"name\":\"Home\",\"item\":\"https:\/\/www.istegroup.com\/\"},{\"@type\":\"ListItem\",\"position\":2,\"name\":\"Shop\",\"item\":\"https:\/\/www.istegroup.com\/fr\/nouveautes\/\"},{\"@type\":\"ListItem\",\"position\":3,\"name\":\"\u00c9quations du mouvement 4\"}]},{\"@type\":\"WebSite\",\"@id\":\"https:\/\/www.istegroup.com\/#website\",\"url\":\"https:\/\/www.istegroup.com\/\",\"name\":\"ISTE Group\",\"description\":\"\u00c9diteur des Sciences\",\"potentialAction\":[{\"@type\":\"SearchAction\",\"target\":{\"@type\":\"EntryPoint\",\"urlTemplate\":\"https:\/\/www.istegroup.com\/?s={search_term_string}\"},\"query-input\":{\"@type\":\"PropertyValueSpecification\",\"valueRequired\":true,\"valueName\":\"search_term_string\"}}],\"inLanguage\":\"fr-FR\"}]}<\/script>\n<!-- \/ Yoast SEO plugin. -->","yoast_head_json":{"title":"\u00c9quations du mouvement 4 - ISTE Group","description":"\u00c9quations du mouvement 4\u00a0examine comment la combinaison de composants oscillatoires dans un m\u00eame dispositif peut conduire \u00e0 des syst\u00e8mes stabilis\u00e9s et stabilisateurs comme le gyroscope.","robots":{"index":"index","follow":"follow","max-snippet":"max-snippet:-1","max-image-preview":"max-image-preview:large","max-video-preview":"max-video-preview:-1"},"canonical":"https:\/\/www.istegroup.com\/fr\/produit\/equations-du-mouvement-4\/","og_locale":"fr_FR","og_type":"article","og_title":"\u00c9quations du mouvement 4 - ISTE Group","og_description":"\u00c9quations du mouvement 4\u00a0examine comment la combinaison de composants oscillatoires dans un m\u00eame dispositif peut conduire \u00e0 des syst\u00e8mes stabilis\u00e9s et stabilisateurs comme le gyroscope.","og_url":"https:\/\/www.istegroup.com\/fr\/produit\/equations-du-mouvement-4\/","og_site_name":"ISTE Group","article_modified_time":"2024-01-03T13:42:33+00:00","og_image":[{"width":300,"height":451,"url":"https:\/\/www.istegroup.com\/wp-content\/uploads\/2019\/09\/\u00c9quations-du-mouvement-4.jpg","type":"image\/jpeg"}],"twitter_card":"summary_large_image","twitter_misc":{"Est. reading time":"1 minute"},"schema":{"@context":"https:\/\/schema.org","@graph":[{"@type":"WebPage","@id":"https:\/\/www.istegroup.com\/fr\/produit\/equations-du-mouvement-4\/","url":"https:\/\/www.istegroup.com\/fr\/produit\/equations-du-mouvement-4\/","name":"\u00c9quations du mouvement 4 - ISTE Group","isPartOf":{"@id":"https:\/\/www.istegroup.com\/#website"},"primaryImageOfPage":{"@id":"https:\/\/www.istegroup.com\/fr\/produit\/equations-du-mouvement-4\/#primaryimage"},"image":{"@id":"https:\/\/www.istegroup.com\/fr\/produit\/equations-du-mouvement-4\/#primaryimage"},"thumbnailUrl":"https:\/\/www.istegroup.com\/wp-content\/uploads\/2019\/09\/\u00c9quations-du-mouvement-4.jpg","datePublished":"2018-07-17T11:18:15+00:00","dateModified":"2024-01-03T13:42:33+00:00","description":"\u00c9quations du mouvement 4\u00a0examine comment la combinaison de composants oscillatoires dans un m\u00eame dispositif peut conduire \u00e0 des syst\u00e8mes stabilis\u00e9s et stabilisateurs comme le gyroscope.","breadcrumb":{"@id":"https:\/\/www.istegroup.com\/fr\/produit\/equations-du-mouvement-4\/#breadcrumb"},"inLanguage":"fr-FR","potentialAction":[{"@type":"ReadAction","target":["https:\/\/www.istegroup.com\/fr\/produit\/equations-du-mouvement-4\/"]}]},{"@type":"ImageObject","inLanguage":"fr-FR","@id":"https:\/\/www.istegroup.com\/fr\/produit\/equations-du-mouvement-4\/#primaryimage","url":"https:\/\/www.istegroup.com\/wp-content\/uploads\/2019\/09\/\u00c9quations-du-mouvement-4.jpg","contentUrl":"https:\/\/www.istegroup.com\/wp-content\/uploads\/2019\/09\/\u00c9quations-du-mouvement-4.jpg","width":300,"height":451,"caption":"\u00c9quilibre et petits mouvements"},{"@type":"BreadcrumbList","@id":"https:\/\/www.istegroup.com\/fr\/produit\/equations-du-mouvement-4\/#breadcrumb","itemListElement":[{"@type":"ListItem","position":1,"name":"Home","item":"https:\/\/www.istegroup.com\/"},{"@type":"ListItem","position":2,"name":"Shop","item":"https:\/\/www.istegroup.com\/fr\/nouveautes\/"},{"@type":"ListItem","position":3,"name":"\u00c9quations du mouvement 4"}]},{"@type":"WebSite","@id":"https:\/\/www.istegroup.com\/#website","url":"https:\/\/www.istegroup.com\/","name":"ISTE Group","description":"\u00c9diteur des Sciences","potentialAction":[{"@type":"SearchAction","target":{"@type":"EntryPoint","urlTemplate":"https:\/\/www.istegroup.com\/?s={search_term_string}"},"query-input":{"@type":"PropertyValueSpecification","valueRequired":true,"valueName":"search_term_string"}}],"inLanguage":"fr-FR"}]}},"_links":{"self":[{"href":"https:\/\/www.istegroup.com\/fr\/wp-json\/wp\/v2\/product\/13910","targetHints":{"allow":["GET"]}}],"collection":[{"href":"https:\/\/www.istegroup.com\/fr\/wp-json\/wp\/v2\/product"}],"about":[{"href":"https:\/\/www.istegroup.com\/fr\/wp-json\/wp\/v2\/types\/product"}],"wp:featuredmedia":[{"embeddable":true,"href":"https:\/\/www.istegroup.com\/fr\/wp-json\/wp\/v2\/media\/22966"}],"wp:attachment":[{"href":"https:\/\/www.istegroup.com\/fr\/wp-json\/wp\/v2\/media?parent=13910"}],"wp:term":[{"taxonomy":"product_brand","embeddable":true,"href":"https:\/\/www.istegroup.com\/fr\/wp-json\/wp\/v2\/product_brand?post=13910"},{"taxonomy":"product_cat","embeddable":true,"href":"https:\/\/www.istegroup.com\/fr\/wp-json\/wp\/v2\/product_cat?post=13910"},{"taxonomy":"product_tag","embeddable":true,"href":"https:\/\/www.istegroup.com\/fr\/wp-json\/wp\/v2\/product_tag?post=13910"}],"curies":[{"name":"wp","href":"https:\/\/api.w.org\/{rel}","templated":true}]}}