{"id":139,"date":"2017-07-28T10:34:16","date_gmt":"2017-07-28T08:34:16","guid":{"rendered":"https:\/\/iste.yhello.co\/product\/changement-climatique\/"},"modified":"2024-01-03T13:38:37","modified_gmt":"2024-01-03T13:38:37","slug":"changement-climatique","status":"publish","type":"product","link":"https:\/\/www.istegroup.com\/fr\/produit\/changement-climatique\/","title":{"rendered":"Changement climatique"},"content":{"rendered":"<p>Selon certains sc\u00e9narios d\u2019\u00e9missions de CO2, la concentration atmosph\u00e9rique future pourrait tripler d\u2019ici la fin du si\u00e8cle.<\/p>\n<p>Les tr\u00e8s grands mod\u00e8les num\u00e9riques destin\u00e9s \u00e0 effectuer les projections climatiques correspondantes sont con\u00e7us et quantifi\u00e9s \u00e0 partir des lois de la physique. Malheureusement, beaucoup de celles-ci, relatives \u00e0 la gen\u00e8se des nuages, aux modalit\u00e9s de l\u2019effet de serre, ou \u00e0 l\u2019intervention de l\u2019activit\u00e9 solaire, sont encore mal \u00e9tablies.<\/p>\n<p>Cet ouvrage traite de la mod\u00e9lisation climatique autrement : par les techniques \u00e9prouv\u00e9es de l\u2019identification des syst\u00e8mes dynamiques, selon l\u2019optique bo\u00eete noire. A partir des observations climatiques mill\u00e9naires, les mod\u00e8les globaux obtenus sont valid\u00e9s statistiquement et confort\u00e9s par les simulations qui en r\u00e9sultent.<\/p>\n<p>Ce livre apporte ainsi des \u00e9l\u00e9ments constructifs, reproductibles par tout adepte de la simulation num\u00e9rique, climatologue expert ou non. Il est accessible \u00e0 tout lecteur int\u00e9ress\u00e9 par la question climatique.<\/p>\n","protected":false},"excerpt":{"rendered":"<p>Selon certains sc\u00e9narios d\u2019\u00e9missions de CO2, la concentration atmosph\u00e9rique future pourrait tripler d\u2019ici la fin du si\u00e8cle. Les tr\u00e8s grands mod\u00e8les num\u00e9riques destin\u00e9s \u00e0 effectuer les projections climatiques correspondantes sont con\u00e7us et quantifi\u00e9s \u00e0 partir des lois de la physique. Malheureusement, beaucoup de celles-ci, relatives \u00e0 la gen\u00e8se des nuages, aux modalit\u00e9s de l\u2019effet de [&hellip;]<\/p>\n","protected":false},"featured_media":140,"template":"","meta":{"_acf_changed":false,"_links_to":"","_links_to_target":""},"product_brand":[],"product_cat":[705],"product_tag":[918,919,920,884,921,922,31,18,19,218,20,897,329,21,22,26,27,923,924,28,29,925,926],"class_list":{"0":"post-139","1":"product","2":"type-product","3":"status-publish","4":"has-post-thumbnail","6":"product_cat-systme-terre-environnement-27112280","7":"product_tag-activite-solaire","8":"product_tag-bilan-energetique","9":"product_tag-changement-climatique","10":"product_tag-climat","11":"product_tag-concentration-atmospherique","12":"product_tag-donnees-climatiques","13":"product_tag-ebook","14":"product_tag-edition-scientifique","15":"product_tag-editions-francaise","16":"product_tag-editions-ouvrage","17":"product_tag-editions-technique","18":"product_tag-effet-de-serre","19":"product_tag-environnement","20":"product_tag-iste-group","21":"product_tag-istegroup","22":"product_tag-livre-scientifique-francais","23":"product_tag-livre-technique-francais","24":"product_tag-modelisation-climatique","25":"product_tag-observations-climatiques","26":"product_tag-ouvrage-scientifique-francais","27":"product_tag-ouvrage-technique","28":"product_tag-philippe-de-larminat","29":"product_tag-projections-climatiques","31":"first","32":"instock","33":"shipping-taxable","34":"purchasable","35":"product-type-variable"},"acf":[],"yoast_head":"<!-- This site is optimized with the Yoast SEO plugin v27.2 - https:\/\/yoast.com\/product\/yoast-seo-wordpress\/ -->\n<title>Changement climatique - ISTE Group<\/title>\n<meta name=\"description\" content=\"Changement climatique traite de la mod\u00e9lisation climatique autrement, par les techniques \u00e9prouv\u00e9es de l\u2019identification des syst\u00e8mes dynamiques.\" \/>\n<meta name=\"robots\" content=\"index, follow, max-snippet:-1, max-image-preview:large, max-video-preview:-1\" \/>\n<link rel=\"canonical\" href=\"https:\/\/www.istegroup.com\/en\/produit\/changement-climatique\/\" \/>\n<meta property=\"og:locale\" content=\"fr_FR\" \/>\n<meta property=\"og:type\" content=\"article\" \/>\n<meta property=\"og:title\" content=\"Changement climatique - ISTE Group\" \/>\n<meta property=\"og:description\" content=\"Changement climatique traite de la mod\u00e9lisation climatique autrement, par les techniques \u00e9prouv\u00e9es de l\u2019identification des syst\u00e8mes dynamiques.\" \/>\n<meta property=\"og:url\" content=\"https:\/\/www.istegroup.com\/en\/produit\/changement-climatique\/\" \/>\n<meta property=\"og:site_name\" content=\"ISTE Group\" \/>\n<meta property=\"article:modified_time\" content=\"2024-01-03T13:38:37+00:00\" \/>\n<meta property=\"og:image\" content=\"https:\/\/www.istegroup.com\/wp-content\/uploads\/2017\/07\/1118598976_361774925-1.jpg\" \/>\n\t<meta property=\"og:image:width\" content=\"300\" \/>\n\t<meta property=\"og:image:height\" content=\"453\" \/>\n\t<meta property=\"og:image:type\" content=\"image\/jpeg\" \/>\n<meta name=\"twitter:card\" content=\"summary_large_image\" \/>\n<meta name=\"twitter:label1\" content=\"Est. reading time\" \/>\n\t<meta name=\"twitter:data1\" content=\"1 minute\" \/>\n<script type=\"application\/ld+json\" class=\"yoast-schema-graph\">{\"@context\":\"https:\/\/schema.org\",\"@graph\":[{\"@type\":\"WebPage\",\"@id\":\"https:\/\/www.istegroup.com\/en\/produit\/changement-climatique\/\",\"url\":\"https:\/\/www.istegroup.com\/en\/produit\/changement-climatique\/\",\"name\":\"Changement climatique - ISTE Group\",\"isPartOf\":{\"@id\":\"https:\/\/www.istegroup.com\/#website\"},\"primaryImageOfPage\":{\"@id\":\"https:\/\/www.istegroup.com\/en\/produit\/changement-climatique\/#primaryimage\"},\"image\":{\"@id\":\"https:\/\/www.istegroup.com\/en\/produit\/changement-climatique\/#primaryimage\"},\"thumbnailUrl\":\"https:\/\/www.istegroup.com\/wp-content\/uploads\/2017\/07\/1118598976_361774925-1.jpg\",\"datePublished\":\"2017-07-28T08:34:16+00:00\",\"dateModified\":\"2024-01-03T13:38:37+00:00\",\"description\":\"Changement climatique traite de la mod\u00e9lisation climatique autrement, par les techniques \u00e9prouv\u00e9es de l\u2019identification des syst\u00e8mes dynamiques.\",\"breadcrumb\":{\"@id\":\"https:\/\/www.istegroup.com\/en\/produit\/changement-climatique\/#breadcrumb\"},\"inLanguage\":\"fr-FR\",\"potentialAction\":[{\"@type\":\"ReadAction\",\"target\":[\"https:\/\/www.istegroup.com\/en\/produit\/changement-climatique\/\"]}]},{\"@type\":\"ImageObject\",\"inLanguage\":\"fr-FR\",\"@id\":\"https:\/\/www.istegroup.com\/en\/produit\/changement-climatique\/#primaryimage\",\"url\":\"https:\/\/www.istegroup.com\/wp-content\/uploads\/2017\/07\/1118598976_361774925-1.jpg\",\"contentUrl\":\"https:\/\/www.istegroup.com\/wp-content\/uploads\/2017\/07\/1118598976_361774925-1.jpg\",\"width\":300,\"height\":453,\"caption\":\"Identification et projections\"},{\"@type\":\"BreadcrumbList\",\"@id\":\"https:\/\/www.istegroup.com\/en\/produit\/changement-climatique\/#breadcrumb\",\"itemListElement\":[{\"@type\":\"ListItem\",\"position\":1,\"name\":\"Home\",\"item\":\"https:\/\/www.istegroup.com\/\"},{\"@type\":\"ListItem\",\"position\":2,\"name\":\"Shop\",\"item\":\"https:\/\/www.istegroup.com\/fr\/nouveautes\/\"},{\"@type\":\"ListItem\",\"position\":3,\"name\":\"Changement climatique\"}]},{\"@type\":\"WebSite\",\"@id\":\"https:\/\/www.istegroup.com\/#website\",\"url\":\"https:\/\/www.istegroup.com\/\",\"name\":\"ISTE Group\",\"description\":\"\u00c9diteur des Sciences\",\"potentialAction\":[{\"@type\":\"SearchAction\",\"target\":{\"@type\":\"EntryPoint\",\"urlTemplate\":\"https:\/\/www.istegroup.com\/?s={search_term_string}\"},\"query-input\":{\"@type\":\"PropertyValueSpecification\",\"valueRequired\":true,\"valueName\":\"search_term_string\"}}],\"inLanguage\":\"fr-FR\"}]}<\/script>\n<!-- \/ Yoast SEO plugin. -->","yoast_head_json":{"title":"Changement climatique - ISTE Group","description":"Changement climatique traite de la mod\u00e9lisation climatique autrement, par les techniques \u00e9prouv\u00e9es de l\u2019identification des syst\u00e8mes dynamiques.","robots":{"index":"index","follow":"follow","max-snippet":"max-snippet:-1","max-image-preview":"max-image-preview:large","max-video-preview":"max-video-preview:-1"},"canonical":"https:\/\/www.istegroup.com\/en\/produit\/changement-climatique\/","og_locale":"fr_FR","og_type":"article","og_title":"Changement climatique - ISTE Group","og_description":"Changement climatique traite de la mod\u00e9lisation climatique autrement, par les techniques \u00e9prouv\u00e9es de l\u2019identification des syst\u00e8mes dynamiques.","og_url":"https:\/\/www.istegroup.com\/en\/produit\/changement-climatique\/","og_site_name":"ISTE Group","article_modified_time":"2024-01-03T13:38:37+00:00","og_image":[{"width":300,"height":453,"url":"https:\/\/www.istegroup.com\/wp-content\/uploads\/2017\/07\/1118598976_361774925-1.jpg","type":"image\/jpeg"}],"twitter_card":"summary_large_image","twitter_misc":{"Est. reading time":"1 minute"},"schema":{"@context":"https:\/\/schema.org","@graph":[{"@type":"WebPage","@id":"https:\/\/www.istegroup.com\/en\/produit\/changement-climatique\/","url":"https:\/\/www.istegroup.com\/en\/produit\/changement-climatique\/","name":"Changement climatique - ISTE Group","isPartOf":{"@id":"https:\/\/www.istegroup.com\/#website"},"primaryImageOfPage":{"@id":"https:\/\/www.istegroup.com\/en\/produit\/changement-climatique\/#primaryimage"},"image":{"@id":"https:\/\/www.istegroup.com\/en\/produit\/changement-climatique\/#primaryimage"},"thumbnailUrl":"https:\/\/www.istegroup.com\/wp-content\/uploads\/2017\/07\/1118598976_361774925-1.jpg","datePublished":"2017-07-28T08:34:16+00:00","dateModified":"2024-01-03T13:38:37+00:00","description":"Changement climatique traite de la mod\u00e9lisation climatique autrement, par les techniques \u00e9prouv\u00e9es de l\u2019identification des syst\u00e8mes dynamiques.","breadcrumb":{"@id":"https:\/\/www.istegroup.com\/en\/produit\/changement-climatique\/#breadcrumb"},"inLanguage":"fr-FR","potentialAction":[{"@type":"ReadAction","target":["https:\/\/www.istegroup.com\/en\/produit\/changement-climatique\/"]}]},{"@type":"ImageObject","inLanguage":"fr-FR","@id":"https:\/\/www.istegroup.com\/en\/produit\/changement-climatique\/#primaryimage","url":"https:\/\/www.istegroup.com\/wp-content\/uploads\/2017\/07\/1118598976_361774925-1.jpg","contentUrl":"https:\/\/www.istegroup.com\/wp-content\/uploads\/2017\/07\/1118598976_361774925-1.jpg","width":300,"height":453,"caption":"Identification et projections"},{"@type":"BreadcrumbList","@id":"https:\/\/www.istegroup.com\/en\/produit\/changement-climatique\/#breadcrumb","itemListElement":[{"@type":"ListItem","position":1,"name":"Home","item":"https:\/\/www.istegroup.com\/"},{"@type":"ListItem","position":2,"name":"Shop","item":"https:\/\/www.istegroup.com\/fr\/nouveautes\/"},{"@type":"ListItem","position":3,"name":"Changement climatique"}]},{"@type":"WebSite","@id":"https:\/\/www.istegroup.com\/#website","url":"https:\/\/www.istegroup.com\/","name":"ISTE Group","description":"\u00c9diteur des Sciences","potentialAction":[{"@type":"SearchAction","target":{"@type":"EntryPoint","urlTemplate":"https:\/\/www.istegroup.com\/?s={search_term_string}"},"query-input":{"@type":"PropertyValueSpecification","valueRequired":true,"valueName":"search_term_string"}}],"inLanguage":"fr-FR"}]}},"_links":{"self":[{"href":"https:\/\/www.istegroup.com\/fr\/wp-json\/wp\/v2\/product\/139","targetHints":{"allow":["GET"]}}],"collection":[{"href":"https:\/\/www.istegroup.com\/fr\/wp-json\/wp\/v2\/product"}],"about":[{"href":"https:\/\/www.istegroup.com\/fr\/wp-json\/wp\/v2\/types\/product"}],"wp:featuredmedia":[{"embeddable":true,"href":"https:\/\/www.istegroup.com\/fr\/wp-json\/wp\/v2\/media\/140"}],"wp:attachment":[{"href":"https:\/\/www.istegroup.com\/fr\/wp-json\/wp\/v2\/media?parent=139"}],"wp:term":[{"taxonomy":"product_brand","embeddable":true,"href":"https:\/\/www.istegroup.com\/fr\/wp-json\/wp\/v2\/product_brand?post=139"},{"taxonomy":"product_cat","embeddable":true,"href":"https:\/\/www.istegroup.com\/fr\/wp-json\/wp\/v2\/product_cat?post=139"},{"taxonomy":"product_tag","embeddable":true,"href":"https:\/\/www.istegroup.com\/fr\/wp-json\/wp\/v2\/product_tag?post=139"}],"curies":[{"name":"wp","href":"https:\/\/api.w.org\/{rel}","templated":true}]}}