{"id":13819,"date":"2018-07-09T17:51:49","date_gmt":"2018-07-09T15:51:49","guid":{"rendered":"https:\/\/iste.yhello.co\/?post_type=product&#038;p=13819"},"modified":"2024-01-03T13:42:33","modified_gmt":"2024-01-03T13:42:33","slug":"composants-en-micro-nanoelectronique","status":"publish","type":"product","link":"https:\/\/www.istegroup.com\/fr\/produit\/composants-en-micro-nanoelectronique\/","title":{"rendered":"Composants en micro-nano\u00e9lectronique"},"content":{"rendered":"<p>Alors que la micro\u00e9lectronique est une pratique fiable dans l\u2019industrie depuis les ann\u00e9es 1980, ce n\u2019est que r\u00e9cemment que la nano\u00e9lectronique est devenue sujet de discussion dans les industries et les entit\u00e9s publiques int\u00e9ress\u00e9es.<\/p>\n<p>Apr\u00e8s avoir pr\u00e9sent\u00e9 les \u00e9quations qui soutiennent les mod\u00e9lisations, cet ouvrage propose des modifications \u00e0 effectuer pour entrer de plain-pied dans le champ de la nano\u00e9lectronique. Il offre des exemples simples de simulations aff\u00e9rentes pouvant servir \u00e0 effectuer \u00ab des exp\u00e9riences num\u00e9riques \u00bb, \u00e0 explorer de nouvelles directions en d\u00e9veloppant de nouveaux mod\u00e8les, \u00e0 savoir, dans la pratique, \u00e0 pr\u00e9senter de nouvelles \u00e9quations ou de nouvelles relations entre ces \u00e9quations.<\/p>\n<p><em>Composants en micro-nano\u00e9lectronique : mod\u00e9lisation des processus de diffusion et du fonctionnement<\/em>\u00a0s\u2019adresse \u00e0 des chercheurs et \u00e9tudiants dont le niveau math\u00e9matique est celui de la prop\u00e9deutique.<\/p>\n","protected":false},"excerpt":{"rendered":"<p>Alors que la micro\u00e9lectronique est une pratique fiable dans l\u2019industrie depuis les ann\u00e9es 1980, ce n\u2019est que r\u00e9cemment que la nano\u00e9lectronique est devenue sujet de discussion dans les industries et les entit\u00e9s publiques int\u00e9ress\u00e9es. Apr\u00e8s avoir pr\u00e9sent\u00e9 les \u00e9quations qui soutiennent les mod\u00e9lisations, cet ouvrage propose des modifications \u00e0 effectuer pour entrer de plain-pied dans [&hellip;]<\/p>\n","protected":false},"featured_media":13825,"template":"","meta":{"_acf_changed":false,"_links_to":"","_links_to_target":""},"product_brand":[],"product_cat":[3262],"product_tag":[],"class_list":{"0":"post-13819","1":"product","2":"type-product","3":"status-publish","4":"has-post-thumbnail","6":"product_cat-non-classe","8":"first","9":"instock","10":"shipping-taxable","11":"purchasable","12":"product-type-variable"},"acf":[],"yoast_head":"<!-- This site is optimized with the Yoast SEO plugin v27.2 - https:\/\/yoast.com\/product\/yoast-seo-wordpress\/ -->\n<title>Composants en micro-nano\u00e9lectronique - ISTE Group<\/title>\n<meta name=\"description\" content=\"Apr\u00e8s avoir pr\u00e9sent\u00e9 les \u00e9quations qui soutiennent les mod\u00e9lisations, Composants en micro-nano\u00e9lectronique propose des modifications \u00e0 effectuer pour entrer de plain-pied dans le champ de la nano\u00e9lectronique.\" \/>\n<meta name=\"robots\" content=\"index, follow, max-snippet:-1, max-image-preview:large, max-video-preview:-1\" \/>\n<link rel=\"canonical\" href=\"https:\/\/www.istegroup.com\/en\/produit\/composants-en-micro-nanoelectronique\/\" \/>\n<meta property=\"og:locale\" content=\"fr_FR\" \/>\n<meta property=\"og:type\" content=\"article\" \/>\n<meta property=\"og:title\" content=\"Composants en micro-nano\u00e9lectronique - ISTE Group\" \/>\n<meta property=\"og:description\" content=\"Apr\u00e8s avoir pr\u00e9sent\u00e9 les \u00e9quations qui soutiennent les mod\u00e9lisations, Composants en micro-nano\u00e9lectronique propose des modifications \u00e0 effectuer pour entrer de plain-pied dans le champ de la nano\u00e9lectronique.\" \/>\n<meta property=\"og:url\" content=\"https:\/\/www.istegroup.com\/en\/produit\/composants-en-micro-nanoelectronique\/\" \/>\n<meta property=\"og:site_name\" content=\"ISTE Group\" \/>\n<meta property=\"article:modified_time\" content=\"2024-01-03T13:42:33+00:00\" \/>\n<meta property=\"og:image\" content=\"https:\/\/www.istegroup.com\/wp-content\/uploads\/2018\/07\/Gontrand_Front-scaled.jpg\" \/>\n\t<meta property=\"og:image:width\" content=\"1663\" \/>\n\t<meta property=\"og:image:height\" content=\"2560\" \/>\n\t<meta property=\"og:image:type\" content=\"image\/jpeg\" \/>\n<meta name=\"twitter:card\" content=\"summary_large_image\" \/>\n<meta name=\"twitter:label1\" content=\"Est. reading time\" \/>\n\t<meta name=\"twitter:data1\" content=\"1 minute\" \/>\n<script type=\"application\/ld+json\" class=\"yoast-schema-graph\">{\"@context\":\"https:\/\/schema.org\",\"@graph\":[{\"@type\":\"WebPage\",\"@id\":\"https:\/\/www.istegroup.com\/en\/produit\/composants-en-micro-nanoelectronique\/\",\"url\":\"https:\/\/www.istegroup.com\/en\/produit\/composants-en-micro-nanoelectronique\/\",\"name\":\"Composants en micro-nano\u00e9lectronique - ISTE Group\",\"isPartOf\":{\"@id\":\"https:\/\/www.istegroup.com\/#website\"},\"primaryImageOfPage\":{\"@id\":\"https:\/\/www.istegroup.com\/en\/produit\/composants-en-micro-nanoelectronique\/#primaryimage\"},\"image\":{\"@id\":\"https:\/\/www.istegroup.com\/en\/produit\/composants-en-micro-nanoelectronique\/#primaryimage\"},\"thumbnailUrl\":\"https:\/\/www.istegroup.com\/wp-content\/uploads\/2018\/07\/Gontrand_Front-scaled.jpg\",\"datePublished\":\"2018-07-09T15:51:49+00:00\",\"dateModified\":\"2024-01-03T13:42:33+00:00\",\"description\":\"Apr\u00e8s avoir pr\u00e9sent\u00e9 les \u00e9quations qui soutiennent les mod\u00e9lisations, Composants en micro-nano\u00e9lectronique propose des modifications \u00e0 effectuer pour entrer de plain-pied dans le champ de la nano\u00e9lectronique.\",\"breadcrumb\":{\"@id\":\"https:\/\/www.istegroup.com\/en\/produit\/composants-en-micro-nanoelectronique\/#breadcrumb\"},\"inLanguage\":\"fr-FR\",\"potentialAction\":[{\"@type\":\"ReadAction\",\"target\":[\"https:\/\/www.istegroup.com\/en\/produit\/composants-en-micro-nanoelectronique\/\"]}]},{\"@type\":\"ImageObject\",\"inLanguage\":\"fr-FR\",\"@id\":\"https:\/\/www.istegroup.com\/en\/produit\/composants-en-micro-nanoelectronique\/#primaryimage\",\"url\":\"https:\/\/www.istegroup.com\/wp-content\/uploads\/2018\/07\/Gontrand_Front-scaled.jpg\",\"contentUrl\":\"https:\/\/www.istegroup.com\/wp-content\/uploads\/2018\/07\/Gontrand_Front-scaled.jpg\",\"width\":1663,\"height\":2560,\"caption\":\"Mod\u00e9lisation des processus de diffusion et du fonctionnement\"},{\"@type\":\"BreadcrumbList\",\"@id\":\"https:\/\/www.istegroup.com\/en\/produit\/composants-en-micro-nanoelectronique\/#breadcrumb\",\"itemListElement\":[{\"@type\":\"ListItem\",\"position\":1,\"name\":\"Home\",\"item\":\"https:\/\/www.istegroup.com\/\"},{\"@type\":\"ListItem\",\"position\":2,\"name\":\"Shop\",\"item\":\"https:\/\/www.istegroup.com\/fr\/nouveautes\/\"},{\"@type\":\"ListItem\",\"position\":3,\"name\":\"Composants en micro-nano\u00e9lectronique\"}]},{\"@type\":\"WebSite\",\"@id\":\"https:\/\/www.istegroup.com\/#website\",\"url\":\"https:\/\/www.istegroup.com\/\",\"name\":\"ISTE Group\",\"description\":\"\u00c9diteur des Sciences\",\"potentialAction\":[{\"@type\":\"SearchAction\",\"target\":{\"@type\":\"EntryPoint\",\"urlTemplate\":\"https:\/\/www.istegroup.com\/?s={search_term_string}\"},\"query-input\":{\"@type\":\"PropertyValueSpecification\",\"valueRequired\":true,\"valueName\":\"search_term_string\"}}],\"inLanguage\":\"fr-FR\"}]}<\/script>\n<!-- \/ Yoast SEO plugin. -->","yoast_head_json":{"title":"Composants en micro-nano\u00e9lectronique - ISTE Group","description":"Apr\u00e8s avoir pr\u00e9sent\u00e9 les \u00e9quations qui soutiennent les mod\u00e9lisations, Composants en micro-nano\u00e9lectronique propose des modifications \u00e0 effectuer pour entrer de plain-pied dans le champ de la nano\u00e9lectronique.","robots":{"index":"index","follow":"follow","max-snippet":"max-snippet:-1","max-image-preview":"max-image-preview:large","max-video-preview":"max-video-preview:-1"},"canonical":"https:\/\/www.istegroup.com\/en\/produit\/composants-en-micro-nanoelectronique\/","og_locale":"fr_FR","og_type":"article","og_title":"Composants en micro-nano\u00e9lectronique - ISTE Group","og_description":"Apr\u00e8s avoir pr\u00e9sent\u00e9 les \u00e9quations qui soutiennent les mod\u00e9lisations, Composants en micro-nano\u00e9lectronique propose des modifications \u00e0 effectuer pour entrer de plain-pied dans le champ de la nano\u00e9lectronique.","og_url":"https:\/\/www.istegroup.com\/en\/produit\/composants-en-micro-nanoelectronique\/","og_site_name":"ISTE Group","article_modified_time":"2024-01-03T13:42:33+00:00","og_image":[{"width":1663,"height":2560,"url":"https:\/\/www.istegroup.com\/wp-content\/uploads\/2018\/07\/Gontrand_Front-scaled.jpg","type":"image\/jpeg"}],"twitter_card":"summary_large_image","twitter_misc":{"Est. reading time":"1 minute"},"schema":{"@context":"https:\/\/schema.org","@graph":[{"@type":"WebPage","@id":"https:\/\/www.istegroup.com\/en\/produit\/composants-en-micro-nanoelectronique\/","url":"https:\/\/www.istegroup.com\/en\/produit\/composants-en-micro-nanoelectronique\/","name":"Composants en micro-nano\u00e9lectronique - ISTE Group","isPartOf":{"@id":"https:\/\/www.istegroup.com\/#website"},"primaryImageOfPage":{"@id":"https:\/\/www.istegroup.com\/en\/produit\/composants-en-micro-nanoelectronique\/#primaryimage"},"image":{"@id":"https:\/\/www.istegroup.com\/en\/produit\/composants-en-micro-nanoelectronique\/#primaryimage"},"thumbnailUrl":"https:\/\/www.istegroup.com\/wp-content\/uploads\/2018\/07\/Gontrand_Front-scaled.jpg","datePublished":"2018-07-09T15:51:49+00:00","dateModified":"2024-01-03T13:42:33+00:00","description":"Apr\u00e8s avoir pr\u00e9sent\u00e9 les \u00e9quations qui soutiennent les mod\u00e9lisations, Composants en micro-nano\u00e9lectronique propose des modifications \u00e0 effectuer pour entrer de plain-pied dans le champ de la nano\u00e9lectronique.","breadcrumb":{"@id":"https:\/\/www.istegroup.com\/en\/produit\/composants-en-micro-nanoelectronique\/#breadcrumb"},"inLanguage":"fr-FR","potentialAction":[{"@type":"ReadAction","target":["https:\/\/www.istegroup.com\/en\/produit\/composants-en-micro-nanoelectronique\/"]}]},{"@type":"ImageObject","inLanguage":"fr-FR","@id":"https:\/\/www.istegroup.com\/en\/produit\/composants-en-micro-nanoelectronique\/#primaryimage","url":"https:\/\/www.istegroup.com\/wp-content\/uploads\/2018\/07\/Gontrand_Front-scaled.jpg","contentUrl":"https:\/\/www.istegroup.com\/wp-content\/uploads\/2018\/07\/Gontrand_Front-scaled.jpg","width":1663,"height":2560,"caption":"Mod\u00e9lisation des processus de diffusion et du fonctionnement"},{"@type":"BreadcrumbList","@id":"https:\/\/www.istegroup.com\/en\/produit\/composants-en-micro-nanoelectronique\/#breadcrumb","itemListElement":[{"@type":"ListItem","position":1,"name":"Home","item":"https:\/\/www.istegroup.com\/"},{"@type":"ListItem","position":2,"name":"Shop","item":"https:\/\/www.istegroup.com\/fr\/nouveautes\/"},{"@type":"ListItem","position":3,"name":"Composants en micro-nano\u00e9lectronique"}]},{"@type":"WebSite","@id":"https:\/\/www.istegroup.com\/#website","url":"https:\/\/www.istegroup.com\/","name":"ISTE Group","description":"\u00c9diteur des Sciences","potentialAction":[{"@type":"SearchAction","target":{"@type":"EntryPoint","urlTemplate":"https:\/\/www.istegroup.com\/?s={search_term_string}"},"query-input":{"@type":"PropertyValueSpecification","valueRequired":true,"valueName":"search_term_string"}}],"inLanguage":"fr-FR"}]}},"_links":{"self":[{"href":"https:\/\/www.istegroup.com\/fr\/wp-json\/wp\/v2\/product\/13819","targetHints":{"allow":["GET"]}}],"collection":[{"href":"https:\/\/www.istegroup.com\/fr\/wp-json\/wp\/v2\/product"}],"about":[{"href":"https:\/\/www.istegroup.com\/fr\/wp-json\/wp\/v2\/types\/product"}],"wp:featuredmedia":[{"embeddable":true,"href":"https:\/\/www.istegroup.com\/fr\/wp-json\/wp\/v2\/media\/13825"}],"wp:attachment":[{"href":"https:\/\/www.istegroup.com\/fr\/wp-json\/wp\/v2\/media?parent=13819"}],"wp:term":[{"taxonomy":"product_brand","embeddable":true,"href":"https:\/\/www.istegroup.com\/fr\/wp-json\/wp\/v2\/product_brand?post=13819"},{"taxonomy":"product_cat","embeddable":true,"href":"https:\/\/www.istegroup.com\/fr\/wp-json\/wp\/v2\/product_cat?post=13819"},{"taxonomy":"product_tag","embeddable":true,"href":"https:\/\/www.istegroup.com\/fr\/wp-json\/wp\/v2\/product_tag?post=13819"}],"curies":[{"name":"wp","href":"https:\/\/api.w.org\/{rel}","templated":true}]}}