{"id":13814,"date":"2018-07-09T17:47:35","date_gmt":"2018-07-09T15:47:35","guid":{"rendered":"https:\/\/iste.yhello.co\/?post_type=product&#038;p=13814"},"modified":"2024-01-03T13:42:30","modified_gmt":"2024-01-03T13:42:30","slug":"les-actionneurs-aeronautiques-3","status":"publish","type":"product","link":"https:\/\/www.istegroup.com\/fr\/produit\/les-actionneurs-aeronautiques-3\/","title":{"rendered":"Les actionneurs a\u00e9ronautiques 3"},"content":{"rendered":"<p>Cette s\u00e9rie de trois ouvrages traite des actionneurs a\u00e9ronautiques selon une vision syst\u00e8me centr\u00e9e sur les besoins et les architectures (fonctionnelles, conceptuelles et technologiques). Au-del\u00e0 des concepts et de leur mise en oeuvre, l\u2019accent est mis sur les imperfections technologiques, la fiabilit\u00e9 et les ordres de grandeur num\u00e9riques.<\/p>\n<p>Bas\u00e9 sur les pr\u00e9c\u00e9dents volumes,\u00a0<em>Les actionneurs a\u00e9ronautiques 3<\/em>\u00a0pr\u00e9sente des \u00e9tudes de cas concernant l\u2019actionnement pour les commandes de vol, les atterrisseurs et les moteurs. Les syst\u00e8mes d\u2019actionnement sont vus sous plusieurs aspects : architectures de signal et de puissance, g\u00e9n\u00e9ration et distribution de puissance hydraulique ou m\u00e9canique, commande et fiabilit\u00e9, et leur \u00e9volution vers l\u2019\u00e9lectrique.<\/p>\n<p>Quelle que soit leur sp\u00e9cialit\u00e9, les techniciens, les ing\u00e9nieurs, les enseignants et les chercheurs trouveront dans cet ouvrage une information appliqu\u00e9e, accessible, orient\u00e9e syst\u00e8me et abordant de fa\u00e7on transversale les domaines de la m\u00e9canique, de l\u2019hydraulique, de l\u2019\u00e9lectrique, de l\u2019\u00e9lectronique et de l\u2019\u00e9lectromagn\u00e9tique.<\/p>\n","protected":false},"excerpt":{"rendered":"<p>Cette s\u00e9rie de trois ouvrages traite des actionneurs a\u00e9ronautiques selon une vision syst\u00e8me centr\u00e9e sur les besoins et les architectures (fonctionnelles, conceptuelles et technologiques). Au-del\u00e0 des concepts et de leur mise en oeuvre, l\u2019accent est mis sur les imperfections technologiques, la fiabilit\u00e9 et les ordres de grandeur num\u00e9riques. Bas\u00e9 sur les pr\u00e9c\u00e9dents volumes,\u00a0Les actionneurs a\u00e9ronautiques [&hellip;]<\/p>\n","protected":false},"featured_media":13818,"template":"","meta":{"_acf_changed":false,"_links_to":"","_links_to_target":""},"product_brand":[],"product_cat":[3262],"product_tag":[],"class_list":{"0":"post-13814","1":"product","2":"type-product","3":"status-publish","4":"has-post-thumbnail","6":"product_cat-non-classe","8":"first","9":"instock","10":"shipping-taxable","11":"purchasable","12":"product-type-variable"},"acf":[],"yoast_head":"<!-- This site is optimized with the Yoast SEO plugin v27.2 - https:\/\/yoast.com\/product\/yoast-seo-wordpress\/ -->\n<title>Les actionneurs a\u00e9ronautiques 3 - ISTE Group<\/title>\n<meta name=\"description\" content=\"Les actionneurs a\u00e9ronautiques 3\u00a0pr\u00e9sente des \u00e9tudes de cas concernant l\u2019actionnement pour les commandes de vol, les atterrisseurs et les moteurs.\" \/>\n<meta name=\"robots\" content=\"index, follow, max-snippet:-1, max-image-preview:large, max-video-preview:-1\" \/>\n<link rel=\"canonical\" href=\"https:\/\/www.istegroup.com\/en\/produit\/les-actionneurs-aeronautiques-3\/\" \/>\n<meta property=\"og:locale\" content=\"fr_FR\" \/>\n<meta property=\"og:type\" content=\"article\" \/>\n<meta property=\"og:title\" content=\"Les actionneurs a\u00e9ronautiques 3 - ISTE Group\" \/>\n<meta property=\"og:description\" content=\"Les actionneurs a\u00e9ronautiques 3\u00a0pr\u00e9sente des \u00e9tudes de cas concernant l\u2019actionnement pour les commandes de vol, les atterrisseurs et les moteurs.\" \/>\n<meta property=\"og:url\" content=\"https:\/\/www.istegroup.com\/en\/produit\/les-actionneurs-aeronautiques-3\/\" \/>\n<meta property=\"og:site_name\" content=\"ISTE Group\" \/>\n<meta property=\"article:modified_time\" content=\"2024-01-03T13:42:30+00:00\" \/>\n<meta property=\"og:image\" content=\"https:\/\/www.istegroup.com\/wp-content\/uploads\/2018\/07\/Mare-3_Front-scaled.jpg\" \/>\n\t<meta property=\"og:image:width\" content=\"1700\" \/>\n\t<meta property=\"og:image:height\" content=\"2560\" \/>\n\t<meta property=\"og:image:type\" content=\"image\/jpeg\" \/>\n<meta name=\"twitter:card\" content=\"summary_large_image\" \/>\n<meta name=\"twitter:label1\" content=\"Est. reading time\" \/>\n\t<meta name=\"twitter:data1\" content=\"1 minute\" \/>\n<script type=\"application\/ld+json\" class=\"yoast-schema-graph\">{\"@context\":\"https:\/\/schema.org\",\"@graph\":[{\"@type\":\"WebPage\",\"@id\":\"https:\/\/www.istegroup.com\/en\/produit\/les-actionneurs-aeronautiques-3\/\",\"url\":\"https:\/\/www.istegroup.com\/en\/produit\/les-actionneurs-aeronautiques-3\/\",\"name\":\"Les actionneurs a\u00e9ronautiques 3 - ISTE Group\",\"isPartOf\":{\"@id\":\"https:\/\/www.istegroup.com\/#website\"},\"primaryImageOfPage\":{\"@id\":\"https:\/\/www.istegroup.com\/en\/produit\/les-actionneurs-aeronautiques-3\/#primaryimage\"},\"image\":{\"@id\":\"https:\/\/www.istegroup.com\/en\/produit\/les-actionneurs-aeronautiques-3\/#primaryimage\"},\"thumbnailUrl\":\"https:\/\/www.istegroup.com\/wp-content\/uploads\/2018\/07\/Mare-3_Front-scaled.jpg\",\"datePublished\":\"2018-07-09T15:47:35+00:00\",\"dateModified\":\"2024-01-03T13:42:30+00:00\",\"description\":\"Les actionneurs a\u00e9ronautiques 3\u00a0pr\u00e9sente des \u00e9tudes de cas concernant l\u2019actionnement pour les commandes de vol, les atterrisseurs et les moteurs.\",\"breadcrumb\":{\"@id\":\"https:\/\/www.istegroup.com\/en\/produit\/les-actionneurs-aeronautiques-3\/#breadcrumb\"},\"inLanguage\":\"fr-FR\",\"potentialAction\":[{\"@type\":\"ReadAction\",\"target\":[\"https:\/\/www.istegroup.com\/en\/produit\/les-actionneurs-aeronautiques-3\/\"]}]},{\"@type\":\"ImageObject\",\"inLanguage\":\"fr-FR\",\"@id\":\"https:\/\/www.istegroup.com\/en\/produit\/les-actionneurs-aeronautiques-3\/#primaryimage\",\"url\":\"https:\/\/www.istegroup.com\/wp-content\/uploads\/2018\/07\/Mare-3_Front-scaled.jpg\",\"contentUrl\":\"https:\/\/www.istegroup.com\/wp-content\/uploads\/2018\/07\/Mare-3_Front-scaled.jpg\",\"width\":1700,\"height\":2560,\"caption\":\"Avions commerciaux europ\u00e9ens et convertibles\"},{\"@type\":\"BreadcrumbList\",\"@id\":\"https:\/\/www.istegroup.com\/en\/produit\/les-actionneurs-aeronautiques-3\/#breadcrumb\",\"itemListElement\":[{\"@type\":\"ListItem\",\"position\":1,\"name\":\"Home\",\"item\":\"https:\/\/www.istegroup.com\/\"},{\"@type\":\"ListItem\",\"position\":2,\"name\":\"Shop\",\"item\":\"https:\/\/www.istegroup.com\/fr\/nouveautes\/\"},{\"@type\":\"ListItem\",\"position\":3,\"name\":\"Les actionneurs a\u00e9ronautiques 3\"}]},{\"@type\":\"WebSite\",\"@id\":\"https:\/\/www.istegroup.com\/#website\",\"url\":\"https:\/\/www.istegroup.com\/\",\"name\":\"ISTE Group\",\"description\":\"\u00c9diteur des Sciences\",\"potentialAction\":[{\"@type\":\"SearchAction\",\"target\":{\"@type\":\"EntryPoint\",\"urlTemplate\":\"https:\/\/www.istegroup.com\/?s={search_term_string}\"},\"query-input\":{\"@type\":\"PropertyValueSpecification\",\"valueRequired\":true,\"valueName\":\"search_term_string\"}}],\"inLanguage\":\"fr-FR\"}]}<\/script>\n<!-- \/ Yoast SEO plugin. -->","yoast_head_json":{"title":"Les actionneurs a\u00e9ronautiques 3 - ISTE Group","description":"Les actionneurs a\u00e9ronautiques 3\u00a0pr\u00e9sente des \u00e9tudes de cas concernant l\u2019actionnement pour les commandes de vol, les atterrisseurs et les moteurs.","robots":{"index":"index","follow":"follow","max-snippet":"max-snippet:-1","max-image-preview":"max-image-preview:large","max-video-preview":"max-video-preview:-1"},"canonical":"https:\/\/www.istegroup.com\/en\/produit\/les-actionneurs-aeronautiques-3\/","og_locale":"fr_FR","og_type":"article","og_title":"Les actionneurs a\u00e9ronautiques 3 - ISTE Group","og_description":"Les actionneurs a\u00e9ronautiques 3\u00a0pr\u00e9sente des \u00e9tudes de cas concernant l\u2019actionnement pour les commandes de vol, les atterrisseurs et les moteurs.","og_url":"https:\/\/www.istegroup.com\/en\/produit\/les-actionneurs-aeronautiques-3\/","og_site_name":"ISTE Group","article_modified_time":"2024-01-03T13:42:30+00:00","og_image":[{"width":1700,"height":2560,"url":"https:\/\/www.istegroup.com\/wp-content\/uploads\/2018\/07\/Mare-3_Front-scaled.jpg","type":"image\/jpeg"}],"twitter_card":"summary_large_image","twitter_misc":{"Est. reading time":"1 minute"},"schema":{"@context":"https:\/\/schema.org","@graph":[{"@type":"WebPage","@id":"https:\/\/www.istegroup.com\/en\/produit\/les-actionneurs-aeronautiques-3\/","url":"https:\/\/www.istegroup.com\/en\/produit\/les-actionneurs-aeronautiques-3\/","name":"Les actionneurs a\u00e9ronautiques 3 - ISTE Group","isPartOf":{"@id":"https:\/\/www.istegroup.com\/#website"},"primaryImageOfPage":{"@id":"https:\/\/www.istegroup.com\/en\/produit\/les-actionneurs-aeronautiques-3\/#primaryimage"},"image":{"@id":"https:\/\/www.istegroup.com\/en\/produit\/les-actionneurs-aeronautiques-3\/#primaryimage"},"thumbnailUrl":"https:\/\/www.istegroup.com\/wp-content\/uploads\/2018\/07\/Mare-3_Front-scaled.jpg","datePublished":"2018-07-09T15:47:35+00:00","dateModified":"2024-01-03T13:42:30+00:00","description":"Les actionneurs a\u00e9ronautiques 3\u00a0pr\u00e9sente des \u00e9tudes de cas concernant l\u2019actionnement pour les commandes de vol, les atterrisseurs et les moteurs.","breadcrumb":{"@id":"https:\/\/www.istegroup.com\/en\/produit\/les-actionneurs-aeronautiques-3\/#breadcrumb"},"inLanguage":"fr-FR","potentialAction":[{"@type":"ReadAction","target":["https:\/\/www.istegroup.com\/en\/produit\/les-actionneurs-aeronautiques-3\/"]}]},{"@type":"ImageObject","inLanguage":"fr-FR","@id":"https:\/\/www.istegroup.com\/en\/produit\/les-actionneurs-aeronautiques-3\/#primaryimage","url":"https:\/\/www.istegroup.com\/wp-content\/uploads\/2018\/07\/Mare-3_Front-scaled.jpg","contentUrl":"https:\/\/www.istegroup.com\/wp-content\/uploads\/2018\/07\/Mare-3_Front-scaled.jpg","width":1700,"height":2560,"caption":"Avions commerciaux europ\u00e9ens et convertibles"},{"@type":"BreadcrumbList","@id":"https:\/\/www.istegroup.com\/en\/produit\/les-actionneurs-aeronautiques-3\/#breadcrumb","itemListElement":[{"@type":"ListItem","position":1,"name":"Home","item":"https:\/\/www.istegroup.com\/"},{"@type":"ListItem","position":2,"name":"Shop","item":"https:\/\/www.istegroup.com\/fr\/nouveautes\/"},{"@type":"ListItem","position":3,"name":"Les actionneurs a\u00e9ronautiques 3"}]},{"@type":"WebSite","@id":"https:\/\/www.istegroup.com\/#website","url":"https:\/\/www.istegroup.com\/","name":"ISTE Group","description":"\u00c9diteur des Sciences","potentialAction":[{"@type":"SearchAction","target":{"@type":"EntryPoint","urlTemplate":"https:\/\/www.istegroup.com\/?s={search_term_string}"},"query-input":{"@type":"PropertyValueSpecification","valueRequired":true,"valueName":"search_term_string"}}],"inLanguage":"fr-FR"}]}},"_links":{"self":[{"href":"https:\/\/www.istegroup.com\/fr\/wp-json\/wp\/v2\/product\/13814","targetHints":{"allow":["GET"]}}],"collection":[{"href":"https:\/\/www.istegroup.com\/fr\/wp-json\/wp\/v2\/product"}],"about":[{"href":"https:\/\/www.istegroup.com\/fr\/wp-json\/wp\/v2\/types\/product"}],"wp:featuredmedia":[{"embeddable":true,"href":"https:\/\/www.istegroup.com\/fr\/wp-json\/wp\/v2\/media\/13818"}],"wp:attachment":[{"href":"https:\/\/www.istegroup.com\/fr\/wp-json\/wp\/v2\/media?parent=13814"}],"wp:term":[{"taxonomy":"product_brand","embeddable":true,"href":"https:\/\/www.istegroup.com\/fr\/wp-json\/wp\/v2\/product_brand?post=13814"},{"taxonomy":"product_cat","embeddable":true,"href":"https:\/\/www.istegroup.com\/fr\/wp-json\/wp\/v2\/product_cat?post=13814"},{"taxonomy":"product_tag","embeddable":true,"href":"https:\/\/www.istegroup.com\/fr\/wp-json\/wp\/v2\/product_tag?post=13814"}],"curies":[{"name":"wp","href":"https:\/\/api.w.org\/{rel}","templated":true}]}}