{"id":13770,"date":"2018-07-09T16:21:45","date_gmt":"2018-07-09T14:21:45","guid":{"rendered":"https:\/\/iste.yhello.co\/?post_type=product&#038;p=13770"},"modified":"2024-01-03T13:42:29","modified_gmt":"2024-01-03T13:42:29","slug":"transferts-denergie-par-convection","status":"publish","type":"product","link":"https:\/\/www.istegroup.com\/fr\/produit\/transferts-denergie-par-convection\/","title":{"rendered":"Transferts d\u2019\u00e9nergie par convection"},"content":{"rendered":"<p>Que cela soit dans les centrales solaires thermiques ou dans les coeurs des r\u00e9acteurs nucl\u00e9aires, le mode de transfert d\u2019\u00e9nergie le plus important est la convection. Ce mode tr\u00e8s particulier ob\u00e9it \u00e0 des r\u00e8gles et des corr\u00e9lations sp\u00e9cifiques qui constituent l\u2019une des bases des \u00e9quations de dimensionnement des \u00e9quipements.<\/p>\n<p>En plus des aspects classiques de la convection, cet ouvrage traite des transferts \u00e0 de tr\u00e8s hautes temp\u00e9ratures, o\u00f9 il devient n\u00e9cessaire, pour assurer le transfert de l\u2019\u00e9nergie produite, d\u2019utiliser des caloporteurs. Avec les \u00e9volutions technologiques actuelles, ces situations deviennent de plus en plus courantes et imposent l\u2019utilisation de corr\u00e9lations appropri\u00e9es dans les calculs de conception.<\/p>\n<p><em>Transferts d\u2019\u00e9nergie par convection<\/em>\u00a0examine \u00e9galement le dimensionnement des dissipateurs \u00e9lectroniques utilis\u00e9s pour assurer l\u2019\u00e9vacuation de la chaleur produite lors du fonctionnement de certains circuits imprim\u00e9s destin\u00e9s, entre autres, aux t\u00e9l\u00e9communications, aux \u00e9quipements audio, \u00e0 l\u2019avionique et \u00e0 l\u2019informatique.<\/p>\n","protected":false},"excerpt":{"rendered":"<p>Que cela soit dans les centrales solaires thermiques ou dans les coeurs des r\u00e9acteurs nucl\u00e9aires, le mode de transfert d\u2019\u00e9nergie le plus important est la convection. Ce mode tr\u00e8s particulier ob\u00e9it \u00e0 des r\u00e8gles et des corr\u00e9lations sp\u00e9cifiques qui constituent l\u2019une des bases des \u00e9quations de dimensionnement des \u00e9quipements. En plus des aspects classiques de [&hellip;]<\/p>\n","protected":false},"featured_media":13774,"template":"","meta":{"_acf_changed":false,"_links_to":"","_links_to_target":""},"product_brand":[],"product_cat":[3262],"product_tag":[],"class_list":{"0":"post-13770","1":"product","2":"type-product","3":"status-publish","4":"has-post-thumbnail","6":"product_cat-non-classe","8":"first","9":"instock","10":"shipping-taxable","11":"purchasable","12":"product-type-variable"},"acf":[],"yoast_head":"<!-- This site is optimized with the Yoast SEO plugin v27.2 - https:\/\/yoast.com\/product\/yoast-seo-wordpress\/ -->\n<title>Transferts d\u2019\u00e9nergie par convection - ISTE Group<\/title>\n<meta name=\"description\" content=\"Transferts d\u2019\u00e9nergie par convection\u00a0examine \u00e9galement le dimensionnement des dissipateurs \u00e9lectroniques utilis\u00e9s pour assurer l\u2019\u00e9vacuation de la chaleur produite lors du fonctionnement de certains circuits imprim\u00e9s destin\u00e9s, entre autres, aux t\u00e9l\u00e9communications, aux \u00e9quipements audio, \u00e0 l\u2019avionique et \u00e0 l\u2019informatique.\" \/>\n<meta name=\"robots\" content=\"index, follow, max-snippet:-1, max-image-preview:large, max-video-preview:-1\" \/>\n<link rel=\"canonical\" href=\"https:\/\/www.istegroup.com\/en\/produit\/transferts-denergie-par-convection\/\" \/>\n<meta property=\"og:locale\" content=\"fr_FR\" \/>\n<meta property=\"og:type\" content=\"article\" \/>\n<meta property=\"og:title\" content=\"Transferts d\u2019\u00e9nergie par convection - ISTE Group\" \/>\n<meta property=\"og:description\" content=\"Transferts d\u2019\u00e9nergie par convection\u00a0examine \u00e9galement le dimensionnement des dissipateurs \u00e9lectroniques utilis\u00e9s pour assurer l\u2019\u00e9vacuation de la chaleur produite lors du fonctionnement de certains circuits imprim\u00e9s destin\u00e9s, entre autres, aux t\u00e9l\u00e9communications, aux \u00e9quipements audio, \u00e0 l\u2019avionique et \u00e0 l\u2019informatique.\" \/>\n<meta property=\"og:url\" content=\"https:\/\/www.istegroup.com\/en\/produit\/transferts-denergie-par-convection\/\" \/>\n<meta property=\"og:site_name\" content=\"ISTE Group\" \/>\n<meta property=\"article:modified_time\" content=\"2024-01-03T13:42:29+00:00\" \/>\n<meta property=\"og:image\" content=\"https:\/\/www.istegroup.com\/wp-content\/uploads\/2018\/07\/Benallou-3_Front-scaled.jpg\" \/>\n\t<meta property=\"og:image:width\" content=\"1670\" \/>\n\t<meta property=\"og:image:height\" content=\"2560\" \/>\n\t<meta property=\"og:image:type\" content=\"image\/jpeg\" \/>\n<meta name=\"twitter:card\" content=\"summary_large_image\" \/>\n<meta name=\"twitter:label1\" content=\"Est. reading time\" \/>\n\t<meta name=\"twitter:data1\" content=\"1 minute\" \/>\n<script type=\"application\/ld+json\" class=\"yoast-schema-graph\">{\"@context\":\"https:\/\/schema.org\",\"@graph\":[{\"@type\":\"WebPage\",\"@id\":\"https:\/\/www.istegroup.com\/en\/produit\/transferts-denergie-par-convection\/\",\"url\":\"https:\/\/www.istegroup.com\/en\/produit\/transferts-denergie-par-convection\/\",\"name\":\"Transferts d\u2019\u00e9nergie par convection - ISTE Group\",\"isPartOf\":{\"@id\":\"https:\/\/www.istegroup.com\/#website\"},\"primaryImageOfPage\":{\"@id\":\"https:\/\/www.istegroup.com\/en\/produit\/transferts-denergie-par-convection\/#primaryimage\"},\"image\":{\"@id\":\"https:\/\/www.istegroup.com\/en\/produit\/transferts-denergie-par-convection\/#primaryimage\"},\"thumbnailUrl\":\"https:\/\/www.istegroup.com\/wp-content\/uploads\/2018\/07\/Benallou-3_Front-scaled.jpg\",\"datePublished\":\"2018-07-09T14:21:45+00:00\",\"dateModified\":\"2024-01-03T13:42:29+00:00\",\"description\":\"Transferts d\u2019\u00e9nergie par convection\u00a0examine \u00e9galement le dimensionnement des dissipateurs \u00e9lectroniques utilis\u00e9s pour assurer l\u2019\u00e9vacuation de la chaleur produite lors du fonctionnement de certains circuits imprim\u00e9s destin\u00e9s, entre autres, aux t\u00e9l\u00e9communications, aux \u00e9quipements audio, \u00e0 l\u2019avionique et \u00e0 l\u2019informatique.\",\"breadcrumb\":{\"@id\":\"https:\/\/www.istegroup.com\/en\/produit\/transferts-denergie-par-convection\/#breadcrumb\"},\"inLanguage\":\"fr-FR\",\"potentialAction\":[{\"@type\":\"ReadAction\",\"target\":[\"https:\/\/www.istegroup.com\/en\/produit\/transferts-denergie-par-convection\/\"]}]},{\"@type\":\"ImageObject\",\"inLanguage\":\"fr-FR\",\"@id\":\"https:\/\/www.istegroup.com\/en\/produit\/transferts-denergie-par-convection\/#primaryimage\",\"url\":\"https:\/\/www.istegroup.com\/wp-content\/uploads\/2018\/07\/Benallou-3_Front-scaled.jpg\",\"contentUrl\":\"https:\/\/www.istegroup.com\/wp-content\/uploads\/2018\/07\/Benallou-3_Front-scaled.jpg\",\"width\":1670,\"height\":2560,\"caption\":\"Transferts d\u2019\u00e9nergie par convection ISTE Group\"},{\"@type\":\"BreadcrumbList\",\"@id\":\"https:\/\/www.istegroup.com\/en\/produit\/transferts-denergie-par-convection\/#breadcrumb\",\"itemListElement\":[{\"@type\":\"ListItem\",\"position\":1,\"name\":\"Home\",\"item\":\"https:\/\/www.istegroup.com\/\"},{\"@type\":\"ListItem\",\"position\":2,\"name\":\"Shop\",\"item\":\"https:\/\/www.istegroup.com\/fr\/nouveautes\/\"},{\"@type\":\"ListItem\",\"position\":3,\"name\":\"Transferts d\u2019\u00e9nergie par convection\"}]},{\"@type\":\"WebSite\",\"@id\":\"https:\/\/www.istegroup.com\/#website\",\"url\":\"https:\/\/www.istegroup.com\/\",\"name\":\"ISTE Group\",\"description\":\"\u00c9diteur des Sciences\",\"potentialAction\":[{\"@type\":\"SearchAction\",\"target\":{\"@type\":\"EntryPoint\",\"urlTemplate\":\"https:\/\/www.istegroup.com\/?s={search_term_string}\"},\"query-input\":{\"@type\":\"PropertyValueSpecification\",\"valueRequired\":true,\"valueName\":\"search_term_string\"}}],\"inLanguage\":\"fr-FR\"}]}<\/script>\n<!-- \/ Yoast SEO plugin. -->","yoast_head_json":{"title":"Transferts d\u2019\u00e9nergie par convection - ISTE Group","description":"Transferts d\u2019\u00e9nergie par convection\u00a0examine \u00e9galement le dimensionnement des dissipateurs \u00e9lectroniques utilis\u00e9s pour assurer l\u2019\u00e9vacuation de la chaleur produite lors du fonctionnement de certains circuits imprim\u00e9s destin\u00e9s, entre autres, aux t\u00e9l\u00e9communications, aux \u00e9quipements audio, \u00e0 l\u2019avionique et \u00e0 l\u2019informatique.","robots":{"index":"index","follow":"follow","max-snippet":"max-snippet:-1","max-image-preview":"max-image-preview:large","max-video-preview":"max-video-preview:-1"},"canonical":"https:\/\/www.istegroup.com\/en\/produit\/transferts-denergie-par-convection\/","og_locale":"fr_FR","og_type":"article","og_title":"Transferts d\u2019\u00e9nergie par convection - ISTE Group","og_description":"Transferts d\u2019\u00e9nergie par convection\u00a0examine \u00e9galement le dimensionnement des dissipateurs \u00e9lectroniques utilis\u00e9s pour assurer l\u2019\u00e9vacuation de la chaleur produite lors du fonctionnement de certains circuits imprim\u00e9s destin\u00e9s, entre autres, aux t\u00e9l\u00e9communications, aux \u00e9quipements audio, \u00e0 l\u2019avionique et \u00e0 l\u2019informatique.","og_url":"https:\/\/www.istegroup.com\/en\/produit\/transferts-denergie-par-convection\/","og_site_name":"ISTE Group","article_modified_time":"2024-01-03T13:42:29+00:00","og_image":[{"width":1670,"height":2560,"url":"https:\/\/www.istegroup.com\/wp-content\/uploads\/2018\/07\/Benallou-3_Front-scaled.jpg","type":"image\/jpeg"}],"twitter_card":"summary_large_image","twitter_misc":{"Est. reading time":"1 minute"},"schema":{"@context":"https:\/\/schema.org","@graph":[{"@type":"WebPage","@id":"https:\/\/www.istegroup.com\/en\/produit\/transferts-denergie-par-convection\/","url":"https:\/\/www.istegroup.com\/en\/produit\/transferts-denergie-par-convection\/","name":"Transferts d\u2019\u00e9nergie par convection - ISTE Group","isPartOf":{"@id":"https:\/\/www.istegroup.com\/#website"},"primaryImageOfPage":{"@id":"https:\/\/www.istegroup.com\/en\/produit\/transferts-denergie-par-convection\/#primaryimage"},"image":{"@id":"https:\/\/www.istegroup.com\/en\/produit\/transferts-denergie-par-convection\/#primaryimage"},"thumbnailUrl":"https:\/\/www.istegroup.com\/wp-content\/uploads\/2018\/07\/Benallou-3_Front-scaled.jpg","datePublished":"2018-07-09T14:21:45+00:00","dateModified":"2024-01-03T13:42:29+00:00","description":"Transferts d\u2019\u00e9nergie par convection\u00a0examine \u00e9galement le dimensionnement des dissipateurs \u00e9lectroniques utilis\u00e9s pour assurer l\u2019\u00e9vacuation de la chaleur produite lors du fonctionnement de certains circuits imprim\u00e9s destin\u00e9s, entre autres, aux t\u00e9l\u00e9communications, aux \u00e9quipements audio, \u00e0 l\u2019avionique et \u00e0 l\u2019informatique.","breadcrumb":{"@id":"https:\/\/www.istegroup.com\/en\/produit\/transferts-denergie-par-convection\/#breadcrumb"},"inLanguage":"fr-FR","potentialAction":[{"@type":"ReadAction","target":["https:\/\/www.istegroup.com\/en\/produit\/transferts-denergie-par-convection\/"]}]},{"@type":"ImageObject","inLanguage":"fr-FR","@id":"https:\/\/www.istegroup.com\/en\/produit\/transferts-denergie-par-convection\/#primaryimage","url":"https:\/\/www.istegroup.com\/wp-content\/uploads\/2018\/07\/Benallou-3_Front-scaled.jpg","contentUrl":"https:\/\/www.istegroup.com\/wp-content\/uploads\/2018\/07\/Benallou-3_Front-scaled.jpg","width":1670,"height":2560,"caption":"Transferts d\u2019\u00e9nergie par convection ISTE Group"},{"@type":"BreadcrumbList","@id":"https:\/\/www.istegroup.com\/en\/produit\/transferts-denergie-par-convection\/#breadcrumb","itemListElement":[{"@type":"ListItem","position":1,"name":"Home","item":"https:\/\/www.istegroup.com\/"},{"@type":"ListItem","position":2,"name":"Shop","item":"https:\/\/www.istegroup.com\/fr\/nouveautes\/"},{"@type":"ListItem","position":3,"name":"Transferts d\u2019\u00e9nergie par convection"}]},{"@type":"WebSite","@id":"https:\/\/www.istegroup.com\/#website","url":"https:\/\/www.istegroup.com\/","name":"ISTE Group","description":"\u00c9diteur des Sciences","potentialAction":[{"@type":"SearchAction","target":{"@type":"EntryPoint","urlTemplate":"https:\/\/www.istegroup.com\/?s={search_term_string}"},"query-input":{"@type":"PropertyValueSpecification","valueRequired":true,"valueName":"search_term_string"}}],"inLanguage":"fr-FR"}]}},"_links":{"self":[{"href":"https:\/\/www.istegroup.com\/fr\/wp-json\/wp\/v2\/product\/13770","targetHints":{"allow":["GET"]}}],"collection":[{"href":"https:\/\/www.istegroup.com\/fr\/wp-json\/wp\/v2\/product"}],"about":[{"href":"https:\/\/www.istegroup.com\/fr\/wp-json\/wp\/v2\/types\/product"}],"wp:featuredmedia":[{"embeddable":true,"href":"https:\/\/www.istegroup.com\/fr\/wp-json\/wp\/v2\/media\/13774"}],"wp:attachment":[{"href":"https:\/\/www.istegroup.com\/fr\/wp-json\/wp\/v2\/media?parent=13770"}],"wp:term":[{"taxonomy":"product_brand","embeddable":true,"href":"https:\/\/www.istegroup.com\/fr\/wp-json\/wp\/v2\/product_brand?post=13770"},{"taxonomy":"product_cat","embeddable":true,"href":"https:\/\/www.istegroup.com\/fr\/wp-json\/wp\/v2\/product_cat?post=13770"},{"taxonomy":"product_tag","embeddable":true,"href":"https:\/\/www.istegroup.com\/fr\/wp-json\/wp\/v2\/product_tag?post=13770"}],"curies":[{"name":"wp","href":"https:\/\/api.w.org\/{rel}","templated":true}]}}