{"id":13760,"date":"2018-07-09T16:09:33","date_gmt":"2018-07-09T14:09:33","guid":{"rendered":"https:\/\/iste.yhello.co\/?post_type=product&#038;p=13760"},"modified":"2024-01-03T13:42:29","modified_gmt":"2024-01-03T13:42:29","slug":"lere-du-numerique-2","status":"publish","type":"product","link":"https:\/\/www.istegroup.com\/fr\/produit\/lere-du-numerique-2\/","title":{"rendered":"L&rsquo;\u00e8re du num\u00e9rique 2"},"content":{"rendered":"<p>Pendant 200 ans, l\u2019industrie a ma\u00eetris\u00e9 le fer, le feu, la force et l\u2019\u00e9nergie. Aujourd\u2019hui, en y int\u00e9grant des puces, l\u2019\u00e9lectronique fa\u00e7onne nos objets usuels : ordinateurs, t\u00e9l\u00e9phones, cl\u00e9s, jeux, \u00e9lectrom\u00e9nager, etc. Donn\u00e9es, logiciels et calculs encadrent la conduite des hommes et l\u2019administration des choses. Tout se traduit en donn\u00e9es : le chiffre est roi.<\/p>\n<p>Compos\u00e9 de trois volumes,\u00a0<em>L\u2019\u00e8re du num\u00e9rique<\/em>\u00a0explore les ph\u00e9nom\u00e8nes techniques, \u00e9conomiques et sociaux qui r\u00e9sultent de la g\u00e9n\u00e9ralisation d\u2019Internet.<\/p>\n<p>Ce second volume expose l\u2019impact du num\u00e9rique sur les relations marchandes et les m\u00e9dias, leur \u00e9volution, et \u00e9tudie les raisons pour lesquelles ce changement met l\u2019\u00e9conomie politique \u00e0 l\u2019\u00e9preuve.<\/p>\n","protected":false},"excerpt":{"rendered":"<p>Pendant 200 ans, l\u2019industrie a ma\u00eetris\u00e9 le fer, le feu, la force et l\u2019\u00e9nergie. Aujourd\u2019hui, en y int\u00e9grant des puces, l\u2019\u00e9lectronique fa\u00e7onne nos objets usuels : ordinateurs, t\u00e9l\u00e9phones, cl\u00e9s, jeux, \u00e9lectrom\u00e9nager, etc. Donn\u00e9es, logiciels et calculs encadrent la conduite des hommes et l\u2019administration des choses. Tout se traduit en donn\u00e9es : le chiffre est roi. [&hellip;]<\/p>\n","protected":false},"featured_media":13764,"template":"","meta":{"_acf_changed":false,"_links_to":"","_links_to_target":""},"product_brand":[],"product_cat":[3262],"product_tag":[],"class_list":{"0":"post-13760","1":"product","2":"type-product","3":"status-publish","4":"has-post-thumbnail","6":"product_cat-non-classe","8":"first","9":"instock","10":"shipping-taxable","11":"purchasable","12":"product-type-variable"},"acf":[],"yoast_head":"<!-- This site is optimized with the Yoast SEO plugin v27.2 - https:\/\/yoast.com\/product\/yoast-seo-wordpress\/ -->\n<title>L&#039;\u00e8re du num\u00e9rique 2 - ISTE Group<\/title>\n<meta name=\"description\" content=\"L&#039;\u00e8re du num\u00e9rique 2 expose l\u2019impact du num\u00e9rique sur les relations marchandes et les m\u00e9dias, leur \u00e9volution, et \u00e9tudie les raisons pour lesquelles ce changement met l\u2019\u00e9conomie politique \u00e0 l\u2019\u00e9preuve.\" \/>\n<meta name=\"robots\" content=\"index, follow, max-snippet:-1, max-image-preview:large, max-video-preview:-1\" \/>\n<link rel=\"canonical\" href=\"https:\/\/www.istegroup.com\/en\/produit\/lere-du-numerique-2\/\" \/>\n<meta property=\"og:locale\" content=\"fr_FR\" \/>\n<meta property=\"og:type\" content=\"article\" \/>\n<meta property=\"og:title\" content=\"L&#039;\u00e8re du num\u00e9rique 2 - ISTE Group\" \/>\n<meta property=\"og:description\" content=\"L&#039;\u00e8re du num\u00e9rique 2 expose l\u2019impact du num\u00e9rique sur les relations marchandes et les m\u00e9dias, leur \u00e9volution, et \u00e9tudie les raisons pour lesquelles ce changement met l\u2019\u00e9conomie politique \u00e0 l\u2019\u00e9preuve.\" \/>\n<meta property=\"og:url\" content=\"https:\/\/www.istegroup.com\/en\/produit\/lere-du-numerique-2\/\" \/>\n<meta property=\"og:site_name\" content=\"ISTE Group\" \/>\n<meta property=\"article:modified_time\" content=\"2024-01-03T13:42:29+00:00\" \/>\n<meta property=\"og:image\" content=\"https:\/\/www.istegroup.com\/wp-content\/uploads\/2018\/07\/Chamoux-2_Front-scaled.jpg\" \/>\n\t<meta property=\"og:image:width\" content=\"1688\" \/>\n\t<meta property=\"og:image:height\" content=\"2560\" \/>\n\t<meta property=\"og:image:type\" content=\"image\/jpeg\" \/>\n<meta name=\"twitter:card\" content=\"summary_large_image\" \/>\n<meta name=\"twitter:label1\" content=\"Est. reading time\" \/>\n\t<meta name=\"twitter:data1\" content=\"1 minute\" \/>\n<script type=\"application\/ld+json\" class=\"yoast-schema-graph\">{\"@context\":\"https:\/\/schema.org\",\"@graph\":[{\"@type\":\"WebPage\",\"@id\":\"https:\/\/www.istegroup.com\/en\/produit\/lere-du-numerique-2\/\",\"url\":\"https:\/\/www.istegroup.com\/en\/produit\/lere-du-numerique-2\/\",\"name\":\"L'\u00e8re du num\u00e9rique 2 - ISTE Group\",\"isPartOf\":{\"@id\":\"https:\/\/www.istegroup.com\/#website\"},\"primaryImageOfPage\":{\"@id\":\"https:\/\/www.istegroup.com\/en\/produit\/lere-du-numerique-2\/#primaryimage\"},\"image\":{\"@id\":\"https:\/\/www.istegroup.com\/en\/produit\/lere-du-numerique-2\/#primaryimage\"},\"thumbnailUrl\":\"https:\/\/www.istegroup.com\/wp-content\/uploads\/2018\/07\/Chamoux-2_Front-scaled.jpg\",\"datePublished\":\"2018-07-09T14:09:33+00:00\",\"dateModified\":\"2024-01-03T13:42:29+00:00\",\"description\":\"L'\u00e8re du num\u00e9rique 2 expose l\u2019impact du num\u00e9rique sur les relations marchandes et les m\u00e9dias, leur \u00e9volution, et \u00e9tudie les raisons pour lesquelles ce changement met l\u2019\u00e9conomie politique \u00e0 l\u2019\u00e9preuve.\",\"breadcrumb\":{\"@id\":\"https:\/\/www.istegroup.com\/en\/produit\/lere-du-numerique-2\/#breadcrumb\"},\"inLanguage\":\"fr-FR\",\"potentialAction\":[{\"@type\":\"ReadAction\",\"target\":[\"https:\/\/www.istegroup.com\/en\/produit\/lere-du-numerique-2\/\"]}]},{\"@type\":\"ImageObject\",\"inLanguage\":\"fr-FR\",\"@id\":\"https:\/\/www.istegroup.com\/en\/produit\/lere-du-numerique-2\/#primaryimage\",\"url\":\"https:\/\/www.istegroup.com\/wp-content\/uploads\/2018\/07\/Chamoux-2_Front-scaled.jpg\",\"contentUrl\":\"https:\/\/www.istegroup.com\/wp-content\/uploads\/2018\/07\/Chamoux-2_Front-scaled.jpg\",\"width\":1688,\"height\":2560,\"caption\":\"L\u2019\u00e9conomie revisit\u00e9e\"},{\"@type\":\"BreadcrumbList\",\"@id\":\"https:\/\/www.istegroup.com\/en\/produit\/lere-du-numerique-2\/#breadcrumb\",\"itemListElement\":[{\"@type\":\"ListItem\",\"position\":1,\"name\":\"Home\",\"item\":\"https:\/\/www.istegroup.com\/\"},{\"@type\":\"ListItem\",\"position\":2,\"name\":\"Shop\",\"item\":\"https:\/\/www.istegroup.com\/fr\/nouveautes\/\"},{\"@type\":\"ListItem\",\"position\":3,\"name\":\"L&#8217;\u00e8re du num\u00e9rique 2\"}]},{\"@type\":\"WebSite\",\"@id\":\"https:\/\/www.istegroup.com\/#website\",\"url\":\"https:\/\/www.istegroup.com\/\",\"name\":\"ISTE Group\",\"description\":\"\u00c9diteur des Sciences\",\"potentialAction\":[{\"@type\":\"SearchAction\",\"target\":{\"@type\":\"EntryPoint\",\"urlTemplate\":\"https:\/\/www.istegroup.com\/?s={search_term_string}\"},\"query-input\":{\"@type\":\"PropertyValueSpecification\",\"valueRequired\":true,\"valueName\":\"search_term_string\"}}],\"inLanguage\":\"fr-FR\"}]}<\/script>\n<!-- \/ Yoast SEO plugin. -->","yoast_head_json":{"title":"L'\u00e8re du num\u00e9rique 2 - ISTE Group","description":"L'\u00e8re du num\u00e9rique 2 expose l\u2019impact du num\u00e9rique sur les relations marchandes et les m\u00e9dias, leur \u00e9volution, et \u00e9tudie les raisons pour lesquelles ce changement met l\u2019\u00e9conomie politique \u00e0 l\u2019\u00e9preuve.","robots":{"index":"index","follow":"follow","max-snippet":"max-snippet:-1","max-image-preview":"max-image-preview:large","max-video-preview":"max-video-preview:-1"},"canonical":"https:\/\/www.istegroup.com\/en\/produit\/lere-du-numerique-2\/","og_locale":"fr_FR","og_type":"article","og_title":"L'\u00e8re du num\u00e9rique 2 - ISTE Group","og_description":"L'\u00e8re du num\u00e9rique 2 expose l\u2019impact du num\u00e9rique sur les relations marchandes et les m\u00e9dias, leur \u00e9volution, et \u00e9tudie les raisons pour lesquelles ce changement met l\u2019\u00e9conomie politique \u00e0 l\u2019\u00e9preuve.","og_url":"https:\/\/www.istegroup.com\/en\/produit\/lere-du-numerique-2\/","og_site_name":"ISTE Group","article_modified_time":"2024-01-03T13:42:29+00:00","og_image":[{"width":1688,"height":2560,"url":"https:\/\/www.istegroup.com\/wp-content\/uploads\/2018\/07\/Chamoux-2_Front-scaled.jpg","type":"image\/jpeg"}],"twitter_card":"summary_large_image","twitter_misc":{"Est. reading time":"1 minute"},"schema":{"@context":"https:\/\/schema.org","@graph":[{"@type":"WebPage","@id":"https:\/\/www.istegroup.com\/en\/produit\/lere-du-numerique-2\/","url":"https:\/\/www.istegroup.com\/en\/produit\/lere-du-numerique-2\/","name":"L'\u00e8re du num\u00e9rique 2 - ISTE Group","isPartOf":{"@id":"https:\/\/www.istegroup.com\/#website"},"primaryImageOfPage":{"@id":"https:\/\/www.istegroup.com\/en\/produit\/lere-du-numerique-2\/#primaryimage"},"image":{"@id":"https:\/\/www.istegroup.com\/en\/produit\/lere-du-numerique-2\/#primaryimage"},"thumbnailUrl":"https:\/\/www.istegroup.com\/wp-content\/uploads\/2018\/07\/Chamoux-2_Front-scaled.jpg","datePublished":"2018-07-09T14:09:33+00:00","dateModified":"2024-01-03T13:42:29+00:00","description":"L'\u00e8re du num\u00e9rique 2 expose l\u2019impact du num\u00e9rique sur les relations marchandes et les m\u00e9dias, leur \u00e9volution, et \u00e9tudie les raisons pour lesquelles ce changement met l\u2019\u00e9conomie politique \u00e0 l\u2019\u00e9preuve.","breadcrumb":{"@id":"https:\/\/www.istegroup.com\/en\/produit\/lere-du-numerique-2\/#breadcrumb"},"inLanguage":"fr-FR","potentialAction":[{"@type":"ReadAction","target":["https:\/\/www.istegroup.com\/en\/produit\/lere-du-numerique-2\/"]}]},{"@type":"ImageObject","inLanguage":"fr-FR","@id":"https:\/\/www.istegroup.com\/en\/produit\/lere-du-numerique-2\/#primaryimage","url":"https:\/\/www.istegroup.com\/wp-content\/uploads\/2018\/07\/Chamoux-2_Front-scaled.jpg","contentUrl":"https:\/\/www.istegroup.com\/wp-content\/uploads\/2018\/07\/Chamoux-2_Front-scaled.jpg","width":1688,"height":2560,"caption":"L\u2019\u00e9conomie revisit\u00e9e"},{"@type":"BreadcrumbList","@id":"https:\/\/www.istegroup.com\/en\/produit\/lere-du-numerique-2\/#breadcrumb","itemListElement":[{"@type":"ListItem","position":1,"name":"Home","item":"https:\/\/www.istegroup.com\/"},{"@type":"ListItem","position":2,"name":"Shop","item":"https:\/\/www.istegroup.com\/fr\/nouveautes\/"},{"@type":"ListItem","position":3,"name":"L&#8217;\u00e8re du num\u00e9rique 2"}]},{"@type":"WebSite","@id":"https:\/\/www.istegroup.com\/#website","url":"https:\/\/www.istegroup.com\/","name":"ISTE Group","description":"\u00c9diteur des Sciences","potentialAction":[{"@type":"SearchAction","target":{"@type":"EntryPoint","urlTemplate":"https:\/\/www.istegroup.com\/?s={search_term_string}"},"query-input":{"@type":"PropertyValueSpecification","valueRequired":true,"valueName":"search_term_string"}}],"inLanguage":"fr-FR"}]}},"_links":{"self":[{"href":"https:\/\/www.istegroup.com\/fr\/wp-json\/wp\/v2\/product\/13760","targetHints":{"allow":["GET"]}}],"collection":[{"href":"https:\/\/www.istegroup.com\/fr\/wp-json\/wp\/v2\/product"}],"about":[{"href":"https:\/\/www.istegroup.com\/fr\/wp-json\/wp\/v2\/types\/product"}],"wp:featuredmedia":[{"embeddable":true,"href":"https:\/\/www.istegroup.com\/fr\/wp-json\/wp\/v2\/media\/13764"}],"wp:attachment":[{"href":"https:\/\/www.istegroup.com\/fr\/wp-json\/wp\/v2\/media?parent=13760"}],"wp:term":[{"taxonomy":"product_brand","embeddable":true,"href":"https:\/\/www.istegroup.com\/fr\/wp-json\/wp\/v2\/product_brand?post=13760"},{"taxonomy":"product_cat","embeddable":true,"href":"https:\/\/www.istegroup.com\/fr\/wp-json\/wp\/v2\/product_cat?post=13760"},{"taxonomy":"product_tag","embeddable":true,"href":"https:\/\/www.istegroup.com\/fr\/wp-json\/wp\/v2\/product_tag?post=13760"}],"curies":[{"name":"wp","href":"https:\/\/api.w.org\/{rel}","templated":true}]}}